{"id":16694,"date":"2024-03-06T14:08:00","date_gmt":"2024-03-06T12:08:00","guid":{"rendered":"https:\/\/homedefense-ammo.de\/?post_type=product&#038;p=16694"},"modified":"2025-10-28T23:01:46","modified_gmt":"2025-10-28T21:01:46","slug":"50x-grey-wolf-aea-challenger-bullpup-calibro-50","status":"publish","type":"product","link":"https:\/\/homedefense-ammo.de\/it\/prodotti\/50x-grey-wolf-aea-challenger-bullpup-calibro-50\/","title":{"rendered":"50x Bullpup Challenger AEA lupo grigio | Munizioni di segnalazione calibro 50 BB"},"content":{"rendered":"<div class=\"w-full text-token-text-primary\" data-testid=\"conversation-turn-3\">\n<div class=\"px-4 py-2 justify-center text-base md:gap-6 m-auto\">\n<div class=\"flex flex-1 text-base mx-auto gap-3 md:px-5 lg:px-1 xl:px-5 md:max-w-3xl lg:max-w-[40rem] xl:max-w-[48rem] group\">\n<div class=\"relative flex w-full flex-col agent-turn\">\n<div class=\"flex-col gap-1 md:gap-3\">\n<div class=\"flex flex-grow flex-col max-w-full\">\n<div class=\"min-h-[20px] text-message flex flex-col items-start gap-3 whitespace-pre-wrap break-words [.text-message+&amp;]:mt-5 overflow-x-auto\" data-message-author-role=\"assistant\" data-message-id=\"566af04c-c058-4674-8088-5d7f80be65aa\">\n<div class=\"markdown prose w-full break-words dark:prose-invert dark\">\n<p>Scopri la prossima generazione di munizioni di precisione con il nostro esclusivo set di 50 proiettili ad alte prestazioni per la tua carabina AEA Challenger Bullpup. Il nostro ultimo sviluppo combina tecnologia avanzata con prestazioni eccezionali, appositamente progettate per le esigenze dei tiratori pi\u00f9 esigenti. <strong>A causa del peso maggiore utilizzabile solo con &gt;7,5J <\/strong><\/p>\n<p>Caratteristiche:<\/p>\n<ul>\n<li><strong>Processi produttivi all\u2019avanguardia<\/strong>: Ogni proiettile \u00e8 prodotto utilizzando un processo meccanico preciso che garantisce precisione e coerenza senza pari. Sperimenta il futuro della produzione di munizioni con ogni colpo.<\/li>\n<li><strong>Design bimateriale<\/strong>: La combinazione unica di plastica robusta e piombo solido conferisce ai nostri proiettili un equilibrio ottimale tra leggerezza e potere di penetrazione. Anche la colorazione grigia e oro sottolinea l&#039;esclusivit\u00e0 di queste munizioni.<\/li>\n<li><strong>Perfezionato per l&#039;AEA Challenger Bullpup<\/strong>: Progettati specificatamente per l&#039;utilizzo con l&#039;AEA Challenger Bullpup, questi proiettili garantiscono una perfetta compatibilit\u00e0 e massime prestazioni. Goditi la precisione su misura per la tua arma.<\/li>\n<li><strong>Specifiche superiori<\/strong>: Con un calibro .50, una lunghezza di 17 mm e un peso di 8,7 grammi, queste palle stabiliscono nuovi standard in termini di velocit\u00e0 e precisione. Nessuna sfida \u00e8 troppo grande per queste munizioni.<\/li>\n<li><strong>Unit\u00e0 di imballaggio generosa<\/strong>: Ricevi 50 pezzi di questi squisiti proiettili in una confezione elegante, pronti per portare la tua esperienza di tiro al livello successivo. La combinazione di colori grigio-oro dei proiettili promette non solo prestazioni ma anche stile.<\/li>\n<\/ul>\n<p>Perch\u00e8 scegliere le nostre munizioni?<\/p>\n<ul>\n<li><strong>Nessun compromesso<\/strong>: Dimentica la delusione delle munizioni standard. I nostri proiettili offrono la perfetta combinazione tra leggerezza, velocit\u00e0 e potere penetrante.<\/li>\n<li><strong>Tecnologia innovativa<\/strong>: Approfittate della precisione e dell&#039;affidabilit\u00e0 possibili solo con la tecnologia pi\u00f9 recente.<\/li>\n<li><strong>Sicurezza e specializzazione<\/strong>: Progettato esclusivamente per l&#039;AEA Challenger Bullpup per garantire la massima sicurezza e prestazioni. Si prega di utilizzare queste munizioni in modo responsabile e non contro bersagli vivi.<\/li>\n<\/ul>\n<p>Dati tecnici:<\/p>\n<ul>\n<li>Calibro: .50<\/li>\n<li>Lunghezza: 17 mm<\/li>\n<li>Peso: 8,7 grammi<\/li>\n<li>Materiale: plastica\/acciaio<\/li>\n<li>Colore: grigio\/oro<\/li>\n<li>Unit\u00e0 di imballaggio: 50 pezzi<br \/>\nQuesti proiettili sono espressamente destinati al tiro divertente su bersagli adatti. Non sparare mai a persone o animali!<\/li>\n<\/ul>\n<\/div>\n<p>Per sparare con la carabina ad aria compressa AEA Challenger Bullpup \u00e8 necessario essere maggiorenni (18 anni).<\/p>\n<p>&nbsp;<\/p>\n<div class=\"markdown prose w-full break-words dark:prose-invert dark\">\n<p>Siamo a vostra disposizione in qualsiasi momento per ulteriori informazioni e ordini. Contattaci semplicemente via e-mail (vedi impronta) e saremo felici di aiutarti.<\/p>\n<\/div>\n<p>&nbsp;<\/p>\n<\/div>\n<\/div>\n<\/div>\n<\/div>\n<\/div>\n<\/div>\n<\/div>\n<p>Questo articolo \u00e8 legale in Germania e non richiede alcuna autorizzazione speciale. Le vendite vengono effettuate solo a persone dai 18 anni in su, con verifica dell&#039;et\u00e0 al momento del pagamento e alla consegna. L&#039;acquirente \u00e8 tenuto a rispettare le norme di legge relative al possesso, al trasporto e all&#039;uso. Qualsiasi utilizzo di queste munizioni contro persone o animali \u00e8 severamente vietato e pu\u00f2 risultare perseguibile penalmente. Il venditore non \u00e8 responsabile per eventuali usi impropri o illegali del prodotto.<\/p>","protected":false},"excerpt":{"rendered":"<p>Scopri le nostre esclusive munizioni di precisione: 50 proiettili ad alte prestazioni per l&#039;AEA Challenger Bullpup, realizzati in plastica e acciaio con un esclusivo design bimateriale. Specificamente progettato per precisione e compatibilit\u00e0 superiori.<\/p>","protected":false},"featured_media":16695,"template":"","meta":[],"product_brand":[],"product_cat":[96,104],"product_tag":[],"class_list":{"0":"post-16694","1":"product","2":"type-product","3":"status-publish","4":"has-post-thumbnail","6":"product_cat-kal50","7":"product_cat-aea_challenger_bullpup","8":"pa_passend-fuer-aea-challenger-bullpup","10":"first","11":"instock","12":"sale","13":"taxable","14":"shipping-taxable","15":"purchasable","16":"product-type-simple"},"yoast_head":"<!-- This site is optimized with the Yoast SEO plugin v26.2 - https:\/\/yoast.com\/wordpress\/plugins\/seo\/ -->\n<title>50x Grey Wolf AEA Challenger Bullpup | Kaliber 50 BB Markierer Munition - Wolf Home Defense<\/title>\n<meta name=\"robots\" content=\"index, follow, max-snippet:-1, max-image-preview:large, max-video-preview:-1\" \/>\n<link rel=\"canonical\" href=\"https:\/\/homedefense-ammo.de\/it\/prodotti\/50x-grey-wolf-aea-challenger-bullpup-calibro-50\/\" \/>\n<meta property=\"og:locale\" content=\"it_IT\" \/>\n<meta property=\"og:type\" content=\"article\" \/>\n<meta property=\"og:title\" content=\"50x Grey Wolf AEA Challenger Bullpup | Kaliber 50 BB Markierer Munition - Wolf Home Defense\" \/>\n<meta property=\"og:description\" content=\"Entdecken Sie unsere exklusive Pr\u00e4zisionsmunition: 50 Hochleistungs-Geschosse f\u00fcr das AEA Challenger Bullpup, die mit einem einzigartigen Dual-Material Design aus Kunststoff und Stahl gefertigt sind. Speziell entwickelt f\u00fcr \u00fcberlegene Genauigkeit und Kompatibilit\u00e4t.\" \/>\n<meta property=\"og:url\" content=\"https:\/\/homedefense-ammo.de\/it\/prodotti\/50x-grey-wolf-aea-challenger-bullpup-calibro-50\/\" \/>\n<meta property=\"og:site_name\" content=\"Wolf Home Defense\" \/>\n<meta property=\"article:modified_time\" content=\"2025-10-28T21:01:46+00:00\" \/>\n<meta property=\"og:image\" content=\"https:\/\/homedefense-ammo.de\/wp-content\/uploads\/2024\/03\/Wolf-5.jpg\" \/>\n\t<meta property=\"og:image:width\" content=\"1500\" \/>\n\t<meta property=\"og:image:height\" content=\"1500\" \/>\n\t<meta property=\"og:image:type\" content=\"image\/jpeg\" \/>\n<meta name=\"twitter:card\" content=\"summary_large_image\" \/>\n<meta name=\"twitter:label1\" content=\"Tempo di lettura stimato\" \/>\n\t<meta name=\"twitter:data1\" content=\"2 minuti\" \/>\n<script type=\"application\/ld+json\" class=\"yoast-schema-graph\">{\"@context\":\"https:\/\/schema.org\",\"@graph\":[{\"@type\":\"WebPage\",\"@id\":\"https:\/\/homedefense-ammo.de\/products\/50x-grey-wolf-aea-challenger-bullpup-kaliber-50\/\",\"url\":\"https:\/\/homedefense-ammo.de\/products\/50x-grey-wolf-aea-challenger-bullpup-kaliber-50\/\",\"name\":\"50x Grey Wolf AEA Challenger Bullpup | Kaliber 50 BB Markierer Munition - Wolf Home Defense\",\"isPartOf\":{\"@id\":\"https:\/\/homedefense-ammo.de\/#website\"},\"primaryImageOfPage\":{\"@id\":\"https:\/\/homedefense-ammo.de\/products\/50x-grey-wolf-aea-challenger-bullpup-kaliber-50\/#primaryimage\"},\"image\":{\"@id\":\"https:\/\/homedefense-ammo.de\/products\/50x-grey-wolf-aea-challenger-bullpup-kaliber-50\/#primaryimage\"},\"thumbnailUrl\":\"https:\/\/homedefense-ammo.de\/wp-content\/uploads\/2024\/03\/Wolf-5.jpg\",\"datePublished\":\"2024-03-06T12:08:00+00:00\",\"dateModified\":\"2025-10-28T21:01:46+00:00\",\"breadcrumb\":{\"@id\":\"https:\/\/homedefense-ammo.de\/products\/50x-grey-wolf-aea-challenger-bullpup-kaliber-50\/#breadcrumb\"},\"inLanguage\":\"it-IT\",\"potentialAction\":[{\"@type\":\"ReadAction\",\"target\":[\"https:\/\/homedefense-ammo.de\/products\/50x-grey-wolf-aea-challenger-bullpup-kaliber-50\/\"]}]},{\"@type\":\"ImageObject\",\"inLanguage\":\"it-IT\",\"@id\":\"https:\/\/homedefense-ammo.de\/products\/50x-grey-wolf-aea-challenger-bullpup-kaliber-50\/#primaryimage\",\"url\":\"https:\/\/homedefense-ammo.de\/wp-content\/uploads\/2024\/03\/Wolf-5.jpg\",\"contentUrl\":\"https:\/\/homedefense-ammo.de\/wp-content\/uploads\/2024\/03\/Wolf-5.jpg\",\"width\":1500,\"height\":1500},{\"@type\":\"BreadcrumbList\",\"@id\":\"https:\/\/homedefense-ammo.de\/products\/50x-grey-wolf-aea-challenger-bullpup-kaliber-50\/#breadcrumb\",\"itemListElement\":[{\"@type\":\"ListItem\",\"position\":1,\"name\":\"Startseite\",\"item\":\"https:\/\/homedefense-ammo.de\/\"},{\"@type\":\"ListItem\",\"position\":2,\"name\":\"Shop\",\"item\":\"https:\/\/homedefense-ammo.de\/shop\/\"},{\"@type\":\"ListItem\",\"position\":3,\"name\":\"50x Grey Wolf AEA Challenger Bullpup | Kaliber 50 BB Markierer Munition\"}]},{\"@type\":\"WebSite\",\"@id\":\"https:\/\/homedefense-ammo.de\/#website\",\"url\":\"https:\/\/homedefense-ammo.de\/\",\"name\":\"Wolf Home Defense\",\"description\":\"Die Nr. 1 aus Deutschland\",\"publisher\":{\"@id\":\"https:\/\/homedefense-ammo.de\/#organization\"},\"potentialAction\":[{\"@type\":\"SearchAction\",\"target\":{\"@type\":\"EntryPoint\",\"urlTemplate\":\"https:\/\/homedefense-ammo.de\/?s={search_term_string}\"},\"query-input\":{\"@type\":\"PropertyValueSpecification\",\"valueRequired\":true,\"valueName\":\"search_term_string\"}}],\"inLanguage\":\"it-IT\"},{\"@type\":\"Organization\",\"@id\":\"https:\/\/homedefense-ammo.de\/#organization\",\"name\":\"Wolf Home Defense\",\"url\":\"https:\/\/homedefense-ammo.de\/\",\"logo\":{\"@type\":\"ImageObject\",\"inLanguage\":\"it-IT\",\"@id\":\"https:\/\/homedefense-ammo.de\/#\/schema\/logo\/image\/\",\"url\":\"https:\/\/homedefense-ammo.de\/wp-content\/uploads\/2023\/12\/Wolf_Logo-White.png\",\"contentUrl\":\"https:\/\/homedefense-ammo.de\/wp-content\/uploads\/2023\/12\/Wolf_Logo-White.png\",\"width\":1078,\"height\":624,\"caption\":\"Wolf Home Defense\"},\"image\":{\"@id\":\"https:\/\/homedefense-ammo.de\/#\/schema\/logo\/image\/\"}}]}<\/script>\n<!-- \/ Yoast SEO plugin. -->","yoast_head_json":{"title":"50x Grey Wolf AEA Challenger Bullpup | Munizioni marcatrici BB calibro 50 - Wolf Home Defense","robots":{"index":"index","follow":"follow","max-snippet":"max-snippet:-1","max-image-preview":"max-image-preview:large","max-video-preview":"max-video-preview:-1"},"canonical":"https:\/\/homedefense-ammo.de\/it\/prodotti\/50x-grey-wolf-aea-challenger-bullpup-calibro-50\/","og_locale":"it_IT","og_type":"article","og_title":"50x Grey Wolf AEA Challenger Bullpup | Kaliber 50 BB Markierer Munition - Wolf Home Defense","og_description":"Entdecken Sie unsere exklusive Pr\u00e4zisionsmunition: 50 Hochleistungs-Geschosse f\u00fcr das AEA Challenger Bullpup, die mit einem einzigartigen Dual-Material Design aus Kunststoff und Stahl gefertigt sind. Speziell entwickelt f\u00fcr \u00fcberlegene Genauigkeit und Kompatibilit\u00e4t.","og_url":"https:\/\/homedefense-ammo.de\/it\/prodotti\/50x-grey-wolf-aea-challenger-bullpup-calibro-50\/","og_site_name":"Wolf Home Defense","article_modified_time":"2025-10-28T21:01:46+00:00","og_image":[{"width":1500,"height":1500,"url":"https:\/\/homedefense-ammo.de\/wp-content\/uploads\/2024\/03\/Wolf-5.jpg","type":"image\/jpeg"}],"twitter_card":"summary_large_image","twitter_misc":{"Tempo di lettura stimato":"2 minuti"},"schema":{"@context":"https:\/\/schema.org","@graph":[{"@type":"WebPage","@id":"https:\/\/homedefense-ammo.de\/products\/50x-grey-wolf-aea-challenger-bullpup-kaliber-50\/","url":"https:\/\/homedefense-ammo.de\/products\/50x-grey-wolf-aea-challenger-bullpup-kaliber-50\/","name":"50x Grey Wolf AEA Challenger Bullpup | Munizioni marcatrici BB calibro 50 - Wolf Home Defense","isPartOf":{"@id":"https:\/\/homedefense-ammo.de\/#website"},"primaryImageOfPage":{"@id":"https:\/\/homedefense-ammo.de\/products\/50x-grey-wolf-aea-challenger-bullpup-kaliber-50\/#primaryimage"},"image":{"@id":"https:\/\/homedefense-ammo.de\/products\/50x-grey-wolf-aea-challenger-bullpup-kaliber-50\/#primaryimage"},"thumbnailUrl":"https:\/\/homedefense-ammo.de\/wp-content\/uploads\/2024\/03\/Wolf-5.jpg","datePublished":"2024-03-06T12:08:00+00:00","dateModified":"2025-10-28T21:01:46+00:00","breadcrumb":{"@id":"https:\/\/homedefense-ammo.de\/products\/50x-grey-wolf-aea-challenger-bullpup-kaliber-50\/#breadcrumb"},"inLanguage":"it-IT","potentialAction":[{"@type":"ReadAction","target":["https:\/\/homedefense-ammo.de\/products\/50x-grey-wolf-aea-challenger-bullpup-kaliber-50\/"]}]},{"@type":"ImageObject","inLanguage":"it-IT","@id":"https:\/\/homedefense-ammo.de\/products\/50x-grey-wolf-aea-challenger-bullpup-kaliber-50\/#primaryimage","url":"https:\/\/homedefense-ammo.de\/wp-content\/uploads\/2024\/03\/Wolf-5.jpg","contentUrl":"https:\/\/homedefense-ammo.de\/wp-content\/uploads\/2024\/03\/Wolf-5.jpg","width":1500,"height":1500},{"@type":"BreadcrumbList","@id":"https:\/\/homedefense-ammo.de\/products\/50x-grey-wolf-aea-challenger-bullpup-kaliber-50\/#breadcrumb","itemListElement":[{"@type":"ListItem","position":1,"name":"Startseite","item":"https:\/\/homedefense-ammo.de\/"},{"@type":"ListItem","position":2,"name":"Shop","item":"https:\/\/homedefense-ammo.de\/shop\/"},{"@type":"ListItem","position":3,"name":"50x Grey Wolf AEA Challenger Bullpup | Kaliber 50 BB Markierer Munition"}]},{"@type":"WebSite","@id":"https:\/\/homedefense-ammo.de\/#website","url":"https:\/\/homedefense-ammo.de\/","name":"Difesa della casa del lupo","description":"Il numero 1 dalla Germania","publisher":{"@id":"https:\/\/homedefense-ammo.de\/#organization"},"potentialAction":[{"@type":"SearchAction","target":{"@type":"EntryPoint","urlTemplate":"https:\/\/homedefense-ammo.de\/?s={search_term_string}"},"query-input":{"@type":"PropertyValueSpecification","valueRequired":true,"valueName":"search_term_string"}}],"inLanguage":"it-IT"},{"@type":"Organization","@id":"https:\/\/homedefense-ammo.de\/#organization","name":"Difesa della casa del lupo","url":"https:\/\/homedefense-ammo.de\/","logo":{"@type":"ImageObject","inLanguage":"it-IT","@id":"https:\/\/homedefense-ammo.de\/#\/schema\/logo\/image\/","url":"https:\/\/homedefense-ammo.de\/wp-content\/uploads\/2023\/12\/Wolf_Logo-White.png","contentUrl":"https:\/\/homedefense-ammo.de\/wp-content\/uploads\/2023\/12\/Wolf_Logo-White.png","width":1078,"height":624,"caption":"Wolf Home Defense"},"image":{"@id":"https:\/\/homedefense-ammo.de\/#\/schema\/logo\/image\/"}}]}},"_links":{"self":[{"href":"https:\/\/homedefense-ammo.de\/it\/wp-json\/wp\/v2\/product\/16694","targetHints":{"allow":["GET"]}}],"collection":[{"href":"https:\/\/homedefense-ammo.de\/it\/wp-json\/wp\/v2\/product"}],"about":[{"href":"https:\/\/homedefense-ammo.de\/it\/wp-json\/wp\/v2\/types\/product"}],"wp:featuredmedia":[{"embeddable":true,"href":"https:\/\/homedefense-ammo.de\/it\/wp-json\/wp\/v2\/media\/16695"}],"wp:attachment":[{"href":"https:\/\/homedefense-ammo.de\/it\/wp-json\/wp\/v2\/media?parent=16694"}],"wp:term":[{"taxonomy":"product_brand","embeddable":true,"href":"https:\/\/homedefense-ammo.de\/it\/wp-json\/wp\/v2\/product_brand?post=16694"},{"taxonomy":"product_cat","embeddable":true,"href":"https:\/\/homedefense-ammo.de\/it\/wp-json\/wp\/v2\/product_cat?post=16694"},{"taxonomy":"product_tag","embeddable":true,"href":"https:\/\/homedefense-ammo.de\/it\/wp-json\/wp\/v2\/product_tag?post=16694"}],"curies":[{"name":"parola chiave","href":"https:\/\/api.w.org\/{rel}","templated":true}]}}