{"id":15696,"date":"2023-12-01T16:55:00","date_gmt":"2023-12-01T14:55:00","guid":{"rendered":"https:\/\/wolf-homedefense-1973a03509d942429e87560d7637d535.tenants.eu1.wpcs.io\/?post_type=product&#038;p=15696"},"modified":"2025-09-22T15:21:47","modified_gmt":"2025-09-22T13:21:47","slug":"copia-cono-in-acciaio-hdr50-aea-challenger-bullpup-cal-50-alluminio-tornito-cnc-inox","status":"publish","type":"product","link":"https:\/\/homedefense-ammo.de\/it\/prodotti\/copia-cono-in-acciaio-hdr50-aea-challenger-bullpup-cal-50-alluminio-tornito-cnc-inox\/","title":{"rendered":"CONO IN ACCIAIO | AEA Challenger Bullpup | Megalodonte | TORNITO CNC | ALU antiruggine | Pennarello per paintball calibro 50"},"content":{"rendered":"<p><strong>Munizioni per diabolo a punta KILLER-CONE - 6 pezzi calibro 50<\/strong><\/p>\n<p>Arricchisci la tua esperienza di tiro con i nostri proiettili per diabolo a punta &quot;KILLER-CONE&quot; di alta qualit\u00e0 in calibro 50. Questo set, composto da 6 proiettili, non solo offre precisione, ma anche una potenza di penetrazione impressionante.<\/p>\n<p><strong>Punti salienti del prodotto:<\/strong><\/p>\n<ul>\n<li><strong>Misura perfetta per il tamburo standard:<\/strong> Le nostre munizioni sono adattate esattamente al tamburo standard per garantire un&#039;applicazione fluida.<\/li>\n<li><strong>Produzione innovativa in alluminio ad alta resistenza:<\/strong> I proiettili \u201cKILLER-CONE\u201d sono realizzati in alluminio ad alta resistenza, che garantisce una lunga durata e prestazioni affidabili.<\/li>\n<li><strong>Proiettili Ultra Speed (Cal.50) per AEA Challenger Bullpup:<\/strong> Sviluppati appositamente per l&#039;AEA Challenger Bullpup, i nostri proiettili garantiscono risultati ad alta velocit\u00e0 grazie ad uno speciale processo di produzione.<\/li>\n<\/ul>\n<p><strong>Perch\u00e9 le nostre munizioni?<\/strong><\/p>\n<ul>\n<li><strong>Non preoccuparti pi\u00f9:<\/strong> Niente pi\u00f9 delusioni per munizioni di qualit\u00e0 inferiore! I nostri proiettili KC colmano la lacuna dell&#039;AEA Challenger combinando perfettamente leggerezza e potere penetrante.<\/li>\n<li><strong>Forma simile al diabolo e peso regolato:<\/strong> Grazie alla forma simile a un diabolo e al peso ottimizzato, i proiettili raggiungono una velocit\u00e0 eccezionale che nessun proiettile convenzionale pu\u00f2 raggiungere.<\/li>\n<li><strong>La sicurezza prima:<\/strong> Si prega di non utilizzare le munizioni contro persone o animali poich\u00e9 esiste un rischio estremo di lesioni.<\/li>\n<\/ul>\n<p><strong>Dati tecnici:<\/strong><\/p>\n<ul>\n<li><strong>Calibro:<\/strong> Cal. 50<\/li>\n<li><strong>Lunghezza:<\/strong> 13 mm<\/li>\n<li><strong>Peso:<\/strong> 2,7 grammi<\/li>\n<li><strong>Materiale:<\/strong> Alluminio ad alta resistenza<\/li>\n<\/ul>\n<p><strong>Fornitura:<\/strong><\/p>\n<ul>\n<li>6 pezzi di proiettili ad alte prestazioni realizzati in alluminio ad alta resistenza<\/li>\n<\/ul>\n<p>Nota: \u00e8 vietato sparare alle persone. Indipendentemente da ci\u00f2, il diritto personale all&#039;autodifesa si applica in casi giustificati (\u00a7 32 StGB legittima difesa, stato di emergenza). Il tamburo mostrato non \u00e8 compreso nella fornitura.<\/p>\n<p>Questo articolo \u00e8 legale in Germania e non richiede alcuna autorizzazione speciale. Le vendite vengono effettuate solo a persone dai 18 anni in su, con verifica dell&#039;et\u00e0 al momento del pagamento e alla consegna. L&#039;acquirente \u00e8 tenuto a rispettare le norme di legge relative al possesso, al trasporto e all&#039;uso. Qualsiasi utilizzo di queste munizioni contro persone o animali \u00e8 severamente vietato e pu\u00f2 risultare perseguibile penalmente. Il venditore non \u00e8 responsabile per eventuali usi impropri o illegali del prodotto.<\/p>","protected":false},"excerpt":{"rendered":"<p>Sperimenta la precisione e la potenza di penetrazione con i proiettili per diabolo a punta &quot;KILLER-CONE&quot;, calibro 50, appositamente progettati per l&#039;AEA Challenger Bullpup. Questo set di 6 munizioni in alluminio ad alta resistenza si adatta perfettamente al tamburo standard, promette una lunga durata e convince con le sue prestazioni ad alta velocit\u00e0.<\/p>","protected":false},"featured_media":17221,"template":"","meta":[],"product_brand":[],"product_cat":[96,104],"product_tag":[32,33,19,34,20,21,23,26,27,28,29,30],"class_list":{"0":"post-15696","1":"product","2":"type-product","3":"status-publish","4":"has-post-thumbnail","6":"product_cat-kal50","7":"product_cat-aea_challenger_bullpup","8":"product_tag-600joule","9":"product_tag-aea-challenger-bullpup","10":"product_tag-aea","11":"product_tag-home-defense","12":"product_tag-ammunation","13":"product_tag-cal-50","14":"product_tag-freie-waffen","15":"product_tag-heimverteidigung","16":"product_tag-kaliber-50","17":"product_tag-munition","18":"product_tag-ohne-waffenschein","19":"product_tag-prepper","20":"pa_passend-fuer-aea-challenger-bullpup","22":"first","23":"instock","24":"sale","25":"taxable","26":"shipping-taxable","27":"purchasable","28":"product-type-simple"},"yoast_head":"<!-- This site is optimized with the Yoast SEO plugin v26.2 - https:\/\/yoast.com\/wordpress\/plugins\/seo\/ -->\n<title>STEEL CONE | AEA Challenger Bullpup | Megalodon | CNC GEDREHT | ALU rostfrei | Kaliber 50 Paintball Markierer - Wolf Home Defense<\/title>\n<meta name=\"robots\" content=\"index, follow, max-snippet:-1, max-image-preview:large, max-video-preview:-1\" \/>\n<link rel=\"canonical\" href=\"https:\/\/homedefense-ammo.de\/it\/prodotti\/copia-cono-in-acciaio-hdr50-aea-challenger-bullpup-cal-50-alluminio-tornito-cnc-inox\/\" \/>\n<meta property=\"og:locale\" content=\"it_IT\" \/>\n<meta property=\"og:type\" content=\"article\" \/>\n<meta property=\"og:title\" content=\"STEEL CONE | AEA Challenger Bullpup | Megalodon | CNC GEDREHT | ALU rostfrei | Kaliber 50 Paintball Markierer - Wolf Home Defense\" \/>\n<meta property=\"og:description\" content=\"Erleben Sie Pr\u00e4zision und Durchschlagskraft mit den &quot;KILLER-CONE&quot; Spitzdiabolo Geschossen, Kaliber 50, speziell konzipiert f\u00fcr die AEA Challenger Bullpup. Dieses 6er-Set aus hochfestem Aluminium gefertigter Munition ist passgenau f\u00fcr die Standardtrommel, verspricht eine lange Lebensdauer und \u00fcberzeugt durch High-Speed Leistung.\" \/>\n<meta property=\"og:url\" content=\"https:\/\/homedefense-ammo.de\/it\/prodotti\/copia-cono-in-acciaio-hdr50-aea-challenger-bullpup-cal-50-alluminio-tornito-cnc-inox\/\" \/>\n<meta property=\"og:site_name\" content=\"Wolf Home Defense\" \/>\n<meta property=\"article:modified_time\" content=\"2025-09-22T13:21:47+00:00\" \/>\n<meta property=\"og:image\" content=\"https:\/\/homedefense-ammo.de\/wp-content\/uploads\/2023\/12\/img_0595.jpeg\" \/>\n\t<meta property=\"og:image:width\" content=\"577\" \/>\n\t<meta property=\"og:image:height\" content=\"433\" \/>\n\t<meta property=\"og:image:type\" content=\"image\/jpeg\" \/>\n<meta name=\"twitter:card\" content=\"summary_large_image\" \/>\n<meta name=\"twitter:label1\" content=\"Tempo di lettura stimato\" \/>\n\t<meta name=\"twitter:data1\" content=\"2 minuti\" \/>\n<script type=\"application\/ld+json\" class=\"yoast-schema-graph\">{\"@context\":\"https:\/\/schema.org\",\"@graph\":[{\"@type\":\"WebPage\",\"@id\":\"https:\/\/homedefense-ammo.de\/products\/kopie-steel-cone-hdr50-aea-challenger-bullpup-cal-50-cnc-gedreht-alu-rostfrei\/\",\"url\":\"https:\/\/homedefense-ammo.de\/products\/kopie-steel-cone-hdr50-aea-challenger-bullpup-cal-50-cnc-gedreht-alu-rostfrei\/\",\"name\":\"STEEL CONE | AEA Challenger Bullpup | Megalodon | CNC GEDREHT | ALU rostfrei | Kaliber 50 Paintball Markierer - Wolf Home Defense\",\"isPartOf\":{\"@id\":\"https:\/\/homedefense-ammo.de\/#website\"},\"primaryImageOfPage\":{\"@id\":\"https:\/\/homedefense-ammo.de\/products\/kopie-steel-cone-hdr50-aea-challenger-bullpup-cal-50-cnc-gedreht-alu-rostfrei\/#primaryimage\"},\"image\":{\"@id\":\"https:\/\/homedefense-ammo.de\/products\/kopie-steel-cone-hdr50-aea-challenger-bullpup-cal-50-cnc-gedreht-alu-rostfrei\/#primaryimage\"},\"thumbnailUrl\":\"https:\/\/homedefense-ammo.de\/wp-content\/uploads\/2023\/12\/img_0595.jpeg\",\"datePublished\":\"2023-12-01T14:55:00+00:00\",\"dateModified\":\"2025-09-22T13:21:47+00:00\",\"breadcrumb\":{\"@id\":\"https:\/\/homedefense-ammo.de\/products\/kopie-steel-cone-hdr50-aea-challenger-bullpup-cal-50-cnc-gedreht-alu-rostfrei\/#breadcrumb\"},\"inLanguage\":\"it-IT\",\"potentialAction\":[{\"@type\":\"ReadAction\",\"target\":[\"https:\/\/homedefense-ammo.de\/products\/kopie-steel-cone-hdr50-aea-challenger-bullpup-cal-50-cnc-gedreht-alu-rostfrei\/\"]}]},{\"@type\":\"ImageObject\",\"inLanguage\":\"it-IT\",\"@id\":\"https:\/\/homedefense-ammo.de\/products\/kopie-steel-cone-hdr50-aea-challenger-bullpup-cal-50-cnc-gedreht-alu-rostfrei\/#primaryimage\",\"url\":\"https:\/\/homedefense-ammo.de\/wp-content\/uploads\/2023\/12\/img_0595.jpeg\",\"contentUrl\":\"https:\/\/homedefense-ammo.de\/wp-content\/uploads\/2023\/12\/img_0595.jpeg\",\"width\":577,\"height\":433},{\"@type\":\"BreadcrumbList\",\"@id\":\"https:\/\/homedefense-ammo.de\/products\/kopie-steel-cone-hdr50-aea-challenger-bullpup-cal-50-cnc-gedreht-alu-rostfrei\/#breadcrumb\",\"itemListElement\":[{\"@type\":\"ListItem\",\"position\":1,\"name\":\"Startseite\",\"item\":\"https:\/\/homedefense-ammo.de\/\"},{\"@type\":\"ListItem\",\"position\":2,\"name\":\"Shop\",\"item\":\"https:\/\/homedefense-ammo.de\/shop\/\"},{\"@type\":\"ListItem\",\"position\":3,\"name\":\"STEEL CONE | AEA Challenger Bullpup | Megalodon | CNC GEDREHT | ALU rostfrei | Kaliber 50 Paintball Markierer\"}]},{\"@type\":\"WebSite\",\"@id\":\"https:\/\/homedefense-ammo.de\/#website\",\"url\":\"https:\/\/homedefense-ammo.de\/\",\"name\":\"Wolf Home Defense\",\"description\":\"Die Nr. 1 aus Deutschland\",\"publisher\":{\"@id\":\"https:\/\/homedefense-ammo.de\/#organization\"},\"potentialAction\":[{\"@type\":\"SearchAction\",\"target\":{\"@type\":\"EntryPoint\",\"urlTemplate\":\"https:\/\/homedefense-ammo.de\/?s={search_term_string}\"},\"query-input\":{\"@type\":\"PropertyValueSpecification\",\"valueRequired\":true,\"valueName\":\"search_term_string\"}}],\"inLanguage\":\"it-IT\"},{\"@type\":\"Organization\",\"@id\":\"https:\/\/homedefense-ammo.de\/#organization\",\"name\":\"Wolf Home Defense\",\"url\":\"https:\/\/homedefense-ammo.de\/\",\"logo\":{\"@type\":\"ImageObject\",\"inLanguage\":\"it-IT\",\"@id\":\"https:\/\/homedefense-ammo.de\/#\/schema\/logo\/image\/\",\"url\":\"https:\/\/homedefense-ammo.de\/wp-content\/uploads\/2023\/12\/Wolf_Logo-White.png\",\"contentUrl\":\"https:\/\/homedefense-ammo.de\/wp-content\/uploads\/2023\/12\/Wolf_Logo-White.png\",\"width\":1078,\"height\":624,\"caption\":\"Wolf Home Defense\"},\"image\":{\"@id\":\"https:\/\/homedefense-ammo.de\/#\/schema\/logo\/image\/\"}}]}<\/script>\n<!-- \/ Yoast SEO plugin. -->","yoast_head_json":{"title":"CONO IN ACCIAIO | AEA Challenger Bullpup | Megalodon | TORNITO CNC | ALLUMINIO inossidabile | Marcatore da paintball calibro 50 - Wolf Home Defense","robots":{"index":"index","follow":"follow","max-snippet":"max-snippet:-1","max-image-preview":"max-image-preview:large","max-video-preview":"max-video-preview:-1"},"canonical":"https:\/\/homedefense-ammo.de\/it\/prodotti\/copia-cono-in-acciaio-hdr50-aea-challenger-bullpup-cal-50-alluminio-tornito-cnc-inox\/","og_locale":"it_IT","og_type":"article","og_title":"STEEL CONE | AEA Challenger Bullpup | Megalodon | CNC GEDREHT | ALU rostfrei | Kaliber 50 Paintball Markierer - Wolf Home Defense","og_description":"Erleben Sie Pr\u00e4zision und Durchschlagskraft mit den \"KILLER-CONE\" Spitzdiabolo Geschossen, Kaliber 50, speziell konzipiert f\u00fcr die AEA Challenger Bullpup. Dieses 6er-Set aus hochfestem Aluminium gefertigter Munition ist passgenau f\u00fcr die Standardtrommel, verspricht eine lange Lebensdauer und \u00fcberzeugt durch High-Speed Leistung.","og_url":"https:\/\/homedefense-ammo.de\/it\/prodotti\/copia-cono-in-acciaio-hdr50-aea-challenger-bullpup-cal-50-alluminio-tornito-cnc-inox\/","og_site_name":"Wolf Home Defense","article_modified_time":"2025-09-22T13:21:47+00:00","og_image":[{"width":577,"height":433,"url":"https:\/\/homedefense-ammo.de\/wp-content\/uploads\/2023\/12\/img_0595.jpeg","type":"image\/jpeg"}],"twitter_card":"summary_large_image","twitter_misc":{"Tempo di lettura stimato":"2 minuti"},"schema":{"@context":"https:\/\/schema.org","@graph":[{"@type":"WebPage","@id":"https:\/\/homedefense-ammo.de\/products\/kopie-steel-cone-hdr50-aea-challenger-bullpup-cal-50-cnc-gedreht-alu-rostfrei\/","url":"https:\/\/homedefense-ammo.de\/products\/kopie-steel-cone-hdr50-aea-challenger-bullpup-cal-50-cnc-gedreht-alu-rostfrei\/","name":"CONO IN ACCIAIO | AEA Challenger Bullpup | Megalodon | TORNITO CNC | ALLUMINIO inossidabile | Marcatore da paintball calibro 50 - Wolf Home Defense","isPartOf":{"@id":"https:\/\/homedefense-ammo.de\/#website"},"primaryImageOfPage":{"@id":"https:\/\/homedefense-ammo.de\/products\/kopie-steel-cone-hdr50-aea-challenger-bullpup-cal-50-cnc-gedreht-alu-rostfrei\/#primaryimage"},"image":{"@id":"https:\/\/homedefense-ammo.de\/products\/kopie-steel-cone-hdr50-aea-challenger-bullpup-cal-50-cnc-gedreht-alu-rostfrei\/#primaryimage"},"thumbnailUrl":"https:\/\/homedefense-ammo.de\/wp-content\/uploads\/2023\/12\/img_0595.jpeg","datePublished":"2023-12-01T14:55:00+00:00","dateModified":"2025-09-22T13:21:47+00:00","breadcrumb":{"@id":"https:\/\/homedefense-ammo.de\/products\/kopie-steel-cone-hdr50-aea-challenger-bullpup-cal-50-cnc-gedreht-alu-rostfrei\/#breadcrumb"},"inLanguage":"it-IT","potentialAction":[{"@type":"ReadAction","target":["https:\/\/homedefense-ammo.de\/products\/kopie-steel-cone-hdr50-aea-challenger-bullpup-cal-50-cnc-gedreht-alu-rostfrei\/"]}]},{"@type":"ImageObject","inLanguage":"it-IT","@id":"https:\/\/homedefense-ammo.de\/products\/kopie-steel-cone-hdr50-aea-challenger-bullpup-cal-50-cnc-gedreht-alu-rostfrei\/#primaryimage","url":"https:\/\/homedefense-ammo.de\/wp-content\/uploads\/2023\/12\/img_0595.jpeg","contentUrl":"https:\/\/homedefense-ammo.de\/wp-content\/uploads\/2023\/12\/img_0595.jpeg","width":577,"height":433},{"@type":"BreadcrumbList","@id":"https:\/\/homedefense-ammo.de\/products\/kopie-steel-cone-hdr50-aea-challenger-bullpup-cal-50-cnc-gedreht-alu-rostfrei\/#breadcrumb","itemListElement":[{"@type":"ListItem","position":1,"name":"Startseite","item":"https:\/\/homedefense-ammo.de\/"},{"@type":"ListItem","position":2,"name":"Shop","item":"https:\/\/homedefense-ammo.de\/shop\/"},{"@type":"ListItem","position":3,"name":"STEEL CONE | AEA Challenger Bullpup | Megalodon | CNC GEDREHT | ALU rostfrei | Kaliber 50 Paintball Markierer"}]},{"@type":"WebSite","@id":"https:\/\/homedefense-ammo.de\/#website","url":"https:\/\/homedefense-ammo.de\/","name":"Difesa della casa del lupo","description":"Il numero 1 dalla Germania","publisher":{"@id":"https:\/\/homedefense-ammo.de\/#organization"},"potentialAction":[{"@type":"SearchAction","target":{"@type":"EntryPoint","urlTemplate":"https:\/\/homedefense-ammo.de\/?s={search_term_string}"},"query-input":{"@type":"PropertyValueSpecification","valueRequired":true,"valueName":"search_term_string"}}],"inLanguage":"it-IT"},{"@type":"Organization","@id":"https:\/\/homedefense-ammo.de\/#organization","name":"Difesa della casa del lupo","url":"https:\/\/homedefense-ammo.de\/","logo":{"@type":"ImageObject","inLanguage":"it-IT","@id":"https:\/\/homedefense-ammo.de\/#\/schema\/logo\/image\/","url":"https:\/\/homedefense-ammo.de\/wp-content\/uploads\/2023\/12\/Wolf_Logo-White.png","contentUrl":"https:\/\/homedefense-ammo.de\/wp-content\/uploads\/2023\/12\/Wolf_Logo-White.png","width":1078,"height":624,"caption":"Wolf Home Defense"},"image":{"@id":"https:\/\/homedefense-ammo.de\/#\/schema\/logo\/image\/"}}]}},"_links":{"self":[{"href":"https:\/\/homedefense-ammo.de\/it\/wp-json\/wp\/v2\/product\/15696","targetHints":{"allow":["GET"]}}],"collection":[{"href":"https:\/\/homedefense-ammo.de\/it\/wp-json\/wp\/v2\/product"}],"about":[{"href":"https:\/\/homedefense-ammo.de\/it\/wp-json\/wp\/v2\/types\/product"}],"wp:featuredmedia":[{"embeddable":true,"href":"https:\/\/homedefense-ammo.de\/it\/wp-json\/wp\/v2\/media\/17221"}],"wp:attachment":[{"href":"https:\/\/homedefense-ammo.de\/it\/wp-json\/wp\/v2\/media?parent=15696"}],"wp:term":[{"taxonomy":"product_brand","embeddable":true,"href":"https:\/\/homedefense-ammo.de\/it\/wp-json\/wp\/v2\/product_brand?post=15696"},{"taxonomy":"product_cat","embeddable":true,"href":"https:\/\/homedefense-ammo.de\/it\/wp-json\/wp\/v2\/product_cat?post=15696"},{"taxonomy":"product_tag","embeddable":true,"href":"https:\/\/homedefense-ammo.de\/it\/wp-json\/wp\/v2\/product_tag?post=15696"}],"curies":[{"name":"parola chiave","href":"https:\/\/api.w.org\/{rel}","templated":true}]}}