{"id":15794,"date":"2023-12-04T16:06:37","date_gmt":"2023-12-04T14:06:37","guid":{"rendered":"https:\/\/wolf-homedefense-1973a03509d942429e87560d7637d535.tenants.eu1.wpcs.io\/?page_id=15794"},"modified":"2026-04-01T17:50:32","modified_gmt":"2026-04-01T15:50:32","slug":"diritto-di-recesso","status":"publish","type":"page","link":"https:\/\/homedefense-ammo.de\/it\/diritto-di-recesso\/","title":{"rendered":"Diritto di recesso"},"content":{"rendered":"<p><span style=\"font-size: 18px;\"><strong>Diritto di recesso per la vendita di beni<\/strong><\/span><\/p>\n<p><span style=\"font-size: 14px;\"><strong><span style=\"font-size: 18px;\">Diritto di recesso per i consumatori\u00a0<\/span><\/strong><\/span><br \/>\n<span style=\"font-size: 14px;\">(Un consumatore \u00e8 qualsiasi persona fisica che conclude un negozio giuridico per scopi che non possono essere attribuiti principalmente alla sua attivit\u00e0 commerciale o professionale indipendente.)<\/span><\/p>\n<p><span style=\"font-size: 16px;\"><strong>Diritto di recesso<\/strong><\/span><\/p>\n<p><span style=\"font-size: 14px;\"><strong>Diritto di recesso<\/strong><br \/>\nHai il diritto di recedere dal presente contratto entro 14 giorni senza indicarne i motivi.<br \/>\nIl periodo di cancellazione \u00e8 di 14 giorni dal giorno <\/span><\/p>\n<p><span style=\"font-size: 14px;\">\u2013 nel momento in cui voi o una terza parte da voi designata, diversa dal vettore, avete preso possesso della merce, a condizione che abbiate ordinato uno o pi\u00f9 beni nell&#039;ambito di un unico ordine e che questi vengano consegnati insieme.<\/span>;<\/p>\n<p><span style=\"font-size: 14px;\">\u2013 nel giorno in cui voi o un terzo da voi designato, diverso dal vettore, avete preso possesso dell&#039;ultimo articolo, a condizione che abbiate ordinato pi\u00f9 articoli nell&#039;ambito di un unico ordine e che questi vengano consegnati separatamente.<\/span>;<\/p>\n<p><span style=\"font-size: 14px;\">\u2013 nel caso in cui tu o un terzo da te designato, diverso dal vettore, abbiate preso possesso dell&#039;ultima spedizione parziale o dell&#039;ultimo articolo, a condizione che tu abbia ordinato merce consegnata in pi\u00f9 spedizioni parziali o articoli.<\/span>;<\/p>\n<p><span style=\"font-size: 14px;\">Per esercitare il diritto di recesso \u00e8 necessario contattarci <strong>(Sig. Wolf, Eichgrabenstra\u00dfe 56, 63628 Bad Soden-Salm\u00fcnster, Indirizzo e-mail: info@homedefense-ammo.de)<\/strong> informarti della tua decisione di recedere dal presente contratto mediante una dichiarazione chiara (ad esempio una lettera inviata per posta o un&#039;e-mail). \u00c8 possibile utilizzare il modello di modulo di cancellazione allegato, sebbene non sia obbligatorio.<\/span><\/p>\n<p><span style=\"font-size: 14px;\">Puoi anche compilare e inviare elettronicamente il modulo di recesso tipo o un&#039;altra dichiarazione esplicita sul nostro sito web (homedefense-ammo.de\/). Se decidi di avvalerti di questa opzione, ti invieremo immediatamente una conferma di ricezione del tuo recesso (ad esempio via e-mail).<\/span><\/p>\n<p><span style=\"font-size: 14px;\">Per rispettare il termine di recesso \u00e8 sufficiente che invii la notifica dell&#039;esercizio del diritto di recesso prima della scadenza del periodo di recesso.<\/span><\/p>\n<p><span style=\"font-size: 14px;\"><strong>Conseguenze della revoca<\/strong><\/span><\/p>\n<p>Se annulli il presente contratto, ti rimborseremo tutti i pagamenti ricevuti da te, compresi i costi di consegna (ad eccezione di eventuali costi aggiuntivi derivanti dalla scelta di un metodo di consegna diverso dalla consegna standard pi\u00f9 economica da noi offerta), immediatamente e al al pi\u00f9 tardi entro le 14<span style=\"font-size: 14px;\">\u00a0giorni<\/span> da rimborsare dal giorno in cui abbiamo ricevuto la notifica della tua risoluzione del presente contratto. Per questo rimborso utilizziamo lo stesso metodo di pagamento da te utilizzato per la transazione originaria, a meno che non sia stato espressamente concordato con te qualcosa di diverso; in nessun caso ti verr\u00e0 addebitato alcun costo quale conseguenza di tale rimborso.<\/p>\n<p><span style=\"font-size: 14px;\">Potremo rifiutare il rimborso finch\u00e9 non avremo ricevuto la merce o finch\u00e9 non avrai fornito la prova di aver rispedito la merce, a seconda di quale evento si verifichi per primo.<\/span><\/p>\n<p><span style=\"font-size: 14px;\">Avete la merce immediatamente e comunque entro e non oltre le 14<span style=\"font-size: 14px;\"><span style=\"font-size: 14px;\"><span style=\"font-size: 14px;\">\u00a0giorni<\/span><\/span> <\/span>dal giorno in cui ci comunichi la risoluzione del presente contratto\u00a0<\/span><span style=\"font-size: 14px;\">restituire o consegnare. Il termine \u00e8 rispettato se si riceve la merce prima della scadenza del termine <span style=\"font-size: 14px;\">14 giorni<\/span> Inviare.<\/span><\/p>\n<p><span style=\"font-size: 14px;\">Sostieni i costi diretti della restituzione della merce.<\/span><\/p>\n<p><span style=\"font-size: 14px;\">Sei responsabile dell&#039;eventuale perdita di valore dei beni solo se tale perdita di valore \u00e8 dovuta a una manipolazione diversa da quella necessaria per stabilire la natura, le caratteristiche e la funzionalit\u00e0 dei beni.<\/span><\/p>\n<p><span style=\"font-size: 14px;\"><strong>Motivi di esclusione o di decadenza<\/strong><\/span><\/p>\n<p>Il diritto di recesso non si applica ai contratti<\/p>\n<p><span style=\"font-size: 14px;\">\u2013 per la fornitura di beni non prefabbricati, per la cui produzione \u00e8 determinante una scelta o una specifica individuale da parte del consumatore, oppure che sono chiaramente adattati alle esigenze personali del consumatore;<\/span><br \/>\n<span style=\"font-size: 14px;\">\u2013 per la fornitura di beni che possono deteriorarsi rapidamente o la cui data di scadenza verrebbe superata in breve tempo;<\/span><br \/>\n<span style=\"font-size: 14px;\">\u2013 per la fornitura di bevande alcoliche, il cui prezzo \u00e8 stato concordato al momento della conclusione del contratto, ma che possono essere consegnate non prima di 30 giorni dalla conclusione del contratto e il cui valore attuale dipende dalle fluttuazioni del mercato sulle quali l&#039;imprenditore non ha alcuna influenza;<\/span><br \/>\n<span style=\"font-size: 14px;\">\u2013 per la consegna di quotidiani, periodici o riviste illustrate, ad eccezione dei contratti di abbonamento.<\/span><\/p>\n<p><span style=\"font-size: 14px;\">Per i contratti il diritto di recesso scade anticipatamente<\/span><\/p>\n<p><span style=\"font-size: 14px;\"><span style=\"font-size: 14px;\">\u2013 per la fornitura di beni sigillati che non possono essere restituiti per motivi di tutela della salute o di igiene se il sigillo \u00e8 stato rimosso dopo la consegna;<\/span><\/span><br \/>\n<span style=\"font-size: 14px;\"><span style=\"font-size: 14px;\">\u2013 per la fornitura di beni che, dopo la consegna, risultano per loro natura inseparabilmente mescolati con altri beni;<\/span><\/span><br \/>\n<span style=\"font-size: 14px;\"><span style=\"font-size: 14px;\">\u2013 consegnare registrazioni audio o video o software informatici in una confezione sigillata se il sigillo \u00e8 stato rimosso dopo la consegna.<\/span><\/span><\/p>\n<hr \/>\n<p><span style=\"font-size: 14px;\"><span style=\"font-size: 14px;\"><strong>Esempio di modulo di cancellazione<\/strong><\/span><\/span><\/p>\n<p>(Se desideri recedere dal contratto, compila questo modulo e rispediscilo.)<\/p>\n<p>\u2013 Al Sig. <span style=\"font-size: 14px;\"><span style=\"font-size: 14px;\">Wolf, Eichgrabenstra\u00dfe 56, 63628 Bad Soden-Salm\u00fcnster<span style=\"font-size: 14px;\"><span style=\"font-size: 14px;\">,<\/span><\/span><span style=\"font-size: 14px;\"><span style=\"font-size: 14px;\"><span style=\"font-size: 14px;\"><span style=\"font-size: 14px;\"> <span style=\"font-size: 14px;\">Indirizzo e-mail:\u00a0<\/span><\/span><\/span><span style=\"font-size: 14px;\"><span style=\"font-size: 14px;\"><span style=\"font-size: 14px;\"><span style=\"font-size: 14px;\">info@homedefense-ammo.de<\/span><\/span><\/span><\/span> :<\/span><\/span><\/span><\/span><\/p>\n<p>\u2013 Io\/Noi (*) con la presente revoco\/revochiamo il contratto concluso da me\/noi (*) per l&#039;acquisto dei seguenti beni (*)\/<br \/>\nla fornitura del seguente servizio (*)<\/p>\n<p>\u2013 Ordinato il (*)\/ricevuto il (*)<\/p>\n<p>\u2013 Nome del(i) consumatore(i)<br \/>\n\u2013 Indirizzo del(i) consumatore(i)<br \/>\n\u2013 Firma del\/i consumatore\/i (solo per notifica cartacea)<br \/>\n- Data<\/p>\n<p>(*) Cancellare quanto non pertinente.<\/p>","protected":false},"excerpt":{"rendered":"<p>Diritto di recesso per la vendita di beni. Diritto di recesso per i consumatori (per consumatore si intende qualsiasi persona fisica che conclude un negozio giuridico per scopi che non sono prevalentemente commerciali n\u00e9 connessi alla propria attivit\u00e0 professionale autonoma).,<\/p>","protected":false},"author":6,"featured_media":0,"parent":0,"menu_order":0,"comment_status":"closed","ping_status":"closed","template":"","meta":{"footnotes":""},"categories":[],"tags":[],"class_list":["post-15794","page","type-page","status-publish","hentry"],"yoast_head":"<!-- This site is optimized with the Yoast SEO plugin v26.2 - https:\/\/yoast.com\/wordpress\/plugins\/seo\/ -->\n<title>Widerrufsrecht - Wolf Home Defense<\/title>\n<meta name=\"robots\" content=\"noindex, nofollow\" \/>\n<meta property=\"og:locale\" content=\"it_IT\" \/>\n<meta property=\"og:type\" content=\"article\" \/>\n<meta property=\"og:title\" content=\"Widerrufsrecht - Wolf Home Defense\" \/>\n<meta property=\"og:description\" content=\"Widerrufsrecht f\u00fcr den Verkauf von Waren Widerrufsrecht f\u00fcr Verbraucher\u00a0 (Verbraucher ist jede nat\u00fcrliche Person, die ein Rechtsgesch\u00e4ft zu Zwecken abschlie\u00dft,\" \/>\n<meta property=\"og:url\" content=\"https:\/\/homedefense-ammo.de\/it\/diritto-di-recesso\/\" \/>\n<meta property=\"og:site_name\" content=\"Wolf Home Defense\" \/>\n<meta property=\"article:modified_time\" content=\"2026-04-01T15:50:32+00:00\" \/>\n<meta name=\"twitter:card\" content=\"summary_large_image\" \/>\n<meta name=\"twitter:label1\" content=\"Tempo di lettura stimato\" \/>\n\t<meta name=\"twitter:data1\" content=\"5 minuti\" \/>\n<script type=\"application\/ld+json\" class=\"yoast-schema-graph\">{\"@context\":\"https:\/\/schema.org\",\"@graph\":[{\"@type\":\"WebPage\",\"@id\":\"https:\/\/homedefense-ammo.de\/widerrufsrecht\/\",\"url\":\"https:\/\/homedefense-ammo.de\/widerrufsrecht\/\",\"name\":\"Widerrufsrecht - Wolf Home Defense\",\"isPartOf\":{\"@id\":\"https:\/\/homedefense-ammo.de\/#website\"},\"datePublished\":\"2023-12-04T14:06:37+00:00\",\"dateModified\":\"2026-04-01T15:50:32+00:00\",\"breadcrumb\":{\"@id\":\"https:\/\/homedefense-ammo.de\/widerrufsrecht\/#breadcrumb\"},\"inLanguage\":\"it-IT\",\"potentialAction\":[{\"@type\":\"ReadAction\",\"target\":[\"https:\/\/homedefense-ammo.de\/widerrufsrecht\/\"]}]},{\"@type\":\"BreadcrumbList\",\"@id\":\"https:\/\/homedefense-ammo.de\/widerrufsrecht\/#breadcrumb\",\"itemListElement\":[{\"@type\":\"ListItem\",\"position\":1,\"name\":\"Startseite\",\"item\":\"https:\/\/homedefense-ammo.de\/\"},{\"@type\":\"ListItem\",\"position\":2,\"name\":\"Widerrufsrecht\"}]},{\"@type\":\"WebSite\",\"@id\":\"https:\/\/homedefense-ammo.de\/#website\",\"url\":\"https:\/\/homedefense-ammo.de\/\",\"name\":\"Wolf Home Defense\",\"description\":\"Die Nr. 1 aus Deutschland\",\"publisher\":{\"@id\":\"https:\/\/homedefense-ammo.de\/#organization\"},\"potentialAction\":[{\"@type\":\"SearchAction\",\"target\":{\"@type\":\"EntryPoint\",\"urlTemplate\":\"https:\/\/homedefense-ammo.de\/?s={search_term_string}\"},\"query-input\":{\"@type\":\"PropertyValueSpecification\",\"valueRequired\":true,\"valueName\":\"search_term_string\"}}],\"inLanguage\":\"it-IT\"},{\"@type\":\"Organization\",\"@id\":\"https:\/\/homedefense-ammo.de\/#organization\",\"name\":\"Wolf Home Defense\",\"url\":\"https:\/\/homedefense-ammo.de\/\",\"logo\":{\"@type\":\"ImageObject\",\"inLanguage\":\"it-IT\",\"@id\":\"https:\/\/homedefense-ammo.de\/#\/schema\/logo\/image\/\",\"url\":\"https:\/\/homedefense-ammo.de\/wp-content\/uploads\/2023\/12\/Wolf_Logo-White.png\",\"contentUrl\":\"https:\/\/homedefense-ammo.de\/wp-content\/uploads\/2023\/12\/Wolf_Logo-White.png\",\"width\":1078,\"height\":624,\"caption\":\"Wolf Home Defense\"},\"image\":{\"@id\":\"https:\/\/homedefense-ammo.de\/#\/schema\/logo\/image\/\"}}]}<\/script>\n<!-- \/ Yoast SEO plugin. -->","yoast_head_json":{"title":"Diritto di recesso - Wolf Home Defense","robots":{"index":"noindex","follow":"nofollow"},"og_locale":"it_IT","og_type":"article","og_title":"Widerrufsrecht - Wolf Home Defense","og_description":"Widerrufsrecht f\u00fcr den Verkauf von Waren Widerrufsrecht f\u00fcr Verbraucher\u00a0 (Verbraucher ist jede nat\u00fcrliche Person, die ein Rechtsgesch\u00e4ft zu Zwecken abschlie\u00dft,","og_url":"https:\/\/homedefense-ammo.de\/it\/diritto-di-recesso\/","og_site_name":"Wolf Home Defense","article_modified_time":"2026-04-01T15:50:32+00:00","twitter_card":"summary_large_image","twitter_misc":{"Tempo di lettura stimato":"5 minuti"},"schema":{"@context":"https:\/\/schema.org","@graph":[{"@type":"WebPage","@id":"https:\/\/homedefense-ammo.de\/widerrufsrecht\/","url":"https:\/\/homedefense-ammo.de\/widerrufsrecht\/","name":"Diritto di recesso - Wolf Home Defense","isPartOf":{"@id":"https:\/\/homedefense-ammo.de\/#website"},"datePublished":"2023-12-04T14:06:37+00:00","dateModified":"2026-04-01T15:50:32+00:00","breadcrumb":{"@id":"https:\/\/homedefense-ammo.de\/widerrufsrecht\/#breadcrumb"},"inLanguage":"it-IT","potentialAction":[{"@type":"ReadAction","target":["https:\/\/homedefense-ammo.de\/widerrufsrecht\/"]}]},{"@type":"BreadcrumbList","@id":"https:\/\/homedefense-ammo.de\/widerrufsrecht\/#breadcrumb","itemListElement":[{"@type":"ListItem","position":1,"name":"Startseite","item":"https:\/\/homedefense-ammo.de\/"},{"@type":"ListItem","position":2,"name":"Widerrufsrecht"}]},{"@type":"WebSite","@id":"https:\/\/homedefense-ammo.de\/#website","url":"https:\/\/homedefense-ammo.de\/","name":"Difesa della casa del lupo","description":"Il numero 1 dalla Germania","publisher":{"@id":"https:\/\/homedefense-ammo.de\/#organization"},"potentialAction":[{"@type":"SearchAction","target":{"@type":"EntryPoint","urlTemplate":"https:\/\/homedefense-ammo.de\/?s={search_term_string}"},"query-input":{"@type":"PropertyValueSpecification","valueRequired":true,"valueName":"search_term_string"}}],"inLanguage":"it-IT"},{"@type":"Organization","@id":"https:\/\/homedefense-ammo.de\/#organization","name":"Difesa della casa del lupo","url":"https:\/\/homedefense-ammo.de\/","logo":{"@type":"ImageObject","inLanguage":"it-IT","@id":"https:\/\/homedefense-ammo.de\/#\/schema\/logo\/image\/","url":"https:\/\/homedefense-ammo.de\/wp-content\/uploads\/2023\/12\/Wolf_Logo-White.png","contentUrl":"https:\/\/homedefense-ammo.de\/wp-content\/uploads\/2023\/12\/Wolf_Logo-White.png","width":1078,"height":624,"caption":"Wolf Home Defense"},"image":{"@id":"https:\/\/homedefense-ammo.de\/#\/schema\/logo\/image\/"}}]}},"_links":{"self":[{"href":"https:\/\/homedefense-ammo.de\/it\/wp-json\/wp\/v2\/pages\/15794","targetHints":{"allow":["GET"]}}],"collection":[{"href":"https:\/\/homedefense-ammo.de\/it\/wp-json\/wp\/v2\/pages"}],"about":[{"href":"https:\/\/homedefense-ammo.de\/it\/wp-json\/wp\/v2\/types\/page"}],"author":[{"embeddable":true,"href":"https:\/\/homedefense-ammo.de\/it\/wp-json\/wp\/v2\/users\/6"}],"replies":[{"embeddable":true,"href":"https:\/\/homedefense-ammo.de\/it\/wp-json\/wp\/v2\/comments?post=15794"}],"version-history":[{"count":5,"href":"https:\/\/homedefense-ammo.de\/it\/wp-json\/wp\/v2\/pages\/15794\/revisions"}],"predecessor-version":[{"id":18736,"href":"https:\/\/homedefense-ammo.de\/it\/wp-json\/wp\/v2\/pages\/15794\/revisions\/18736"}],"wp:attachment":[{"href":"https:\/\/homedefense-ammo.de\/it\/wp-json\/wp\/v2\/media?parent=15794"}],"wp:term":[{"taxonomy":"category","embeddable":true,"href":"https:\/\/homedefense-ammo.de\/it\/wp-json\/wp\/v2\/categories?post=15794"},{"taxonomy":"post_tag","embeddable":true,"href":"https:\/\/homedefense-ammo.de\/it\/wp-json\/wp\/v2\/tags?post=15794"}],"curies":[{"name":"parola chiave","href":"https:\/\/api.w.org\/{rel}","templated":true}]}}