{"id":15782,"date":"2026-04-13T16:59:53","date_gmt":"2026-04-13T14:59:53","guid":{"rendered":"https:\/\/wolf-homedefense-1973a03509d942429e87560d7637d535.tenants.eu1.wpcs.io\/?page_id=15782"},"modified":"2026-04-13T17:00:37","modified_gmt":"2026-04-13T15:00:37","slug":"condizioni","status":"publish","type":"page","link":"https:\/\/homedefense-ammo.de\/it\/condizioni\/","title":{"rendered":"Condizioni"},"content":{"rendered":"<p><span style=\"font-size: 18px;\"><strong>Condizioni generali e informazioni per il cliente<\/strong><\/span><\/p>\n<p><span style=\"font-size: 16px;\"><strong>I. Termini e Condizioni Generali<\/strong><\/span><\/p>\n<p><span style=\"font-size: 16px;\"><strong>\u00a7 1 Disposizioni fondamentali<\/strong><\/span><\/p>\n<p><span style=\"font-size: 14px;\"><strong>(1)<\/strong> Le seguenti condizioni generali si applicano ai contratti che stipulate con noi, in qualit\u00e0 di fornitori, tramite il sito web homedefense-ammo.de\/. Salvo diverso accordo, l&#039;inclusione di eventuali condizioni generali da voi utilizzate \u00e8 espressamente esclusa.<\/span><\/p>\n<p><span style=\"font-size: 14px;\"><strong>(2)<\/strong> Un consumatore ai sensi delle seguenti norme \u00e8 qualsiasi persona fisica che conclude un negozio giuridico per scopi che non possono essere prevalentemente attribuiti n\u00e9 alla sua attivit\u00e0 commerciale n\u00e9 a quella professionale indipendente. Un imprenditore \u00e8 qualsiasi persona fisica o giuridica o una societ\u00e0 di persone dotata di capacit\u00e0 giuridica che, quando conclude un negozio giuridico, agisce nell&#039;esercizio della propria attivit\u00e0 professionale o commerciale indipendente.<\/span><\/p>\n<p><span style=\"font-size: 16px;\"><strong>\u00a7 2 Conclusione del contratto<\/strong><\/span><\/p>\n<p><span style=\"font-size: 14px;\"><strong>(1)<\/strong> Oggetto del contratto \u00e8 la vendita della merce<\/span><span style=\"font-size: 14px;\"><span style=\"font-size: 14px;\">\u00a0<\/span><\/span><span style=\"font-size: 14px;\">.<\/span><\/p>\n<p><span style=\"font-size: 14px;\"><strong>(2)<\/strong> Quando inserisci il rispettivo prodotto sul nostro sito web, ti presentiamo un&#039;offerta vincolante per la conclusione di un contratto tramite il sistema del carrello online alle condizioni indicate nella descrizione dell&#039;articolo.<\/span><\/p>\n<p><span style=\"font-size: 14px;\"><strong>(3)<\/strong>\u00a0Il contratto viene concluso tramite il sistema del carrello online come segue:<br \/>\nGli articoli che intendi acquistare vengono inseriti nel &quot;carrello&quot;. Puoi accedere al &quot;carrello&quot; tramite il pulsante corrispondente nella barra di navigazione e apportare modifiche in qualsiasi momento.<br \/>\nDopo aver cliccato sul pulsante &quot;Checkout&quot; o &quot;Procedi all&#039;ordine&quot;\u201e<\/span>\u00a0<span style=\"font-size: 14px;\">\u00a0(o nome simile)<\/span>\u00a0<span style=\"font-size: 14px;\">e dopo aver inserito i vostri dati personali e le condizioni di pagamento e spedizione, vi verranno visualizzati i dettagli dell&#039;ordine come panoramica dell&#039;ordine.<\/span><\/p>\n<p><span style=\"font-size: 14px;\">Se utilizzi un sistema di pagamento immediato (ad esempio PayPal (Express\/Plus\/Checkout), Amazon Pay, Sofort) come metodo di pagamento, verrai indirizzato alla pagina di panoramica dell&#039;ordine nel nostro negozio online oppure al sito web del fornitore del sistema di pagamento immediato.<br \/>\nSe vieni reindirizzato al rispettivo sistema di pagamento istantaneo, effettua la selezione appropriata o inserisci l\u00ec i tuoi dati. Infine, i dati dell&#039;ordine verranno visualizzati come panoramica dell&#039;ordine sul sito web del fornitore del sistema di pagamento istantaneo o dopo essere stati reindirizzati al nostro negozio online.<\/span><\/p>\n<p><span style=\"font-size: 14px;\">Prima di inviare l&#039;ordine, hai la possibilit\u00e0 di rivedere le informazioni nel riepilogo dell&#039;ordine, modificarle (anche tramite la funzione &quot;indietro&quot; del tuo browser Internet) o annullare l&#039;ordine. <\/span><\/p>\n<div><span style=\"font-size: 14px;\">Inviando l&#039;ordine tramite il pulsante corrispondente (&quot;ordine con obbligo di pagamento&quot;, &quot;acquista&quot; \/ &quot;acquista ora&quot;, &quot;ordine con obbligo di pagamento&quot;, &quot;paga&quot; \/ &quot;paga ora&quot; o designazione simile), dichiari legalmente di accettare l&#039;offerta, concludendo cos\u00ec il contratto.<\/span><\/div>\n<div><\/div>\n<p><span style=\"font-size: 14px;\"><strong>(4)<\/strong> Le tue richieste di creazione di un&#039;offerta non sono vincolanti per te. Ti faremo un&#039;offerta vincolante in forma di testo (ad esempio via e-mail), che potrai accettare entro 5 giorni (a meno che nella rispettiva offerta non sia indicata un&#039;altra scadenza).<\/span><\/p>\n<p><span style=\"font-size: 14px;\"><strong>(5)<\/strong> L&#039;elaborazione dell&#039;ordine e la trasmissione di tutte le informazioni necessarie in relazione alla conclusione del contratto sono in parte automatizzate tramite e-mail. Dovrai quindi assicurarti che l&#039;indirizzo e-mail che ci fornisci sia corretto, che la ricezione delle e-mail sia tecnicamente garantita e, in particolare, che non sia impedita dai filtri SPAM.<\/span><\/p>\n<p><strong><span style=\"font-size: 16px;\">\u00a7 3 Diritto di ritenzione<\/span><\/strong><strong><span style=\"font-size: 16px;\">, riserva di propriet\u00e0<\/span><\/strong><\/p>\n<p><span style=\"font-size: 14px;\"><strong>(1)<\/strong> Potete esercitare il diritto di ritenzione solo se si tratta di crediti derivanti dallo stesso rapporto contrattuale.<\/span><\/p>\n<p><span style=\"font-size: 14px;\"><strong>(2)<\/strong> La merce resta di nostra propriet\u00e0 fino al completo pagamento del prezzo di acquisto.<\/span><\/p>\n<p><strong><span style=\"font-size: 16px;\">\u00a7 4 Garanzia<\/span><\/strong><\/p>\n<p><span style=\"font-size: 14px;\"><strong>(1) <\/strong>Si applicano i diritti legali di responsabilit\u00e0 per difetti.<\/span><\/p>\n<p><strong><span style=\"font-size: 14px;\">(2)<\/span><\/strong><span style=\"font-size: 14px;\">\u00a0In qualit\u00e0 di consumatore, sei tenuto a controllare immediatamente la merce al momento della consegna per verificarne la completezza, i difetti evidenti e i danni da trasporto e a segnalare eventuali reclami a noi e allo spedizioniere il pi\u00f9 rapidamente possibile. Il mancato rispetto di quanto sopra non avr\u00e0 alcun effetto sui vostri diritti di garanzia previsti dalla legge.<\/span><\/p>\n<p><strong><span style=\"font-size: 14px;\">(3)\u00a0<\/span><\/strong><span style=\"font-size: 14px;\">Se una caratteristica della merce si discosta dai requisiti oggettivi, la deviazione si considera concordata solo se ne siete stati informati prima della nostra dichiarazione contrattuale e se la deviazione \u00e8 stata espressamente e separatamente concordata tra le parti contraenti.<\/span><\/p>\n<p><strong><span style=\"font-size: 16px;\">\u00a7 5 Scelta della legge<\/span><\/strong><\/p>\n<p><span style=\"font-size: 14px;\"><strong>(1)<\/strong>\u00a0Si applica la legge tedesca. Per i consumatori questa scelta della legge si applica solo nella misura in cui non viene revocata la protezione garantita dalle disposizioni imperative della legge del paese di residenza abituale del consumatore (principio di favore).<\/span><\/p>\n<p><span style=\"font-size: 14px;\"><strong>(2)<\/strong>\u00a0Le disposizioni della Convenzione delle Nazioni Unite sui contratti di vendita internazionale di beni mobili non si applicano espressamente.<\/span><\/p>\n<p><strong><span style=\"font-size: 16px;\">\u00a7 6 Tutela dei minori<\/span><\/strong><\/p>\n<p><span style=\"font-size: 14px;\"><strong>(1)<\/strong>\u00a0 Quando vendiamo beni soggetti alle disposizioni della legge sulla tutela dei giovani, stipuliamo rapporti contrattuali solo con clienti che hanno raggiunto l&#039;et\u00e0 minima richiesta dalla legge.<br \/>\nI limiti di et\u00e0 esistenti sono indicati nella rispettiva descrizione dell&#039;articolo.<\/span><\/p>\n<p><span style=\"font-size: 14px;\"><strong>(2)<\/strong>\u00a0Inviando il tuo ordine, confermi di aver raggiunto l&#039;et\u00e0 minima richiesta dalla legge e che i tuoi dati relativi al tuo nome e indirizzo siano corretti. Siete tenuti a garantire che solo voi o le persone da voi autorizzate ad accettare la consegna che hanno raggiunto l&#039;et\u00e0 minima richiesta dalla legge ricevano la merce.<\/span><\/p>\n<p><span style=\"font-size: 14px;\"><strong>(3)<\/strong>\u00a0Nella misura in cui siamo obbligati a effettuare un controllo dell&#039;et\u00e0 a causa di norme di legge, incarichiamo il fornitore di servizi logistici incaricato della consegna di consegnare la consegna solo a persone che hanno raggiunto l&#039;et\u00e0 minima richiesta dalla legge e, in caso di dubbio , a fornire la carta d&#039;identit\u00e0 della persona che riceve la merce da esibire a chi ritira la carta per il controllo dell&#039;et\u00e0.<\/span><\/p>\n<p><span style=\"font-size: 14px;\"><strong>(4)<\/strong> Se nella descrizione dell&#039;articolo indichiamo che per acquistare la merce devi avere pi\u00f9 di 18 anni, oltre l&#039;et\u00e0 minima prescritta dalla legge, si applicano i paragrafi 1-3 di cui sopra a condizione che invece dell&#039;et\u00e0 minima prescritta dalla legge, devi essere maggiorenne .<\/span><\/p>\n<hr \/>\n<p><span style=\"font-size: 14px;\"><span style=\"font-size: 14px;\"><br \/>\n<strong><span style=\"font-size: 16px;\">II. Informazioni sul cliente <\/span><\/strong><\/span><\/span><\/p>\n<p><span style=\"font-size: 16px;\"><strong>1. Identit\u00e0 del venditore<\/strong><\/span><\/p>\n<p><span style=\"font-size: 14px;\"><span style=\"font-size: 14px;\"><span style=\"font-size: 14px;\"><span style=\"font-size: 14px;\">lupo<\/span><\/span><\/span><br \/>\nEichgrabenstrasse 56<br \/>\n63628 Bad Soden-Salm\u00fcnster<br \/>\nGermania<\/span><\/p>\n<p>E-mail: info@homedefense-ammo.de<\/p>\n<p><span style=\"font-size: 14px;\">Non siamo n\u00e9 disposti n\u00e9 obbligati a prendere parte a procedimenti di risoluzione delle controversie dinanzi agli organi arbitrali dei consumatori.<\/span><\/p>\n<p><strong><span style=\"font-size: 16px;\">2. Informazioni sulla conclusione del contratto<\/span><\/strong><\/p>\n<p><span style=\"font-size: 14px;\">Le fasi tecniche che portano alla conclusione del contratto, la conclusione del contratto stesso e le possibilit\u00e0 di correzione sono regolate dalle disposizioni della sezione &quot;Formazione del contratto&quot; nelle nostre Condizioni Generali (Parte I).<\/span><\/p>\n<p><span style=\"font-size: 16px;\"><strong>3. Linguaggio contrattuale, memorizzazione del testo contrattuale<\/strong><\/span><\/p>\n<p><span style=\"font-size: 14px;\">3.1. La lingua contrattuale \u00e8 il tedesco\u00a0<\/span><span style=\"font-size: 14px;\">.<\/span><\/p>\n<p><span style=\"font-size: 14px;\">3.2. Non salviamo il testo completo del contratto. Prima di inviare l&#039;ordine <\/span><span style=\"font-size: 14px;\"> tramite il sistema del carrello della spesa online<\/span><span style=\"font-size: 14px;\">\u00a0I dati contrattuali possono essere stampati o salvati elettronicamente utilizzando la funzione di stampa del browser. Dopo aver ricevuto l&#039;ordine, vi verranno inviati nuovamente via e-mail i dati dell&#039;ordine, le informazioni richieste dalla legge per i contratti di vendita a distanza e le condizioni generali di contratto.<\/span><\/p>\n<p><span style=\"font-size: 14px;\">3.3. Se richiedete un&#039;offerta al di fuori del sistema del carrello online, riceverete tutti i dati contrattuali come parte di un&#039;offerta vincolante in forma testuale, ad esempio via e-mail, che potrete stampare o salvare elettronicamente.<\/span><\/p>\n<p><span style=\"font-size: 16px;\"><strong>4. Codici di condotta<\/strong><\/span><\/p>\n<p><span style=\"font-size: 14px;\">4.1. Ci siamo assoggettati ai criteri di qualit\u00e0 del sigillo dell&#039;acquirente della Merchant Association Management AG, che possono essere visualizzati su:\u00a0<a href=\"https:\/\/www.haendlerbund.de\/de\/downloads\/kaeufersiegel\/kaeufersiegel-zertifizierungskriterien.pdf\" target=\"_blank\" rel=\"noopener\" data-saferedirecturl=\"https:\/\/www.google.com\/url?q=https:\/\/www.haendlerbund.de\/de\/downloads\/kaeufersiegel\/kaeufersiegel-zertifizierungskriterien.pdf&amp;source=gmail&amp;ust=1595571225131000&amp;usg=AFQjCNFe5mk3H_qoqXPKQq9eTI32jhhuHg\">https:\/\/www.haendlerbund.de\/<wbr \/>de\/downloads\/sigillo dell&#039;acquirente\/<wbr \/>sigillo dell&#039;acquirente-<wbr \/>criteri di certificazione.pdf<\/a>.<\/span><\/p>\n<p><strong><span style=\"font-size: 16px;\">5. Caratteristiche essenziali dei beni o servizi<\/span><\/strong><\/p>\n<p><span style=\"font-size: 14px;\">Le caratteristiche essenziali dei beni e\/o dei servizi si trovano nella rispettiva offerta.<\/span><\/p>\n<p><strong><span style=\"font-size: 16px;\">6. Prezzi e modalit\u00e0 di pagamento<\/span><\/strong><\/p>\n<p><span style=\"font-size: 14px;\">6.1. I prezzi indicati nelle rispettive offerte e le spese di spedizione rappresentano i prezzi totali. Includono tutti i componenti del prezzo comprese tutte le tasse applicabili.<\/span><\/p>\n<p><span style=\"font-size: 14px;\">6.2. Le spese di spedizione sostenute non sono incluse nel prezzo di acquisto. Sono accessibili tramite un pulsante contrassegnato in modo corrispondente sul nostro sito web o nella rispettiva offerta, vengono visualizzati separatamente durante il processo di ordinazione e sono inoltre a vostro carico, a meno che non sia stata garantita la spedizione gratuita.<\/span><\/p>\n<p><span style=\"font-size: 14px;\">6.3. Se la consegna viene effettuata in paesi al di fuori dell&#039;Unione Europea, potrebbero sorgere costi aggiuntivi per i quali non siamo responsabili, come dazi doganali, tasse o commissioni di trasferimento di denaro (commissioni di trasferimento o di cambio da istituti di credito), che sarai a tuo carico.\u00a0<\/span><\/p>\n<p><span style=\"font-size: 14px;\">6.4.\u00a0<\/span><span style=\"font-size: 14px;\">Costi sostenuti per il trasferimento di denaro\u00a0<\/span><span style=\"font-size: 14px;\">(Commissioni di trasferimento o di cambio addebitate dagli istituti di credito)\u00a0<\/span><span style=\"font-size: 14px;\">sono a tuo carico nei casi in cui la consegna viene effettuata in uno stato membro dell&#039;UE ma il pagamento \u00e8 stato effettuato al di fuori dell&#039;Unione Europea.<\/span><\/p>\n<p><span style=\"font-size: 14px;\">6.5. I metodi di pagamento a tua disposizione <\/span><span style=\"font-size: 14px;\">vengono visualizzati sotto un pulsante contrassegnato in modo corrispondente sul nostro sito web o nella rispettiva offerta.<\/span><\/p>\n<p><span style=\"font-size: 14px;\">6.6. Salvo diversa indicazione per le singole modalit\u00e0 di pagamento, i diritti di pagamento derivanti dal contratto concluso devono essere pagati immediatamente.<\/span><\/p>\n<p><strong><span style=\"font-size: 16px;\">7. Condizioni di consegna<\/span><\/strong><\/p>\n<p><span style=\"font-size: 14px;\">7.1. Le condizioni di consegna, la data di consegna ed eventuali restrizioni di consegna esistenti possono essere trovate sotto un pulsante contrassegnato in modo corrispondente sul nostro sito web o nella rispettiva offerta.<\/span><\/p>\n<p><span style=\"font-size: 14px;\">7.2. Se sei un consumatore, la legge prevede che il rischio di perdita accidentale e deterioramento accidentale dell&#039;articolo venduto durante la spedizione ti passa solo al momento della consegna della merce, indipendentemente dal fatto che la spedizione sia assicurata o non assicurata. Ci\u00f2 non si applica se hai incaricato autonomamente una societ\u00e0 di trasporti non nominata dall&#039;imprenditore o un&#039;altra persona designata per effettuare la spedizione. <\/span><\/p>\n<p><strong><span style=\"font-size: 16px;\">8. Legge sulla responsabilit\u00e0 legale per vizi <\/span><\/strong><\/p>\n<p><span style=\"font-size: 14px;\">La responsabilit\u00e0 per difetti \u00e8 regolata dalla clausola &quot;Garanzia&quot; contenuta nelle nostre Condizioni Generali (Parte I). <\/span><\/p>\n<p><span style=\"font-size: 14px;\">Le presenti condizioni generali e le informazioni per i clienti sono state redatte dagli avvocati specializzati in diritto informatico dell&#039;associazione dei rivenditori e ne viene costantemente verificata la conformit\u00e0 legale. La Merchant Association Management AG garantisce la sicurezza giuridica dei testi ed \u00e8 responsabile in caso di avvertimenti. Ulteriori informazioni possono essere trovate su:\u00a0<a href=\"https:\/\/www.haendlerbund.de\/de\/leistungen\/rechtssicherheit\/agb-service\" target=\"_blank\" rel=\"noopener\" data-saferedirecturl=\"https:\/\/www.google.com\/url?q=https:\/\/www.haendlerbund.de\/de\/leistungen\/rechtssicherheit\/agb-service&amp;source=gmail&amp;ust=1595571225131000&amp;usg=AFQjCNFRXstfsBqXtZxEv0RC9XDgevh1EQ\">https:\/\/www.haendlerbund.de\/<wbr \/>de\/servizi\/<wbr \/>certezza giuridica\/termini e condizioni del servizio<\/a>.<\/span><\/p>\n<p><span style=\"font-size: 14px;\">ultimo aggiornamento: <span style=\"font-size: 14px;\">22.10.2024<\/span><\/span><\/p>","protected":false},"excerpt":{"rendered":"<p>Condizioni generali di contratto e informazioni per i clienti I. Condizioni generali di contratto \u00a7 1 Disposizioni fondamentali (1) Le seguenti condizioni generali di contratto si applicano ai contratti stipulati da Lei<\/p>","protected":false},"author":6,"featured_media":0,"parent":0,"menu_order":0,"comment_status":"closed","ping_status":"closed","template":"","meta":{"footnotes":""},"categories":[],"tags":[],"class_list":["post-15782","page","type-page","status-publish","hentry"],"yoast_head":"<!-- This site is optimized with the Yoast SEO plugin v26.2 - https:\/\/yoast.com\/wordpress\/plugins\/seo\/ -->\n<title>AGB - Wolf Home Defense<\/title>\n<meta name=\"robots\" content=\"noindex, nofollow\" \/>\n<meta property=\"og:locale\" content=\"it_IT\" \/>\n<meta property=\"og:type\" content=\"article\" \/>\n<meta property=\"og:title\" content=\"AGB - Wolf Home Defense\" \/>\n<meta property=\"og:description\" content=\"Allgemeine Gesch\u00e4ftsbedingungen und Kundeninformationen I. Allgemeine Gesch\u00e4ftsbedingungen \u00a7 1 Grundlegende Bestimmungen (1) Die nachstehenden Gesch\u00e4ftsbedingungen gelten f\u00fcr Vertr\u00e4ge, die Sie\" \/>\n<meta property=\"og:url\" content=\"https:\/\/homedefense-ammo.de\/it\/condizioni\/\" \/>\n<meta property=\"og:site_name\" content=\"Wolf Home Defense\" \/>\n<meta property=\"article:modified_time\" content=\"2026-04-13T15:00:37+00:00\" \/>\n<meta name=\"twitter:card\" content=\"summary_large_image\" \/>\n<meta name=\"twitter:label1\" content=\"Tempo di lettura stimato\" \/>\n\t<meta name=\"twitter:data1\" content=\"8 minuti\" \/>\n<script type=\"application\/ld+json\" class=\"yoast-schema-graph\">{\"@context\":\"https:\/\/schema.org\",\"@graph\":[{\"@type\":\"WebPage\",\"@id\":\"https:\/\/homedefense-ammo.de\/agb\/\",\"url\":\"https:\/\/homedefense-ammo.de\/agb\/\",\"name\":\"AGB - Wolf Home Defense\",\"isPartOf\":{\"@id\":\"https:\/\/homedefense-ammo.de\/#website\"},\"datePublished\":\"2026-04-13T14:59:53+00:00\",\"dateModified\":\"2026-04-13T15:00:37+00:00\",\"breadcrumb\":{\"@id\":\"https:\/\/homedefense-ammo.de\/agb\/#breadcrumb\"},\"inLanguage\":\"it-IT\",\"potentialAction\":[{\"@type\":\"ReadAction\",\"target\":[\"https:\/\/homedefense-ammo.de\/agb\/\"]}]},{\"@type\":\"BreadcrumbList\",\"@id\":\"https:\/\/homedefense-ammo.de\/agb\/#breadcrumb\",\"itemListElement\":[{\"@type\":\"ListItem\",\"position\":1,\"name\":\"Startseite\",\"item\":\"https:\/\/homedefense-ammo.de\/\"},{\"@type\":\"ListItem\",\"position\":2,\"name\":\"AGB\"}]},{\"@type\":\"WebSite\",\"@id\":\"https:\/\/homedefense-ammo.de\/#website\",\"url\":\"https:\/\/homedefense-ammo.de\/\",\"name\":\"Wolf Home Defense\",\"description\":\"Die Nr. 1 aus Deutschland\",\"publisher\":{\"@id\":\"https:\/\/homedefense-ammo.de\/#organization\"},\"potentialAction\":[{\"@type\":\"SearchAction\",\"target\":{\"@type\":\"EntryPoint\",\"urlTemplate\":\"https:\/\/homedefense-ammo.de\/?s={search_term_string}\"},\"query-input\":{\"@type\":\"PropertyValueSpecification\",\"valueRequired\":true,\"valueName\":\"search_term_string\"}}],\"inLanguage\":\"it-IT\"},{\"@type\":\"Organization\",\"@id\":\"https:\/\/homedefense-ammo.de\/#organization\",\"name\":\"Wolf Home Defense\",\"url\":\"https:\/\/homedefense-ammo.de\/\",\"logo\":{\"@type\":\"ImageObject\",\"inLanguage\":\"it-IT\",\"@id\":\"https:\/\/homedefense-ammo.de\/#\/schema\/logo\/image\/\",\"url\":\"https:\/\/homedefense-ammo.de\/wp-content\/uploads\/2023\/12\/Wolf_Logo-White.png\",\"contentUrl\":\"https:\/\/homedefense-ammo.de\/wp-content\/uploads\/2023\/12\/Wolf_Logo-White.png\",\"width\":1078,\"height\":624,\"caption\":\"Wolf Home Defense\"},\"image\":{\"@id\":\"https:\/\/homedefense-ammo.de\/#\/schema\/logo\/image\/\"}}]}<\/script>\n<!-- \/ Yoast SEO plugin. -->","yoast_head_json":{"title":"Termini e condizioni - Wolf Home Defense","robots":{"index":"noindex","follow":"nofollow"},"og_locale":"it_IT","og_type":"article","og_title":"AGB - Wolf Home Defense","og_description":"Allgemeine Gesch\u00e4ftsbedingungen und Kundeninformationen I. Allgemeine Gesch\u00e4ftsbedingungen \u00a7 1 Grundlegende Bestimmungen (1) Die nachstehenden Gesch\u00e4ftsbedingungen gelten f\u00fcr Vertr\u00e4ge, die Sie","og_url":"https:\/\/homedefense-ammo.de\/it\/condizioni\/","og_site_name":"Wolf Home Defense","article_modified_time":"2026-04-13T15:00:37+00:00","twitter_card":"summary_large_image","twitter_misc":{"Tempo di lettura stimato":"8 minuti"},"schema":{"@context":"https:\/\/schema.org","@graph":[{"@type":"WebPage","@id":"https:\/\/homedefense-ammo.de\/agb\/","url":"https:\/\/homedefense-ammo.de\/agb\/","name":"Termini e condizioni - Wolf Home Defense","isPartOf":{"@id":"https:\/\/homedefense-ammo.de\/#website"},"datePublished":"2026-04-13T14:59:53+00:00","dateModified":"2026-04-13T15:00:37+00:00","breadcrumb":{"@id":"https:\/\/homedefense-ammo.de\/agb\/#breadcrumb"},"inLanguage":"it-IT","potentialAction":[{"@type":"ReadAction","target":["https:\/\/homedefense-ammo.de\/agb\/"]}]},{"@type":"BreadcrumbList","@id":"https:\/\/homedefense-ammo.de\/agb\/#breadcrumb","itemListElement":[{"@type":"ListItem","position":1,"name":"Startseite","item":"https:\/\/homedefense-ammo.de\/"},{"@type":"ListItem","position":2,"name":"AGB"}]},{"@type":"WebSite","@id":"https:\/\/homedefense-ammo.de\/#website","url":"https:\/\/homedefense-ammo.de\/","name":"Difesa della casa del lupo","description":"Il numero 1 dalla Germania","publisher":{"@id":"https:\/\/homedefense-ammo.de\/#organization"},"potentialAction":[{"@type":"SearchAction","target":{"@type":"EntryPoint","urlTemplate":"https:\/\/homedefense-ammo.de\/?s={search_term_string}"},"query-input":{"@type":"PropertyValueSpecification","valueRequired":true,"valueName":"search_term_string"}}],"inLanguage":"it-IT"},{"@type":"Organization","@id":"https:\/\/homedefense-ammo.de\/#organization","name":"Difesa della casa del lupo","url":"https:\/\/homedefense-ammo.de\/","logo":{"@type":"ImageObject","inLanguage":"it-IT","@id":"https:\/\/homedefense-ammo.de\/#\/schema\/logo\/image\/","url":"https:\/\/homedefense-ammo.de\/wp-content\/uploads\/2023\/12\/Wolf_Logo-White.png","contentUrl":"https:\/\/homedefense-ammo.de\/wp-content\/uploads\/2023\/12\/Wolf_Logo-White.png","width":1078,"height":624,"caption":"Wolf Home Defense"},"image":{"@id":"https:\/\/homedefense-ammo.de\/#\/schema\/logo\/image\/"}}]}},"_links":{"self":[{"href":"https:\/\/homedefense-ammo.de\/it\/wp-json\/wp\/v2\/pages\/15782","targetHints":{"allow":["GET"]}}],"collection":[{"href":"https:\/\/homedefense-ammo.de\/it\/wp-json\/wp\/v2\/pages"}],"about":[{"href":"https:\/\/homedefense-ammo.de\/it\/wp-json\/wp\/v2\/types\/page"}],"author":[{"embeddable":true,"href":"https:\/\/homedefense-ammo.de\/it\/wp-json\/wp\/v2\/users\/6"}],"replies":[{"embeddable":true,"href":"https:\/\/homedefense-ammo.de\/it\/wp-json\/wp\/v2\/comments?post=15782"}],"version-history":[{"count":9,"href":"https:\/\/homedefense-ammo.de\/it\/wp-json\/wp\/v2\/pages\/15782\/revisions"}],"predecessor-version":[{"id":18758,"href":"https:\/\/homedefense-ammo.de\/it\/wp-json\/wp\/v2\/pages\/15782\/revisions\/18758"}],"wp:attachment":[{"href":"https:\/\/homedefense-ammo.de\/it\/wp-json\/wp\/v2\/media?parent=15782"}],"wp:term":[{"taxonomy":"category","embeddable":true,"href":"https:\/\/homedefense-ammo.de\/it\/wp-json\/wp\/v2\/categories?post=15782"},{"taxonomy":"post_tag","embeddable":true,"href":"https:\/\/homedefense-ammo.de\/it\/wp-json\/wp\/v2\/tags?post=15782"}],"curies":[{"name":"parola chiave","href":"https:\/\/api.w.org\/{rel}","templated":true}]}}