{"id":9110,"date":"2023-12-01T12:06:00","date_gmt":"2023-12-01T10:06:00","guid":{"rendered":"https:\/\/wolf-homedefense-1973a03509d942429e87560d7637d535.tenants.eu1.wpcs.io\/?post_type=product&#038;p=9110"},"modified":"2026-01-15T00:58:38","modified_gmt":"2026-01-14T22:58:38","slug":"bouton-de-frappe-hds-68","status":"publish","type":"product","link":"https:\/\/homedefense-ammo.de\/fr\/des-produits\/bouton-de-frappe-hds-68\/","title":{"rendered":"BOUTON DE PERFORATION | HDS 68 | TS 68 | NOIR | Calibre 68 |"},"content":{"rendered":"<p><strong>BOUTON POIN\u00c7ON | HDS68 | NOIR | Cal.68 | D\u00c9FENSE \u00c0 DOMICILE<\/strong><\/p>\n<p>Le PUNCH BUTTON, sp\u00e9cialement d\u00e9velopp\u00e9 pour le HDS 68, offre une solution innovante pour une manipulation confortable et efficace de votre fusil de d\u00e9fense domestique. D\u00e9velopp\u00e9 \u00e0 partir de plastique Greentec de haute qualit\u00e9, le PUNCH BUTTON se caract\u00e9rise par sa robustesse et sa r\u00e9sistance \u00e0 la chaleur jusqu&#039;\u00e0 140 degr\u00e9s.<\/p>\n<p><strong>D\u00e9tails du produit:<\/strong><\/p>\n<ul>\n<li><strong>Convient pour HDS 68\u00a0:<\/strong> Le PUNCH BUTTON a \u00e9t\u00e9 con\u00e7u avec pr\u00e9cision pour s&#039;adapter parfaitement au HDS 68 et permet une manipulation en douceur.<\/li>\n<li><strong>Mat\u00e9riau : Plastique Greentec :<\/strong> Le plastique Greentec de haute qualit\u00e9 garantit non seulement la durabilit\u00e9, mais \u00e9galement le respect de l&#039;environnement.<\/li>\n<li><strong>La couleur noire:<\/strong> La couleur noire \u00e9l\u00e9gante donne \u00e0 votre HDS 68 un look moderne et attrayant.<\/li>\n<li><strong>R\u00e9sistance \u00e0 la chaleur jusqu&#039;\u00e0 140 degr\u00e9s :<\/strong> Le PUNCH BUTTON reste stable et fiable m\u00eame \u00e0 des temp\u00e9ratures \u00e9lev\u00e9es.<\/li>\n<\/ul>\n<p><strong>Caract\u00e9ristiques:<\/strong><\/p>\n<ul>\n<li><strong>Ouverture\/fermeture pratique du bouton-poussoir\u00a0:<\/strong> La conception conviviale permet d\u2019ouvrir et de fermer le bouton-poussoir sans effort.<\/li>\n<li><strong>Per\u00e7age plus agr\u00e9able de la capsule CO\u00b2 :<\/strong> La plus grande surface de contact rend le per\u00e7age de la capsule CO\u00b2 particuli\u00e8rement agr\u00e9able et efficace.<\/li>\n<li><strong>Conception sympa\u00a0:<\/strong> Le PUNCH BUTTON a \u00e9t\u00e9 con\u00e7u avec un design r\u00e9fl\u00e9chi afin qu&#039;il offre une apparence cool et r\u00e9aliste m\u00eame apr\u00e8s l&#039;installation. Le bouton rond reste cach\u00e9 et contribue \u00e0 l&#039;aspect fid\u00e8le \u00e0 l&#039;original de votre fusil de chasse.<\/li>\n<\/ul>\n<p>Optimisez votre exp\u00e9rience de d\u00e9fense \u00e0 domicile avec le PUNCH BUTTON | HDS68 | NOIR | Cal.68. Comptez sur la qualit\u00e9 et la fonctionnalit\u00e9 pour vos besoins de s\u00e9curit\u00e9.<\/p>\n<p>Cet article est l\u00e9gal en Allemagne et ne n\u00e9cessite aucune autorisation particuli\u00e8re. Les ventes s&#039;effectuent uniquement aux personnes \u00e2g\u00e9es de 18 ans et plus, avec v\u00e9rification de l&#039;\u00e2ge au moment du paiement et \u00e0 la livraison. L&#039;acheteur est tenu de respecter les dispositions l\u00e9gales concernant la possession, le transport et l&#039;utilisation. Toute utilisation de ces munitions contre des personnes ou des animaux est strictement interdite et pourra donner lieu \u00e0 des poursuites p\u00e9nales. Le vendeur n&#039;est pas responsable de toute mauvaise utilisation ou utilisation ill\u00e9gale du produit.<\/p>","protected":false},"excerpt":{"rendered":"<p>Optimisez votre fusil de chasse HDS 68 pour la d\u00e9fense de votre domicile avec le PUNCH BUTTON sp\u00e9cialement d\u00e9velopp\u00e9 en noir. Fabriqu\u00e9 \u00e0 partir de plastique Greentec \u00e9cologique et robuste, ce bouton-poussoir offre une solution innovante pour une manipulation et une efficacit\u00e9 am\u00e9lior\u00e9es.<\/p>","protected":false},"featured_media":16359,"template":"","meta":[],"product_brand":[],"product_cat":[45,106,145],"product_tag":[],"class_list":{"0":"post-9110","1":"product","2":"type-product","3":"status-publish","4":"has-post-thumbnail","6":"product_cat-kal68","7":"product_cat-hds68","8":"product_cat-zubehoer","9":"pa_passend-fuer-hds-68","11":"first","12":"instock","13":"taxable","14":"shipping-taxable","15":"purchasable","16":"product-type-variable"},"yoast_head":"<!-- This site is optimized with the Yoast SEO plugin v26.2 - https:\/\/yoast.com\/wordpress\/plugins\/seo\/ -->\n<title>PUNCH BUTTON | HDS 68 | TS 68 | SCHWARZ | Kaliber 68 | - Wolf Home Defense<\/title>\n<meta name=\"robots\" content=\"index, follow, max-snippet:-1, max-image-preview:large, max-video-preview:-1\" \/>\n<link rel=\"canonical\" href=\"https:\/\/homedefense-ammo.de\/fr\/des-produits\/bouton-de-frappe-hds-68\/\" \/>\n<meta property=\"og:locale\" content=\"fr_FR\" \/>\n<meta property=\"og:type\" content=\"article\" \/>\n<meta property=\"og:title\" content=\"PUNCH BUTTON | HDS 68 | TS 68 | SCHWARZ | Kaliber 68 | - Wolf Home Defense\" \/>\n<meta property=\"og:description\" content=\"Optimieren Sie Ihre HDS 68 Shotgun f\u00fcr Home Defense mit dem speziell entwickelten PUNCH BUTTON in Schwarz. Hergestellt aus umweltfreundlichem und robustem Kunststoff Greentec, bietet dieser Push Button eine innovative L\u00f6sung f\u00fcr verbessertes Handling und Effizienz.\" \/>\n<meta property=\"og:url\" content=\"https:\/\/homedefense-ammo.de\/fr\/des-produits\/bouton-de-frappe-hds-68\/\" \/>\n<meta property=\"og:site_name\" content=\"Wolf Home Defense\" \/>\n<meta property=\"article:modified_time\" content=\"2026-01-14T22:58:38+00:00\" \/>\n<meta property=\"og:image\" content=\"https:\/\/homedefense-ammo.de\/wp-content\/uploads\/2023\/12\/Wolf-7.jpg\" \/>\n\t<meta property=\"og:image:width\" content=\"1500\" \/>\n\t<meta property=\"og:image:height\" content=\"1500\" \/>\n\t<meta property=\"og:image:type\" content=\"image\/jpeg\" \/>\n<meta name=\"twitter:card\" content=\"summary_large_image\" \/>\n<meta name=\"twitter:label1\" content=\"Dur\u00e9e de lecture estim\u00e9e\" \/>\n\t<meta name=\"twitter:data1\" content=\"2 minutes\" \/>\n<script type=\"application\/ld+json\" class=\"yoast-schema-graph\">{\"@context\":\"https:\/\/schema.org\",\"@graph\":[{\"@type\":\"WebPage\",\"@id\":\"https:\/\/homedefense-ammo.de\/products\/punch-button-hds-68\/\",\"url\":\"https:\/\/homedefense-ammo.de\/products\/punch-button-hds-68\/\",\"name\":\"PUNCH BUTTON | HDS 68 | TS 68 | SCHWARZ | Kaliber 68 | - Wolf Home Defense\",\"isPartOf\":{\"@id\":\"https:\/\/homedefense-ammo.de\/#website\"},\"primaryImageOfPage\":{\"@id\":\"https:\/\/homedefense-ammo.de\/products\/punch-button-hds-68\/#primaryimage\"},\"image\":{\"@id\":\"https:\/\/homedefense-ammo.de\/products\/punch-button-hds-68\/#primaryimage\"},\"thumbnailUrl\":\"https:\/\/homedefense-ammo.de\/wp-content\/uploads\/2023\/12\/Wolf-7.jpg\",\"datePublished\":\"2023-12-01T10:06:00+00:00\",\"dateModified\":\"2026-01-14T22:58:38+00:00\",\"breadcrumb\":{\"@id\":\"https:\/\/homedefense-ammo.de\/products\/punch-button-hds-68\/#breadcrumb\"},\"inLanguage\":\"fr-FR\",\"potentialAction\":[{\"@type\":\"ReadAction\",\"target\":[\"https:\/\/homedefense-ammo.de\/products\/punch-button-hds-68\/\"]}]},{\"@type\":\"ImageObject\",\"inLanguage\":\"fr-FR\",\"@id\":\"https:\/\/homedefense-ammo.de\/products\/punch-button-hds-68\/#primaryimage\",\"url\":\"https:\/\/homedefense-ammo.de\/wp-content\/uploads\/2023\/12\/Wolf-7.jpg\",\"contentUrl\":\"https:\/\/homedefense-ammo.de\/wp-content\/uploads\/2023\/12\/Wolf-7.jpg\",\"width\":1500,\"height\":1500},{\"@type\":\"BreadcrumbList\",\"@id\":\"https:\/\/homedefense-ammo.de\/products\/punch-button-hds-68\/#breadcrumb\",\"itemListElement\":[{\"@type\":\"ListItem\",\"position\":1,\"name\":\"Startseite\",\"item\":\"https:\/\/homedefense-ammo.de\/\"},{\"@type\":\"ListItem\",\"position\":2,\"name\":\"Shop\",\"item\":\"https:\/\/homedefense-ammo.de\/shop\/\"},{\"@type\":\"ListItem\",\"position\":3,\"name\":\"PUNCH BUTTON | HDS 68 | TS 68 | SCHWARZ | Kaliber 68 |\"}]},{\"@type\":\"WebSite\",\"@id\":\"https:\/\/homedefense-ammo.de\/#website\",\"url\":\"https:\/\/homedefense-ammo.de\/\",\"name\":\"Wolf Home Defense\",\"description\":\"Die Nr. 1 aus Deutschland\",\"publisher\":{\"@id\":\"https:\/\/homedefense-ammo.de\/#organization\"},\"potentialAction\":[{\"@type\":\"SearchAction\",\"target\":{\"@type\":\"EntryPoint\",\"urlTemplate\":\"https:\/\/homedefense-ammo.de\/?s={search_term_string}\"},\"query-input\":{\"@type\":\"PropertyValueSpecification\",\"valueRequired\":true,\"valueName\":\"search_term_string\"}}],\"inLanguage\":\"fr-FR\"},{\"@type\":\"Organization\",\"@id\":\"https:\/\/homedefense-ammo.de\/#organization\",\"name\":\"Wolf Home Defense\",\"url\":\"https:\/\/homedefense-ammo.de\/\",\"logo\":{\"@type\":\"ImageObject\",\"inLanguage\":\"fr-FR\",\"@id\":\"https:\/\/homedefense-ammo.de\/#\/schema\/logo\/image\/\",\"url\":\"https:\/\/homedefense-ammo.de\/wp-content\/uploads\/2023\/12\/Wolf_Logo-White.png\",\"contentUrl\":\"https:\/\/homedefense-ammo.de\/wp-content\/uploads\/2023\/12\/Wolf_Logo-White.png\",\"width\":1078,\"height\":624,\"caption\":\"Wolf Home Defense\"},\"image\":{\"@id\":\"https:\/\/homedefense-ammo.de\/#\/schema\/logo\/image\/\"}}]}<\/script>\n<!-- \/ Yoast SEO plugin. -->","yoast_head_json":{"title":"BOUTON DE PERC\u00c9E | HDS 68 | TS 68 | NOIR | Calibre 68 | - Wolf Home Defense","robots":{"index":"index","follow":"follow","max-snippet":"max-snippet:-1","max-image-preview":"max-image-preview:large","max-video-preview":"max-video-preview:-1"},"canonical":"https:\/\/homedefense-ammo.de\/fr\/des-produits\/bouton-de-frappe-hds-68\/","og_locale":"fr_FR","og_type":"article","og_title":"PUNCH BUTTON | HDS 68 | TS 68 | SCHWARZ | Kaliber 68 | - Wolf Home Defense","og_description":"Optimieren Sie Ihre HDS 68 Shotgun f\u00fcr Home Defense mit dem speziell entwickelten PUNCH BUTTON in Schwarz. Hergestellt aus umweltfreundlichem und robustem Kunststoff Greentec, bietet dieser Push Button eine innovative L\u00f6sung f\u00fcr verbessertes Handling und Effizienz.","og_url":"https:\/\/homedefense-ammo.de\/fr\/des-produits\/bouton-de-frappe-hds-68\/","og_site_name":"Wolf Home Defense","article_modified_time":"2026-01-14T22:58:38+00:00","og_image":[{"width":1500,"height":1500,"url":"https:\/\/homedefense-ammo.de\/wp-content\/uploads\/2023\/12\/Wolf-7.jpg","type":"image\/jpeg"}],"twitter_card":"summary_large_image","twitter_misc":{"Dur\u00e9e de lecture estim\u00e9e":"2 minutes"},"schema":{"@context":"https:\/\/schema.org","@graph":[{"@type":"WebPage","@id":"https:\/\/homedefense-ammo.de\/products\/punch-button-hds-68\/","url":"https:\/\/homedefense-ammo.de\/products\/punch-button-hds-68\/","name":"BOUTON DE PERC\u00c9E | HDS 68 | TS 68 | NOIR | Calibre 68 | - Wolf Home Defense","isPartOf":{"@id":"https:\/\/homedefense-ammo.de\/#website"},"primaryImageOfPage":{"@id":"https:\/\/homedefense-ammo.de\/products\/punch-button-hds-68\/#primaryimage"},"image":{"@id":"https:\/\/homedefense-ammo.de\/products\/punch-button-hds-68\/#primaryimage"},"thumbnailUrl":"https:\/\/homedefense-ammo.de\/wp-content\/uploads\/2023\/12\/Wolf-7.jpg","datePublished":"2023-12-01T10:06:00+00:00","dateModified":"2026-01-14T22:58:38+00:00","breadcrumb":{"@id":"https:\/\/homedefense-ammo.de\/products\/punch-button-hds-68\/#breadcrumb"},"inLanguage":"fr-FR","potentialAction":[{"@type":"ReadAction","target":["https:\/\/homedefense-ammo.de\/products\/punch-button-hds-68\/"]}]},{"@type":"ImageObject","inLanguage":"fr-FR","@id":"https:\/\/homedefense-ammo.de\/products\/punch-button-hds-68\/#primaryimage","url":"https:\/\/homedefense-ammo.de\/wp-content\/uploads\/2023\/12\/Wolf-7.jpg","contentUrl":"https:\/\/homedefense-ammo.de\/wp-content\/uploads\/2023\/12\/Wolf-7.jpg","width":1500,"height":1500},{"@type":"BreadcrumbList","@id":"https:\/\/homedefense-ammo.de\/products\/punch-button-hds-68\/#breadcrumb","itemListElement":[{"@type":"ListItem","position":1,"name":"Startseite","item":"https:\/\/homedefense-ammo.de\/"},{"@type":"ListItem","position":2,"name":"Shop","item":"https:\/\/homedefense-ammo.de\/shop\/"},{"@type":"ListItem","position":3,"name":"PUNCH BUTTON | HDS 68 | TS 68 | SCHWARZ | Kaliber 68 |"}]},{"@type":"WebSite","@id":"https:\/\/homedefense-ammo.de\/#website","url":"https:\/\/homedefense-ammo.de\/","name":"D\u00e9fense \u00e0 domicile des loups","description":"Le num\u00e9ro 1 d&#039;Allemagne","publisher":{"@id":"https:\/\/homedefense-ammo.de\/#organization"},"potentialAction":[{"@type":"SearchAction","target":{"@type":"EntryPoint","urlTemplate":"https:\/\/homedefense-ammo.de\/?s={search_term_string}"},"query-input":{"@type":"PropertyValueSpecification","valueRequired":true,"valueName":"search_term_string"}}],"inLanguage":"fr-FR"},{"@type":"Organization","@id":"https:\/\/homedefense-ammo.de\/#organization","name":"D\u00e9fense \u00e0 domicile des loups","url":"https:\/\/homedefense-ammo.de\/","logo":{"@type":"ImageObject","inLanguage":"fr-FR","@id":"https:\/\/homedefense-ammo.de\/#\/schema\/logo\/image\/","url":"https:\/\/homedefense-ammo.de\/wp-content\/uploads\/2023\/12\/Wolf_Logo-White.png","contentUrl":"https:\/\/homedefense-ammo.de\/wp-content\/uploads\/2023\/12\/Wolf_Logo-White.png","width":1078,"height":624,"caption":"Wolf Home Defense"},"image":{"@id":"https:\/\/homedefense-ammo.de\/#\/schema\/logo\/image\/"}}]}},"_links":{"self":[{"href":"https:\/\/homedefense-ammo.de\/fr\/wp-json\/wp\/v2\/product\/9110","targetHints":{"allow":["GET"]}}],"collection":[{"href":"https:\/\/homedefense-ammo.de\/fr\/wp-json\/wp\/v2\/product"}],"about":[{"href":"https:\/\/homedefense-ammo.de\/fr\/wp-json\/wp\/v2\/types\/product"}],"wp:featuredmedia":[{"embeddable":true,"href":"https:\/\/homedefense-ammo.de\/fr\/wp-json\/wp\/v2\/media\/16359"}],"wp:attachment":[{"href":"https:\/\/homedefense-ammo.de\/fr\/wp-json\/wp\/v2\/media?parent=9110"}],"wp:term":[{"taxonomy":"product_brand","embeddable":true,"href":"https:\/\/homedefense-ammo.de\/fr\/wp-json\/wp\/v2\/product_brand?post=9110"},{"taxonomy":"product_cat","embeddable":true,"href":"https:\/\/homedefense-ammo.de\/fr\/wp-json\/wp\/v2\/product_cat?post=9110"},{"taxonomy":"product_tag","embeddable":true,"href":"https:\/\/homedefense-ammo.de\/fr\/wp-json\/wp\/v2\/product_tag?post=9110"}],"curies":[{"name":"wp","href":"https:\/\/api.w.org\/{rel}","templated":true}]}}