{"id":9109,"date":"2023-12-01T12:06:00","date_gmt":"2023-12-01T10:06:00","guid":{"rendered":"https:\/\/wolf-homedefense-1973a03509d942429e87560d7637d535.tenants.eu1.wpcs.io\/?post_type=product&#038;p=9109"},"modified":"2025-09-22T15:24:53","modified_gmt":"2025-09-22T13:24:53","slug":"frein-de-bouche-hdr-50-hdr50","status":"publish","type":"product","link":"https:\/\/homedefense-ammo.de\/fr\/des-produits\/frein-de-bouche-hdr-50-hdr50\/","title":{"rendered":"Frein incendie HDR 50 | HDR50 | Calibre 50 | Marqueur de paintball Plug &amp; Play"},"content":{"rendered":"<p><strong>Frein de bouche HDR50 Cal. 0,50 Calibre 50 Plug &amp; Play<\/strong><\/p>\n<p>Faites l&#039;exp\u00e9rience d&#039;un contr\u00f4le et d&#039;une pr\u00e9cision am\u00e9lior\u00e9s avec notre frein flash HDR50 de calibre 50. La conception plug and play permet une installation facile sans avoir besoin d&#039;outils ou de r\u00e9glages suppl\u00e9mentaires. Le frein de bouche glisse sans effort sur le rail existant, offrant un ajustement serr\u00e9 pour des performances fiables.<\/p>\n<p><strong>D\u00e9tails du produit:<\/strong><\/p>\n<ul>\n<li><strong>Calibre 50 Plug &amp; Play\u00a0:<\/strong> Le frein flash de bouche est sp\u00e9cialement d\u00e9velopp\u00e9 pour le calibre 50 HDR50 et offre une solution plug &amp; play pour une utilisation simple.<\/li>\n<li><strong>Montage facile sans outils :<\/strong> Aucune installation compliqu\u00e9e ou outil suppl\u00e9mentaire requis. Le frein de bouche se glisse facilement sur le rail existant.<\/li>\n<li><strong>Ajustement ferme garanti\u00a0:<\/strong> Le frein de bouche s&#039;ajuste solidement et \u00e9troitement pour garantir des performances fiables et un contr\u00f4le am\u00e9lior\u00e9 pendant l&#039;utilisation.<\/li>\n<\/ul>\n<p>Optimisez votre HDR50 avec notre frein de bouche et b\u00e9n\u00e9ficiez de performances de prise de vue am\u00e9lior\u00e9es. La conception plug and play facilite l&#039;installation et vous pouvez commencer \u00e0 en r\u00e9colter les b\u00e9n\u00e9fices imm\u00e9diatement.<\/p>\n<p>Cet article est l\u00e9gal en Allemagne et ne n\u00e9cessite aucune autorisation particuli\u00e8re. Les ventes s&#039;effectuent uniquement aux personnes \u00e2g\u00e9es de 18 ans et plus, avec v\u00e9rification de l&#039;\u00e2ge au moment du paiement et \u00e0 la livraison. L&#039;acheteur est tenu de respecter les dispositions l\u00e9gales concernant la possession, le transport et l&#039;utilisation. Toute utilisation de ces munitions contre des personnes ou des animaux est strictement interdite et pourra donner lieu \u00e0 des poursuites p\u00e9nales. Le vendeur n&#039;est pas responsable de toute mauvaise utilisation ou utilisation ill\u00e9gale du produit.<\/p>","protected":false},"excerpt":{"rendered":"<p>Augmentez le contr\u00f4le et la pr\u00e9cision de votre revolver HDR50 avec notre frein de bouche sp\u00e9cialement d\u00e9velopp\u00e9 pour le calibre 50. Gr\u00e2ce \u00e0 la conception plug &amp; play conviviale, une installation facile et sans outil est possible.<\/p>","protected":false},"featured_media":16349,"template":"","meta":[],"product_brand":[],"product_cat":[145,96,103],"product_tag":[25,26,27,28,29,30,20,31,21,34,22,37,23,24],"class_list":{"0":"post-9109","1":"product","2":"type-product","3":"status-publish","4":"has-post-thumbnail","6":"product_cat-zubehoer","7":"product_cat-kal50","8":"product_cat-hdr50","9":"product_tag-hdr-50","10":"product_tag-heimverteidigung","11":"product_tag-kaliber-50","12":"product_tag-munition","13":"product_tag-ohne-waffenschein","14":"product_tag-prepper","15":"product_tag-ammunation","16":"product_tag-selbstverteidigung","17":"product_tag-cal-50","18":"product_tag-home-defense","19":"product_tag-co2","20":"product_tag-hds","21":"product_tag-freie-waffen","22":"product_tag-hdr","23":"pa_passend-fuer-hdr-50","25":"first","26":"instock","27":"taxable","28":"shipping-taxable","29":"purchasable","30":"product-type-simple"},"yoast_head":"<!-- This site is optimized with the Yoast SEO plugin v26.2 - https:\/\/yoast.com\/wordpress\/plugins\/seo\/ -->\n<title>HDR 50 Feuerbremse | HDR50 | Kaliber 50 | Plug &amp; Play Paintball Markierer - Wolf Home Defense<\/title>\n<meta name=\"robots\" content=\"index, follow, max-snippet:-1, max-image-preview:large, max-video-preview:-1\" \/>\n<link rel=\"canonical\" href=\"https:\/\/homedefense-ammo.de\/fr\/des-produits\/frein-de-bouche-hdr-50-hdr50\/\" \/>\n<meta property=\"og:locale\" content=\"fr_FR\" \/>\n<meta property=\"og:type\" content=\"article\" \/>\n<meta property=\"og:title\" content=\"HDR 50 Feuerbremse | HDR50 | Kaliber 50 | Plug &amp; Play Paintball Markierer - Wolf Home Defense\" \/>\n<meta property=\"og:description\" content=\"Steigern Sie die Kontrolle und Pr\u00e4zision Ihres HDR50 Revolvers mit unserer speziell entwickelten M\u00fcndungsfeuerbremse f\u00fcr Kaliber 50. Dank des benutzerfreundlichen Plug &amp; Play-Designs ist eine einfache und werkzeuglose Montage m\u00f6glich.\" \/>\n<meta property=\"og:url\" content=\"https:\/\/homedefense-ammo.de\/fr\/des-produits\/frein-de-bouche-hdr-50-hdr50\/\" \/>\n<meta property=\"og:site_name\" content=\"Wolf Home Defense\" \/>\n<meta property=\"article:modified_time\" content=\"2025-09-22T13:24:53+00:00\" \/>\n<meta property=\"og:image\" content=\"https:\/\/homedefense-ammo.de\/wp-content\/uploads\/2023\/12\/Wolf-39.jpg\" \/>\n\t<meta property=\"og:image:width\" content=\"1500\" \/>\n\t<meta property=\"og:image:height\" content=\"1500\" \/>\n\t<meta property=\"og:image:type\" content=\"image\/jpeg\" \/>\n<meta name=\"twitter:card\" content=\"summary_large_image\" \/>\n<meta name=\"twitter:label1\" content=\"Dur\u00e9e de lecture estim\u00e9e\" \/>\n\t<meta name=\"twitter:data1\" content=\"1 minute\" \/>\n<script type=\"application\/ld+json\" class=\"yoast-schema-graph\">{\"@context\":\"https:\/\/schema.org\",\"@graph\":[{\"@type\":\"WebPage\",\"@id\":\"https:\/\/homedefense-ammo.de\/products\/hdr-50-mundungsfeuerbremse-hdr50\/\",\"url\":\"https:\/\/homedefense-ammo.de\/products\/hdr-50-mundungsfeuerbremse-hdr50\/\",\"name\":\"HDR 50 Feuerbremse | HDR50 | Kaliber 50 | Plug &amp; Play Paintball Markierer - Wolf Home Defense\",\"isPartOf\":{\"@id\":\"https:\/\/homedefense-ammo.de\/#website\"},\"primaryImageOfPage\":{\"@id\":\"https:\/\/homedefense-ammo.de\/products\/hdr-50-mundungsfeuerbremse-hdr50\/#primaryimage\"},\"image\":{\"@id\":\"https:\/\/homedefense-ammo.de\/products\/hdr-50-mundungsfeuerbremse-hdr50\/#primaryimage\"},\"thumbnailUrl\":\"https:\/\/homedefense-ammo.de\/wp-content\/uploads\/2023\/12\/Wolf-39.jpg\",\"datePublished\":\"2023-12-01T10:06:00+00:00\",\"dateModified\":\"2025-09-22T13:24:53+00:00\",\"breadcrumb\":{\"@id\":\"https:\/\/homedefense-ammo.de\/products\/hdr-50-mundungsfeuerbremse-hdr50\/#breadcrumb\"},\"inLanguage\":\"fr-FR\",\"potentialAction\":[{\"@type\":\"ReadAction\",\"target\":[\"https:\/\/homedefense-ammo.de\/products\/hdr-50-mundungsfeuerbremse-hdr50\/\"]}]},{\"@type\":\"ImageObject\",\"inLanguage\":\"fr-FR\",\"@id\":\"https:\/\/homedefense-ammo.de\/products\/hdr-50-mundungsfeuerbremse-hdr50\/#primaryimage\",\"url\":\"https:\/\/homedefense-ammo.de\/wp-content\/uploads\/2023\/12\/Wolf-39.jpg\",\"contentUrl\":\"https:\/\/homedefense-ammo.de\/wp-content\/uploads\/2023\/12\/Wolf-39.jpg\",\"width\":1500,\"height\":1500},{\"@type\":\"BreadcrumbList\",\"@id\":\"https:\/\/homedefense-ammo.de\/products\/hdr-50-mundungsfeuerbremse-hdr50\/#breadcrumb\",\"itemListElement\":[{\"@type\":\"ListItem\",\"position\":1,\"name\":\"Startseite\",\"item\":\"https:\/\/homedefense-ammo.de\/\"},{\"@type\":\"ListItem\",\"position\":2,\"name\":\"Shop\",\"item\":\"https:\/\/homedefense-ammo.de\/shop\/\"},{\"@type\":\"ListItem\",\"position\":3,\"name\":\"HDR 50 Feuerbremse | HDR50 | Kaliber 50 | Plug &amp; Play Paintball Markierer\"}]},{\"@type\":\"WebSite\",\"@id\":\"https:\/\/homedefense-ammo.de\/#website\",\"url\":\"https:\/\/homedefense-ammo.de\/\",\"name\":\"Wolf Home Defense\",\"description\":\"Die Nr. 1 aus Deutschland\",\"publisher\":{\"@id\":\"https:\/\/homedefense-ammo.de\/#organization\"},\"potentialAction\":[{\"@type\":\"SearchAction\",\"target\":{\"@type\":\"EntryPoint\",\"urlTemplate\":\"https:\/\/homedefense-ammo.de\/?s={search_term_string}\"},\"query-input\":{\"@type\":\"PropertyValueSpecification\",\"valueRequired\":true,\"valueName\":\"search_term_string\"}}],\"inLanguage\":\"fr-FR\"},{\"@type\":\"Organization\",\"@id\":\"https:\/\/homedefense-ammo.de\/#organization\",\"name\":\"Wolf Home Defense\",\"url\":\"https:\/\/homedefense-ammo.de\/\",\"logo\":{\"@type\":\"ImageObject\",\"inLanguage\":\"fr-FR\",\"@id\":\"https:\/\/homedefense-ammo.de\/#\/schema\/logo\/image\/\",\"url\":\"https:\/\/homedefense-ammo.de\/wp-content\/uploads\/2023\/12\/Wolf_Logo-White.png\",\"contentUrl\":\"https:\/\/homedefense-ammo.de\/wp-content\/uploads\/2023\/12\/Wolf_Logo-White.png\",\"width\":1078,\"height\":624,\"caption\":\"Wolf Home Defense\"},\"image\":{\"@id\":\"https:\/\/homedefense-ammo.de\/#\/schema\/logo\/image\/\"}}]}<\/script>\n<!-- \/ Yoast SEO plugin. -->","yoast_head_json":{"title":"Frein \u00e0 incendie HDR 50 | HDR50 | Calibre 50 | Marqueur de paintball pr\u00eat \u00e0 l&#039;emploi - Wolf Home Defense","robots":{"index":"index","follow":"follow","max-snippet":"max-snippet:-1","max-image-preview":"max-image-preview:large","max-video-preview":"max-video-preview:-1"},"canonical":"https:\/\/homedefense-ammo.de\/fr\/des-produits\/frein-de-bouche-hdr-50-hdr50\/","og_locale":"fr_FR","og_type":"article","og_title":"HDR 50 Feuerbremse | HDR50 | Kaliber 50 | Plug &amp; Play Paintball Markierer - Wolf Home Defense","og_description":"Steigern Sie die Kontrolle und Pr\u00e4zision Ihres HDR50 Revolvers mit unserer speziell entwickelten M\u00fcndungsfeuerbremse f\u00fcr Kaliber 50. Dank des benutzerfreundlichen Plug &amp; Play-Designs ist eine einfache und werkzeuglose Montage m\u00f6glich.","og_url":"https:\/\/homedefense-ammo.de\/fr\/des-produits\/frein-de-bouche-hdr-50-hdr50\/","og_site_name":"Wolf Home Defense","article_modified_time":"2025-09-22T13:24:53+00:00","og_image":[{"width":1500,"height":1500,"url":"https:\/\/homedefense-ammo.de\/wp-content\/uploads\/2023\/12\/Wolf-39.jpg","type":"image\/jpeg"}],"twitter_card":"summary_large_image","twitter_misc":{"Dur\u00e9e de lecture estim\u00e9e":"1 minute"},"schema":{"@context":"https:\/\/schema.org","@graph":[{"@type":"WebPage","@id":"https:\/\/homedefense-ammo.de\/products\/hdr-50-mundungsfeuerbremse-hdr50\/","url":"https:\/\/homedefense-ammo.de\/products\/hdr-50-mundungsfeuerbremse-hdr50\/","name":"Frein \u00e0 incendie HDR 50 | HDR50 | Calibre 50 | Marqueur de paintball pr\u00eat \u00e0 l&#039;emploi - Wolf Home Defense","isPartOf":{"@id":"https:\/\/homedefense-ammo.de\/#website"},"primaryImageOfPage":{"@id":"https:\/\/homedefense-ammo.de\/products\/hdr-50-mundungsfeuerbremse-hdr50\/#primaryimage"},"image":{"@id":"https:\/\/homedefense-ammo.de\/products\/hdr-50-mundungsfeuerbremse-hdr50\/#primaryimage"},"thumbnailUrl":"https:\/\/homedefense-ammo.de\/wp-content\/uploads\/2023\/12\/Wolf-39.jpg","datePublished":"2023-12-01T10:06:00+00:00","dateModified":"2025-09-22T13:24:53+00:00","breadcrumb":{"@id":"https:\/\/homedefense-ammo.de\/products\/hdr-50-mundungsfeuerbremse-hdr50\/#breadcrumb"},"inLanguage":"fr-FR","potentialAction":[{"@type":"ReadAction","target":["https:\/\/homedefense-ammo.de\/products\/hdr-50-mundungsfeuerbremse-hdr50\/"]}]},{"@type":"ImageObject","inLanguage":"fr-FR","@id":"https:\/\/homedefense-ammo.de\/products\/hdr-50-mundungsfeuerbremse-hdr50\/#primaryimage","url":"https:\/\/homedefense-ammo.de\/wp-content\/uploads\/2023\/12\/Wolf-39.jpg","contentUrl":"https:\/\/homedefense-ammo.de\/wp-content\/uploads\/2023\/12\/Wolf-39.jpg","width":1500,"height":1500},{"@type":"BreadcrumbList","@id":"https:\/\/homedefense-ammo.de\/products\/hdr-50-mundungsfeuerbremse-hdr50\/#breadcrumb","itemListElement":[{"@type":"ListItem","position":1,"name":"Startseite","item":"https:\/\/homedefense-ammo.de\/"},{"@type":"ListItem","position":2,"name":"Shop","item":"https:\/\/homedefense-ammo.de\/shop\/"},{"@type":"ListItem","position":3,"name":"HDR 50 Feuerbremse | HDR50 | Kaliber 50 | Plug &amp; Play Paintball Markierer"}]},{"@type":"WebSite","@id":"https:\/\/homedefense-ammo.de\/#website","url":"https:\/\/homedefense-ammo.de\/","name":"D\u00e9fense \u00e0 domicile des loups","description":"Le num\u00e9ro 1 d&#039;Allemagne","publisher":{"@id":"https:\/\/homedefense-ammo.de\/#organization"},"potentialAction":[{"@type":"SearchAction","target":{"@type":"EntryPoint","urlTemplate":"https:\/\/homedefense-ammo.de\/?s={search_term_string}"},"query-input":{"@type":"PropertyValueSpecification","valueRequired":true,"valueName":"search_term_string"}}],"inLanguage":"fr-FR"},{"@type":"Organization","@id":"https:\/\/homedefense-ammo.de\/#organization","name":"D\u00e9fense \u00e0 domicile des loups","url":"https:\/\/homedefense-ammo.de\/","logo":{"@type":"ImageObject","inLanguage":"fr-FR","@id":"https:\/\/homedefense-ammo.de\/#\/schema\/logo\/image\/","url":"https:\/\/homedefense-ammo.de\/wp-content\/uploads\/2023\/12\/Wolf_Logo-White.png","contentUrl":"https:\/\/homedefense-ammo.de\/wp-content\/uploads\/2023\/12\/Wolf_Logo-White.png","width":1078,"height":624,"caption":"Wolf Home Defense"},"image":{"@id":"https:\/\/homedefense-ammo.de\/#\/schema\/logo\/image\/"}}]}},"_links":{"self":[{"href":"https:\/\/homedefense-ammo.de\/fr\/wp-json\/wp\/v2\/product\/9109","targetHints":{"allow":["GET"]}}],"collection":[{"href":"https:\/\/homedefense-ammo.de\/fr\/wp-json\/wp\/v2\/product"}],"about":[{"href":"https:\/\/homedefense-ammo.de\/fr\/wp-json\/wp\/v2\/types\/product"}],"wp:featuredmedia":[{"embeddable":true,"href":"https:\/\/homedefense-ammo.de\/fr\/wp-json\/wp\/v2\/media\/16349"}],"wp:attachment":[{"href":"https:\/\/homedefense-ammo.de\/fr\/wp-json\/wp\/v2\/media?parent=9109"}],"wp:term":[{"taxonomy":"product_brand","embeddable":true,"href":"https:\/\/homedefense-ammo.de\/fr\/wp-json\/wp\/v2\/product_brand?post=9109"},{"taxonomy":"product_cat","embeddable":true,"href":"https:\/\/homedefense-ammo.de\/fr\/wp-json\/wp\/v2\/product_cat?post=9109"},{"taxonomy":"product_tag","embeddable":true,"href":"https:\/\/homedefense-ammo.de\/fr\/wp-json\/wp\/v2\/product_tag?post=9109"}],"curies":[{"name":"wp","href":"https:\/\/api.w.org\/{rel}","templated":true}]}}