{"id":17111,"date":"2024-12-09T17:09:00","date_gmt":"2024-12-09T15:09:00","guid":{"rendered":"https:\/\/homedefense-ammo.de\/products\/diabolomaker-coming-soon\/"},"modified":"2026-01-31T13:58:05","modified_gmt":"2026-01-31T11:58:05","slug":"fabricant-de-diabolos-a-venir","status":"publish","type":"product","link":"https:\/\/homedefense-ammo.de\/fr\/des-produits\/fabricant-de-diabolos-a-venir\/","title":{"rendered":"Diabolomaker HDR 50 Slugmaker Calibre 50 DIY Moule 12 compartiments"},"content":{"rendered":"<p><strong>La pr\u00e9cision \u00e0 la perfection - Le Diabolo Maker en aluminium haute r\u00e9sistance<\/strong><\/p>\n<p>D\u00e9couvrez le prochain niveau de fabrication de balles gr\u00e2ce \u00e0 notre haute qualit\u00e9 <strong>Fabricant de diabolos<\/strong>, fabriqu\u00e9 en aluminium \u00e0 haute r\u00e9sistance sur les tours CNC les plus modernes. Cet outil vous permet de <strong>Diabolos pr\u00e9cis et puissants<\/strong> pour les tambours d&#039;origine <strong>HDR50<\/strong> ou <strong>TR50<\/strong> pour produire une pr\u00e9cision que vous pouvez ressentir.<\/p>\n<p><strong>Vos avantages en un coup d&#039;\u0153il :<\/strong><\/p>\n<p>\u2022<strong>Ajustement parfait\u00a0:<\/strong> Chaque balle a le diam\u00e8tre id\u00e9al et est parfaitement adapt\u00e9e aux tambours de votre HDR50 ou TR50.<\/p>\n<p>\u2022<strong>Pr\u00e9cision la plus \u00e9lev\u00e9e\u00a0:<\/strong> La surface de chaque cavit\u00e9 est polie \u00e0 la main pour garantir une qualit\u00e9 irr\u00e9prochable et un ajustement haut de gamme.<\/p>\n<p>\u2022<strong>Munitions polyvalentes :<\/strong> Choisissez entre des balles ou des pointes en acier comme insert m\u00e9tallique et adaptez vos balles individuellement \u00e0 vos besoins.<\/p>\n<p>\u2022<strong>Facile \u00e0 produire :<\/strong> Vous pouvez fabriquer vos propres balles de haute qualit\u00e9 rapidement et facilement \u00e0 l&#039;aide d&#039;un pistolet \u00e0 colle chaude standard.<\/p>\n<p>Gr\u00e2ce \u00e0 la finition de haute qualit\u00e9 et \u00e0 l&#039;extr\u00eame pr\u00e9cision d&#039;ajustement, chaque prise de vue devient une exp\u00e9rience impressionnante. Le Diabolo Maker est le choix id\u00e9al pour les tireurs qui souhaitent ne faire aucun compromis et tirer le meilleur parti de leur \u00e9quipement.<\/p>\n<p><strong>Fiez-vous \u00e0 la qualit\u00e9 et \u00e0 la pr\u00e9cision \u2013 commandez maintenant et fabriquez vos propres munitions !<\/strong><\/p>","protected":false},"excerpt":{"rendered":"<p>La pr\u00e9cision \u00e0 la perfection - Le Diabolo Maker en aluminium \u00e0 haute r\u00e9sistance D\u00e9couvrez le niveau sup\u00e9rieur de fabrication de balles avec nos produits de haute qualit\u00e9<\/p>","protected":false},"featured_media":17112,"template":"","meta":[],"product_brand":[],"product_cat":[96,103,104],"product_tag":[],"class_list":{"0":"post-17111","1":"product","2":"type-product","3":"status-publish","4":"has-post-thumbnail","6":"product_cat-kal50","7":"product_cat-hdr50","8":"product_cat-aea_challenger_bullpup","10":"first","11":"instock","12":"sale","13":"taxable","14":"shipping-taxable","15":"purchasable","16":"product-type-simple"},"yoast_head":"<!-- This site is optimized with the Yoast SEO plugin v26.2 - https:\/\/yoast.com\/wordpress\/plugins\/seo\/ -->\n<title>Diabolomaker HDR 50 Slugmaker Kaliber 50 DIY 12 Fach Form - Wolf Home Defense<\/title>\n<meta name=\"robots\" content=\"index, follow, max-snippet:-1, max-image-preview:large, max-video-preview:-1\" \/>\n<link rel=\"canonical\" href=\"https:\/\/homedefense-ammo.de\/fr\/des-produits\/fabricant-de-diabolos-a-venir\/\" \/>\n<meta property=\"og:locale\" content=\"fr_FR\" \/>\n<meta property=\"og:type\" content=\"article\" \/>\n<meta property=\"og:title\" content=\"Diabolomaker HDR 50 Slugmaker Kaliber 50 DIY 12 Fach Form - Wolf Home Defense\" \/>\n<meta property=\"og:description\" content=\"Pr\u00e4zision in Perfektion \u2013 Der Diabolo Maker aus hochfestem Aluminium Erleben Sie die n\u00e4chste Stufe der Geschossherstellung mit unserem hochwertigen\" \/>\n<meta property=\"og:url\" content=\"https:\/\/homedefense-ammo.de\/fr\/des-produits\/fabricant-de-diabolos-a-venir\/\" \/>\n<meta property=\"og:site_name\" content=\"Wolf Home Defense\" \/>\n<meta property=\"article:modified_time\" content=\"2026-01-31T11:58:05+00:00\" \/>\n<meta property=\"og:image\" content=\"https:\/\/homedefense-ammo.de\/wp-content\/uploads\/2024\/12\/wolfs-diabolomaker.png\" \/>\n\t<meta property=\"og:image:width\" content=\"1410\" \/>\n\t<meta property=\"og:image:height\" content=\"2250\" \/>\n\t<meta property=\"og:image:type\" content=\"image\/png\" \/>\n<meta name=\"twitter:card\" content=\"summary_large_image\" \/>\n<meta name=\"twitter:label1\" content=\"Dur\u00e9e de lecture estim\u00e9e\" \/>\n\t<meta name=\"twitter:data1\" content=\"1 minute\" \/>\n<script type=\"application\/ld+json\" class=\"yoast-schema-graph\">{\"@context\":\"https:\/\/schema.org\",\"@graph\":[{\"@type\":\"WebPage\",\"@id\":\"https:\/\/homedefense-ammo.de\/products\/diabolomaker-coming-soon\/\",\"url\":\"https:\/\/homedefense-ammo.de\/products\/diabolomaker-coming-soon\/\",\"name\":\"Diabolomaker HDR 50 Slugmaker Kaliber 50 DIY 12 Fach Form - Wolf Home Defense\",\"isPartOf\":{\"@id\":\"https:\/\/homedefense-ammo.de\/#website\"},\"primaryImageOfPage\":{\"@id\":\"https:\/\/homedefense-ammo.de\/products\/diabolomaker-coming-soon\/#primaryimage\"},\"image\":{\"@id\":\"https:\/\/homedefense-ammo.de\/products\/diabolomaker-coming-soon\/#primaryimage\"},\"thumbnailUrl\":\"https:\/\/homedefense-ammo.de\/wp-content\/uploads\/2024\/12\/wolfs-diabolomaker.png\",\"datePublished\":\"2024-12-09T15:09:00+00:00\",\"dateModified\":\"2026-01-31T11:58:05+00:00\",\"breadcrumb\":{\"@id\":\"https:\/\/homedefense-ammo.de\/products\/diabolomaker-coming-soon\/#breadcrumb\"},\"inLanguage\":\"fr-FR\",\"potentialAction\":[{\"@type\":\"ReadAction\",\"target\":[\"https:\/\/homedefense-ammo.de\/products\/diabolomaker-coming-soon\/\"]}]},{\"@type\":\"ImageObject\",\"inLanguage\":\"fr-FR\",\"@id\":\"https:\/\/homedefense-ammo.de\/products\/diabolomaker-coming-soon\/#primaryimage\",\"url\":\"https:\/\/homedefense-ammo.de\/wp-content\/uploads\/2024\/12\/wolfs-diabolomaker.png\",\"contentUrl\":\"https:\/\/homedefense-ammo.de\/wp-content\/uploads\/2024\/12\/wolfs-diabolomaker.png\",\"width\":1410,\"height\":2250},{\"@type\":\"BreadcrumbList\",\"@id\":\"https:\/\/homedefense-ammo.de\/products\/diabolomaker-coming-soon\/#breadcrumb\",\"itemListElement\":[{\"@type\":\"ListItem\",\"position\":1,\"name\":\"Startseite\",\"item\":\"https:\/\/homedefense-ammo.de\/\"},{\"@type\":\"ListItem\",\"position\":2,\"name\":\"Shop\",\"item\":\"https:\/\/homedefense-ammo.de\/shop\/\"},{\"@type\":\"ListItem\",\"position\":3,\"name\":\"Diabolomaker HDR 50 Slugmaker Kaliber 50 DIY 12 Fach Form\"}]},{\"@type\":\"WebSite\",\"@id\":\"https:\/\/homedefense-ammo.de\/#website\",\"url\":\"https:\/\/homedefense-ammo.de\/\",\"name\":\"Wolf Home Defense\",\"description\":\"Die Nr. 1 aus Deutschland\",\"publisher\":{\"@id\":\"https:\/\/homedefense-ammo.de\/#organization\"},\"potentialAction\":[{\"@type\":\"SearchAction\",\"target\":{\"@type\":\"EntryPoint\",\"urlTemplate\":\"https:\/\/homedefense-ammo.de\/?s={search_term_string}\"},\"query-input\":{\"@type\":\"PropertyValueSpecification\",\"valueRequired\":true,\"valueName\":\"search_term_string\"}}],\"inLanguage\":\"fr-FR\"},{\"@type\":\"Organization\",\"@id\":\"https:\/\/homedefense-ammo.de\/#organization\",\"name\":\"Wolf Home Defense\",\"url\":\"https:\/\/homedefense-ammo.de\/\",\"logo\":{\"@type\":\"ImageObject\",\"inLanguage\":\"fr-FR\",\"@id\":\"https:\/\/homedefense-ammo.de\/#\/schema\/logo\/image\/\",\"url\":\"https:\/\/homedefense-ammo.de\/wp-content\/uploads\/2023\/12\/Wolf_Logo-White.png\",\"contentUrl\":\"https:\/\/homedefense-ammo.de\/wp-content\/uploads\/2023\/12\/Wolf_Logo-White.png\",\"width\":1078,\"height\":624,\"caption\":\"Wolf Home Defense\"},\"image\":{\"@id\":\"https:\/\/homedefense-ammo.de\/#\/schema\/logo\/image\/\"}}]}<\/script>\n<!-- \/ Yoast SEO plugin. -->","yoast_head_json":{"title":"Diabolomaker HDR 50 Slugmaker Calibre 50 DIY 12 compartiments - Wolf Home Defense","robots":{"index":"index","follow":"follow","max-snippet":"max-snippet:-1","max-image-preview":"max-image-preview:large","max-video-preview":"max-video-preview:-1"},"canonical":"https:\/\/homedefense-ammo.de\/fr\/des-produits\/fabricant-de-diabolos-a-venir\/","og_locale":"fr_FR","og_type":"article","og_title":"Diabolomaker HDR 50 Slugmaker Kaliber 50 DIY 12 Fach Form - Wolf Home Defense","og_description":"Pr\u00e4zision in Perfektion \u2013 Der Diabolo Maker aus hochfestem Aluminium Erleben Sie die n\u00e4chste Stufe der Geschossherstellung mit unserem hochwertigen","og_url":"https:\/\/homedefense-ammo.de\/fr\/des-produits\/fabricant-de-diabolos-a-venir\/","og_site_name":"Wolf Home Defense","article_modified_time":"2026-01-31T11:58:05+00:00","og_image":[{"width":1410,"height":2250,"url":"https:\/\/homedefense-ammo.de\/wp-content\/uploads\/2024\/12\/wolfs-diabolomaker.png","type":"image\/png"}],"twitter_card":"summary_large_image","twitter_misc":{"Dur\u00e9e de lecture estim\u00e9e":"1 minute"},"schema":{"@context":"https:\/\/schema.org","@graph":[{"@type":"WebPage","@id":"https:\/\/homedefense-ammo.de\/products\/diabolomaker-coming-soon\/","url":"https:\/\/homedefense-ammo.de\/products\/diabolomaker-coming-soon\/","name":"Diabolomaker HDR 50 Slugmaker Calibre 50 DIY 12 compartiments - Wolf Home Defense","isPartOf":{"@id":"https:\/\/homedefense-ammo.de\/#website"},"primaryImageOfPage":{"@id":"https:\/\/homedefense-ammo.de\/products\/diabolomaker-coming-soon\/#primaryimage"},"image":{"@id":"https:\/\/homedefense-ammo.de\/products\/diabolomaker-coming-soon\/#primaryimage"},"thumbnailUrl":"https:\/\/homedefense-ammo.de\/wp-content\/uploads\/2024\/12\/wolfs-diabolomaker.png","datePublished":"2024-12-09T15:09:00+00:00","dateModified":"2026-01-31T11:58:05+00:00","breadcrumb":{"@id":"https:\/\/homedefense-ammo.de\/products\/diabolomaker-coming-soon\/#breadcrumb"},"inLanguage":"fr-FR","potentialAction":[{"@type":"ReadAction","target":["https:\/\/homedefense-ammo.de\/products\/diabolomaker-coming-soon\/"]}]},{"@type":"ImageObject","inLanguage":"fr-FR","@id":"https:\/\/homedefense-ammo.de\/products\/diabolomaker-coming-soon\/#primaryimage","url":"https:\/\/homedefense-ammo.de\/wp-content\/uploads\/2024\/12\/wolfs-diabolomaker.png","contentUrl":"https:\/\/homedefense-ammo.de\/wp-content\/uploads\/2024\/12\/wolfs-diabolomaker.png","width":1410,"height":2250},{"@type":"BreadcrumbList","@id":"https:\/\/homedefense-ammo.de\/products\/diabolomaker-coming-soon\/#breadcrumb","itemListElement":[{"@type":"ListItem","position":1,"name":"Startseite","item":"https:\/\/homedefense-ammo.de\/"},{"@type":"ListItem","position":2,"name":"Shop","item":"https:\/\/homedefense-ammo.de\/shop\/"},{"@type":"ListItem","position":3,"name":"Diabolomaker HDR 50 Slugmaker Kaliber 50 DIY 12 Fach Form"}]},{"@type":"WebSite","@id":"https:\/\/homedefense-ammo.de\/#website","url":"https:\/\/homedefense-ammo.de\/","name":"D\u00e9fense \u00e0 domicile des loups","description":"Le num\u00e9ro 1 d&#039;Allemagne","publisher":{"@id":"https:\/\/homedefense-ammo.de\/#organization"},"potentialAction":[{"@type":"SearchAction","target":{"@type":"EntryPoint","urlTemplate":"https:\/\/homedefense-ammo.de\/?s={search_term_string}"},"query-input":{"@type":"PropertyValueSpecification","valueRequired":true,"valueName":"search_term_string"}}],"inLanguage":"fr-FR"},{"@type":"Organization","@id":"https:\/\/homedefense-ammo.de\/#organization","name":"D\u00e9fense \u00e0 domicile des loups","url":"https:\/\/homedefense-ammo.de\/","logo":{"@type":"ImageObject","inLanguage":"fr-FR","@id":"https:\/\/homedefense-ammo.de\/#\/schema\/logo\/image\/","url":"https:\/\/homedefense-ammo.de\/wp-content\/uploads\/2023\/12\/Wolf_Logo-White.png","contentUrl":"https:\/\/homedefense-ammo.de\/wp-content\/uploads\/2023\/12\/Wolf_Logo-White.png","width":1078,"height":624,"caption":"Wolf Home Defense"},"image":{"@id":"https:\/\/homedefense-ammo.de\/#\/schema\/logo\/image\/"}}]}},"_links":{"self":[{"href":"https:\/\/homedefense-ammo.de\/fr\/wp-json\/wp\/v2\/product\/17111","targetHints":{"allow":["GET"]}}],"collection":[{"href":"https:\/\/homedefense-ammo.de\/fr\/wp-json\/wp\/v2\/product"}],"about":[{"href":"https:\/\/homedefense-ammo.de\/fr\/wp-json\/wp\/v2\/types\/product"}],"wp:featuredmedia":[{"embeddable":true,"href":"https:\/\/homedefense-ammo.de\/fr\/wp-json\/wp\/v2\/media\/17112"}],"wp:attachment":[{"href":"https:\/\/homedefense-ammo.de\/fr\/wp-json\/wp\/v2\/media?parent=17111"}],"wp:term":[{"taxonomy":"product_brand","embeddable":true,"href":"https:\/\/homedefense-ammo.de\/fr\/wp-json\/wp\/v2\/product_brand?post=17111"},{"taxonomy":"product_cat","embeddable":true,"href":"https:\/\/homedefense-ammo.de\/fr\/wp-json\/wp\/v2\/product_cat?post=17111"},{"taxonomy":"product_tag","embeddable":true,"href":"https:\/\/homedefense-ammo.de\/fr\/wp-json\/wp\/v2\/product_tag?post=17111"}],"curies":[{"name":"wp","href":"https:\/\/api.w.org\/{rel}","templated":true}]}}