{"id":16976,"date":"2024-11-20T00:39:00","date_gmt":"2024-11-19T22:39:00","guid":{"rendered":"https:\/\/homedefense-ammo.de\/products\/killer-wolf-9mm-kaliber-35\/"},"modified":"2026-03-06T00:15:56","modified_gmt":"2026-03-05T22:15:56","slug":"loup-tueur-9mm-calibre-35","status":"publish","type":"product","link":"https:\/\/homedefense-ammo.de\/fr\/des-produits\/loup-tueur-9mm-calibre-35\/","title":{"rendered":"25x | Marqueur de billes Wolf Calibre 9 mm 35"},"content":{"rendered":"<p>Convient au HP Max et autres carabines \u00e0 air comprim\u00e9 d&#039;un calibre de 9 mm.<\/p>\n<p>Faites l&#039;exp\u00e9rience d&#039;une pr\u00e9cision au plus haut niveau avec nos projectiles exclusifs pour carabine \u00e0 air comprim\u00e9. Fabriqu\u00e9s en aluminium \u00e0 haute r\u00e9sistance et produits sur des tours CNC de pointe, nos projectiles garantissent la plus haute pr\u00e9cision dimensionnelle et qualit\u00e9. Avec un \u00e9cart maximum de seulement 5 \u00b5m, ils sont le summum de la pr\u00e9cision et assurent un ajustement parfait dans votre carabine \u00e0 air comprim\u00e9.<\/p>\n<p>La forme diabolo de nos balles est sp\u00e9cialement con\u00e7ue pour assurer une trajectoire id\u00e9ale, ce qui se traduit par une pr\u00e9cision impressionnante. Nos tests avec l&#039;AEA HP Max, aussi bien en version 7,5 J qu&#039;en version ouverte, ont montr\u00e9 des r\u00e9sultats exceptionnels et confirm\u00e9 la fiabilit\u00e9 de cette munition.<\/p>\n<p>Ces munitions de haute qualit\u00e9 ne sont pas destin\u00e9es \u00e0 un usage r\u00e9cr\u00e9atif. En raison de leur fabrication pr\u00e9cise et co\u00fbteuse, ces projectiles doivent \u00eatre utilis\u00e9s pour des occasions sp\u00e9ciales o\u00f9 une pr\u00e9cision maximale est importante. Faites confiance \u00e0 nos projectiles haut de gamme.<\/p>\n<p>(Le tour CNC a \u00e9t\u00e9 achet\u00e9 sp\u00e9cifiquement pour fabriquer nos produits haut de gamme<\/p>\n<p>&nbsp;<\/p>\n<p><strong>Ces balles sont express\u00e9ment destin\u00e9es au tir amusant sur des cibles appropri\u00e9es. Ne tirez jamais sur des personnes ou des animaux\u00a0!<\/strong><\/p>\n<p>&nbsp;<\/p>\n<p>&nbsp;<\/p>\n<p>Cet article est l\u00e9gal en Allemagne et ne n\u00e9cessite aucune autorisation particuli\u00e8re. Les ventes s&#039;effectuent uniquement aux personnes \u00e2g\u00e9es de 18 ans et plus, avec v\u00e9rification de l&#039;\u00e2ge au moment du paiement et \u00e0 la livraison. L&#039;acheteur est tenu de respecter les dispositions l\u00e9gales concernant la possession, le transport et l&#039;utilisation. Toute utilisation de ces munitions contre des personnes ou des animaux est strictement interdite et pourra donner lieu \u00e0 des poursuites p\u00e9nales. Le vendeur n&#039;est pas responsable de toute mauvaise utilisation ou utilisation ill\u00e9gale du produit.<\/p>","protected":false},"excerpt":{"rendered":"<p>Convient au HP Max et autres carabines \u00e0 air comprim\u00e9 d&#039;un calibre de 9 mm. Faites l&#039;exp\u00e9rience d&#039;une pr\u00e9cision au plus haut niveau avec la n\u00f4tre<\/p>","protected":false},"featured_media":16978,"template":"","meta":[],"product_brand":[],"product_cat":[98,171],"product_tag":[],"class_list":{"0":"post-16976","1":"product","2":"type-product","3":"status-publish","4":"has-post-thumbnail","6":"product_cat-kal9mm","7":"product_cat-aea-hp-max","9":"first","10":"outofstock","11":"sale","12":"taxable","13":"shipping-taxable","14":"purchasable","15":"product-type-simple"},"yoast_head":"<!-- This site is optimized with the Yoast SEO plugin v26.2 - https:\/\/yoast.com\/wordpress\/plugins\/seo\/ -->\n<title>25x | Wolf 9mm Kaliber 35 BB Markierer - Wolf Home Defense<\/title>\n<meta name=\"robots\" content=\"index, follow, max-snippet:-1, max-image-preview:large, max-video-preview:-1\" \/>\n<link rel=\"canonical\" href=\"https:\/\/homedefense-ammo.de\/fr\/des-produits\/loup-tueur-9mm-calibre-35\/\" \/>\n<meta property=\"og:locale\" content=\"fr_FR\" \/>\n<meta property=\"og:type\" content=\"article\" \/>\n<meta property=\"og:title\" content=\"25x | Wolf 9mm Kaliber 35 BB Markierer - Wolf Home Defense\" \/>\n<meta property=\"og:description\" content=\"Passend f\u00fcr die HP Max und andere Luftgewehre mit dem Kaliber 9mm. Erleben Sie Pr\u00e4zision auf h\u00f6chstem Niveau mit unseren\" \/>\n<meta property=\"og:url\" content=\"https:\/\/homedefense-ammo.de\/fr\/des-produits\/loup-tueur-9mm-calibre-35\/\" \/>\n<meta property=\"og:site_name\" content=\"Wolf Home Defense\" \/>\n<meta property=\"article:modified_time\" content=\"2026-03-05T22:15:56+00:00\" \/>\n<meta property=\"og:image\" content=\"https:\/\/homedefense-ammo.de\/wp-content\/uploads\/2024\/11\/design-ohne-titel.png.png\" \/>\n\t<meta property=\"og:image:width\" content=\"2250\" \/>\n\t<meta property=\"og:image:height\" content=\"3000\" \/>\n\t<meta property=\"og:image:type\" content=\"image\/png\" \/>\n<meta name=\"twitter:card\" content=\"summary_large_image\" \/>\n<meta name=\"twitter:label1\" content=\"Dur\u00e9e de lecture estim\u00e9e\" \/>\n\t<meta name=\"twitter:data1\" content=\"1 minute\" \/>\n<script type=\"application\/ld+json\" class=\"yoast-schema-graph\">{\"@context\":\"https:\/\/schema.org\",\"@graph\":[{\"@type\":\"WebPage\",\"@id\":\"https:\/\/homedefense-ammo.de\/products\/killer-wolf-9mm-kaliber-35\/\",\"url\":\"https:\/\/homedefense-ammo.de\/products\/killer-wolf-9mm-kaliber-35\/\",\"name\":\"25x | Wolf 9mm Kaliber 35 BB Markierer - Wolf Home Defense\",\"isPartOf\":{\"@id\":\"https:\/\/homedefense-ammo.de\/#website\"},\"primaryImageOfPage\":{\"@id\":\"https:\/\/homedefense-ammo.de\/products\/killer-wolf-9mm-kaliber-35\/#primaryimage\"},\"image\":{\"@id\":\"https:\/\/homedefense-ammo.de\/products\/killer-wolf-9mm-kaliber-35\/#primaryimage\"},\"thumbnailUrl\":\"https:\/\/homedefense-ammo.de\/wp-content\/uploads\/2024\/11\/design-ohne-titel.png.png\",\"datePublished\":\"2024-11-19T22:39:00+00:00\",\"dateModified\":\"2026-03-05T22:15:56+00:00\",\"breadcrumb\":{\"@id\":\"https:\/\/homedefense-ammo.de\/products\/killer-wolf-9mm-kaliber-35\/#breadcrumb\"},\"inLanguage\":\"fr-FR\",\"potentialAction\":[{\"@type\":\"ReadAction\",\"target\":[\"https:\/\/homedefense-ammo.de\/products\/killer-wolf-9mm-kaliber-35\/\"]}]},{\"@type\":\"ImageObject\",\"inLanguage\":\"fr-FR\",\"@id\":\"https:\/\/homedefense-ammo.de\/products\/killer-wolf-9mm-kaliber-35\/#primaryimage\",\"url\":\"https:\/\/homedefense-ammo.de\/wp-content\/uploads\/2024\/11\/design-ohne-titel.png.png\",\"contentUrl\":\"https:\/\/homedefense-ammo.de\/wp-content\/uploads\/2024\/11\/design-ohne-titel.png.png\",\"width\":2250,\"height\":3000},{\"@type\":\"BreadcrumbList\",\"@id\":\"https:\/\/homedefense-ammo.de\/products\/killer-wolf-9mm-kaliber-35\/#breadcrumb\",\"itemListElement\":[{\"@type\":\"ListItem\",\"position\":1,\"name\":\"Startseite\",\"item\":\"https:\/\/homedefense-ammo.de\/\"},{\"@type\":\"ListItem\",\"position\":2,\"name\":\"Shop\",\"item\":\"https:\/\/homedefense-ammo.de\/shop\/\"},{\"@type\":\"ListItem\",\"position\":3,\"name\":\"25x | Wolf 9mm Kaliber 35 BB Markierer\"}]},{\"@type\":\"WebSite\",\"@id\":\"https:\/\/homedefense-ammo.de\/#website\",\"url\":\"https:\/\/homedefense-ammo.de\/\",\"name\":\"Wolf Home Defense\",\"description\":\"Die Nr. 1 aus Deutschland\",\"publisher\":{\"@id\":\"https:\/\/homedefense-ammo.de\/#organization\"},\"potentialAction\":[{\"@type\":\"SearchAction\",\"target\":{\"@type\":\"EntryPoint\",\"urlTemplate\":\"https:\/\/homedefense-ammo.de\/?s={search_term_string}\"},\"query-input\":{\"@type\":\"PropertyValueSpecification\",\"valueRequired\":true,\"valueName\":\"search_term_string\"}}],\"inLanguage\":\"fr-FR\"},{\"@type\":\"Organization\",\"@id\":\"https:\/\/homedefense-ammo.de\/#organization\",\"name\":\"Wolf Home Defense\",\"url\":\"https:\/\/homedefense-ammo.de\/\",\"logo\":{\"@type\":\"ImageObject\",\"inLanguage\":\"fr-FR\",\"@id\":\"https:\/\/homedefense-ammo.de\/#\/schema\/logo\/image\/\",\"url\":\"https:\/\/homedefense-ammo.de\/wp-content\/uploads\/2023\/12\/Wolf_Logo-White.png\",\"contentUrl\":\"https:\/\/homedefense-ammo.de\/wp-content\/uploads\/2023\/12\/Wolf_Logo-White.png\",\"width\":1078,\"height\":624,\"caption\":\"Wolf Home Defense\"},\"image\":{\"@id\":\"https:\/\/homedefense-ammo.de\/#\/schema\/logo\/image\/\"}}]}<\/script>\n<!-- \/ Yoast SEO plugin. -->","yoast_head_json":{"title":"25x | Marqueur de billes Wolf calibre 9 mm - Wolf Home Defense","robots":{"index":"index","follow":"follow","max-snippet":"max-snippet:-1","max-image-preview":"max-image-preview:large","max-video-preview":"max-video-preview:-1"},"canonical":"https:\/\/homedefense-ammo.de\/fr\/des-produits\/loup-tueur-9mm-calibre-35\/","og_locale":"fr_FR","og_type":"article","og_title":"25x | Wolf 9mm Kaliber 35 BB Markierer - Wolf Home Defense","og_description":"Passend f\u00fcr die HP Max und andere Luftgewehre mit dem Kaliber 9mm. Erleben Sie Pr\u00e4zision auf h\u00f6chstem Niveau mit unseren","og_url":"https:\/\/homedefense-ammo.de\/fr\/des-produits\/loup-tueur-9mm-calibre-35\/","og_site_name":"Wolf Home Defense","article_modified_time":"2026-03-05T22:15:56+00:00","og_image":[{"width":2250,"height":3000,"url":"https:\/\/homedefense-ammo.de\/wp-content\/uploads\/2024\/11\/design-ohne-titel.png.png","type":"image\/png"}],"twitter_card":"summary_large_image","twitter_misc":{"Dur\u00e9e de lecture estim\u00e9e":"1 minute"},"schema":{"@context":"https:\/\/schema.org","@graph":[{"@type":"WebPage","@id":"https:\/\/homedefense-ammo.de\/products\/killer-wolf-9mm-kaliber-35\/","url":"https:\/\/homedefense-ammo.de\/products\/killer-wolf-9mm-kaliber-35\/","name":"25x | Marqueur de billes Wolf calibre 9 mm - Wolf Home Defense","isPartOf":{"@id":"https:\/\/homedefense-ammo.de\/#website"},"primaryImageOfPage":{"@id":"https:\/\/homedefense-ammo.de\/products\/killer-wolf-9mm-kaliber-35\/#primaryimage"},"image":{"@id":"https:\/\/homedefense-ammo.de\/products\/killer-wolf-9mm-kaliber-35\/#primaryimage"},"thumbnailUrl":"https:\/\/homedefense-ammo.de\/wp-content\/uploads\/2024\/11\/design-ohne-titel.png.png","datePublished":"2024-11-19T22:39:00+00:00","dateModified":"2026-03-05T22:15:56+00:00","breadcrumb":{"@id":"https:\/\/homedefense-ammo.de\/products\/killer-wolf-9mm-kaliber-35\/#breadcrumb"},"inLanguage":"fr-FR","potentialAction":[{"@type":"ReadAction","target":["https:\/\/homedefense-ammo.de\/products\/killer-wolf-9mm-kaliber-35\/"]}]},{"@type":"ImageObject","inLanguage":"fr-FR","@id":"https:\/\/homedefense-ammo.de\/products\/killer-wolf-9mm-kaliber-35\/#primaryimage","url":"https:\/\/homedefense-ammo.de\/wp-content\/uploads\/2024\/11\/design-ohne-titel.png.png","contentUrl":"https:\/\/homedefense-ammo.de\/wp-content\/uploads\/2024\/11\/design-ohne-titel.png.png","width":2250,"height":3000},{"@type":"BreadcrumbList","@id":"https:\/\/homedefense-ammo.de\/products\/killer-wolf-9mm-kaliber-35\/#breadcrumb","itemListElement":[{"@type":"ListItem","position":1,"name":"Startseite","item":"https:\/\/homedefense-ammo.de\/"},{"@type":"ListItem","position":2,"name":"Shop","item":"https:\/\/homedefense-ammo.de\/shop\/"},{"@type":"ListItem","position":3,"name":"25x | Wolf 9mm Kaliber 35 BB Markierer"}]},{"@type":"WebSite","@id":"https:\/\/homedefense-ammo.de\/#website","url":"https:\/\/homedefense-ammo.de\/","name":"D\u00e9fense \u00e0 domicile des loups","description":"Le num\u00e9ro 1 d&#039;Allemagne","publisher":{"@id":"https:\/\/homedefense-ammo.de\/#organization"},"potentialAction":[{"@type":"SearchAction","target":{"@type":"EntryPoint","urlTemplate":"https:\/\/homedefense-ammo.de\/?s={search_term_string}"},"query-input":{"@type":"PropertyValueSpecification","valueRequired":true,"valueName":"search_term_string"}}],"inLanguage":"fr-FR"},{"@type":"Organization","@id":"https:\/\/homedefense-ammo.de\/#organization","name":"D\u00e9fense \u00e0 domicile des loups","url":"https:\/\/homedefense-ammo.de\/","logo":{"@type":"ImageObject","inLanguage":"fr-FR","@id":"https:\/\/homedefense-ammo.de\/#\/schema\/logo\/image\/","url":"https:\/\/homedefense-ammo.de\/wp-content\/uploads\/2023\/12\/Wolf_Logo-White.png","contentUrl":"https:\/\/homedefense-ammo.de\/wp-content\/uploads\/2023\/12\/Wolf_Logo-White.png","width":1078,"height":624,"caption":"Wolf Home Defense"},"image":{"@id":"https:\/\/homedefense-ammo.de\/#\/schema\/logo\/image\/"}}]}},"_links":{"self":[{"href":"https:\/\/homedefense-ammo.de\/fr\/wp-json\/wp\/v2\/product\/16976","targetHints":{"allow":["GET"]}}],"collection":[{"href":"https:\/\/homedefense-ammo.de\/fr\/wp-json\/wp\/v2\/product"}],"about":[{"href":"https:\/\/homedefense-ammo.de\/fr\/wp-json\/wp\/v2\/types\/product"}],"wp:featuredmedia":[{"embeddable":true,"href":"https:\/\/homedefense-ammo.de\/fr\/wp-json\/wp\/v2\/media\/16978"}],"wp:attachment":[{"href":"https:\/\/homedefense-ammo.de\/fr\/wp-json\/wp\/v2\/media?parent=16976"}],"wp:term":[{"taxonomy":"product_brand","embeddable":true,"href":"https:\/\/homedefense-ammo.de\/fr\/wp-json\/wp\/v2\/product_brand?post=16976"},{"taxonomy":"product_cat","embeddable":true,"href":"https:\/\/homedefense-ammo.de\/fr\/wp-json\/wp\/v2\/product_cat?post=16976"},{"taxonomy":"product_tag","embeddable":true,"href":"https:\/\/homedefense-ammo.de\/fr\/wp-json\/wp\/v2\/product_tag?post=16976"}],"curies":[{"name":"wp","href":"https:\/\/api.w.org\/{rel}","templated":true}]}}