{"id":16694,"date":"2024-03-06T14:08:00","date_gmt":"2024-03-06T12:08:00","guid":{"rendered":"https:\/\/homedefense-ammo.de\/?post_type=product&#038;p=16694"},"modified":"2025-10-28T23:01:46","modified_gmt":"2025-10-28T21:01:46","slug":"50x-loup-gris-aea-challenger-bullpup-calibre-50","status":"publish","type":"product","link":"https:\/\/homedefense-ammo.de\/fr\/des-produits\/50x-loup-gris-aea-challenger-bullpup-calibre-50\/","title":{"rendered":"50x Loup gris AEA Challenger Bullpup | Munitions de marquage BB de calibre 50"},"content":{"rendered":"<div class=\"w-full text-token-text-primary\" data-testid=\"conversation-turn-3\">\n<div class=\"px-4 py-2 justify-center text-base md:gap-6 m-auto\">\n<div class=\"flex flex-1 text-base mx-auto gap-3 md:px-5 lg:px-1 xl:px-5 md:max-w-3xl lg:max-w-[40rem] xl:max-w-[48rem] group\">\n<div class=\"relative flex w-full flex-col agent-turn\">\n<div class=\"flex-col gap-1 md:gap-3\">\n<div class=\"flex flex-grow flex-col max-w-full\">\n<div class=\"min-h-[20px] text-message flex flex-col items-start gap-3 whitespace-pre-wrap break-words [.text-message+&amp;]:mt-5 overflow-x-auto\" data-message-author-role=\"assistant\" data-message-id=\"566af04c-c058-4674-8088-5d7f80be65aa\">\n<div class=\"markdown prose w-full break-words dark:prose-invert dark\">\n<p>D\u00e9couvrez la nouvelle g\u00e9n\u00e9ration de munitions de pr\u00e9cision avec notre lot exclusif de 50 balles hautes performances pour votre carabine \u00e0 air comprim\u00e9 AEA Challenger Bullpup. Notre dernier d\u00e9veloppement combine une technologie avanc\u00e9e avec des performances exceptionnelles, sp\u00e9cialement con\u00e7ues pour les besoins des tireurs exigeants. <strong>En raison du poids plus \u00e9lev\u00e9, utilisable uniquement avec &gt; 7,5 J <\/strong><\/p>\n<p>Caract\u00e9ristiques:<\/p>\n<ul>\n<li><strong>Des proc\u00e9d\u00e9s de fabrication de pointe<\/strong>: Chaque balle est fabriqu\u00e9e \u00e0 l&#039;aide d&#039;un processus machine pr\u00e9cis qui garantit une pr\u00e9cision et une coh\u00e9rence in\u00e9gal\u00e9es. D\u00e9couvrez l\u2019avenir de la fabrication de munitions \u00e0 chaque tir.<\/li>\n<li><strong>Conception bi-mati\u00e8re<\/strong>: La combinaison unique de plastique robuste et de plomb solide conf\u00e8re \u00e0 nos balles un \u00e9quilibre optimal entre l\u00e9g\u00e8ret\u00e9 et pouvoir de p\u00e9n\u00e9tration. La coloration gris et or souligne \u00e9galement l&#039;exclusivit\u00e9 de cette munition.<\/li>\n<li><strong>Perfectionn\u00e9 pour l&#039;AEA Challenger Bullpup<\/strong>: Con\u00e7ues sp\u00e9cifiquement pour \u00eatre utilis\u00e9es avec l&#039;AEA Challenger Bullpup, ces balles garantissent une compatibilit\u00e9 transparente et des performances maximales. Profitez d&#039;une pr\u00e9cision adapt\u00e9e sp\u00e9cifiquement \u00e0 votre arme.<\/li>\n<li><strong>Sp\u00e9cifications sup\u00e9rieures<\/strong>: Avec un calibre de .50, une longueur de 17 mm et un poids de 8,7 grammes, ces balles \u00e9tablissent de nouvelles normes en termes de vitesse et de pr\u00e9cision. Aucun d\u00e9fi n&#039;est trop grand pour ces munitions.<\/li>\n<li><strong>Unit\u00e9 d&#039;emballage g\u00e9n\u00e9reuse<\/strong>: Recevez 50 pi\u00e8ces de ces balles exquises dans un emballage \u00e9l\u00e9gant, pr\u00eat \u00e0 faire passer votre exp\u00e9rience de tir au niveau sup\u00e9rieur. La palette de couleurs gris-or des balles promet non seulement des performances mais aussi du style.<\/li>\n<\/ul>\n<p>Pourquoi choisir nos munitions ?<\/p>\n<ul>\n<li><strong>Pas de compromis<\/strong>: Oubliez la d\u00e9ception des munitions standards. Nos balles offrent la combinaison parfaite de l\u00e9g\u00e8ret\u00e9, de vitesse et de pouvoir p\u00e9n\u00e9trant.<\/li>\n<li><strong>Technologie innovante<\/strong>: B\u00e9n\u00e9ficiez de la pr\u00e9cision et de la fiabilit\u00e9 qui ne sont possibles qu&#039;avec les derni\u00e8res technologies.<\/li>\n<li><strong>S\u00e9curit\u00e9 et sp\u00e9cialisation<\/strong>: Con\u00e7u exclusivement pour l&#039;AEA Challenger Bullpup afin de garantir une s\u00e9curit\u00e9 et des performances maximales. Veuillez utiliser ces munitions de mani\u00e8re responsable et non contre des cibles r\u00e9elles.<\/li>\n<\/ul>\n<p>Donn\u00e9es techniques:<\/p>\n<ul>\n<li>Calibre\u00a0: .50<\/li>\n<li>Longueur : 17 mm<\/li>\n<li>Poids : 8,7 grammes<\/li>\n<li>Mat\u00e9riau : plastique\/acier<\/li>\n<li>Couleur: gris\/or<\/li>\n<li>Unit\u00e9 d&#039;emballage : 50 pi\u00e8ces<br \/>\nCes balles sont express\u00e9ment destin\u00e9es au tir amusant sur des cibles appropri\u00e9es. Ne tirez jamais sur des personnes ou des animaux\u00a0!<\/li>\n<\/ul>\n<\/div>\n<p>Tirer avec la carabine \u00e0 air comprim\u00e9 AEA Challenger Bullpup n\u00e9cessite d&#039;\u00eatre majeur (18 ans).<\/p>\n<p>&nbsp;<\/p>\n<div class=\"markdown prose w-full break-words dark:prose-invert dark\">\n<p>Nous sommes \u00e0 votre disposition \u00e0 tout moment pour de plus amples informations et commandes. Contactez-nous simplement par e-mail (voir mentions l\u00e9gales) et nous serons heureux de vous aider.<\/p>\n<\/div>\n<p>&nbsp;<\/p>\n<\/div>\n<\/div>\n<\/div>\n<\/div>\n<\/div>\n<\/div>\n<\/div>\n<p>Cet article est l\u00e9gal en Allemagne et ne n\u00e9cessite aucune autorisation particuli\u00e8re. Les ventes s&#039;effectuent uniquement aux personnes \u00e2g\u00e9es de 18 ans et plus, avec v\u00e9rification de l&#039;\u00e2ge au moment du paiement et \u00e0 la livraison. L&#039;acheteur est tenu de respecter les dispositions l\u00e9gales concernant la possession, le transport et l&#039;utilisation. Toute utilisation de ces munitions contre des personnes ou des animaux est strictement interdite et pourra donner lieu \u00e0 des poursuites p\u00e9nales. Le vendeur n&#039;est pas responsable de toute mauvaise utilisation ou utilisation ill\u00e9gale du produit.<\/p>","protected":false},"excerpt":{"rendered":"<p>D\u00e9couvrez nos munitions de pr\u00e9cision exclusives : 50 balles hautes performances pour l&#039;AEA Challenger Bullpup, en plastique et acier avec une conception bi-mati\u00e8re unique. Sp\u00e9cialement con\u00e7u pour une pr\u00e9cision et une compatibilit\u00e9 sup\u00e9rieures.<\/p>","protected":false},"featured_media":16695,"template":"","meta":[],"product_brand":[],"product_cat":[96,104],"product_tag":[],"class_list":{"0":"post-16694","1":"product","2":"type-product","3":"status-publish","4":"has-post-thumbnail","6":"product_cat-kal50","7":"product_cat-aea_challenger_bullpup","8":"pa_passend-fuer-aea-challenger-bullpup","10":"first","11":"instock","12":"sale","13":"taxable","14":"shipping-taxable","15":"purchasable","16":"product-type-simple"},"yoast_head":"<!-- This site is optimized with the Yoast SEO plugin v26.2 - https:\/\/yoast.com\/wordpress\/plugins\/seo\/ -->\n<title>50x Grey Wolf AEA Challenger Bullpup | Kaliber 50 BB Markierer Munition - Wolf Home Defense<\/title>\n<meta name=\"robots\" content=\"index, follow, max-snippet:-1, max-image-preview:large, max-video-preview:-1\" \/>\n<link rel=\"canonical\" href=\"https:\/\/homedefense-ammo.de\/fr\/des-produits\/50x-loup-gris-aea-challenger-bullpup-calibre-50\/\" \/>\n<meta property=\"og:locale\" content=\"fr_FR\" \/>\n<meta property=\"og:type\" content=\"article\" \/>\n<meta property=\"og:title\" content=\"50x Grey Wolf AEA Challenger Bullpup | Kaliber 50 BB Markierer Munition - Wolf Home Defense\" \/>\n<meta property=\"og:description\" content=\"Entdecken Sie unsere exklusive Pr\u00e4zisionsmunition: 50 Hochleistungs-Geschosse f\u00fcr das AEA Challenger Bullpup, die mit einem einzigartigen Dual-Material Design aus Kunststoff und Stahl gefertigt sind. Speziell entwickelt f\u00fcr \u00fcberlegene Genauigkeit und Kompatibilit\u00e4t.\" \/>\n<meta property=\"og:url\" content=\"https:\/\/homedefense-ammo.de\/fr\/des-produits\/50x-loup-gris-aea-challenger-bullpup-calibre-50\/\" \/>\n<meta property=\"og:site_name\" content=\"Wolf Home Defense\" \/>\n<meta property=\"article:modified_time\" content=\"2025-10-28T21:01:46+00:00\" \/>\n<meta property=\"og:image\" content=\"https:\/\/homedefense-ammo.de\/wp-content\/uploads\/2024\/03\/Wolf-5.jpg\" \/>\n\t<meta property=\"og:image:width\" content=\"1500\" \/>\n\t<meta property=\"og:image:height\" content=\"1500\" \/>\n\t<meta property=\"og:image:type\" content=\"image\/jpeg\" \/>\n<meta name=\"twitter:card\" content=\"summary_large_image\" \/>\n<meta name=\"twitter:label1\" content=\"Dur\u00e9e de lecture estim\u00e9e\" \/>\n\t<meta name=\"twitter:data1\" content=\"2 minutes\" \/>\n<script type=\"application\/ld+json\" class=\"yoast-schema-graph\">{\"@context\":\"https:\/\/schema.org\",\"@graph\":[{\"@type\":\"WebPage\",\"@id\":\"https:\/\/homedefense-ammo.de\/products\/50x-grey-wolf-aea-challenger-bullpup-kaliber-50\/\",\"url\":\"https:\/\/homedefense-ammo.de\/products\/50x-grey-wolf-aea-challenger-bullpup-kaliber-50\/\",\"name\":\"50x Grey Wolf AEA Challenger Bullpup | Kaliber 50 BB Markierer Munition - Wolf Home Defense\",\"isPartOf\":{\"@id\":\"https:\/\/homedefense-ammo.de\/#website\"},\"primaryImageOfPage\":{\"@id\":\"https:\/\/homedefense-ammo.de\/products\/50x-grey-wolf-aea-challenger-bullpup-kaliber-50\/#primaryimage\"},\"image\":{\"@id\":\"https:\/\/homedefense-ammo.de\/products\/50x-grey-wolf-aea-challenger-bullpup-kaliber-50\/#primaryimage\"},\"thumbnailUrl\":\"https:\/\/homedefense-ammo.de\/wp-content\/uploads\/2024\/03\/Wolf-5.jpg\",\"datePublished\":\"2024-03-06T12:08:00+00:00\",\"dateModified\":\"2025-10-28T21:01:46+00:00\",\"breadcrumb\":{\"@id\":\"https:\/\/homedefense-ammo.de\/products\/50x-grey-wolf-aea-challenger-bullpup-kaliber-50\/#breadcrumb\"},\"inLanguage\":\"fr-FR\",\"potentialAction\":[{\"@type\":\"ReadAction\",\"target\":[\"https:\/\/homedefense-ammo.de\/products\/50x-grey-wolf-aea-challenger-bullpup-kaliber-50\/\"]}]},{\"@type\":\"ImageObject\",\"inLanguage\":\"fr-FR\",\"@id\":\"https:\/\/homedefense-ammo.de\/products\/50x-grey-wolf-aea-challenger-bullpup-kaliber-50\/#primaryimage\",\"url\":\"https:\/\/homedefense-ammo.de\/wp-content\/uploads\/2024\/03\/Wolf-5.jpg\",\"contentUrl\":\"https:\/\/homedefense-ammo.de\/wp-content\/uploads\/2024\/03\/Wolf-5.jpg\",\"width\":1500,\"height\":1500},{\"@type\":\"BreadcrumbList\",\"@id\":\"https:\/\/homedefense-ammo.de\/products\/50x-grey-wolf-aea-challenger-bullpup-kaliber-50\/#breadcrumb\",\"itemListElement\":[{\"@type\":\"ListItem\",\"position\":1,\"name\":\"Startseite\",\"item\":\"https:\/\/homedefense-ammo.de\/\"},{\"@type\":\"ListItem\",\"position\":2,\"name\":\"Shop\",\"item\":\"https:\/\/homedefense-ammo.de\/shop\/\"},{\"@type\":\"ListItem\",\"position\":3,\"name\":\"50x Grey Wolf AEA Challenger Bullpup | Kaliber 50 BB Markierer Munition\"}]},{\"@type\":\"WebSite\",\"@id\":\"https:\/\/homedefense-ammo.de\/#website\",\"url\":\"https:\/\/homedefense-ammo.de\/\",\"name\":\"Wolf Home Defense\",\"description\":\"Die Nr. 1 aus Deutschland\",\"publisher\":{\"@id\":\"https:\/\/homedefense-ammo.de\/#organization\"},\"potentialAction\":[{\"@type\":\"SearchAction\",\"target\":{\"@type\":\"EntryPoint\",\"urlTemplate\":\"https:\/\/homedefense-ammo.de\/?s={search_term_string}\"},\"query-input\":{\"@type\":\"PropertyValueSpecification\",\"valueRequired\":true,\"valueName\":\"search_term_string\"}}],\"inLanguage\":\"fr-FR\"},{\"@type\":\"Organization\",\"@id\":\"https:\/\/homedefense-ammo.de\/#organization\",\"name\":\"Wolf Home Defense\",\"url\":\"https:\/\/homedefense-ammo.de\/\",\"logo\":{\"@type\":\"ImageObject\",\"inLanguage\":\"fr-FR\",\"@id\":\"https:\/\/homedefense-ammo.de\/#\/schema\/logo\/image\/\",\"url\":\"https:\/\/homedefense-ammo.de\/wp-content\/uploads\/2023\/12\/Wolf_Logo-White.png\",\"contentUrl\":\"https:\/\/homedefense-ammo.de\/wp-content\/uploads\/2023\/12\/Wolf_Logo-White.png\",\"width\":1078,\"height\":624,\"caption\":\"Wolf Home Defense\"},\"image\":{\"@id\":\"https:\/\/homedefense-ammo.de\/#\/schema\/logo\/image\/\"}}]}<\/script>\n<!-- \/ Yoast SEO plugin. -->","yoast_head_json":{"title":"50 munitions Grey Wolf AEA Challenger Bullpup | Munitions BB Marker calibre 50 - Wolf Home Defense","robots":{"index":"index","follow":"follow","max-snippet":"max-snippet:-1","max-image-preview":"max-image-preview:large","max-video-preview":"max-video-preview:-1"},"canonical":"https:\/\/homedefense-ammo.de\/fr\/des-produits\/50x-loup-gris-aea-challenger-bullpup-calibre-50\/","og_locale":"fr_FR","og_type":"article","og_title":"50x Grey Wolf AEA Challenger Bullpup | Kaliber 50 BB Markierer Munition - Wolf Home Defense","og_description":"Entdecken Sie unsere exklusive Pr\u00e4zisionsmunition: 50 Hochleistungs-Geschosse f\u00fcr das AEA Challenger Bullpup, die mit einem einzigartigen Dual-Material Design aus Kunststoff und Stahl gefertigt sind. Speziell entwickelt f\u00fcr \u00fcberlegene Genauigkeit und Kompatibilit\u00e4t.","og_url":"https:\/\/homedefense-ammo.de\/fr\/des-produits\/50x-loup-gris-aea-challenger-bullpup-calibre-50\/","og_site_name":"Wolf Home Defense","article_modified_time":"2025-10-28T21:01:46+00:00","og_image":[{"width":1500,"height":1500,"url":"https:\/\/homedefense-ammo.de\/wp-content\/uploads\/2024\/03\/Wolf-5.jpg","type":"image\/jpeg"}],"twitter_card":"summary_large_image","twitter_misc":{"Dur\u00e9e de lecture estim\u00e9e":"2 minutes"},"schema":{"@context":"https:\/\/schema.org","@graph":[{"@type":"WebPage","@id":"https:\/\/homedefense-ammo.de\/products\/50x-grey-wolf-aea-challenger-bullpup-kaliber-50\/","url":"https:\/\/homedefense-ammo.de\/products\/50x-grey-wolf-aea-challenger-bullpup-kaliber-50\/","name":"50 munitions Grey Wolf AEA Challenger Bullpup | Munitions BB Marker calibre 50 - Wolf Home Defense","isPartOf":{"@id":"https:\/\/homedefense-ammo.de\/#website"},"primaryImageOfPage":{"@id":"https:\/\/homedefense-ammo.de\/products\/50x-grey-wolf-aea-challenger-bullpup-kaliber-50\/#primaryimage"},"image":{"@id":"https:\/\/homedefense-ammo.de\/products\/50x-grey-wolf-aea-challenger-bullpup-kaliber-50\/#primaryimage"},"thumbnailUrl":"https:\/\/homedefense-ammo.de\/wp-content\/uploads\/2024\/03\/Wolf-5.jpg","datePublished":"2024-03-06T12:08:00+00:00","dateModified":"2025-10-28T21:01:46+00:00","breadcrumb":{"@id":"https:\/\/homedefense-ammo.de\/products\/50x-grey-wolf-aea-challenger-bullpup-kaliber-50\/#breadcrumb"},"inLanguage":"fr-FR","potentialAction":[{"@type":"ReadAction","target":["https:\/\/homedefense-ammo.de\/products\/50x-grey-wolf-aea-challenger-bullpup-kaliber-50\/"]}]},{"@type":"ImageObject","inLanguage":"fr-FR","@id":"https:\/\/homedefense-ammo.de\/products\/50x-grey-wolf-aea-challenger-bullpup-kaliber-50\/#primaryimage","url":"https:\/\/homedefense-ammo.de\/wp-content\/uploads\/2024\/03\/Wolf-5.jpg","contentUrl":"https:\/\/homedefense-ammo.de\/wp-content\/uploads\/2024\/03\/Wolf-5.jpg","width":1500,"height":1500},{"@type":"BreadcrumbList","@id":"https:\/\/homedefense-ammo.de\/products\/50x-grey-wolf-aea-challenger-bullpup-kaliber-50\/#breadcrumb","itemListElement":[{"@type":"ListItem","position":1,"name":"Startseite","item":"https:\/\/homedefense-ammo.de\/"},{"@type":"ListItem","position":2,"name":"Shop","item":"https:\/\/homedefense-ammo.de\/shop\/"},{"@type":"ListItem","position":3,"name":"50x Grey Wolf AEA Challenger Bullpup | Kaliber 50 BB Markierer Munition"}]},{"@type":"WebSite","@id":"https:\/\/homedefense-ammo.de\/#website","url":"https:\/\/homedefense-ammo.de\/","name":"D\u00e9fense \u00e0 domicile des loups","description":"Le num\u00e9ro 1 d&#039;Allemagne","publisher":{"@id":"https:\/\/homedefense-ammo.de\/#organization"},"potentialAction":[{"@type":"SearchAction","target":{"@type":"EntryPoint","urlTemplate":"https:\/\/homedefense-ammo.de\/?s={search_term_string}"},"query-input":{"@type":"PropertyValueSpecification","valueRequired":true,"valueName":"search_term_string"}}],"inLanguage":"fr-FR"},{"@type":"Organization","@id":"https:\/\/homedefense-ammo.de\/#organization","name":"D\u00e9fense \u00e0 domicile des loups","url":"https:\/\/homedefense-ammo.de\/","logo":{"@type":"ImageObject","inLanguage":"fr-FR","@id":"https:\/\/homedefense-ammo.de\/#\/schema\/logo\/image\/","url":"https:\/\/homedefense-ammo.de\/wp-content\/uploads\/2023\/12\/Wolf_Logo-White.png","contentUrl":"https:\/\/homedefense-ammo.de\/wp-content\/uploads\/2023\/12\/Wolf_Logo-White.png","width":1078,"height":624,"caption":"Wolf Home Defense"},"image":{"@id":"https:\/\/homedefense-ammo.de\/#\/schema\/logo\/image\/"}}]}},"_links":{"self":[{"href":"https:\/\/homedefense-ammo.de\/fr\/wp-json\/wp\/v2\/product\/16694","targetHints":{"allow":["GET"]}}],"collection":[{"href":"https:\/\/homedefense-ammo.de\/fr\/wp-json\/wp\/v2\/product"}],"about":[{"href":"https:\/\/homedefense-ammo.de\/fr\/wp-json\/wp\/v2\/types\/product"}],"wp:featuredmedia":[{"embeddable":true,"href":"https:\/\/homedefense-ammo.de\/fr\/wp-json\/wp\/v2\/media\/16695"}],"wp:attachment":[{"href":"https:\/\/homedefense-ammo.de\/fr\/wp-json\/wp\/v2\/media?parent=16694"}],"wp:term":[{"taxonomy":"product_brand","embeddable":true,"href":"https:\/\/homedefense-ammo.de\/fr\/wp-json\/wp\/v2\/product_brand?post=16694"},{"taxonomy":"product_cat","embeddable":true,"href":"https:\/\/homedefense-ammo.de\/fr\/wp-json\/wp\/v2\/product_cat?post=16694"},{"taxonomy":"product_tag","embeddable":true,"href":"https:\/\/homedefense-ammo.de\/fr\/wp-json\/wp\/v2\/product_tag?post=16694"}],"curies":[{"name":"wp","href":"https:\/\/api.w.org\/{rel}","templated":true}]}}