{"id":15868,"date":"2023-12-04T17:25:00","date_gmt":"2023-12-04T15:25:00","guid":{"rendered":"https:\/\/wolf-homedefense-1973a03509d942429e87560d7637d535.tenants.eu1.wpcs.io\/?post_type=product&#038;p=15868"},"modified":"2026-03-06T00:16:41","modified_gmt":"2026-03-05T22:16:41","slug":"5x-hdr-68-meilleures-munitions","status":"publish","type":"product","link":"https:\/\/homedefense-ammo.de\/fr\/des-produits\/5x-hdr-68-meilleures-munitions\/","title":{"rendered":"5x HDR 68 CONE | TR 68 TS 68 | Munitions pour marqueur BB de calibre 68"},"content":{"rendered":"<p><strong>Munitions Haute Performance pour Revolvers Paintball HDR68 - Pack de 5 Calibre 68<\/strong><\/p>\n<p>D\u00e9couvrez les balles Cone en calibre .68, des munitions haute performance d\u00e9velopp\u00e9es exclusivement pour le revolver HDR68. Fabriqu\u00e9es sur un tour CNC de haute pr\u00e9cision, ces munitions offrent une pr\u00e9cision et une p\u00e9n\u00e9tration optimales.<\/p>\n<p><strong>Caract\u00e9ristiques:<\/strong><\/p>\n<ul>\n<li><strong>Peut \u00eatre utilis\u00e9 encore et encore :<\/strong> Les balles Cone sont con\u00e7ues pour \u00eatre utilis\u00e9es de mani\u00e8re r\u00e9p\u00e9t\u00e9e sans aucune perte de performance.<\/li>\n<li><strong>Forme de base optimis\u00e9e et poids ajust\u00e9 :<\/strong> Avec une forme de base optimis\u00e9e et un poids ajust\u00e9 \u00e0 7,5 joules, ces balles atteignent une vitesse et une pr\u00e9cision impressionnantes.<\/li>\n<li><strong>Tour CNC de haute qualit\u00e9\u00a0:<\/strong> Les munitions ont \u00e9t\u00e9 fabriqu\u00e9es \u00e0 l&#039;aide d&#039;un tour CNC sp\u00e9cial pour garantir une pr\u00e9cision maximale.<\/li>\n<\/ul>\n<p><strong>Pourquoi Killer Cone ?<\/strong><\/p>\n<p>L&#039;original de Wolf Home Defense offre une pr\u00e9cision et des r\u00e9sultats ultimes. Compar\u00e9es aux balles normales en caoutchouc dur, trop l\u00e9g\u00e8res, et aux balles en acier, qui volent trop lentement aux 7,5 joules autoris\u00e9s, les balles hautes performances Killer Cone comblent cette lacune et fournissent des r\u00e9sultats impressionnants.<\/p>\n<p><strong>Donn\u00e9es techniques:<\/strong><\/p>\n<ul>\n<li><strong>Calibre:<\/strong> Cal. 68<\/li>\n<li><strong>Longueur:<\/strong> 17mm<\/li>\n<li><strong>Poids:<\/strong> 3,88 grammes<\/li>\n<li><strong>Mat\u00e9riel:<\/strong> Aluminium haute r\u00e9sistance<\/li>\n<\/ul>\n<p><strong>Consignes de s\u00e9curit\u00e9:<\/strong><\/p>\n<p>&nbsp;<\/p>\n<p><strong>Ces balles sont express\u00e9ment destin\u00e9es au tir amusant sur des cibles appropri\u00e9es. Ne tirez jamais sur des personnes ou des animaux\u00a0!<\/strong><\/p>\n<p><strong>Contenu de la livraison :<\/strong><\/p>\n<ul>\n<li>5 morceaux de balles d&#039;une couleur argent noble<\/li>\n<\/ul>\n<p>Cet article est l\u00e9gal en Allemagne et ne n\u00e9cessite aucune autorisation particuli\u00e8re. Les ventes s&#039;effectuent uniquement aux personnes \u00e2g\u00e9es de 18 ans et plus, avec v\u00e9rification de l&#039;\u00e2ge au moment du paiement et \u00e0 la livraison. L&#039;acheteur est tenu de respecter les dispositions l\u00e9gales concernant la possession, le transport et l&#039;utilisation. Toute utilisation de ces munitions contre des personnes ou des animaux est strictement interdite et pourra donner lieu \u00e0 des poursuites p\u00e9nales. Le vendeur n&#039;est pas responsable de toute mauvaise utilisation ou utilisation ill\u00e9gale du produit.<\/p>","protected":false},"excerpt":{"rendered":"<p>D\u00e9couvrez la munition exclusive haute performance Killer Cone pour le revolver HDR68 : 5 balles r\u00e9utilisables de calibre 68, fabriqu\u00e9es pour une pr\u00e9cision et un pouvoir de p\u00e9n\u00e9tration maximum. Avec une forme et un poids optimis\u00e9s pour une vitesse et des d\u00e9g\u00e2ts impressionnants.<\/p>","protected":false},"featured_media":16346,"template":"","meta":[],"product_brand":[],"product_cat":[45,105],"product_tag":[],"class_list":{"0":"post-15868","1":"product","2":"type-product","3":"status-publish","4":"has-post-thumbnail","6":"product_cat-kal68","7":"product_cat-hdr68","8":"pa_passend-fuer-hdr-68","10":"first","11":"outofstock","12":"sale","13":"taxable","14":"shipping-taxable","15":"purchasable","16":"product-type-simple"},"yoast_head":"<!-- This site is optimized with the Yoast SEO plugin v26.2 - https:\/\/yoast.com\/wordpress\/plugins\/seo\/ -->\n<title>5x HDR 68 CONE | TR 68 TS 68 | Kaliber 68 BB Markierer Munition - Wolf Home Defense<\/title>\n<meta name=\"robots\" content=\"index, follow, max-snippet:-1, max-image-preview:large, max-video-preview:-1\" \/>\n<link rel=\"canonical\" href=\"https:\/\/homedefense-ammo.de\/fr\/des-produits\/5x-hdr-68-meilleures-munitions\/\" \/>\n<meta property=\"og:locale\" content=\"fr_FR\" \/>\n<meta property=\"og:type\" content=\"article\" \/>\n<meta property=\"og:title\" content=\"5x HDR 68 CONE | TR 68 TS 68 | Kaliber 68 BB Markierer Munition - Wolf Home Defense\" \/>\n<meta property=\"og:description\" content=\"Entdecken Sie die exklusive Killer Cone Hochleistungsmunition f\u00fcr den HDR68 Revolver: 5 wieder verwendbare Geschosse im Kaliber 68, hergestellt f\u00fcr maximale Pr\u00e4zision und Durchschlagskraft. Mit optimierter Form und angepasstem Gewicht f\u00fcr beeindruckende Geschwindigkeit und Schaden.\" \/>\n<meta property=\"og:url\" content=\"https:\/\/homedefense-ammo.de\/fr\/des-produits\/5x-hdr-68-meilleures-munitions\/\" \/>\n<meta property=\"og:site_name\" content=\"Wolf Home Defense\" \/>\n<meta property=\"article:modified_time\" content=\"2026-03-05T22:16:41+00:00\" \/>\n<meta property=\"og:image\" content=\"https:\/\/homedefense-ammo.de\/wp-content\/uploads\/2023\/12\/Wolf-30.jpg\" \/>\n\t<meta property=\"og:image:width\" content=\"1500\" \/>\n\t<meta property=\"og:image:height\" content=\"1500\" \/>\n\t<meta property=\"og:image:type\" content=\"image\/jpeg\" \/>\n<meta name=\"twitter:card\" content=\"summary_large_image\" \/>\n<meta name=\"twitter:label1\" content=\"Dur\u00e9e de lecture estim\u00e9e\" \/>\n\t<meta name=\"twitter:data1\" content=\"1 minute\" \/>\n<script type=\"application\/ld+json\" class=\"yoast-schema-graph\">{\"@context\":\"https:\/\/schema.org\",\"@graph\":[{\"@type\":\"WebPage\",\"@id\":\"https:\/\/homedefense-ammo.de\/products\/5x-hdr-68-beste-munition\/\",\"url\":\"https:\/\/homedefense-ammo.de\/products\/5x-hdr-68-beste-munition\/\",\"name\":\"5x HDR 68 CONE | TR 68 TS 68 | Kaliber 68 BB Markierer Munition - Wolf Home Defense\",\"isPartOf\":{\"@id\":\"https:\/\/homedefense-ammo.de\/#website\"},\"primaryImageOfPage\":{\"@id\":\"https:\/\/homedefense-ammo.de\/products\/5x-hdr-68-beste-munition\/#primaryimage\"},\"image\":{\"@id\":\"https:\/\/homedefense-ammo.de\/products\/5x-hdr-68-beste-munition\/#primaryimage\"},\"thumbnailUrl\":\"https:\/\/homedefense-ammo.de\/wp-content\/uploads\/2023\/12\/Wolf-30.jpg\",\"datePublished\":\"2023-12-04T15:25:00+00:00\",\"dateModified\":\"2026-03-05T22:16:41+00:00\",\"breadcrumb\":{\"@id\":\"https:\/\/homedefense-ammo.de\/products\/5x-hdr-68-beste-munition\/#breadcrumb\"},\"inLanguage\":\"fr-FR\",\"potentialAction\":[{\"@type\":\"ReadAction\",\"target\":[\"https:\/\/homedefense-ammo.de\/products\/5x-hdr-68-beste-munition\/\"]}]},{\"@type\":\"ImageObject\",\"inLanguage\":\"fr-FR\",\"@id\":\"https:\/\/homedefense-ammo.de\/products\/5x-hdr-68-beste-munition\/#primaryimage\",\"url\":\"https:\/\/homedefense-ammo.de\/wp-content\/uploads\/2023\/12\/Wolf-30.jpg\",\"contentUrl\":\"https:\/\/homedefense-ammo.de\/wp-content\/uploads\/2023\/12\/Wolf-30.jpg\",\"width\":1500,\"height\":1500},{\"@type\":\"BreadcrumbList\",\"@id\":\"https:\/\/homedefense-ammo.de\/products\/5x-hdr-68-beste-munition\/#breadcrumb\",\"itemListElement\":[{\"@type\":\"ListItem\",\"position\":1,\"name\":\"Startseite\",\"item\":\"https:\/\/homedefense-ammo.de\/\"},{\"@type\":\"ListItem\",\"position\":2,\"name\":\"Shop\",\"item\":\"https:\/\/homedefense-ammo.de\/shop\/\"},{\"@type\":\"ListItem\",\"position\":3,\"name\":\"5x HDR 68 CONE | TR 68 TS 68 | Kaliber 68 BB Markierer Munition\"}]},{\"@type\":\"WebSite\",\"@id\":\"https:\/\/homedefense-ammo.de\/#website\",\"url\":\"https:\/\/homedefense-ammo.de\/\",\"name\":\"Wolf Home Defense\",\"description\":\"Die Nr. 1 aus Deutschland\",\"publisher\":{\"@id\":\"https:\/\/homedefense-ammo.de\/#organization\"},\"potentialAction\":[{\"@type\":\"SearchAction\",\"target\":{\"@type\":\"EntryPoint\",\"urlTemplate\":\"https:\/\/homedefense-ammo.de\/?s={search_term_string}\"},\"query-input\":{\"@type\":\"PropertyValueSpecification\",\"valueRequired\":true,\"valueName\":\"search_term_string\"}}],\"inLanguage\":\"fr-FR\"},{\"@type\":\"Organization\",\"@id\":\"https:\/\/homedefense-ammo.de\/#organization\",\"name\":\"Wolf Home Defense\",\"url\":\"https:\/\/homedefense-ammo.de\/\",\"logo\":{\"@type\":\"ImageObject\",\"inLanguage\":\"fr-FR\",\"@id\":\"https:\/\/homedefense-ammo.de\/#\/schema\/logo\/image\/\",\"url\":\"https:\/\/homedefense-ammo.de\/wp-content\/uploads\/2023\/12\/Wolf_Logo-White.png\",\"contentUrl\":\"https:\/\/homedefense-ammo.de\/wp-content\/uploads\/2023\/12\/Wolf_Logo-White.png\",\"width\":1078,\"height\":624,\"caption\":\"Wolf Home Defense\"},\"image\":{\"@id\":\"https:\/\/homedefense-ammo.de\/#\/schema\/logo\/image\/\"}}]}<\/script>\n<!-- \/ Yoast SEO plugin. -->","yoast_head_json":{"title":"5x HDR 68 CONE | TR 68 TS 68 | Munitions pour marqueur BB calibre 68 - Wolf Home Defense","robots":{"index":"index","follow":"follow","max-snippet":"max-snippet:-1","max-image-preview":"max-image-preview:large","max-video-preview":"max-video-preview:-1"},"canonical":"https:\/\/homedefense-ammo.de\/fr\/des-produits\/5x-hdr-68-meilleures-munitions\/","og_locale":"fr_FR","og_type":"article","og_title":"5x HDR 68 CONE | TR 68 TS 68 | Kaliber 68 BB Markierer Munition - Wolf Home Defense","og_description":"Entdecken Sie die exklusive Killer Cone Hochleistungsmunition f\u00fcr den HDR68 Revolver: 5 wieder verwendbare Geschosse im Kaliber 68, hergestellt f\u00fcr maximale Pr\u00e4zision und Durchschlagskraft. Mit optimierter Form und angepasstem Gewicht f\u00fcr beeindruckende Geschwindigkeit und Schaden.","og_url":"https:\/\/homedefense-ammo.de\/fr\/des-produits\/5x-hdr-68-meilleures-munitions\/","og_site_name":"Wolf Home Defense","article_modified_time":"2026-03-05T22:16:41+00:00","og_image":[{"width":1500,"height":1500,"url":"https:\/\/homedefense-ammo.de\/wp-content\/uploads\/2023\/12\/Wolf-30.jpg","type":"image\/jpeg"}],"twitter_card":"summary_large_image","twitter_misc":{"Dur\u00e9e de lecture estim\u00e9e":"1 minute"},"schema":{"@context":"https:\/\/schema.org","@graph":[{"@type":"WebPage","@id":"https:\/\/homedefense-ammo.de\/products\/5x-hdr-68-beste-munition\/","url":"https:\/\/homedefense-ammo.de\/products\/5x-hdr-68-beste-munition\/","name":"5x HDR 68 CONE | TR 68 TS 68 | Munitions pour marqueur BB calibre 68 - Wolf Home Defense","isPartOf":{"@id":"https:\/\/homedefense-ammo.de\/#website"},"primaryImageOfPage":{"@id":"https:\/\/homedefense-ammo.de\/products\/5x-hdr-68-beste-munition\/#primaryimage"},"image":{"@id":"https:\/\/homedefense-ammo.de\/products\/5x-hdr-68-beste-munition\/#primaryimage"},"thumbnailUrl":"https:\/\/homedefense-ammo.de\/wp-content\/uploads\/2023\/12\/Wolf-30.jpg","datePublished":"2023-12-04T15:25:00+00:00","dateModified":"2026-03-05T22:16:41+00:00","breadcrumb":{"@id":"https:\/\/homedefense-ammo.de\/products\/5x-hdr-68-beste-munition\/#breadcrumb"},"inLanguage":"fr-FR","potentialAction":[{"@type":"ReadAction","target":["https:\/\/homedefense-ammo.de\/products\/5x-hdr-68-beste-munition\/"]}]},{"@type":"ImageObject","inLanguage":"fr-FR","@id":"https:\/\/homedefense-ammo.de\/products\/5x-hdr-68-beste-munition\/#primaryimage","url":"https:\/\/homedefense-ammo.de\/wp-content\/uploads\/2023\/12\/Wolf-30.jpg","contentUrl":"https:\/\/homedefense-ammo.de\/wp-content\/uploads\/2023\/12\/Wolf-30.jpg","width":1500,"height":1500},{"@type":"BreadcrumbList","@id":"https:\/\/homedefense-ammo.de\/products\/5x-hdr-68-beste-munition\/#breadcrumb","itemListElement":[{"@type":"ListItem","position":1,"name":"Startseite","item":"https:\/\/homedefense-ammo.de\/"},{"@type":"ListItem","position":2,"name":"Shop","item":"https:\/\/homedefense-ammo.de\/shop\/"},{"@type":"ListItem","position":3,"name":"5x HDR 68 CONE | TR 68 TS 68 | Kaliber 68 BB Markierer Munition"}]},{"@type":"WebSite","@id":"https:\/\/homedefense-ammo.de\/#website","url":"https:\/\/homedefense-ammo.de\/","name":"D\u00e9fense \u00e0 domicile des loups","description":"Le num\u00e9ro 1 d&#039;Allemagne","publisher":{"@id":"https:\/\/homedefense-ammo.de\/#organization"},"potentialAction":[{"@type":"SearchAction","target":{"@type":"EntryPoint","urlTemplate":"https:\/\/homedefense-ammo.de\/?s={search_term_string}"},"query-input":{"@type":"PropertyValueSpecification","valueRequired":true,"valueName":"search_term_string"}}],"inLanguage":"fr-FR"},{"@type":"Organization","@id":"https:\/\/homedefense-ammo.de\/#organization","name":"D\u00e9fense \u00e0 domicile des loups","url":"https:\/\/homedefense-ammo.de\/","logo":{"@type":"ImageObject","inLanguage":"fr-FR","@id":"https:\/\/homedefense-ammo.de\/#\/schema\/logo\/image\/","url":"https:\/\/homedefense-ammo.de\/wp-content\/uploads\/2023\/12\/Wolf_Logo-White.png","contentUrl":"https:\/\/homedefense-ammo.de\/wp-content\/uploads\/2023\/12\/Wolf_Logo-White.png","width":1078,"height":624,"caption":"Wolf Home Defense"},"image":{"@id":"https:\/\/homedefense-ammo.de\/#\/schema\/logo\/image\/"}}]}},"_links":{"self":[{"href":"https:\/\/homedefense-ammo.de\/fr\/wp-json\/wp\/v2\/product\/15868","targetHints":{"allow":["GET"]}}],"collection":[{"href":"https:\/\/homedefense-ammo.de\/fr\/wp-json\/wp\/v2\/product"}],"about":[{"href":"https:\/\/homedefense-ammo.de\/fr\/wp-json\/wp\/v2\/types\/product"}],"wp:featuredmedia":[{"embeddable":true,"href":"https:\/\/homedefense-ammo.de\/fr\/wp-json\/wp\/v2\/media\/16346"}],"wp:attachment":[{"href":"https:\/\/homedefense-ammo.de\/fr\/wp-json\/wp\/v2\/media?parent=15868"}],"wp:term":[{"taxonomy":"product_brand","embeddable":true,"href":"https:\/\/homedefense-ammo.de\/fr\/wp-json\/wp\/v2\/product_brand?post=15868"},{"taxonomy":"product_cat","embeddable":true,"href":"https:\/\/homedefense-ammo.de\/fr\/wp-json\/wp\/v2\/product_cat?post=15868"},{"taxonomy":"product_tag","embeddable":true,"href":"https:\/\/homedefense-ammo.de\/fr\/wp-json\/wp\/v2\/product_tag?post=15868"}],"curies":[{"name":"wp","href":"https:\/\/api.w.org\/{rel}","templated":true}]}}