{"id":15867,"date":"2023-12-04T17:25:00","date_gmt":"2023-12-04T15:25:00","guid":{"rendered":"https:\/\/wolf-homedefense-1973a03509d942429e87560d7637d535.tenants.eu1.wpcs.io\/?post_type=product&#038;p=15867"},"modified":"2026-01-13T12:51:10","modified_gmt":"2026-01-13T10:51:10","slug":"bouton-de-frappe-hdr-50-t4e-noir-umarex-cal-50-home-defense-pierce-cover","status":"publish","type":"product","link":"https:\/\/homedefense-ammo.de\/fr\/des-produits\/bouton-de-frappe-hdr-50-t4e-noir-umarex-cal-50-home-defense-pierce-cover\/","title":{"rendered":"BOUTON POIN\u00c7ON | HDR50 | NOIR | Calibre 50"},"content":{"rendered":"<p><strong>BOUTON POIN\u00c7ON | HDR50 | NOIR | Cal.50 | D\u00c9FENSE \u00c0 DOMICILE<\/strong><\/p>\n<p>Faites l&#039;exp\u00e9rience d&#039;un confort maximal et d&#039;une fonctionnalit\u00e9 am\u00e9lior\u00e9e avec notre PUNCH BUTTON pour le HDR 50. D\u00e9velopp\u00e9 \u00e0 partir de plastique Greentec robuste d&#039;un noir \u00e9l\u00e9gant, ce bouton-poussoir offre non seulement un look attrayant, mais \u00e9galement des performances exceptionnelles dans le domaine de la d\u00e9fense du domicile.<\/p>\n<p><strong>D\u00e9tails du produit:<\/strong><\/p>\n<ul>\n<li><strong>Convient au HDR 50\u00a0:<\/strong> Con\u00e7u sp\u00e9cifiquement pour le HDR 50, le PUNCH BUTTON s&#039;adapte parfaitement pour optimiser votre exp\u00e9rience.<\/li>\n<li><strong>Mat\u00e9riau : Plastique Greentec :<\/strong> Fabriqu\u00e9 \u00e0 partir de plastique Greentec de haute qualit\u00e9, le PUNCH BUTTON offre durabilit\u00e9 et fiabilit\u00e9.<\/li>\n<li><strong>La couleur noire:<\/strong> Fini dans un noir \u00e9l\u00e9gant, le PUNCH BUTTON s&#039;int\u00e8gre parfaitement dans le design de votre HDR 50.<\/li>\n<li><strong>R\u00e9sistance \u00e0 la chaleur jusqu&#039;\u00e0 140 degr\u00e9s :<\/strong> Le PUNCH BUTTON reste fonctionnel m\u00eame dans des conditions de chaleur allant jusqu&#039;\u00e0 140 degr\u00e9s.<\/li>\n<\/ul>\n<p><strong>Caract\u00e9ristiques:<\/strong><\/p>\n<ul>\n<li><strong>Ouverture\/fermeture pratique :<\/strong> Profitez d&#039;une ouverture et d&#039;une fermeture confortables du bouton-poussoir pour un fonctionnement sans effort.<\/li>\n<li><strong>Per\u00e7age plus agr\u00e9able de la capsule CO\u2082 :<\/strong> La plus grande surface de contact permet de percer la capsule CO\u2082 plus confortablement pour une utilisation efficace.<\/li>\n<li><strong>Assemblage permanent :<\/strong> Le PUNCH BUTTON peut rester mont\u00e9 de mani\u00e8re permanente car un accent particulier a \u00e9t\u00e9 mis sur un design cool. Le bouton rond est recouvert, cr\u00e9ant un aspect r\u00e9aliste par rapport au revolver d&#039;origine. Une vid\u00e9o montre \u00e0 quel point il est facile \u00e0 assembler.<\/li>\n<\/ul>\n<p>Choisissez le PUNCH BUTTON pour lib\u00e9rer tout le potentiel de votre HDR 50. La fonctionnalit\u00e9 am\u00e9lior\u00e9e rencontre un design \u00e9l\u00e9gant pour une exp\u00e9rience de d\u00e9fense \u00e0 domicile r\u00e9aliste et efficace.<\/p>\n<p>Cet article est l\u00e9gal en Allemagne et ne n\u00e9cessite aucune autorisation particuli\u00e8re. Les ventes s&#039;effectuent uniquement aux personnes \u00e2g\u00e9es de 18 ans et plus, avec v\u00e9rification de l&#039;\u00e2ge au moment du paiement et \u00e0 la livraison. L&#039;acheteur est tenu de respecter les dispositions l\u00e9gales concernant la possession, le transport et l&#039;utilisation. Toute utilisation de ces munitions contre des personnes ou des animaux est strictement interdite et pourra donner lieu \u00e0 des poursuites p\u00e9nales. Le vendeur n&#039;est pas responsable de toute mauvaise utilisation ou utilisation ill\u00e9gale du produit.<\/p>","protected":false},"excerpt":{"rendered":"<p>Optimisez votre HDR 50 avec le PUNCH BUTTON en noir \u00e9l\u00e9gant. Fabriqu\u00e9 \u00e0 partir de plastique Greentec robuste, ce bouton am\u00e9liore non seulement l&#039;apparence mais \u00e9galement la fonctionnalit\u00e9 de votre \u00e9quipement de d\u00e9fense domestique.<\/p>","protected":false},"featured_media":16352,"template":"","meta":[],"product_brand":[],"product_cat":[103,145,96],"product_tag":[18,20,21,22,23,24,26,34,27,29,30,31],"class_list":{"0":"post-15867","1":"product","2":"type-product","3":"status-publish","4":"has-post-thumbnail","6":"product_cat-hdr50","7":"product_cat-zubehoer","8":"product_cat-kal50","9":"product_tag-ab-18-jahren","10":"product_tag-ammunation","11":"product_tag-cal-50","12":"product_tag-co2","13":"product_tag-freie-waffen","14":"product_tag-hdr","15":"product_tag-heimverteidigung","16":"product_tag-home-defense","17":"product_tag-kaliber-50","18":"product_tag-ohne-waffenschein","19":"product_tag-prepper","20":"product_tag-selbstverteidigung","21":"pa_passend-fuer-hdr-50","23":"first","24":"instock","25":"taxable","26":"shipping-taxable","27":"purchasable","28":"product-type-variable"},"yoast_head":"<!-- This site is optimized with the Yoast SEO plugin v26.2 - https:\/\/yoast.com\/wordpress\/plugins\/seo\/ -->\n<title>PUNCH BUTTON | HDR 50 | SCHWARZ | Kaliber 50 - Wolf Home Defense<\/title>\n<meta name=\"robots\" content=\"index, follow, max-snippet:-1, max-image-preview:large, max-video-preview:-1\" \/>\n<link rel=\"canonical\" href=\"https:\/\/homedefense-ammo.de\/fr\/des-produits\/bouton-de-frappe-hdr-50-t4e-noir-umarex-cal-50-home-defense-pierce-cover\/\" \/>\n<meta property=\"og:locale\" content=\"fr_FR\" \/>\n<meta property=\"og:type\" content=\"article\" \/>\n<meta property=\"og:title\" content=\"PUNCH BUTTON | HDR 50 | SCHWARZ | Kaliber 50 - Wolf Home Defense\" \/>\n<meta property=\"og:description\" content=\"Optimieren Sie Ihre HDR 50 mit dem PUNCH BUTTON in elegantem Schwarz. Dieser aus robustem Kunststoff Greentec gefertigte Knopf verbessert nicht nur die Optik, sondern auch die Funktionalit\u00e4t Ihrer Home Defence Ausr\u00fcstung.\" \/>\n<meta property=\"og:url\" content=\"https:\/\/homedefense-ammo.de\/fr\/des-produits\/bouton-de-frappe-hdr-50-t4e-noir-umarex-cal-50-home-defense-pierce-cover\/\" \/>\n<meta property=\"og:site_name\" content=\"Wolf Home Defense\" \/>\n<meta property=\"article:modified_time\" content=\"2026-01-13T10:51:10+00:00\" \/>\n<meta property=\"og:image\" content=\"https:\/\/homedefense-ammo.de\/wp-content\/uploads\/2023\/12\/Wolf-43.jpg\" \/>\n\t<meta property=\"og:image:width\" content=\"1500\" \/>\n\t<meta property=\"og:image:height\" content=\"1500\" \/>\n\t<meta property=\"og:image:type\" content=\"image\/jpeg\" \/>\n<meta name=\"twitter:card\" content=\"summary_large_image\" \/>\n<meta name=\"twitter:label1\" content=\"Dur\u00e9e de lecture estim\u00e9e\" \/>\n\t<meta name=\"twitter:data1\" content=\"2 minutes\" \/>\n<script type=\"application\/ld+json\" class=\"yoast-schema-graph\">{\"@context\":\"https:\/\/schema.org\",\"@graph\":[{\"@type\":\"WebPage\",\"@id\":\"https:\/\/homedefense-ammo.de\/products\/punch-button-hdr-50-t4e-schwarz-umarex-cal-50-home-defense-pierce-cover\/\",\"url\":\"https:\/\/homedefense-ammo.de\/products\/punch-button-hdr-50-t4e-schwarz-umarex-cal-50-home-defense-pierce-cover\/\",\"name\":\"PUNCH BUTTON | HDR 50 | SCHWARZ | Kaliber 50 - Wolf Home Defense\",\"isPartOf\":{\"@id\":\"https:\/\/homedefense-ammo.de\/#website\"},\"primaryImageOfPage\":{\"@id\":\"https:\/\/homedefense-ammo.de\/products\/punch-button-hdr-50-t4e-schwarz-umarex-cal-50-home-defense-pierce-cover\/#primaryimage\"},\"image\":{\"@id\":\"https:\/\/homedefense-ammo.de\/products\/punch-button-hdr-50-t4e-schwarz-umarex-cal-50-home-defense-pierce-cover\/#primaryimage\"},\"thumbnailUrl\":\"https:\/\/homedefense-ammo.de\/wp-content\/uploads\/2023\/12\/Wolf-43.jpg\",\"datePublished\":\"2023-12-04T15:25:00+00:00\",\"dateModified\":\"2026-01-13T10:51:10+00:00\",\"breadcrumb\":{\"@id\":\"https:\/\/homedefense-ammo.de\/products\/punch-button-hdr-50-t4e-schwarz-umarex-cal-50-home-defense-pierce-cover\/#breadcrumb\"},\"inLanguage\":\"fr-FR\",\"potentialAction\":[{\"@type\":\"ReadAction\",\"target\":[\"https:\/\/homedefense-ammo.de\/products\/punch-button-hdr-50-t4e-schwarz-umarex-cal-50-home-defense-pierce-cover\/\"]}]},{\"@type\":\"ImageObject\",\"inLanguage\":\"fr-FR\",\"@id\":\"https:\/\/homedefense-ammo.de\/products\/punch-button-hdr-50-t4e-schwarz-umarex-cal-50-home-defense-pierce-cover\/#primaryimage\",\"url\":\"https:\/\/homedefense-ammo.de\/wp-content\/uploads\/2023\/12\/Wolf-43.jpg\",\"contentUrl\":\"https:\/\/homedefense-ammo.de\/wp-content\/uploads\/2023\/12\/Wolf-43.jpg\",\"width\":1500,\"height\":1500},{\"@type\":\"BreadcrumbList\",\"@id\":\"https:\/\/homedefense-ammo.de\/products\/punch-button-hdr-50-t4e-schwarz-umarex-cal-50-home-defense-pierce-cover\/#breadcrumb\",\"itemListElement\":[{\"@type\":\"ListItem\",\"position\":1,\"name\":\"Startseite\",\"item\":\"https:\/\/homedefense-ammo.de\/\"},{\"@type\":\"ListItem\",\"position\":2,\"name\":\"Shop\",\"item\":\"https:\/\/homedefense-ammo.de\/shop\/\"},{\"@type\":\"ListItem\",\"position\":3,\"name\":\"PUNCH BUTTON | HDR 50 | SCHWARZ | Kaliber 50\"}]},{\"@type\":\"WebSite\",\"@id\":\"https:\/\/homedefense-ammo.de\/#website\",\"url\":\"https:\/\/homedefense-ammo.de\/\",\"name\":\"Wolf Home Defense\",\"description\":\"Die Nr. 1 aus Deutschland\",\"publisher\":{\"@id\":\"https:\/\/homedefense-ammo.de\/#organization\"},\"potentialAction\":[{\"@type\":\"SearchAction\",\"target\":{\"@type\":\"EntryPoint\",\"urlTemplate\":\"https:\/\/homedefense-ammo.de\/?s={search_term_string}\"},\"query-input\":{\"@type\":\"PropertyValueSpecification\",\"valueRequired\":true,\"valueName\":\"search_term_string\"}}],\"inLanguage\":\"fr-FR\"},{\"@type\":\"Organization\",\"@id\":\"https:\/\/homedefense-ammo.de\/#organization\",\"name\":\"Wolf Home Defense\",\"url\":\"https:\/\/homedefense-ammo.de\/\",\"logo\":{\"@type\":\"ImageObject\",\"inLanguage\":\"fr-FR\",\"@id\":\"https:\/\/homedefense-ammo.de\/#\/schema\/logo\/image\/\",\"url\":\"https:\/\/homedefense-ammo.de\/wp-content\/uploads\/2023\/12\/Wolf_Logo-White.png\",\"contentUrl\":\"https:\/\/homedefense-ammo.de\/wp-content\/uploads\/2023\/12\/Wolf_Logo-White.png\",\"width\":1078,\"height\":624,\"caption\":\"Wolf Home Defense\"},\"image\":{\"@id\":\"https:\/\/homedefense-ammo.de\/#\/schema\/logo\/image\/\"}}]}<\/script>\n<!-- \/ Yoast SEO plugin. -->","yoast_head_json":{"title":"POIN\u00c7ON | HDR 50 | NOIR | Calibre 50 - Wolf Home Defense","robots":{"index":"index","follow":"follow","max-snippet":"max-snippet:-1","max-image-preview":"max-image-preview:large","max-video-preview":"max-video-preview:-1"},"canonical":"https:\/\/homedefense-ammo.de\/fr\/des-produits\/bouton-de-frappe-hdr-50-t4e-noir-umarex-cal-50-home-defense-pierce-cover\/","og_locale":"fr_FR","og_type":"article","og_title":"PUNCH BUTTON | HDR 50 | SCHWARZ | Kaliber 50 - Wolf Home Defense","og_description":"Optimieren Sie Ihre HDR 50 mit dem PUNCH BUTTON in elegantem Schwarz. Dieser aus robustem Kunststoff Greentec gefertigte Knopf verbessert nicht nur die Optik, sondern auch die Funktionalit\u00e4t Ihrer Home Defence Ausr\u00fcstung.","og_url":"https:\/\/homedefense-ammo.de\/fr\/des-produits\/bouton-de-frappe-hdr-50-t4e-noir-umarex-cal-50-home-defense-pierce-cover\/","og_site_name":"Wolf Home Defense","article_modified_time":"2026-01-13T10:51:10+00:00","og_image":[{"width":1500,"height":1500,"url":"https:\/\/homedefense-ammo.de\/wp-content\/uploads\/2023\/12\/Wolf-43.jpg","type":"image\/jpeg"}],"twitter_card":"summary_large_image","twitter_misc":{"Dur\u00e9e de lecture estim\u00e9e":"2 minutes"},"schema":{"@context":"https:\/\/schema.org","@graph":[{"@type":"WebPage","@id":"https:\/\/homedefense-ammo.de\/products\/punch-button-hdr-50-t4e-schwarz-umarex-cal-50-home-defense-pierce-cover\/","url":"https:\/\/homedefense-ammo.de\/products\/punch-button-hdr-50-t4e-schwarz-umarex-cal-50-home-defense-pierce-cover\/","name":"POIN\u00c7ON | HDR 50 | NOIR | Calibre 50 - Wolf Home Defense","isPartOf":{"@id":"https:\/\/homedefense-ammo.de\/#website"},"primaryImageOfPage":{"@id":"https:\/\/homedefense-ammo.de\/products\/punch-button-hdr-50-t4e-schwarz-umarex-cal-50-home-defense-pierce-cover\/#primaryimage"},"image":{"@id":"https:\/\/homedefense-ammo.de\/products\/punch-button-hdr-50-t4e-schwarz-umarex-cal-50-home-defense-pierce-cover\/#primaryimage"},"thumbnailUrl":"https:\/\/homedefense-ammo.de\/wp-content\/uploads\/2023\/12\/Wolf-43.jpg","datePublished":"2023-12-04T15:25:00+00:00","dateModified":"2026-01-13T10:51:10+00:00","breadcrumb":{"@id":"https:\/\/homedefense-ammo.de\/products\/punch-button-hdr-50-t4e-schwarz-umarex-cal-50-home-defense-pierce-cover\/#breadcrumb"},"inLanguage":"fr-FR","potentialAction":[{"@type":"ReadAction","target":["https:\/\/homedefense-ammo.de\/products\/punch-button-hdr-50-t4e-schwarz-umarex-cal-50-home-defense-pierce-cover\/"]}]},{"@type":"ImageObject","inLanguage":"fr-FR","@id":"https:\/\/homedefense-ammo.de\/products\/punch-button-hdr-50-t4e-schwarz-umarex-cal-50-home-defense-pierce-cover\/#primaryimage","url":"https:\/\/homedefense-ammo.de\/wp-content\/uploads\/2023\/12\/Wolf-43.jpg","contentUrl":"https:\/\/homedefense-ammo.de\/wp-content\/uploads\/2023\/12\/Wolf-43.jpg","width":1500,"height":1500},{"@type":"BreadcrumbList","@id":"https:\/\/homedefense-ammo.de\/products\/punch-button-hdr-50-t4e-schwarz-umarex-cal-50-home-defense-pierce-cover\/#breadcrumb","itemListElement":[{"@type":"ListItem","position":1,"name":"Startseite","item":"https:\/\/homedefense-ammo.de\/"},{"@type":"ListItem","position":2,"name":"Shop","item":"https:\/\/homedefense-ammo.de\/shop\/"},{"@type":"ListItem","position":3,"name":"PUNCH BUTTON | HDR 50 | SCHWARZ | Kaliber 50"}]},{"@type":"WebSite","@id":"https:\/\/homedefense-ammo.de\/#website","url":"https:\/\/homedefense-ammo.de\/","name":"D\u00e9fense \u00e0 domicile des loups","description":"Le num\u00e9ro 1 d&#039;Allemagne","publisher":{"@id":"https:\/\/homedefense-ammo.de\/#organization"},"potentialAction":[{"@type":"SearchAction","target":{"@type":"EntryPoint","urlTemplate":"https:\/\/homedefense-ammo.de\/?s={search_term_string}"},"query-input":{"@type":"PropertyValueSpecification","valueRequired":true,"valueName":"search_term_string"}}],"inLanguage":"fr-FR"},{"@type":"Organization","@id":"https:\/\/homedefense-ammo.de\/#organization","name":"D\u00e9fense \u00e0 domicile des loups","url":"https:\/\/homedefense-ammo.de\/","logo":{"@type":"ImageObject","inLanguage":"fr-FR","@id":"https:\/\/homedefense-ammo.de\/#\/schema\/logo\/image\/","url":"https:\/\/homedefense-ammo.de\/wp-content\/uploads\/2023\/12\/Wolf_Logo-White.png","contentUrl":"https:\/\/homedefense-ammo.de\/wp-content\/uploads\/2023\/12\/Wolf_Logo-White.png","width":1078,"height":624,"caption":"Wolf Home Defense"},"image":{"@id":"https:\/\/homedefense-ammo.de\/#\/schema\/logo\/image\/"}}]}},"_links":{"self":[{"href":"https:\/\/homedefense-ammo.de\/fr\/wp-json\/wp\/v2\/product\/15867","targetHints":{"allow":["GET"]}}],"collection":[{"href":"https:\/\/homedefense-ammo.de\/fr\/wp-json\/wp\/v2\/product"}],"about":[{"href":"https:\/\/homedefense-ammo.de\/fr\/wp-json\/wp\/v2\/types\/product"}],"wp:featuredmedia":[{"embeddable":true,"href":"https:\/\/homedefense-ammo.de\/fr\/wp-json\/wp\/v2\/media\/16352"}],"wp:attachment":[{"href":"https:\/\/homedefense-ammo.de\/fr\/wp-json\/wp\/v2\/media?parent=15867"}],"wp:term":[{"taxonomy":"product_brand","embeddable":true,"href":"https:\/\/homedefense-ammo.de\/fr\/wp-json\/wp\/v2\/product_brand?post=15867"},{"taxonomy":"product_cat","embeddable":true,"href":"https:\/\/homedefense-ammo.de\/fr\/wp-json\/wp\/v2\/product_cat?post=15867"},{"taxonomy":"product_tag","embeddable":true,"href":"https:\/\/homedefense-ammo.de\/fr\/wp-json\/wp\/v2\/product_tag?post=15867"}],"curies":[{"name":"wp","href":"https:\/\/api.w.org\/{rel}","templated":true}]}}