{"id":15861,"date":"2023-12-04T17:25:00","date_gmt":"2023-12-04T15:25:00","guid":{"rendered":"https:\/\/wolf-homedefense-1973a03509d942429e87560d7637d535.tenants.eu1.wpcs.io\/?post_type=product&#038;p=15861"},"modified":"2026-02-19T00:33:46","modified_gmt":"2026-02-18T22:33:46","slug":"50x-bullpup-wallbreaker-massif-aea-challenger","status":"publish","type":"product","link":"https:\/\/homedefense-ammo.de\/fr\/des-produits\/50x-bullpup-wallbreaker-massif-aea-challenger\/","title":{"rendered":"50x Munitions Massiv Wallbreaker AEA Challenger Bullpup\/Megalodon BB | Calibre 50"},"content":{"rendered":"<p><strong>NOUVEAU : MUNITIONS BRISE-VITRE SOLIDES 50 pi\u00e8ces calibre 50<\/strong><\/p>\n<p>D\u00e9couvrez une pr\u00e9cision exceptionnelle et des performances \u00e0 grande vitesse avec nos toutes nouvelles munitions Massiv Glasbreaker en calibre 50. L&#039;ensemble contient 50 balles hautes performances, sp\u00e9cialement d\u00e9velopp\u00e9es pour l&#039;AEA Challenger Bullpup.<\/p>\n<p><strong>Points forts du produit\u00a0:<\/strong><\/p>\n<ul>\n<li><strong>Balles ultra rapides (Cal.50)\u00a0:<\/strong> Nos munitions \u00e9tablissent de nouvelles normes en mati\u00e8re de r\u00e9sultats \u00e0 grande vitesse gr\u00e2ce \u00e0 un processus de fabrication innovant. Profitez de performances impressionnantes qui d\u00e9passeront vos attentes.<\/li>\n<li><strong>Balles Stealth Core de 8 mm\u00a0:<\/strong> D\u00e9velopp\u00e9es pour l&#039;AEA Challenger Bullpup, les balles Stealth Core de 8 mm offrent une combinaison unique de pr\u00e9cision et de puissance de p\u00e9n\u00e9tration. Fini les munitions de mauvaise qualit\u00e9 !<\/li>\n<li><strong>Forme de type diabolo et poids ajust\u00e9 :<\/strong> Gr\u00e2ce \u00e0 leur forme diabolo et \u00e0 leur poids optimis\u00e9, ces balles atteignent une vitesse exceptionnelle. Aucun ballon conventionnel ne peut suivre le rythme.<\/li>\n<\/ul>\n<p><strong>Pourquoi nos munitions ?<\/strong><\/p>\n<ul>\n<li><strong>Optimis\u00e9 pour AEA Challenger Bullpup\u00a0:<\/strong> D\u00e9velopp\u00e9es sp\u00e9cifiquement pour l&#039;AEA Challenger Bullpup, nos balles HSSC comblent le manque de munitions de haute qualit\u00e9.<\/li>\n<li><strong>La s\u00e9curit\u00e9 d&#039;abord:<\/strong> D\u00e9velopp\u00e9es exclusivement pour l&#039;AEA Challenger Bullpup, nous garantissons que nos munitions sont uniquement adapt\u00e9es \u00e0 cette carabine \u00e0 air comprim\u00e9.<\/li>\n<\/ul>\n<p><strong>Donn\u00e9es techniques:<\/strong><\/p>\n<ul>\n<li><strong>Calibre:<\/strong> Cal. 50<\/li>\n<li><strong>Longueur:<\/strong> 10mm<\/li>\n<li><strong>Poids:<\/strong> environ 2,8 grammes<\/li>\n<li><strong>Mat\u00e9riel:<\/strong> Plastique\/acier<\/li>\n<\/ul>\n<p><strong>Contenu de la livraison :<\/strong><\/p>\n<ul>\n<li>50 balles hautes performances dans une couleur cuivre noble (Le tambour illustr\u00e9 n&#039;est pas inclus dans la livraison.)<\/li>\n<\/ul>\n<p>Nous serons heureux de r\u00e9pondre \u00e0 toutes vos questions ou demandes de renseignements. Contactez-nous simplement par email (voir mentions l\u00e9gales).<\/p>\n<p><strong>Ces balles sont express\u00e9ment destin\u00e9es au tir amusant sur des cibles appropri\u00e9es. Ne tirez jamais sur des personnes ou des animaux\u00a0!<\/strong><\/p>\n<p>&nbsp;<\/p>\n<p>Cet article est l\u00e9gal en Allemagne et ne n\u00e9cessite aucune autorisation particuli\u00e8re. Les ventes s&#039;effectuent uniquement aux personnes \u00e2g\u00e9es de 18 ans et plus, avec v\u00e9rification de l&#039;\u00e2ge au moment du paiement et \u00e0 la livraison. L&#039;acheteur est tenu de respecter les dispositions l\u00e9gales concernant la possession, le transport et l&#039;utilisation. Toute utilisation de ces munitions contre des personnes ou des animaux est strictement interdite et pourra donner lieu \u00e0 des poursuites p\u00e9nales. Le vendeur n&#039;est pas responsable de toute mauvaise utilisation ou utilisation ill\u00e9gale du produit.<\/p>","protected":false},"excerpt":{"rendered":"<p>D\u00e9couvrez les munitions r\u00e9volutionnaires Massiv Glasbreaker en calibre .50, un ensemble de 50 balles haute performance sp\u00e9cialement con\u00e7ues pour le fusil bullpup AEA Challenger. Gr\u00e2ce \u00e0 des techniques de fabrication innovantes, ces balles ultra-rapides offrent une pr\u00e9cision et une vitesse in\u00e9gal\u00e9es.<\/p>","protected":false},"featured_media":16342,"template":"","meta":[],"product_brand":[],"product_cat":[96,104],"product_tag":[28,29,30,33,34,20,21,23,27],"class_list":{"0":"post-15861","1":"product","2":"type-product","3":"status-publish","4":"has-post-thumbnail","6":"product_cat-kal50","7":"product_cat-aea_challenger_bullpup","8":"product_tag-munition","9":"product_tag-ohne-waffenschein","10":"product_tag-prepper","11":"product_tag-aea-challenger-bullpup","12":"product_tag-home-defense","13":"product_tag-ammunation","14":"product_tag-cal-50","15":"product_tag-freie-waffen","16":"product_tag-kaliber-50","17":"pa_passend-fuer-aea-challenger-bullpup","19":"first","20":"instock","21":"sale","22":"taxable","23":"shipping-taxable","24":"purchasable","25":"product-type-simple"},"yoast_head":"<!-- This site is optimized with the Yoast SEO plugin v26.2 - https:\/\/yoast.com\/wordpress\/plugins\/seo\/ -->\n<title>50x Massiv Wallbreaker AEA Challenger Bullpup\/ Megalodon BB Munition |\u00a0Kaliber 50 - Wolf Home Defense<\/title>\n<meta name=\"robots\" content=\"index, follow, max-snippet:-1, max-image-preview:large, max-video-preview:-1\" \/>\n<link rel=\"canonical\" href=\"https:\/\/homedefense-ammo.de\/fr\/des-produits\/50x-bullpup-wallbreaker-massif-aea-challenger\/\" \/>\n<meta property=\"og:locale\" content=\"fr_FR\" \/>\n<meta property=\"og:type\" content=\"article\" \/>\n<meta property=\"og:title\" content=\"50x Massiv Wallbreaker AEA Challenger Bullpup\/ Megalodon BB Munition |\u00a0Kaliber 50 - Wolf Home Defense\" \/>\n<meta property=\"og:description\" content=\"Entdecken Sie die revolution\u00e4re Massiv Glasbreaker Munition im Kaliber 50, ein Set aus 50 Hochleistungs-Geschossen, speziell f\u00fcr den AEA Challenger Bullpup entwickelt. Diese Ultra Speed Geschosse bieten dank innovativer Herstellungstechniken eine un\u00fcbertroffene Pr\u00e4zision und Geschwindigkeit.\" \/>\n<meta property=\"og:url\" content=\"https:\/\/homedefense-ammo.de\/fr\/des-produits\/50x-bullpup-wallbreaker-massif-aea-challenger\/\" \/>\n<meta property=\"og:site_name\" content=\"Wolf Home Defense\" \/>\n<meta property=\"article:modified_time\" content=\"2026-02-18T22:33:46+00:00\" \/>\n<meta property=\"og:image\" content=\"https:\/\/homedefense-ammo.de\/wp-content\/uploads\/2023\/12\/Wolf-3-1.jpg\" \/>\n\t<meta property=\"og:image:width\" content=\"1500\" \/>\n\t<meta property=\"og:image:height\" content=\"1500\" \/>\n\t<meta property=\"og:image:type\" content=\"image\/jpeg\" \/>\n<meta name=\"twitter:card\" content=\"summary_large_image\" \/>\n<meta name=\"twitter:label1\" content=\"Dur\u00e9e de lecture estim\u00e9e\" \/>\n\t<meta name=\"twitter:data1\" content=\"2 minutes\" \/>\n<script type=\"application\/ld+json\" class=\"yoast-schema-graph\">{\"@context\":\"https:\/\/schema.org\",\"@graph\":[{\"@type\":\"WebPage\",\"@id\":\"https:\/\/homedefense-ammo.de\/products\/50x-massiv-wallbreaker-aea-challenger-bullpup\/\",\"url\":\"https:\/\/homedefense-ammo.de\/products\/50x-massiv-wallbreaker-aea-challenger-bullpup\/\",\"name\":\"50x Massiv Wallbreaker AEA Challenger Bullpup\/ Megalodon BB Munition |\u00a0Kaliber 50 - Wolf Home Defense\",\"isPartOf\":{\"@id\":\"https:\/\/homedefense-ammo.de\/#website\"},\"primaryImageOfPage\":{\"@id\":\"https:\/\/homedefense-ammo.de\/products\/50x-massiv-wallbreaker-aea-challenger-bullpup\/#primaryimage\"},\"image\":{\"@id\":\"https:\/\/homedefense-ammo.de\/products\/50x-massiv-wallbreaker-aea-challenger-bullpup\/#primaryimage\"},\"thumbnailUrl\":\"https:\/\/homedefense-ammo.de\/wp-content\/uploads\/2023\/12\/Wolf-3-1.jpg\",\"datePublished\":\"2023-12-04T15:25:00+00:00\",\"dateModified\":\"2026-02-18T22:33:46+00:00\",\"breadcrumb\":{\"@id\":\"https:\/\/homedefense-ammo.de\/products\/50x-massiv-wallbreaker-aea-challenger-bullpup\/#breadcrumb\"},\"inLanguage\":\"fr-FR\",\"potentialAction\":[{\"@type\":\"ReadAction\",\"target\":[\"https:\/\/homedefense-ammo.de\/products\/50x-massiv-wallbreaker-aea-challenger-bullpup\/\"]}]},{\"@type\":\"ImageObject\",\"inLanguage\":\"fr-FR\",\"@id\":\"https:\/\/homedefense-ammo.de\/products\/50x-massiv-wallbreaker-aea-challenger-bullpup\/#primaryimage\",\"url\":\"https:\/\/homedefense-ammo.de\/wp-content\/uploads\/2023\/12\/Wolf-3-1.jpg\",\"contentUrl\":\"https:\/\/homedefense-ammo.de\/wp-content\/uploads\/2023\/12\/Wolf-3-1.jpg\",\"width\":1500,\"height\":1500},{\"@type\":\"BreadcrumbList\",\"@id\":\"https:\/\/homedefense-ammo.de\/products\/50x-massiv-wallbreaker-aea-challenger-bullpup\/#breadcrumb\",\"itemListElement\":[{\"@type\":\"ListItem\",\"position\":1,\"name\":\"Startseite\",\"item\":\"https:\/\/homedefense-ammo.de\/\"},{\"@type\":\"ListItem\",\"position\":2,\"name\":\"Shop\",\"item\":\"https:\/\/homedefense-ammo.de\/shop\/\"},{\"@type\":\"ListItem\",\"position\":3,\"name\":\"50x Massiv Wallbreaker AEA Challenger Bullpup\/ Megalodon BB Munition |\u00a0Kaliber 50\"}]},{\"@type\":\"WebSite\",\"@id\":\"https:\/\/homedefense-ammo.de\/#website\",\"url\":\"https:\/\/homedefense-ammo.de\/\",\"name\":\"Wolf Home Defense\",\"description\":\"Die Nr. 1 aus Deutschland\",\"publisher\":{\"@id\":\"https:\/\/homedefense-ammo.de\/#organization\"},\"potentialAction\":[{\"@type\":\"SearchAction\",\"target\":{\"@type\":\"EntryPoint\",\"urlTemplate\":\"https:\/\/homedefense-ammo.de\/?s={search_term_string}\"},\"query-input\":{\"@type\":\"PropertyValueSpecification\",\"valueRequired\":true,\"valueName\":\"search_term_string\"}}],\"inLanguage\":\"fr-FR\"},{\"@type\":\"Organization\",\"@id\":\"https:\/\/homedefense-ammo.de\/#organization\",\"name\":\"Wolf Home Defense\",\"url\":\"https:\/\/homedefense-ammo.de\/\",\"logo\":{\"@type\":\"ImageObject\",\"inLanguage\":\"fr-FR\",\"@id\":\"https:\/\/homedefense-ammo.de\/#\/schema\/logo\/image\/\",\"url\":\"https:\/\/homedefense-ammo.de\/wp-content\/uploads\/2023\/12\/Wolf_Logo-White.png\",\"contentUrl\":\"https:\/\/homedefense-ammo.de\/wp-content\/uploads\/2023\/12\/Wolf_Logo-White.png\",\"width\":1078,\"height\":624,\"caption\":\"Wolf Home Defense\"},\"image\":{\"@id\":\"https:\/\/homedefense-ammo.de\/#\/schema\/logo\/image\/\"}}]}<\/script>\n<!-- \/ Yoast SEO plugin. -->","yoast_head_json":{"title":"50 munitions BB Massiv Wallbreaker AEA Challenger Bullpup\/Megalalodon | Calibre 50 - Wolf Home Defense","robots":{"index":"index","follow":"follow","max-snippet":"max-snippet:-1","max-image-preview":"max-image-preview:large","max-video-preview":"max-video-preview:-1"},"canonical":"https:\/\/homedefense-ammo.de\/fr\/des-produits\/50x-bullpup-wallbreaker-massif-aea-challenger\/","og_locale":"fr_FR","og_type":"article","og_title":"50x Massiv Wallbreaker AEA Challenger Bullpup\/ Megalodon BB Munition |\u00a0Kaliber 50 - Wolf Home Defense","og_description":"Entdecken Sie die revolution\u00e4re Massiv Glasbreaker Munition im Kaliber 50, ein Set aus 50 Hochleistungs-Geschossen, speziell f\u00fcr den AEA Challenger Bullpup entwickelt. Diese Ultra Speed Geschosse bieten dank innovativer Herstellungstechniken eine un\u00fcbertroffene Pr\u00e4zision und Geschwindigkeit.","og_url":"https:\/\/homedefense-ammo.de\/fr\/des-produits\/50x-bullpup-wallbreaker-massif-aea-challenger\/","og_site_name":"Wolf Home Defense","article_modified_time":"2026-02-18T22:33:46+00:00","og_image":[{"width":1500,"height":1500,"url":"https:\/\/homedefense-ammo.de\/wp-content\/uploads\/2023\/12\/Wolf-3-1.jpg","type":"image\/jpeg"}],"twitter_card":"summary_large_image","twitter_misc":{"Dur\u00e9e de lecture estim\u00e9e":"2 minutes"},"schema":{"@context":"https:\/\/schema.org","@graph":[{"@type":"WebPage","@id":"https:\/\/homedefense-ammo.de\/products\/50x-massiv-wallbreaker-aea-challenger-bullpup\/","url":"https:\/\/homedefense-ammo.de\/products\/50x-massiv-wallbreaker-aea-challenger-bullpup\/","name":"50 munitions BB Massiv Wallbreaker AEA Challenger Bullpup\/Megalalodon | Calibre 50 - Wolf Home Defense","isPartOf":{"@id":"https:\/\/homedefense-ammo.de\/#website"},"primaryImageOfPage":{"@id":"https:\/\/homedefense-ammo.de\/products\/50x-massiv-wallbreaker-aea-challenger-bullpup\/#primaryimage"},"image":{"@id":"https:\/\/homedefense-ammo.de\/products\/50x-massiv-wallbreaker-aea-challenger-bullpup\/#primaryimage"},"thumbnailUrl":"https:\/\/homedefense-ammo.de\/wp-content\/uploads\/2023\/12\/Wolf-3-1.jpg","datePublished":"2023-12-04T15:25:00+00:00","dateModified":"2026-02-18T22:33:46+00:00","breadcrumb":{"@id":"https:\/\/homedefense-ammo.de\/products\/50x-massiv-wallbreaker-aea-challenger-bullpup\/#breadcrumb"},"inLanguage":"fr-FR","potentialAction":[{"@type":"ReadAction","target":["https:\/\/homedefense-ammo.de\/products\/50x-massiv-wallbreaker-aea-challenger-bullpup\/"]}]},{"@type":"ImageObject","inLanguage":"fr-FR","@id":"https:\/\/homedefense-ammo.de\/products\/50x-massiv-wallbreaker-aea-challenger-bullpup\/#primaryimage","url":"https:\/\/homedefense-ammo.de\/wp-content\/uploads\/2023\/12\/Wolf-3-1.jpg","contentUrl":"https:\/\/homedefense-ammo.de\/wp-content\/uploads\/2023\/12\/Wolf-3-1.jpg","width":1500,"height":1500},{"@type":"BreadcrumbList","@id":"https:\/\/homedefense-ammo.de\/products\/50x-massiv-wallbreaker-aea-challenger-bullpup\/#breadcrumb","itemListElement":[{"@type":"ListItem","position":1,"name":"Startseite","item":"https:\/\/homedefense-ammo.de\/"},{"@type":"ListItem","position":2,"name":"Shop","item":"https:\/\/homedefense-ammo.de\/shop\/"},{"@type":"ListItem","position":3,"name":"50x Massiv Wallbreaker AEA Challenger Bullpup\/ Megalodon BB Munition |\u00a0Kaliber 50"}]},{"@type":"WebSite","@id":"https:\/\/homedefense-ammo.de\/#website","url":"https:\/\/homedefense-ammo.de\/","name":"D\u00e9fense \u00e0 domicile des loups","description":"Le num\u00e9ro 1 d&#039;Allemagne","publisher":{"@id":"https:\/\/homedefense-ammo.de\/#organization"},"potentialAction":[{"@type":"SearchAction","target":{"@type":"EntryPoint","urlTemplate":"https:\/\/homedefense-ammo.de\/?s={search_term_string}"},"query-input":{"@type":"PropertyValueSpecification","valueRequired":true,"valueName":"search_term_string"}}],"inLanguage":"fr-FR"},{"@type":"Organization","@id":"https:\/\/homedefense-ammo.de\/#organization","name":"D\u00e9fense \u00e0 domicile des loups","url":"https:\/\/homedefense-ammo.de\/","logo":{"@type":"ImageObject","inLanguage":"fr-FR","@id":"https:\/\/homedefense-ammo.de\/#\/schema\/logo\/image\/","url":"https:\/\/homedefense-ammo.de\/wp-content\/uploads\/2023\/12\/Wolf_Logo-White.png","contentUrl":"https:\/\/homedefense-ammo.de\/wp-content\/uploads\/2023\/12\/Wolf_Logo-White.png","width":1078,"height":624,"caption":"Wolf Home Defense"},"image":{"@id":"https:\/\/homedefense-ammo.de\/#\/schema\/logo\/image\/"}}]}},"_links":{"self":[{"href":"https:\/\/homedefense-ammo.de\/fr\/wp-json\/wp\/v2\/product\/15861","targetHints":{"allow":["GET"]}}],"collection":[{"href":"https:\/\/homedefense-ammo.de\/fr\/wp-json\/wp\/v2\/product"}],"about":[{"href":"https:\/\/homedefense-ammo.de\/fr\/wp-json\/wp\/v2\/types\/product"}],"wp:featuredmedia":[{"embeddable":true,"href":"https:\/\/homedefense-ammo.de\/fr\/wp-json\/wp\/v2\/media\/16342"}],"wp:attachment":[{"href":"https:\/\/homedefense-ammo.de\/fr\/wp-json\/wp\/v2\/media?parent=15861"}],"wp:term":[{"taxonomy":"product_brand","embeddable":true,"href":"https:\/\/homedefense-ammo.de\/fr\/wp-json\/wp\/v2\/product_brand?post=15861"},{"taxonomy":"product_cat","embeddable":true,"href":"https:\/\/homedefense-ammo.de\/fr\/wp-json\/wp\/v2\/product_cat?post=15861"},{"taxonomy":"product_tag","embeddable":true,"href":"https:\/\/homedefense-ammo.de\/fr\/wp-json\/wp\/v2\/product_tag?post=15861"}],"curies":[{"name":"wp","href":"https:\/\/api.w.org\/{rel}","templated":true}]}}