{"id":8,"date":"2023-05-07T18:54:06","date_gmt":"2023-05-07T18:54:06","guid":{"rendered":"http:\/\/wolf-homedefense-1973a03509d942429e87560d7637d535.tenants.eu1.wpcs.io\/cart\/"},"modified":"2025-09-22T16:23:08","modified_gmt":"2025-09-22T14:23:08","slug":"panier","status":"publish","type":"page","link":"https:\/\/homedefense-ammo.de\/fr\/panier\/","title":{"rendered":"Panier"},"content":{"rendered":"<div data-block-name=\"woocommerce\/cart\" class=\"wp-block-woocommerce-cart alignwide is-loading\">\n<div data-block-name=\"woocommerce\/filled-cart-block\" class=\"wp-block-woocommerce-filled-cart-block\">\n<div data-block-name=\"woocommerce\/cart-items-block\" class=\"wp-block-woocommerce-cart-items-block\">\n<div data-block-name=\"woocommerce\/cart-line-items-block\" class=\"wp-block-woocommerce-cart-line-items-block\"><\/div>\n\n\n<\/div>\n\n\n\n<div data-block-name=\"woocommerce\/cart-totals-block\" class=\"wp-block-woocommerce-cart-totals-block\"><div data-block-name=\"woocommerce-germanized\/cart-summary-item\" class=\"wp-block-woocommerce-germanized-cart-summary-item\"><\/div>\n<div data-block-name=\"woocommerce\/cart-order-summary-block\" class=\"wp-block-woocommerce-cart-order-summary-block\">\n<div data-block-name=\"woocommerce\/cart-order-summary-heading-block\" data-content=\"Warenkorb-Summe\" class=\"wp-block-woocommerce-cart-order-summary-heading-block\"><\/div>\n\n\n\n<div data-block-name=\"woocommerce\/cart-order-summary-coupon-form-block\" class=\"wp-block-woocommerce-cart-order-summary-coupon-form-block\"><\/div>\n\n\n\n<div data-block-name=\"woocommerce\/cart-order-summary-totals-block\" class=\"wp-block-woocommerce-cart-order-summary-totals-block\">\n<div data-block-name=\"woocommerce\/cart-order-summary-subtotal-block\" class=\"wp-block-woocommerce-cart-order-summary-subtotal-block\"><\/div>\n\n\n\n<div data-block-name=\"woocommerce\/cart-order-summary-fee-block\" class=\"wp-block-woocommerce-cart-order-summary-fee-block\"><\/div>\n\n\n\n<div data-block-name=\"woocommerce\/cart-order-summary-discount-block\" class=\"wp-block-woocommerce-cart-order-summary-discount-block\"><\/div>\n\n\n\n<div data-block-name=\"woocommerce\/cart-order-summary-shipping-block\" class=\"wp-block-woocommerce-cart-order-summary-shipping-block\"><\/div>\n\n\n\n<div data-block-name=\"woocommerce\/cart-order-summary-taxes-block\" class=\"wp-block-woocommerce-cart-order-summary-taxes-block\"><\/div>\n<\/div>\n<\/div>\n\n\n\n\n\n<div data-block-name=\"woocommerce\/cart-express-payment-block\" class=\"wp-block-woocommerce-cart-express-payment-block\"><\/div>\n\n\n\n<div data-block-name=\"woocommerce\/proceed-to-checkout-block\" class=\"wp-block-woocommerce-proceed-to-checkout-block\"><\/div>\n\n\n\n<div data-block-name=\"woocommerce\/cart-accepted-payment-methods-block\" class=\"wp-block-woocommerce-cart-accepted-payment-methods-block\"><\/div>\n<\/div>\n<\/div>\n\n\n\n<div data-block-name=\"woocommerce\/empty-cart-block\" class=\"wp-block-woocommerce-empty-cart-block\">\n<h2 class=\"wp-block-heading has-text-align-center with-empty-cart-icon wc-block-cart__empty-cart__title\">Votre panier est actuellement vide !<\/h2>\n\n\n\n<p class=\"has-text-align-center\"><a href=\"https:\/\/homedefense-ammo.de\/fr\/boutique\/\">Parcourir la boutique<\/a><\/p>\n\n\n\n<hr class=\"wp-block-separator has-alpha-channel-opacity is-style-dots\"\/>\n\n\n\n<h2 class=\"wp-block-heading has-text-align-center\">Nouveau dans la boutique<\/h2>\n\n\n<div data-block-name=\"woocommerce\/product-new\" data-columns=\"4\" data-rows=\"1\" class=\"wc-block-grid wp-block-product-new wp-block-woocommerce-product-new wc-block-product-new has-4-columns\"><ul class=\"wc-block-grid__products\"><li class=\"wc-block-grid__product\"><span class=\"gtm4wp_productdata\" style=\"display:none; visibility:hidden;\" data-gtm4wp_product_data=\"{&quot;internal_id&quot;:17919,&quot;item_id&quot;:17919,&quot;item_name&quot;:&quot;HD Set f\\u00fcr TS68 | HDS68 | 15x Stings + 2x Halter&quot;,&quot;sku&quot;:17919,&quot;price&quot;:39,&quot;stocklevel&quot;:null,&quot;stockstatus&quot;:&quot;instock&quot;,&quot;google_business_vertical&quot;:&quot;retail&quot;,&quot;item_category&quot;:&quot;HDS 68&quot;,&quot;id&quot;:17919,&quot;productlink&quot;:&quot;https:\\\/\\\/homedefense-ammo.de\\\/fr\\\/des-produits\\\/ensemble-hd-pour-ts68-hds68-15x-piqures-2x-support\\\/&quot;,&quot;item_list_name&quot;:&quot;Liste g\\u00e9n\\u00e9rale des produits&quot;,&quot;index&quot;:0,&quot;product_type&quot;:&quot;variable&quot;,&quot;item_brand&quot;:&quot;&quot;}\"><\/span>\n\t\t\t\t<a href=\"https:\/\/homedefense-ammo.de\/fr\/des-produits\/ensemble-hd-pour-ts68-hds68-15x-piqures-2x-support\/\" class=\"wc-block-grid__product-link\">\n\t\t\t\t\t\n\t\t\t\t\t<div class=\"wc-block-grid__product-image\"><img fetchpriority=\"high\" decoding=\"async\" width=\"430\" height=\"430\" src=\"https:\/\/homedefense-ammo.de\/wp-content\/uploads\/2025\/10\/img_5192-1-430x430.jpeg\" class=\"attachment-woocommerce_thumbnail size-woocommerce_thumbnail\" alt=\"Kit HD pour TS68 | HDS68 | 15 embouts + 2 supports\" srcset=\"https:\/\/homedefense-ammo.de\/wp-content\/uploads\/2025\/10\/img_5192-1-430x430.jpeg 430w, https:\/\/homedefense-ammo.de\/wp-content\/uploads\/2025\/10\/img_5192-1-150x150.jpeg 150w, https:\/\/homedefense-ammo.de\/wp-content\/uploads\/2025\/10\/img_5192-1-scaled-80x80.jpeg 80w\" sizes=\"(max-width: 430px) 100vw, 430px\"><\/div>\n\t\t\t\t\t<div class=\"wc-block-grid__product-title\">Kit HD pour TS68 | HDS68 | 15 embouts + 2 supports<\/div>\n\t\t\t\t<\/a>\n\t\t\t\t<div class=\"wc-block-grid__product-price price\"><span class=\"woocommerce-Price-amount amount\">39,00&nbsp;<span class=\"woocommerce-Price-currencySymbol\">\u20ac<\/span><\/span><\/div><p class=\"wc-gzd-additional-info wc-gzd-additional-info-loop tax-info\">TVA incluse<\/p><p class=\"wc-gzd-additional-info wc-gzd-additional-info-loop shipping-costs-info\">plus <a href=\"https:\/\/homedefense-ammo.de\/fr\/informations-sur-la-livraison\/\" target=\"_blank\">Exp\u00e9dition<\/a><\/p>\n\t\t\t\t\n\t\t\t\t<div class=\"wp-block-button wc-block-grid__product-add-to-cart\"><a href=\"https:\/\/homedefense-ammo.de\/fr\/des-produits\/ensemble-hd-pour-ts68-hds68-15x-piqures-2x-support\/\" aria-label=\"S\u00e9lectionner les options pour \u201cHD Set f\u00fcr TS68 | HDS68 | 15x Stings + 2x Halter\u201d\" data-quantity=\"1\" data-product_id=\"17919\" data-product_sku=\"\" data-price=\"39\" rel=\"nofollow\" class=\"wp-block-button__link  add_to_cart_button\" data-no-translation=\"\" data-trp-gettext=\"\" data-no-translation-aria-label=\"\">Choix des options<\/a><\/div>\n\t\t\t<\/li>\n<li class=\"wc-block-grid__product\"><span class=\"gtm4wp_productdata\" style=\"display:none; visibility:hidden;\" data-gtm4wp_product_data=\"{&quot;internal_id&quot;:17111,&quot;item_id&quot;:17111,&quot;item_name&quot;:&quot;Diabolomaker HDR 50 Slugmaker Kaliber 50 DIY 12 Fach Form&quot;,&quot;sku&quot;:17111,&quot;price&quot;:44.98,&quot;stocklevel&quot;:7,&quot;stockstatus&quot;:&quot;instock&quot;,&quot;google_business_vertical&quot;:&quot;retail&quot;,&quot;item_category&quot;:&quot;AEA Challenger Bullpup 50&quot;,&quot;id&quot;:17111,&quot;productlink&quot;:&quot;https:\\\/\\\/homedefense-ammo.de\\\/fr\\\/des-produits\\\/fabricant-de-diabolos-a-venir\\\/&quot;,&quot;item_list_name&quot;:&quot;Liste g\\u00e9n\\u00e9rale des produits&quot;,&quot;index&quot;:0,&quot;product_type&quot;:&quot;simple&quot;,&quot;item_brand&quot;:&quot;&quot;}\"><\/span>\n\t\t\t\t<a href=\"https:\/\/homedefense-ammo.de\/fr\/des-produits\/fabricant-de-diabolos-a-venir\/\" class=\"wc-block-grid__product-link\">\n\t\t\t\t\t<div class=\"wc-block-grid__product-onsale\">\n\t\t\t<span aria-hidden=\"true\" data-no-translation=\"\" data-trp-gettext=\"\">Vente<\/span>\n\t\t\t<span class=\"screen-reader-text\" data-no-translation=\"\" data-trp-gettext=\"\">Produit en promotion<\/span>\n\t\t<\/div>\n\t\t\t\t\t<div class=\"wc-block-grid__product-image\"><img decoding=\"async\" width=\"430\" height=\"430\" src=\"https:\/\/homedefense-ammo.de\/wp-content\/uploads\/2024\/12\/wolfs-diabolomaker-430x430.png\" class=\"attachment-woocommerce_thumbnail size-woocommerce_thumbnail\" alt=\"Diabolomaker HDR 50 Slugmaker Calibre 50 DIY Moule 12 compartiments\" srcset=\"https:\/\/homedefense-ammo.de\/wp-content\/uploads\/2024\/12\/wolfs-diabolomaker-430x430.png 430w, https:\/\/homedefense-ammo.de\/wp-content\/uploads\/2024\/12\/wolfs-diabolomaker-150x150.png 150w, https:\/\/homedefense-ammo.de\/wp-content\/uploads\/2024\/12\/wolfs-diabolomaker-80x80.png 80w\" sizes=\"(max-width: 430px) 100vw, 430px\"><\/div>\n\t\t\t\t\t<div class=\"wc-block-grid__product-title\">Diabolomaker HDR 50 Slugmaker Calibre 50 DIY Moule 12 compartiments<\/div>\n\t\t\t\t<\/a>\n\t\t\t\t<div class=\"wc-block-grid__product-price price\"><del aria-hidden=\"true\"><span class=\"woocommerce-Price-amount amount\">49,98&nbsp;<span class=\"woocommerce-Price-currencySymbol\">\u20ac<\/span><\/span><\/del> <span class=\"screen-reader-text\" data-no-translation=\"\" data-trp-gettext=\"\">Le prix d&#8217;origine &eacute;tait : 49,98&nbsp;&euro;.<\/span><ins aria-hidden=\"true\"><span class=\"woocommerce-Price-amount amount\">44,98&nbsp;<span class=\"woocommerce-Price-currencySymbol\">\u20ac<\/span><\/span><\/ins><span class=\"screen-reader-text\" data-no-translation=\"\" data-trp-gettext=\"\">Le prix actuel est : 44,98&nbsp;&euro;.<\/span><\/div><p class=\"wc-gzd-additional-info wc-gzd-additional-info-loop tax-info\">dont 19% TVA<\/p><p class=\"wc-gzd-additional-info wc-gzd-additional-info-loop shipping-costs-info\">plus <a href=\"https:\/\/homedefense-ammo.de\/fr\/informations-sur-la-livraison\/\" target=\"_blank\">Exp\u00e9dition<\/a><\/p>\n\t\t\t\t\n\t\t\t\t<div class=\"wp-block-button wc-block-grid__product-add-to-cart\"><a href=\"\/fr\/wp-json\/wp\/v2\/pages\/8?add-to-cart=17111\" aria-label=\"Ajouter au panier : \u00ab Diabolomaker HDR 50 Slugmaker Kaliber 50 DIY 12 Fach Form \u00bb\" data-quantity=\"1\" data-product_id=\"17111\" data-product_sku=\"\" data-price=\"44.98\" rel=\"nofollow\" class=\"wp-block-button__link  add_to_cart_button ajax_add_to_cart\" data-no-translation=\"\" data-trp-gettext=\"\" data-no-translation-aria-label=\"\">Ajouter au panier<\/a><\/div>\n\t\t\t<\/li>\n<li class=\"wc-block-grid__product\"><span class=\"gtm4wp_productdata\" style=\"display:none; visibility:hidden;\" data-gtm4wp_product_data=\"{&quot;internal_id&quot;:16976,&quot;item_id&quot;:16976,&quot;item_name&quot;:&quot;25x | Wolf 9mm Kaliber 35 BB Markierer&quot;,&quot;sku&quot;:16976,&quot;price&quot;:29.99,&quot;stocklevel&quot;:0,&quot;stockstatus&quot;:&quot;outofstock&quot;,&quot;google_business_vertical&quot;:&quot;retail&quot;,&quot;item_category&quot;:&quot;AEA HP MAX&quot;,&quot;id&quot;:16976,&quot;productlink&quot;:&quot;https:\\\/\\\/homedefense-ammo.de\\\/fr\\\/des-produits\\\/loup-tueur-9mm-calibre-35\\\/&quot;,&quot;item_list_name&quot;:&quot;Liste g\\u00e9n\\u00e9rale des produits&quot;,&quot;index&quot;:0,&quot;product_type&quot;:&quot;simple&quot;,&quot;item_brand&quot;:&quot;&quot;}\"><\/span>\n\t\t\t\t<a href=\"https:\/\/homedefense-ammo.de\/fr\/des-produits\/loup-tueur-9mm-calibre-35\/\" class=\"wc-block-grid__product-link\">\n\t\t\t\t\t<div class=\"wc-block-grid__product-onsale\">\n\t\t\t<span aria-hidden=\"true\" data-no-translation=\"\" data-trp-gettext=\"\">Vente<\/span>\n\t\t\t<span class=\"screen-reader-text\" data-no-translation=\"\" data-trp-gettext=\"\">Produit en promotion<\/span>\n\t\t<\/div>\n\t\t\t\t\t<div class=\"wc-block-grid__product-image\"><img decoding=\"async\" width=\"430\" height=\"430\" src=\"https:\/\/homedefense-ammo.de\/wp-content\/uploads\/2024\/11\/design-ohne-titel.png-430x430.png\" class=\"attachment-woocommerce_thumbnail size-woocommerce_thumbnail\" alt=\"25x | Marqueur de billes Wolf Calibre 9 mm 35\" srcset=\"https:\/\/homedefense-ammo.de\/wp-content\/uploads\/2024\/11\/design-ohne-titel.png-430x430.png 430w, https:\/\/homedefense-ammo.de\/wp-content\/uploads\/2024\/11\/design-ohne-titel.png-150x150.png 150w, https:\/\/homedefense-ammo.de\/wp-content\/uploads\/2024\/11\/design-ohne-titel.png-860x860.png 860w, https:\/\/homedefense-ammo.de\/wp-content\/uploads\/2024\/11\/design-ohne-titel.png-80x80.png 80w\" sizes=\"(max-width: 430px) 100vw, 430px\"><\/div>\n\t\t\t\t\t<div class=\"wc-block-grid__product-title\">25x | Marqueur de billes Wolf Calibre 9 mm 35<\/div>\n\t\t\t\t<\/a>\n\t\t\t\t<div class=\"wc-block-grid__product-price price\"><del aria-hidden=\"true\"><span class=\"woocommerce-Price-amount amount\">34,99&nbsp;<span class=\"woocommerce-Price-currencySymbol\">\u20ac<\/span><\/span><\/del> <span class=\"screen-reader-text\" data-no-translation=\"\" data-trp-gettext=\"\">Le prix d&#8217;origine &eacute;tait : 34,99&nbsp;&euro;.<\/span><ins aria-hidden=\"true\"><span class=\"woocommerce-Price-amount amount\">29,99&nbsp;<span class=\"woocommerce-Price-currencySymbol\">\u20ac<\/span><\/span><\/ins><span class=\"screen-reader-text\" data-no-translation=\"\" data-trp-gettext=\"\">Le prix actuel est : 29,99&nbsp;&euro;.<\/span><\/div><p class=\"wc-gzd-additional-info wc-gzd-additional-info-loop tax-info\">dont 19% TVA<\/p><p class=\"wc-gzd-additional-info wc-gzd-additional-info-loop shipping-costs-info\">plus <a href=\"https:\/\/homedefense-ammo.de\/fr\/informations-sur-la-livraison\/\" target=\"_blank\">Exp\u00e9dition<\/a><\/p>\n\t\t\t\t\n\t\t\t\t<div class=\"wp-block-button wc-block-grid__product-add-to-cart\"><a href=\"https:\/\/homedefense-ammo.de\/fr\/des-produits\/loup-tueur-9mm-calibre-35\/\" aria-label=\"En savoir plus sur \u00ab\u00a025x | Wolf 9mm Kaliber 35 BB Markierer\u00a0\u00bb\" data-quantity=\"1\" data-product_id=\"16976\" data-product_sku=\"\" data-price=\"29.99\" rel=\"nofollow\" class=\"wp-block-button__link  add_to_cart_button\" data-no-translation=\"\" data-trp-gettext=\"\" data-no-translation-aria-label=\"\">En savoir plus<\/a><\/div>\n\t\t\t<\/li>\n<li class=\"wc-block-grid__product\"><span class=\"gtm4wp_productdata\" style=\"display:none; visibility:hidden;\" data-gtm4wp_product_data=\"{&quot;internal_id&quot;:16694,&quot;item_id&quot;:16694,&quot;item_name&quot;:&quot;50x Grey Wolf AEA Challenger Bullpup | Kaliber 50 BB Markierer Munition&quot;,&quot;sku&quot;:16694,&quot;price&quot;:37.99,&quot;stocklevel&quot;:null,&quot;stockstatus&quot;:&quot;instock&quot;,&quot;google_business_vertical&quot;:&quot;retail&quot;,&quot;item_category&quot;:&quot;AEA Challenger Bullpup 50&quot;,&quot;id&quot;:16694,&quot;productlink&quot;:&quot;https:\\\/\\\/homedefense-ammo.de\\\/fr\\\/des-produits\\\/50x-loup-gris-aea-challenger-bullpup-calibre-50\\\/&quot;,&quot;item_list_name&quot;:&quot;Liste g\\u00e9n\\u00e9rale des produits&quot;,&quot;index&quot;:0,&quot;product_type&quot;:&quot;simple&quot;,&quot;item_brand&quot;:&quot;&quot;}\"><\/span>\n\t\t\t\t<a href=\"https:\/\/homedefense-ammo.de\/fr\/des-produits\/50x-loup-gris-aea-challenger-bullpup-calibre-50\/\" class=\"wc-block-grid__product-link\">\n\t\t\t\t\t<div class=\"wc-block-grid__product-onsale\">\n\t\t\t<span aria-hidden=\"true\" data-no-translation=\"\" data-trp-gettext=\"\">Vente<\/span>\n\t\t\t<span class=\"screen-reader-text\" data-no-translation=\"\" data-trp-gettext=\"\">Produit en promotion<\/span>\n\t\t<\/div>\n\t\t\t\t\t<div class=\"wc-block-grid__product-image\"><img loading=\"lazy\" decoding=\"async\" width=\"430\" height=\"430\" src=\"https:\/\/homedefense-ammo.de\/wp-content\/uploads\/2024\/03\/Wolf-5-430x430.jpg\" class=\"attachment-woocommerce_thumbnail size-woocommerce_thumbnail\" alt=\"50x Loup gris AEA Challenger Bullpup | Munitions de marquage BB de calibre 50\" srcset=\"https:\/\/homedefense-ammo.de\/wp-content\/uploads\/2024\/03\/Wolf-5-430x430.jpg 430w, https:\/\/homedefense-ammo.de\/wp-content\/uploads\/2024\/03\/Wolf-5-300x300.jpg 300w, https:\/\/homedefense-ammo.de\/wp-content\/uploads\/2024\/03\/Wolf-5-800x800.jpg 800w, https:\/\/homedefense-ammo.de\/wp-content\/uploads\/2024\/03\/Wolf-5-150x150.jpg 150w, https:\/\/homedefense-ammo.de\/wp-content\/uploads\/2024\/03\/Wolf-5-768x768.jpg 768w, https:\/\/homedefense-ammo.de\/wp-content\/uploads\/2024\/03\/Wolf-5-12x12.jpg 12w, https:\/\/homedefense-ammo.de\/wp-content\/uploads\/2024\/03\/Wolf-5-860x860.jpg 860w, https:\/\/homedefense-ammo.de\/wp-content\/uploads\/2024\/03\/Wolf-5-700x700.jpg 700w, https:\/\/homedefense-ammo.de\/wp-content\/uploads\/2024\/03\/Wolf-5-80x80.jpg 80w, https:\/\/homedefense-ammo.de\/wp-content\/uploads\/2024\/03\/Wolf-5.jpg 1500w\" sizes=\"(max-width: 430px) 100vw, 430px\"><\/div>\n\t\t\t\t\t<div class=\"wc-block-grid__product-title\">50x Loup gris AEA Challenger Bullpup | Munitions de marquage BB de calibre 50<\/div>\n\t\t\t\t<\/a>\n\t\t\t\t<div class=\"wc-block-grid__product-price price\"><del aria-hidden=\"true\"><span class=\"woocommerce-Price-amount amount\">39,99&nbsp;<span class=\"woocommerce-Price-currencySymbol\">\u20ac<\/span><\/span><\/del> <span class=\"screen-reader-text\" data-no-translation=\"\" data-trp-gettext=\"\">Le prix d&#8217;origine &eacute;tait : 39,99&nbsp;&euro;.<\/span><ins aria-hidden=\"true\"><span class=\"woocommerce-Price-amount amount\">37,99&nbsp;<span class=\"woocommerce-Price-currencySymbol\">\u20ac<\/span><\/span><\/ins><span class=\"screen-reader-text\" data-no-translation=\"\" data-trp-gettext=\"\">Le prix actuel est : 37,99&nbsp;&euro;.<\/span><\/div><p class=\"wc-gzd-additional-info wc-gzd-additional-info-loop tax-info\">dont 19% TVA<\/p><p class=\"wc-gzd-additional-info wc-gzd-additional-info-loop shipping-costs-info\">plus <a href=\"https:\/\/homedefense-ammo.de\/fr\/informations-sur-la-livraison\/\" target=\"_blank\">Exp\u00e9dition<\/a><\/p><p class=\"wc-gzd-additional-info delivery-time-info wc-gzd-additional-info-loop\"><span class=\"delivery-time-inner delivery-time-2-4-werktage\">D\u00e9lai de livraison: <span class=\"delivery-time-data\">2 \u00e0 4 jours ouvrables<\/span><\/span><\/p>\n\t\t\t\t\n\t\t\t\t<div class=\"wp-block-button wc-block-grid__product-add-to-cart\"><a href=\"\/fr\/wp-json\/wp\/v2\/pages\/8?add-to-cart=16694\" aria-label=\"Ajouter au panier : \u00ab 50x Grey Wolf AEA Challenger Bullpup | Kaliber 50 BB Markierer Munition \u00bb\" data-quantity=\"1\" data-product_id=\"16694\" data-product_sku=\"\" data-price=\"37.99\" rel=\"nofollow\" class=\"wp-block-button__link  add_to_cart_button ajax_add_to_cart\" data-no-translation=\"\" data-trp-gettext=\"\" data-no-translation-aria-label=\"\">Ajouter au panier<\/a><\/div>\n\t\t\t<\/li>\n<\/ul><\/div><\/div>\n<\/div>","protected":false},"excerpt":{"rendered":"","protected":false},"author":1,"featured_media":0,"parent":0,"menu_order":0,"comment_status":"closed","ping_status":"closed","template":"","meta":{"footnotes":""},"categories":[],"tags":[],"class_list":["post-8","page","type-page","status-publish","hentry"],"yoast_head":"<!-- This site is optimized with the Yoast SEO plugin v26.2 - https:\/\/yoast.com\/wordpress\/plugins\/seo\/ -->\n<title>Warenkorb - Wolf Home Defense<\/title>\n<meta name=\"robots\" content=\"index, follow, max-snippet:-1, max-image-preview:large, max-video-preview:-1\" \/>\n<link rel=\"canonical\" href=\"https:\/\/homedefense-ammo.de\/fr\/panier\/\" \/>\n<meta property=\"og:locale\" content=\"fr_FR\" \/>\n<meta property=\"og:type\" content=\"article\" \/>\n<meta property=\"og:title\" content=\"Warenkorb - Wolf Home Defense\" \/>\n<meta property=\"og:url\" content=\"https:\/\/homedefense-ammo.de\/fr\/panier\/\" \/>\n<meta property=\"og:site_name\" content=\"Wolf Home Defense\" \/>\n<meta property=\"article:modified_time\" content=\"2025-09-22T14:23:08+00:00\" \/>\n<meta name=\"twitter:card\" content=\"summary_large_image\" \/>\n<script type=\"application\/ld+json\" class=\"yoast-schema-graph\">{\"@context\":\"https:\/\/schema.org\",\"@graph\":[{\"@type\":\"WebPage\",\"@id\":\"https:\/\/homedefense-ammo.de\/it\/carrello-della-spesa\/\",\"url\":\"https:\/\/homedefense-ammo.de\/it\/carrello-della-spesa\/\",\"name\":\"Warenkorb - Wolf Home Defense\",\"isPartOf\":{\"@id\":\"https:\/\/homedefense-ammo.de\/#website\"},\"datePublished\":\"2023-05-07T18:54:06+00:00\",\"dateModified\":\"2025-09-22T14:23:08+00:00\",\"breadcrumb\":{\"@id\":\"https:\/\/homedefense-ammo.de\/it\/carrello-della-spesa\/#breadcrumb\"},\"inLanguage\":\"fr-FR\",\"potentialAction\":[{\"@type\":\"ReadAction\",\"target\":[\"https:\/\/homedefense-ammo.de\/it\/carrello-della-spesa\/\"]}]},{\"@type\":\"BreadcrumbList\",\"@id\":\"https:\/\/homedefense-ammo.de\/it\/carrello-della-spesa\/#breadcrumb\",\"itemListElement\":[{\"@type\":\"ListItem\",\"position\":1,\"name\":\"Startseite\",\"item\":\"https:\/\/homedefense-ammo.de\/\"},{\"@type\":\"ListItem\",\"position\":2,\"name\":\"Warenkorb\"}]},{\"@type\":\"WebSite\",\"@id\":\"https:\/\/homedefense-ammo.de\/#website\",\"url\":\"https:\/\/homedefense-ammo.de\/\",\"name\":\"Wolf Home Defense\",\"description\":\"Die Nr. 1 aus Deutschland\",\"publisher\":{\"@id\":\"https:\/\/homedefense-ammo.de\/#organization\"},\"potentialAction\":[{\"@type\":\"SearchAction\",\"target\":{\"@type\":\"EntryPoint\",\"urlTemplate\":\"https:\/\/homedefense-ammo.de\/?s={search_term_string}\"},\"query-input\":{\"@type\":\"PropertyValueSpecification\",\"valueRequired\":true,\"valueName\":\"search_term_string\"}}],\"inLanguage\":\"fr-FR\"},{\"@type\":\"Organization\",\"@id\":\"https:\/\/homedefense-ammo.de\/#organization\",\"name\":\"Wolf Home Defense\",\"url\":\"https:\/\/homedefense-ammo.de\/\",\"logo\":{\"@type\":\"ImageObject\",\"inLanguage\":\"fr-FR\",\"@id\":\"https:\/\/homedefense-ammo.de\/#\/schema\/logo\/image\/\",\"url\":\"https:\/\/homedefense-ammo.de\/wp-content\/uploads\/2023\/12\/Wolf_Logo-White.png\",\"contentUrl\":\"https:\/\/homedefense-ammo.de\/wp-content\/uploads\/2023\/12\/Wolf_Logo-White.png\",\"width\":1078,\"height\":624,\"caption\":\"Wolf Home Defense\"},\"image\":{\"@id\":\"https:\/\/homedefense-ammo.de\/#\/schema\/logo\/image\/\"}}]}<\/script>\n<!-- \/ Yoast SEO plugin. -->","yoast_head_json":{"title":"Panier d&#039;achat - Wolf Home Defense","robots":{"index":"index","follow":"follow","max-snippet":"max-snippet:-1","max-image-preview":"max-image-preview:large","max-video-preview":"max-video-preview:-1"},"canonical":"https:\/\/homedefense-ammo.de\/fr\/panier\/","og_locale":"fr_FR","og_type":"article","og_title":"Warenkorb - Wolf Home Defense","og_url":"https:\/\/homedefense-ammo.de\/fr\/panier\/","og_site_name":"Wolf Home Defense","article_modified_time":"2025-09-22T14:23:08+00:00","twitter_card":"summary_large_image","schema":{"@context":"https:\/\/schema.org","@graph":[{"@type":"WebPage","@id":"https:\/\/homedefense-ammo.de\/it\/carrello-della-spesa\/","url":"https:\/\/homedefense-ammo.de\/it\/carrello-della-spesa\/","name":"Panier d&#039;achat - Wolf Home Defense","isPartOf":{"@id":"https:\/\/homedefense-ammo.de\/#website"},"datePublished":"2023-05-07T18:54:06+00:00","dateModified":"2025-09-22T14:23:08+00:00","breadcrumb":{"@id":"https:\/\/homedefense-ammo.de\/it\/carrello-della-spesa\/#breadcrumb"},"inLanguage":"fr-FR","potentialAction":[{"@type":"ReadAction","target":["https:\/\/homedefense-ammo.de\/it\/carrello-della-spesa\/"]}]},{"@type":"BreadcrumbList","@id":"https:\/\/homedefense-ammo.de\/it\/carrello-della-spesa\/#breadcrumb","itemListElement":[{"@type":"ListItem","position":1,"name":"Startseite","item":"https:\/\/homedefense-ammo.de\/"},{"@type":"ListItem","position":2,"name":"Warenkorb"}]},{"@type":"WebSite","@id":"https:\/\/homedefense-ammo.de\/#website","url":"https:\/\/homedefense-ammo.de\/","name":"D\u00e9fense \u00e0 domicile des loups","description":"Le num\u00e9ro 1 d&#039;Allemagne","publisher":{"@id":"https:\/\/homedefense-ammo.de\/#organization"},"potentialAction":[{"@type":"SearchAction","target":{"@type":"EntryPoint","urlTemplate":"https:\/\/homedefense-ammo.de\/?s={search_term_string}"},"query-input":{"@type":"PropertyValueSpecification","valueRequired":true,"valueName":"search_term_string"}}],"inLanguage":"fr-FR"},{"@type":"Organization","@id":"https:\/\/homedefense-ammo.de\/#organization","name":"D\u00e9fense \u00e0 domicile des loups","url":"https:\/\/homedefense-ammo.de\/","logo":{"@type":"ImageObject","inLanguage":"fr-FR","@id":"https:\/\/homedefense-ammo.de\/#\/schema\/logo\/image\/","url":"https:\/\/homedefense-ammo.de\/wp-content\/uploads\/2023\/12\/Wolf_Logo-White.png","contentUrl":"https:\/\/homedefense-ammo.de\/wp-content\/uploads\/2023\/12\/Wolf_Logo-White.png","width":1078,"height":624,"caption":"Wolf Home Defense"},"image":{"@id":"https:\/\/homedefense-ammo.de\/#\/schema\/logo\/image\/"}}]}},"_links":{"self":[{"href":"https:\/\/homedefense-ammo.de\/fr\/wp-json\/wp\/v2\/pages\/8","targetHints":{"allow":["GET"]}}],"collection":[{"href":"https:\/\/homedefense-ammo.de\/fr\/wp-json\/wp\/v2\/pages"}],"about":[{"href":"https:\/\/homedefense-ammo.de\/fr\/wp-json\/wp\/v2\/types\/page"}],"author":[{"embeddable":true,"href":"https:\/\/homedefense-ammo.de\/fr\/wp-json\/wp\/v2\/users\/1"}],"replies":[{"embeddable":true,"href":"https:\/\/homedefense-ammo.de\/fr\/wp-json\/wp\/v2\/comments?post=8"}],"version-history":[{"count":0,"href":"https:\/\/homedefense-ammo.de\/fr\/wp-json\/wp\/v2\/pages\/8\/revisions"}],"wp:attachment":[{"href":"https:\/\/homedefense-ammo.de\/fr\/wp-json\/wp\/v2\/media?parent=8"}],"wp:term":[{"taxonomy":"category","embeddable":true,"href":"https:\/\/homedefense-ammo.de\/fr\/wp-json\/wp\/v2\/categories?post=8"},{"taxonomy":"post_tag","embeddable":true,"href":"https:\/\/homedefense-ammo.de\/fr\/wp-json\/wp\/v2\/tags?post=8"}],"curies":[{"name":"wp","href":"https:\/\/api.w.org\/{rel}","templated":true}]}}