{"id":15794,"date":"2023-12-04T16:06:37","date_gmt":"2023-12-04T14:06:37","guid":{"rendered":"https:\/\/wolf-homedefense-1973a03509d942429e87560d7637d535.tenants.eu1.wpcs.io\/?page_id=15794"},"modified":"2026-04-28T03:29:13","modified_gmt":"2026-04-28T01:29:13","slug":"droit-de-retractation","status":"publish","type":"page","link":"https:\/\/homedefense-ammo.de\/fr\/droit-de-retractation\/","title":{"rendered":"Droit de r\u00e9tractation"},"content":{"rendered":"<p><span style=\"font-size:18px\"><strong>Droit de r\u00e9tractation pour la vente de marchandises<\/strong><\/span><\/p>\n<p><span style=\"font-size:14px\"><strong><span style=\"font-size:18px\">Droit de r\u00e9tractation pour les consommateurs&nbsp;<\/span><\/strong><\/span><span style=\"font-size:14px\"><strong><span style=\"font-size:18px\"><span style=\"font-size:14px\"><span style=\"font-size:18px\"><\/span><\/span><\/span><\/strong><\/span><br \/>\n<span style=\"font-size:14px\">(Un consommateur est toute personne physique qui conclut une transaction juridique \u00e0 des fins qui ne peuvent \u00eatre attribu\u00e9es principalement \u00e0 son activit\u00e9 commerciale ou professionnelle ind\u00e9pendante.)<\/span><\/p>\n<p><span style=\"font-size:16px\"><strong>Droit de r\u00e9tractation<\/strong><\/span><\/p>\n<p><span style=\"font-size:14px\"><strong>Droit de r\u00e9tractation<\/strong><br \/>\nVous avez le droit de r\u00e9silier ce contrat dans un d\u00e9lai de 14 jours sans donner de raisons.<br \/>\nLe d\u00e9lai de r\u00e9tractation est de 14 jours \u00e0 compter du jour <\/span><\/p>\n<p><span style=\"font-size:14px\">\u2013 sur lequel vous ou un tiers d\u00e9sign\u00e9 par vous qui n&#039;est pas le transporteur avez ou avez pris possession des marchandises, \u00e0 condition que vous ayez command\u00e9 une ou plusieurs marchandises dans le cadre d&#039;une commande uniforme et que celles-ci soient ou seront livr\u00e9es de mani\u00e8re uniforme<\/span>;<\/p>\n<p><span style=\"font-size:14px\">\u2013 sur lequel vous ou un tiers d\u00e9sign\u00e9 par vous qui n&#039;est pas le transporteur avez pris possession de la derni\u00e8re marchandise, \u00e0 condition que vous ayez command\u00e9 plusieurs marchandises dans le cadre d&#039;une seule commande et que celles-ci soient livr\u00e9es s\u00e9par\u00e9ment<\/span>;<\/p>\n<p><span style=\"font-size:14px\">\u2013 sur lequel vous ou un tiers d\u00e9sign\u00e9 par vous qui n&#039;est pas le transporteur avez pris possession du dernier envoi partiel ou de la derni\u00e8re pi\u00e8ce, \u00e0 condition que vous ayez command\u00e9 des marchandises livr\u00e9es en plusieurs envois partiels ou pi\u00e8ces<\/span>;<\/p>\n<p><span style=\"font-size:14px\">Afin d&#039;exercer votre droit de r\u00e9tractation, vous devez nous contacter <strong>(Mario Wolf, Eichgrabenstra\u00dfe 56, 63628 Bad Soden-Salm\u00fcnster, num\u00e9ro de t\u00e9l\u00e9phone : +49 157 58527335, adresse e-mail : info@homedefense-ammo.de)<\/strong> vous informer de votre d\u00e9cision de vous r\u00e9tracter du pr\u00e9sent contrat au moyen d&#039;une d\u00e9claration claire (par exemple une lettre envoy\u00e9e par courrier ou un e-mail). Vous pouvez utiliser le mod\u00e8le de formulaire d\u2019annulation ci-joint, bien que cela ne soit pas obligatoire.<\/span><\/p>\n<p><span style=\"font-size:14px\">Vous pouvez \u00e9galement remplir et soumettre \u00e9lectroniquement le formulaire de r\u00e9tractation type ou toute autre d\u00e9claration claire sur notre site web (homedefense-ammo.de\/). Si vous choisissez cette option, nous vous enverrons imm\u00e9diatement une confirmation de r\u00e9ception de votre r\u00e9tractation (par exemple, par courriel).<\/span><\/p>\n<p><span style=\"font-size:14px\">Afin de respecter le d\u00e9lai de r\u00e9tractation, il suffit que vous envoyiez la notification de votre exercice du droit de r\u00e9tractation avant l&#039;expiration du d\u00e9lai de r\u00e9tractation.<\/span><\/p>\n<p><span style=\"font-size:14px\"><strong>Cons\u00e9quences de la r\u00e9vocation<\/strong><\/p>\n<p>Si vous annulez ce contrat, nous vous rembourserons tous les paiements re\u00e7us de votre part, y compris les frais de livraison (\u00e0 l&#039;exception des frais suppl\u00e9mentaires r\u00e9sultant du choix d&#039;un mode de livraison autre que la livraison standard la moins ch\u00e8re que nous proposons), imm\u00e9diatement et au plus tard. au plus tard dans les 14<span style=\"font-size:14px\">&nbsp;jours<\/span> \u00e0 rembourser \u00e0 compter du jour o\u00f9 nous avons re\u00e7u notification de votre r\u00e9siliation du pr\u00e9sent contrat. Pour ce remboursement, nous utilisons le m\u00eame mode de paiement que celui que vous avez utilis\u00e9 pour la transaction initiale, \u00e0 moins que quelque chose de diff\u00e9rent n&#039;ait \u00e9t\u00e9 express\u00e9ment convenu avec vous ; en aucun cas des frais ne vous seront factur\u00e9s du fait de ce remboursement.<\/span><\/p>\n<p><span style=\"font-size:14px\">Nous pouvons refuser le remboursement jusqu&#039;\u00e0 ce que nous ayons re\u00e7u les marchandises ou jusqu&#039;\u00e0 ce que vous ayez fourni la preuve que vous avez renvoy\u00e9 les marchandises, la date la plus proche \u00e9tant retenue.<\/span><\/p>\n<p><span style=\"font-size:14px\">Vous recevez la marchandise imm\u00e9diatement et en tout cas au plus tard le 14<span style=\"font-size:14px\"><span style=\"font-size:14px\"><span style=\"font-size:14px\">&nbsp;jours<\/span><\/span> <\/span>\u00e0 compter du jour o\u00f9 vous nous notifiez votre r\u00e9siliation du pr\u00e9sent contrat&nbsp;<\/span><span style=\"font-size:14px\">\u00e0 retourner ou \u00e0 remettre. Le d\u00e9lai est respect\u00e9 si vous recevez la marchandise avant l&#039;expiration du d\u00e9lai. <span style=\"font-size:14px\">14 jours<\/span> envoyer.<\/span><\/p>\n<p><span style=\"font-size:14px\">Vous supportez les frais directs de retour de la marchandise.<\/span><span style=\"font-size:14px\"><\/span><\/p>\n<p><span style=\"font-size:14px\">Vous n&#039;\u00eates responsable de toute perte de valeur des marchandises que si cette perte de valeur est due \u00e0 une manipulation autre que celle n\u00e9cessaire pour \u00e9tablir la nature, les caract\u00e9ristiques et la fonctionnalit\u00e9 des marchandises.<\/span><\/p>\n<p><span style=\"font-size:14px\"><strong>Motifs d&#039;exclusion ou d&#039;expiration<\/strong><\/p>\n<p>Le droit de r\u00e9tractation ne s&#039;applique pas aux contrats<\/span><\/p>\n<p><span style=\"font-size:14px\">\u2013 pour la fourniture de biens qui ne sont pas pr\u00e9fabriqu\u00e9s et pour la production desquels une s\u00e9lection ou une d\u00e9termination individuelle du consommateur est d\u00e9terminante ou qui sont clairement adapt\u00e9s aux besoins personnels du consommateur ;<\/span><br \/>\n<span style=\"font-size:14px\">\u2013 pour la livraison de marchandises pouvant s\u2019ab\u00eemer rapidement ou dont la date de p\u00e9remption serait rapidement d\u00e9pass\u00e9e ;<\/span><br \/>\n<span style=\"font-size:14px\">\u2013 pour la livraison de boissons alcoolis\u00e9es dont le prix a \u00e9t\u00e9 convenu lors de la conclusion du contrat, mais qui peuvent \u00eatre livr\u00e9es au plus t\u00f4t 30 jours apr\u00e8s la conclusion du contrat et dont la valeur actuelle d\u00e9pend des fluctuations du march\u00e9 sur lequel l&#039;entrepreneur a aucune influence ;<\/span><br \/>\n<span style=\"font-size:14px\">\u2013 pour la livraison de journaux, magazines ou magazines \u00e0 l\u2019exception des contrats d\u2019abonnement.<\/span><\/p>\n<p><span style=\"font-size:14px\">Le droit de r\u00e9tractation expire pr\u00e9matur\u00e9ment pour les contrats<\/span><\/p>\n<p><span style=\"font-size:14px\"><span style=\"font-size:14px\">\u2013 pour la livraison de marchandises scell\u00e9es qui ne peuvent pas \u00eatre renvoy\u00e9es pour des raisons de protection de la sant\u00e9 ou d&#039;hygi\u00e8ne si leur sceau a \u00e9t\u00e9 retir\u00e9 apr\u00e8s la livraison ;<\/span><\/span><br \/>\n<span style=\"font-size:14px\"><span style=\"font-size:14px\">\u2013 pour la livraison de marchandises si, en raison de leur nature, elles ont \u00e9t\u00e9 m\u00e9lang\u00e9es de mani\u00e8re indissociable \u00e0 d\u2019autres marchandises apr\u00e8s la livraison ;<\/span><\/span><br \/>\n<span style=\"font-size:14px\"><span style=\"font-size:14px\">\u2013 de livrer des enregistrements audio ou vid\u00e9o ou des logiciels informatiques dans un emballage scell\u00e9 si le scell\u00e9 a \u00e9t\u00e9 retir\u00e9 apr\u00e8s la livraison.<\/span><\/span><\/p>\n<hr \/>\n<p>\n<span style=\"font-size:14px\"><strong>Exemple de formulaire d&#039;annulation<\/strong><\/p>\n<p>(Si vous souhaitez annuler le contrat, veuillez remplir ce formulaire et le renvoyer.)<\/p>\n<p>- Sur <span style=\"font-size:14px\"><span style=\"font-size:14px\">Mario Wolf, Eichgrabenstra\u00dfe 56, 63628 Bad Soden-Salm\u00fcnster<span style=\"font-size:14px\"><span style=\"font-size:14px\">,<\/span><\/span><span style=\"font-size:14px\"><span style=\"font-size:14px\"><span style=\"font-size:14px\"><span style=\"font-size:14px\"> <span style=\"font-size:14px\">Adresse email:&nbsp;<\/span><\/span><\/span><span style=\"font-size:14px\"><span style=\"font-size:14px\"><span style=\"font-size:14px\"><span style=\"font-size:14px\">info@homedefense-ammo.de<\/span><\/span><\/span><\/span> :<\/span><\/span><\/span><\/span><\/p>\n<p>\u2013 Je\/nous (*) r\u00e9voquons par la pr\u00e9sente le contrat conclu par moi\/nous (*) pour l&#039;achat des marchandises suivantes (*)\/<br \/>\n&nbsp; la fourniture du service suivant (*)<\/p>\n<p>\u2013 Command\u00e9 le (*)\/re\u00e7u le (*)<\/p>\n<p>\u2013 Nom du ou des consommateurs<br \/>\n\u2013 Adresse du ou des consommateurs<br \/>\n\u2013 Signature du ou des consommateurs (uniquement pour la notification papier)<br \/>\n- Date<\/p>\n<p>(*) Supprimer ce qui n&#039;est pas applicable.<\/span><\/p>","protected":false},"excerpt":{"rendered":"<p>Widerrufsrecht f&uuml;r den Verkauf von Waren Widerrufsrecht f&uuml;r Verbraucher&nbsp; (Verbraucher ist jede nat&uuml;rliche Person, die ein Rechtsgesch&auml;ft zu Zwecken abschlie&szlig;t,<\/p>","protected":false},"author":6,"featured_media":0,"parent":0,"menu_order":0,"comment_status":"closed","ping_status":"closed","template":"","meta":{"footnotes":""},"categories":[],"tags":[],"class_list":["post-15794","page","type-page","status-publish","hentry"],"yoast_head":"<!-- This site is optimized with the Yoast SEO plugin v26.2 - https:\/\/yoast.com\/wordpress\/plugins\/seo\/ -->\n<title>Widerrufsrecht - Wolf Home Defense<\/title>\n<meta name=\"robots\" content=\"noindex, nofollow\" \/>\n<meta property=\"og:locale\" content=\"fr_FR\" \/>\n<meta property=\"og:type\" content=\"article\" \/>\n<meta property=\"og:title\" content=\"Widerrufsrecht - Wolf Home Defense\" \/>\n<meta property=\"og:description\" content=\"Widerrufsrecht f&uuml;r den Verkauf von Waren Widerrufsrecht f&uuml;r Verbraucher&nbsp; (Verbraucher ist jede nat&uuml;rliche Person, die ein Rechtsgesch&auml;ft zu Zwecken abschlie&szlig;t,\" \/>\n<meta property=\"og:url\" content=\"https:\/\/homedefense-ammo.de\/fr\/droit-de-retractation\/\" \/>\n<meta property=\"og:site_name\" content=\"Wolf Home Defense\" \/>\n<meta property=\"article:modified_time\" content=\"2026-04-28T01:29:13+00:00\" \/>\n<meta name=\"twitter:card\" content=\"summary_large_image\" \/>\n<meta name=\"twitter:label1\" content=\"Dur\u00e9e de lecture estim\u00e9e\" \/>\n\t<meta name=\"twitter:data1\" content=\"5 minutes\" \/>\n<script type=\"application\/ld+json\" class=\"yoast-schema-graph\">{\"@context\":\"https:\/\/schema.org\",\"@graph\":[{\"@type\":\"WebPage\",\"@id\":\"https:\/\/homedefense-ammo.de\/widerrufsrecht\/\",\"url\":\"https:\/\/homedefense-ammo.de\/widerrufsrecht\/\",\"name\":\"Widerrufsrecht - Wolf Home Defense\",\"isPartOf\":{\"@id\":\"https:\/\/homedefense-ammo.de\/#website\"},\"datePublished\":\"2023-12-04T14:06:37+00:00\",\"dateModified\":\"2026-04-28T01:29:13+00:00\",\"breadcrumb\":{\"@id\":\"https:\/\/homedefense-ammo.de\/widerrufsrecht\/#breadcrumb\"},\"inLanguage\":\"fr-FR\",\"potentialAction\":[{\"@type\":\"ReadAction\",\"target\":[\"https:\/\/homedefense-ammo.de\/widerrufsrecht\/\"]}]},{\"@type\":\"BreadcrumbList\",\"@id\":\"https:\/\/homedefense-ammo.de\/widerrufsrecht\/#breadcrumb\",\"itemListElement\":[{\"@type\":\"ListItem\",\"position\":1,\"name\":\"Startseite\",\"item\":\"https:\/\/homedefense-ammo.de\/\"},{\"@type\":\"ListItem\",\"position\":2,\"name\":\"Widerrufsrecht\"}]},{\"@type\":\"WebSite\",\"@id\":\"https:\/\/homedefense-ammo.de\/#website\",\"url\":\"https:\/\/homedefense-ammo.de\/\",\"name\":\"Wolf Home Defense\",\"description\":\"Die Nr. 1 aus Deutschland\",\"publisher\":{\"@id\":\"https:\/\/homedefense-ammo.de\/#organization\"},\"potentialAction\":[{\"@type\":\"SearchAction\",\"target\":{\"@type\":\"EntryPoint\",\"urlTemplate\":\"https:\/\/homedefense-ammo.de\/?s={search_term_string}\"},\"query-input\":{\"@type\":\"PropertyValueSpecification\",\"valueRequired\":true,\"valueName\":\"search_term_string\"}}],\"inLanguage\":\"fr-FR\"},{\"@type\":\"Organization\",\"@id\":\"https:\/\/homedefense-ammo.de\/#organization\",\"name\":\"Wolf Home Defense\",\"url\":\"https:\/\/homedefense-ammo.de\/\",\"logo\":{\"@type\":\"ImageObject\",\"inLanguage\":\"fr-FR\",\"@id\":\"https:\/\/homedefense-ammo.de\/#\/schema\/logo\/image\/\",\"url\":\"https:\/\/homedefense-ammo.de\/wp-content\/uploads\/2023\/12\/Wolf_Logo-White.png\",\"contentUrl\":\"https:\/\/homedefense-ammo.de\/wp-content\/uploads\/2023\/12\/Wolf_Logo-White.png\",\"width\":1078,\"height\":624,\"caption\":\"Wolf Home Defense\"},\"image\":{\"@id\":\"https:\/\/homedefense-ammo.de\/#\/schema\/logo\/image\/\"}}]}<\/script>\n<!-- \/ Yoast SEO plugin. -->","yoast_head_json":{"title":"Droit de r\u00e9tractation - Wolf Home Defense","robots":{"index":"noindex","follow":"nofollow"},"og_locale":"fr_FR","og_type":"article","og_title":"Widerrufsrecht - Wolf Home Defense","og_description":"Widerrufsrecht f&uuml;r den Verkauf von Waren Widerrufsrecht f&uuml;r Verbraucher&nbsp; (Verbraucher ist jede nat&uuml;rliche Person, die ein Rechtsgesch&auml;ft zu Zwecken abschlie&szlig;t,","og_url":"https:\/\/homedefense-ammo.de\/fr\/droit-de-retractation\/","og_site_name":"Wolf Home Defense","article_modified_time":"2026-04-28T01:29:13+00:00","twitter_card":"summary_large_image","twitter_misc":{"Dur\u00e9e de lecture estim\u00e9e":"5 minutes"},"schema":{"@context":"https:\/\/schema.org","@graph":[{"@type":"WebPage","@id":"https:\/\/homedefense-ammo.de\/widerrufsrecht\/","url":"https:\/\/homedefense-ammo.de\/widerrufsrecht\/","name":"Droit de r\u00e9tractation - Wolf Home Defense","isPartOf":{"@id":"https:\/\/homedefense-ammo.de\/#website"},"datePublished":"2023-12-04T14:06:37+00:00","dateModified":"2026-04-28T01:29:13+00:00","breadcrumb":{"@id":"https:\/\/homedefense-ammo.de\/widerrufsrecht\/#breadcrumb"},"inLanguage":"fr-FR","potentialAction":[{"@type":"ReadAction","target":["https:\/\/homedefense-ammo.de\/widerrufsrecht\/"]}]},{"@type":"BreadcrumbList","@id":"https:\/\/homedefense-ammo.de\/widerrufsrecht\/#breadcrumb","itemListElement":[{"@type":"ListItem","position":1,"name":"Startseite","item":"https:\/\/homedefense-ammo.de\/"},{"@type":"ListItem","position":2,"name":"Widerrufsrecht"}]},{"@type":"WebSite","@id":"https:\/\/homedefense-ammo.de\/#website","url":"https:\/\/homedefense-ammo.de\/","name":"D\u00e9fense \u00e0 domicile des loups","description":"Le num\u00e9ro 1 d&#039;Allemagne","publisher":{"@id":"https:\/\/homedefense-ammo.de\/#organization"},"potentialAction":[{"@type":"SearchAction","target":{"@type":"EntryPoint","urlTemplate":"https:\/\/homedefense-ammo.de\/?s={search_term_string}"},"query-input":{"@type":"PropertyValueSpecification","valueRequired":true,"valueName":"search_term_string"}}],"inLanguage":"fr-FR"},{"@type":"Organization","@id":"https:\/\/homedefense-ammo.de\/#organization","name":"D\u00e9fense \u00e0 domicile des loups","url":"https:\/\/homedefense-ammo.de\/","logo":{"@type":"ImageObject","inLanguage":"fr-FR","@id":"https:\/\/homedefense-ammo.de\/#\/schema\/logo\/image\/","url":"https:\/\/homedefense-ammo.de\/wp-content\/uploads\/2023\/12\/Wolf_Logo-White.png","contentUrl":"https:\/\/homedefense-ammo.de\/wp-content\/uploads\/2023\/12\/Wolf_Logo-White.png","width":1078,"height":624,"caption":"Wolf Home Defense"},"image":{"@id":"https:\/\/homedefense-ammo.de\/#\/schema\/logo\/image\/"}}]}},"_links":{"self":[{"href":"https:\/\/homedefense-ammo.de\/fr\/wp-json\/wp\/v2\/pages\/15794","targetHints":{"allow":["GET"]}}],"collection":[{"href":"https:\/\/homedefense-ammo.de\/fr\/wp-json\/wp\/v2\/pages"}],"about":[{"href":"https:\/\/homedefense-ammo.de\/fr\/wp-json\/wp\/v2\/types\/page"}],"author":[{"embeddable":true,"href":"https:\/\/homedefense-ammo.de\/fr\/wp-json\/wp\/v2\/users\/6"}],"replies":[{"embeddable":true,"href":"https:\/\/homedefense-ammo.de\/fr\/wp-json\/wp\/v2\/comments?post=15794"}],"version-history":[{"count":6,"href":"https:\/\/homedefense-ammo.de\/fr\/wp-json\/wp\/v2\/pages\/15794\/revisions"}],"predecessor-version":[{"id":18745,"href":"https:\/\/homedefense-ammo.de\/fr\/wp-json\/wp\/v2\/pages\/15794\/revisions\/18745"}],"wp:attachment":[{"href":"https:\/\/homedefense-ammo.de\/fr\/wp-json\/wp\/v2\/media?parent=15794"}],"wp:term":[{"taxonomy":"category","embeddable":true,"href":"https:\/\/homedefense-ammo.de\/fr\/wp-json\/wp\/v2\/categories?post=15794"},{"taxonomy":"post_tag","embeddable":true,"href":"https:\/\/homedefense-ammo.de\/fr\/wp-json\/wp\/v2\/tags?post=15794"}],"curies":[{"name":"wp","href":"https:\/\/api.w.org\/{rel}","templated":true}]}}