{"id":15792,"date":"2023-12-04T16:06:13","date_gmt":"2023-12-04T14:06:13","guid":{"rendered":"https:\/\/wolf-homedefense-1973a03509d942429e87560d7637d535.tenants.eu1.wpcs.io\/?page_id=15792"},"modified":"2026-03-29T04:52:00","modified_gmt":"2026-03-29T02:52:00","slug":"informations-sur-la-livraison","status":"publish","type":"page","link":"https:\/\/homedefense-ammo.de\/fr\/informations-sur-la-livraison\/","title":{"rendered":"Informations sur la livraison"},"content":{"rendered":"<p><span style=\"font-size:18px\"><strong>Paiement et exp\u00e9dition<\/strong><\/span><\/p>\n<p><span style=\"font-size:14px\">Les conditions suivantes s&#039;appliquent :<\/span><\/p>\n<p><span style=\"font-size:14px\">Les marchandises sont livr\u00e9es dans le monde entier.<\/span><\/p>\n<p><strong><span style=\"font-size:16px\">Exp\u00e9dition<\/span><\/strong><span style=\"font-size:14px\"> <\/span><span style=\"font-size:14px\">(y compris TVA l\u00e9gale)<\/span><\/p>\n<p><strong><span style=\"font-size:14px\">Livraisons nationales (Allemagne)\u00a0:&nbsp;<\/span><\/strong><\/p>\n<p><span style=\"font-size:14px\">Nous calculons les frais d&#039;exp\u00e9dition en fonction du poids de l&#039;exp\u00e9dition\u00a0:<\/p>\n<p>\u2013 Commandes de 0 \u00e0 2 kg = 5,49\u20ac<br \/>\n\u2013 Commandes de plus de 2 kg \u00e0 5 kg = 6,99 \u20ac<br \/>\n\u2013 Commandes sup\u00e9rieures \u00e0 5 \u00e0 10 kg = 10,49\u20ac<br \/>\n\u2013 Commandes de plus de 10 \u00e0 31,5 kg = 19,99\u20ac<\/span><\/p>\n<p><strong><span style=\"font-size:14px\">Livraisons \u00e0 l&#039;\u00e9tranger<\/span><span style=\"font-size:14px\">:<\/span><\/strong><\/p>\n<p><span style=\"font-size:14px\">Nous calculons les frais d&#039;exp\u00e9dition \u00e0 l&#039;\u00e9tranger en fonction du poids de l&#039;exp\u00e9dition\u00a0:<\/p>\n<p>Europe \/ UE\u00a0:<br \/>\n\u2013 Commandes de 0 \u00e0 2 kg = 14,49\u20ac<br \/>\n\u2013 Commandes de plus de 2 kg \u00e0 5 kg = 16,49 \u20ac<br \/>\n\u2013 Commandes sup\u00e9rieures \u00e0 5 \u00e0 10 kg = 21,49\u20ac<br \/>\n\u2013 Commandes de plus de 10 \u00e0 31,5 kg = 32,49 \u20ac<br \/>\nAm\u00e9rique du Nord et du Sud \/ USA \/ Chili :<br \/>\n\u2013 Commandes de 0 \u00e0 2 kg = 18,49\u20ac<br \/>\n\u2013 Commandes de plus de 2 kg \u00e0 5 kg = 47,99 \u20ac<br \/>\n\u2013 Commandes sup\u00e9rieures \u00e0 5 \u00e0 10 kg = 77,99\u20ac<br \/>\n\u2013 Commandes de plus de 10 \u00e0 31,5 kg = 142,99 \u20ac<\/span><\/p>\n<p><span style=\"font-size:18px\"><strong>D\u00e9lais de livraison<\/strong><\/span><\/p>\n<p><span style=\"font-size:14px\">Sauf indication contraire dans l&#039;offre respective, les marchandises seront livr\u00e9es en Suisse (Allemagne) dans un d\u00e9lai de 3 \u00e0 5 jours ouvrables, pour les livraisons \u00e0 l&#039;\u00e9tranger dans un d\u00e9lai de 5 \u00e0 7 jours ouvrables apr\u00e8s la conclusion du contrat (si un paiement anticip\u00e9 a \u00e9t\u00e9 convenu, apr\u00e8s l&#039;heure de votre instruction de paiement).<\/span><br \/>\n<span style=\"font-size:14px\">Attention, il n&#039;y a pas de livraison le dimanche et les jours f\u00e9ri\u00e9s.<\/span><br \/>\n<span style=\"font-size:14px\">Si vous avez command\u00e9 des articles avec des d\u00e9lais de livraison diff\u00e9rents, les marchandises seront envoy\u00e9es en un seul envoi, sauf si nous avons conclu des accords diff\u00e9rents avec vous.<\/span> <span style=\"font-size:14px\">Dans ce cas, le d\u00e9lai de livraison est d\u00e9termin\u00e9 par l&#039;article avec le d\u00e9lai de livraison le plus long que vous avez command\u00e9.<\/span><\/p>\n<p><strong><span style=\"font-size:18px\">Options de paiement accept\u00e9es<\/span><\/strong><\/p>\n<p><span style=\"font-size:14px\"><strong>&#8211;&nbsp; <\/strong>Paiement \u00e0 l&#039;avance par virement bancaire<\/span><br \/>\n<span style=\"font-size: 14px\"><strong>&#8211;<\/strong>&nbsp; Paiement contre remboursement <\/span><span style=\"font-size: 14px\"><\/span><span style=\"font-size: 14px\">(plus frais de livraison contre remboursement <\/span><span style=\"font-size: 14px\">4,20 \u20ac)&nbsp;<\/span><span style=\"font-size: 14px\"><\/span><\/p>\n<p><span style=\"font-size:14px\">Si vous avez des questions, vous trouverez nos coordonn\u00e9es dans les mentions l\u00e9gales.<\/span><\/p>","protected":false},"excerpt":{"rendered":"<p>Paiement et livraison Les conditions g\u00e9n\u00e9rales suivantes s&#039;appliquent\u00a0: Les marchandises sont livr\u00e9es dans le monde entier. Frais de livraison (TVA incluse) pour les livraisons nationales.<\/p>","protected":false},"author":6,"featured_media":0,"parent":0,"menu_order":0,"comment_status":"closed","ping_status":"closed","template":"","meta":{"footnotes":""},"categories":[],"tags":[],"class_list":["post-15792","page","type-page","status-publish","hentry"],"yoast_head":"<!-- This site is optimized with the Yoast SEO plugin v26.2 - https:\/\/yoast.com\/wordpress\/plugins\/seo\/ -->\n<title>Versandinformation - Wolf Home Defense<\/title>\n<meta name=\"robots\" content=\"index, follow, max-snippet:-1, max-image-preview:large, max-video-preview:-1\" \/>\n<link rel=\"canonical\" href=\"https:\/\/homedefense-ammo.de\/fr\/informations-sur-la-livraison\/\" \/>\n<meta property=\"og:locale\" content=\"fr_FR\" \/>\n<meta property=\"og:type\" content=\"article\" \/>\n<meta property=\"og:title\" content=\"Versandinformation - Wolf Home Defense\" \/>\n<meta property=\"og:description\" content=\"Zahlung und Versand Es gelten folgende Bedingungen: Die Lieferung der Ware erfolgt weltweit. Versandkosten (inklusive gesetzliche Mehrwertsteuer) Lieferungen im Inland\" \/>\n<meta property=\"og:url\" content=\"https:\/\/homedefense-ammo.de\/fr\/informations-sur-la-livraison\/\" \/>\n<meta property=\"og:site_name\" content=\"Wolf Home Defense\" \/>\n<meta property=\"article:modified_time\" content=\"2026-03-29T02:52:00+00:00\" \/>\n<meta name=\"twitter:card\" content=\"summary_large_image\" \/>\n<meta name=\"twitter:label1\" content=\"Dur\u00e9e de lecture estim\u00e9e\" \/>\n\t<meta name=\"twitter:data1\" content=\"1 minute\" \/>\n<script type=\"application\/ld+json\" class=\"yoast-schema-graph\">{\"@context\":\"https:\/\/schema.org\",\"@graph\":[{\"@type\":\"WebPage\",\"@id\":\"https:\/\/homedefense-ammo.de\/versandinformation\/\",\"url\":\"https:\/\/homedefense-ammo.de\/versandinformation\/\",\"name\":\"Versandinformation - Wolf Home Defense\",\"isPartOf\":{\"@id\":\"https:\/\/homedefense-ammo.de\/#website\"},\"datePublished\":\"2023-12-04T14:06:13+00:00\",\"dateModified\":\"2026-03-29T02:52:00+00:00\",\"breadcrumb\":{\"@id\":\"https:\/\/homedefense-ammo.de\/versandinformation\/#breadcrumb\"},\"inLanguage\":\"fr-FR\",\"potentialAction\":[{\"@type\":\"ReadAction\",\"target\":[\"https:\/\/homedefense-ammo.de\/versandinformation\/\"]}]},{\"@type\":\"BreadcrumbList\",\"@id\":\"https:\/\/homedefense-ammo.de\/versandinformation\/#breadcrumb\",\"itemListElement\":[{\"@type\":\"ListItem\",\"position\":1,\"name\":\"Startseite\",\"item\":\"https:\/\/homedefense-ammo.de\/\"},{\"@type\":\"ListItem\",\"position\":2,\"name\":\"Versandinformation\"}]},{\"@type\":\"WebSite\",\"@id\":\"https:\/\/homedefense-ammo.de\/#website\",\"url\":\"https:\/\/homedefense-ammo.de\/\",\"name\":\"Wolf Home Defense\",\"description\":\"Die Nr. 1 aus Deutschland\",\"publisher\":{\"@id\":\"https:\/\/homedefense-ammo.de\/#organization\"},\"potentialAction\":[{\"@type\":\"SearchAction\",\"target\":{\"@type\":\"EntryPoint\",\"urlTemplate\":\"https:\/\/homedefense-ammo.de\/?s={search_term_string}\"},\"query-input\":{\"@type\":\"PropertyValueSpecification\",\"valueRequired\":true,\"valueName\":\"search_term_string\"}}],\"inLanguage\":\"fr-FR\"},{\"@type\":\"Organization\",\"@id\":\"https:\/\/homedefense-ammo.de\/#organization\",\"name\":\"Wolf Home Defense\",\"url\":\"https:\/\/homedefense-ammo.de\/\",\"logo\":{\"@type\":\"ImageObject\",\"inLanguage\":\"fr-FR\",\"@id\":\"https:\/\/homedefense-ammo.de\/#\/schema\/logo\/image\/\",\"url\":\"https:\/\/homedefense-ammo.de\/wp-content\/uploads\/2023\/12\/Wolf_Logo-White.png\",\"contentUrl\":\"https:\/\/homedefense-ammo.de\/wp-content\/uploads\/2023\/12\/Wolf_Logo-White.png\",\"width\":1078,\"height\":624,\"caption\":\"Wolf Home Defense\"},\"image\":{\"@id\":\"https:\/\/homedefense-ammo.de\/#\/schema\/logo\/image\/\"}}]}<\/script>\n<!-- \/ Yoast SEO plugin. -->","yoast_head_json":{"title":"Informations sur la livraison - Wolf Home Defense","robots":{"index":"index","follow":"follow","max-snippet":"max-snippet:-1","max-image-preview":"max-image-preview:large","max-video-preview":"max-video-preview:-1"},"canonical":"https:\/\/homedefense-ammo.de\/fr\/informations-sur-la-livraison\/","og_locale":"fr_FR","og_type":"article","og_title":"Versandinformation - Wolf Home Defense","og_description":"Zahlung und Versand Es gelten folgende Bedingungen: Die Lieferung der Ware erfolgt weltweit. Versandkosten (inklusive gesetzliche Mehrwertsteuer) Lieferungen im Inland","og_url":"https:\/\/homedefense-ammo.de\/fr\/informations-sur-la-livraison\/","og_site_name":"Wolf Home Defense","article_modified_time":"2026-03-29T02:52:00+00:00","twitter_card":"summary_large_image","twitter_misc":{"Dur\u00e9e de lecture estim\u00e9e":"1 minute"},"schema":{"@context":"https:\/\/schema.org","@graph":[{"@type":"WebPage","@id":"https:\/\/homedefense-ammo.de\/versandinformation\/","url":"https:\/\/homedefense-ammo.de\/versandinformation\/","name":"Informations sur la livraison - Wolf Home Defense","isPartOf":{"@id":"https:\/\/homedefense-ammo.de\/#website"},"datePublished":"2023-12-04T14:06:13+00:00","dateModified":"2026-03-29T02:52:00+00:00","breadcrumb":{"@id":"https:\/\/homedefense-ammo.de\/versandinformation\/#breadcrumb"},"inLanguage":"fr-FR","potentialAction":[{"@type":"ReadAction","target":["https:\/\/homedefense-ammo.de\/versandinformation\/"]}]},{"@type":"BreadcrumbList","@id":"https:\/\/homedefense-ammo.de\/versandinformation\/#breadcrumb","itemListElement":[{"@type":"ListItem","position":1,"name":"Startseite","item":"https:\/\/homedefense-ammo.de\/"},{"@type":"ListItem","position":2,"name":"Versandinformation"}]},{"@type":"WebSite","@id":"https:\/\/homedefense-ammo.de\/#website","url":"https:\/\/homedefense-ammo.de\/","name":"D\u00e9fense \u00e0 domicile des loups","description":"Le num\u00e9ro 1 d&#039;Allemagne","publisher":{"@id":"https:\/\/homedefense-ammo.de\/#organization"},"potentialAction":[{"@type":"SearchAction","target":{"@type":"EntryPoint","urlTemplate":"https:\/\/homedefense-ammo.de\/?s={search_term_string}"},"query-input":{"@type":"PropertyValueSpecification","valueRequired":true,"valueName":"search_term_string"}}],"inLanguage":"fr-FR"},{"@type":"Organization","@id":"https:\/\/homedefense-ammo.de\/#organization","name":"D\u00e9fense \u00e0 domicile des loups","url":"https:\/\/homedefense-ammo.de\/","logo":{"@type":"ImageObject","inLanguage":"fr-FR","@id":"https:\/\/homedefense-ammo.de\/#\/schema\/logo\/image\/","url":"https:\/\/homedefense-ammo.de\/wp-content\/uploads\/2023\/12\/Wolf_Logo-White.png","contentUrl":"https:\/\/homedefense-ammo.de\/wp-content\/uploads\/2023\/12\/Wolf_Logo-White.png","width":1078,"height":624,"caption":"Wolf Home Defense"},"image":{"@id":"https:\/\/homedefense-ammo.de\/#\/schema\/logo\/image\/"}}]}},"_links":{"self":[{"href":"https:\/\/homedefense-ammo.de\/fr\/wp-json\/wp\/v2\/pages\/15792","targetHints":{"allow":["GET"]}}],"collection":[{"href":"https:\/\/homedefense-ammo.de\/fr\/wp-json\/wp\/v2\/pages"}],"about":[{"href":"https:\/\/homedefense-ammo.de\/fr\/wp-json\/wp\/v2\/types\/page"}],"author":[{"embeddable":true,"href":"https:\/\/homedefense-ammo.de\/fr\/wp-json\/wp\/v2\/users\/6"}],"replies":[{"embeddable":true,"href":"https:\/\/homedefense-ammo.de\/fr\/wp-json\/wp\/v2\/comments?post=15792"}],"version-history":[{"count":3,"href":"https:\/\/homedefense-ammo.de\/fr\/wp-json\/wp\/v2\/pages\/15792\/revisions"}],"predecessor-version":[{"id":18687,"href":"https:\/\/homedefense-ammo.de\/fr\/wp-json\/wp\/v2\/pages\/15792\/revisions\/18687"}],"wp:attachment":[{"href":"https:\/\/homedefense-ammo.de\/fr\/wp-json\/wp\/v2\/media?parent=15792"}],"wp:term":[{"taxonomy":"category","embeddable":true,"href":"https:\/\/homedefense-ammo.de\/fr\/wp-json\/wp\/v2\/categories?post=15792"},{"taxonomy":"post_tag","embeddable":true,"href":"https:\/\/homedefense-ammo.de\/fr\/wp-json\/wp\/v2\/tags?post=15792"}],"curies":[{"name":"wp","href":"https:\/\/api.w.org\/{rel}","templated":true}]}}