{"id":15782,"date":"2023-12-04T16:03:26","date_gmt":"2023-12-04T14:03:26","guid":{"rendered":"https:\/\/wolf-homedefense-1973a03509d942429e87560d7637d535.tenants.eu1.wpcs.io\/?page_id=15782"},"modified":"2026-04-01T17:41:35","modified_gmt":"2026-04-01T15:41:35","slug":"conditions","status":"publish","type":"page","link":"https:\/\/homedefense-ammo.de\/fr\/conditions\/","title":{"rendered":"Conditions"},"content":{"rendered":"<p><span style=\"font-size: 18px;\"><strong>Conditions g\u00e9n\u00e9rales et informations clients<\/strong><\/span><\/p>\n<p><span style=\"font-size: 16px;\"><strong>I. Conditions g\u00e9n\u00e9rales<\/strong><\/span><\/p>\n<p><span style=\"font-size: 16px;\"><strong>\u00a7 1 Dispositions de base<\/strong><\/span><\/p>\n<p><span style=\"font-size: 14px;\"><strong>(1)<\/strong> Les conditions g\u00e9n\u00e9rales suivantes s&#039;appliquent aux contrats que vous concluez avec nous en tant que fournisseur <strong>(<span style=\"font-size: 14px;\"><span style=\"font-size: 14px;\">Monsieur Loup<\/span><\/span>)<\/strong> Les pr\u00e9sentes conditions g\u00e9n\u00e9rales peuvent \u00eatre conclues via le site web homedefense-ammo.de\/. Sauf accord contraire, l&#039;application de toutes conditions g\u00e9n\u00e9rales que vous pourriez utiliser est express\u00e9ment rejet\u00e9e.<\/span><\/p>\n<p><span style=\"font-size: 14px;\"><strong>(2)<\/strong> Un consommateur au sens des r\u00e9glementations suivantes est toute personne physique qui conclut un acte juridique \u00e0 des fins qui ne peuvent \u00eatre imput\u00e9es de mani\u00e8re pr\u00e9dominante ni \u00e0 son activit\u00e9 commerciale ni \u00e0 son activit\u00e9 professionnelle ind\u00e9pendante. Un entrepreneur est toute personne physique ou morale ou soci\u00e9t\u00e9 de personnes dot\u00e9e de la capacit\u00e9 juridique qui, lors de la conclusion d&#039;un acte juridique, agit dans l&#039;exercice de son activit\u00e9 professionnelle ou commerciale ind\u00e9pendante.<\/span><\/p>\n<p><span style=\"font-size: 16px;\"><strong>\u00a7 2 Conclusion du contrat<\/strong><\/span><\/p>\n<p><span style=\"font-size: 14px;\"><strong>(1)<\/strong> L&#039;objet du contrat est la vente de biens<\/span><span style=\"font-size: 14px;\"><span style=\"font-size: 14px;\">\u00a0<\/span><\/span><span style=\"font-size: 14px;\">.<\/span><\/p>\n<p><span style=\"font-size: 14px;\"><strong>(2)<\/strong> Lorsque vous placez le produit concern\u00e9 sur notre site Internet, nous vous faisons une offre ferme de conclure un contrat via le syst\u00e8me de panier d&#039;achat en ligne dans les conditions indiqu\u00e9es dans la description de l&#039;article.<\/span><\/p>\n<p><span style=\"font-size: 14px;\"><strong>(3)<\/strong>\u00a0Le contrat est conclu via le syst\u00e8me de panier d&#039;achat en ligne comme suit\u00a0:<br \/>\nLes articles que vous souhaitez acheter sont plac\u00e9s dans votre panier. Vous pouvez acc\u00e9der \u00e0 votre panier via le bouton correspondant dans la barre de navigation et le modifier \u00e0 tout moment.<br \/>\nApr\u00e8s avoir cliqu\u00e9 sur le bouton \u201e\u00a0Payer\u00a0\u201c ou \u201e\u00a0Passer la commande\u00a0\u201c<\/span>\u00a0<span style=\"font-size: 14px;\">\u00a0(ou nom similaire)<\/span>\u00a0<span style=\"font-size: 14px;\">et apr\u00e8s avoir saisi vos donn\u00e9es personnelles ainsi que les conditions de paiement et d&#039;exp\u00e9dition, les d\u00e9tails de la commande vous seront enfin affich\u00e9s sous forme d&#039;aper\u00e7u de la commande.<\/span><\/p>\n<p><span style=\"font-size: 14px;\">Si vous utilisez un syst\u00e8me de paiement instantan\u00e9 (par exemple PayPal (Express\/Plus\/Checkout), Amazon Pay, Sofort) comme mode de paiement, vous serez soit redirig\u00e9 vers la page d&#039;aper\u00e7u de la commande dans notre boutique en ligne, soit redirig\u00e9 vers le site Web du fournisseur du syst\u00e8me de paiement instantan\u00e9.<br \/>\nSi vous \u00eates redirig\u00e9 vers le syst\u00e8me de paiement instantan\u00e9 correspondant, effectuez la s\u00e9lection appropri\u00e9e ou saisissez-y vos donn\u00e9es. Enfin, les donn\u00e9es de commande seront affich\u00e9es sous forme d&#039;aper\u00e7u de la commande sur le site Internet du fournisseur du syst\u00e8me de paiement instantan\u00e9 ou apr\u00e8s avoir \u00e9t\u00e9 redirig\u00e9 vers notre boutique en ligne.<\/span><\/p>\n<p><span style=\"font-size: 14px;\">Avant de soumettre votre commande, vous avez la possibilit\u00e9 de consulter les informations dans le r\u00e9capitulatif de commande, de les modifier (\u00e9galement via la fonction \u201e retour \u201c de votre navigateur Internet) ou d&#039;annuler la commande. <\/span><\/p>\n<div><span style=\"font-size: 14px;\">En soumettant la commande via le bouton correspondant (\u201e commande avec obligation de paiement \u201c, \u201e acheter \u201c \/ \u201e acheter maintenant \u201c, \u201e payer \u201c \/ \u201e payer maintenant \u201c ou d\u00e9signation similaire), vous d\u00e9clarez juridiquement accepter l&#039;offre, concluant ainsi le contrat.<\/span><\/div>\n<div><\/div>\n<p><span style=\"font-size: 14px;\"><strong>(4)<\/strong> Vos demandes de cr\u00e9ation d\u2019offre sont sans engagement pour vous. Nous vous ferons une offre ferme sous forme de texte (par exemple par e-mail), que vous pourrez accepter dans les 5 jours (sauf si un autre d\u00e9lai est indiqu\u00e9 dans l&#039;offre correspondante).<\/span><\/p>\n<p><span style=\"font-size: 14px;\"><strong>(5)<\/strong> Le traitement de la commande et la transmission de toutes les informations n\u00e9cessaires \u00e0 la conclusion du contrat sont en partie automatis\u00e9s par email. Vous devez donc vous assurer que l&#039;adresse e-mail que vous nous fournissez est correcte, que la r\u00e9ception des e-mails est techniquement assur\u00e9e et notamment qu&#039;elle n&#039;est pas emp\u00each\u00e9e par des filtres SPAM.<\/span><\/p>\n<p><strong><span style=\"font-size: 16px;\">\u00a7 3 Droit de r\u00e9tention<\/span><\/strong><strong><span style=\"font-size: 16px;\">, r\u00e9serve de propri\u00e9t\u00e9<\/span><\/strong><\/p>\n<p><span style=\"font-size: 14px;\"><strong>(1)<\/strong> Vous ne pouvez exercer un droit de r\u00e9tention que s&#039;il s&#039;agit de cr\u00e9ances issues de la m\u00eame relation contractuelle.<\/span><\/p>\n<p><span style=\"font-size: 14px;\"><strong>(2)<\/strong> Les marchandises restent notre propri\u00e9t\u00e9 jusqu&#039;au paiement int\u00e9gral du prix d&#039;achat.<\/span><\/p>\n<p><strong><span style=\"font-size: 16px;\">\u00a7 4 Garantie<\/span><\/strong><\/p>\n<p><span style=\"font-size: 14px;\"><strong>(1) <\/strong>Les droits de responsabilit\u00e9 l\u00e9gaux pour les d\u00e9fauts s&#039;appliquent.<\/span><\/p>\n<p><strong><span style=\"font-size: 14px;\">(2)<\/span><\/strong><span style=\"font-size: 14px;\">\u00a0En tant que consommateur, vous \u00eates pri\u00e9 de v\u00e9rifier imm\u00e9diatement apr\u00e8s la livraison si la marchandise est compl\u00e8te, s&#039;il y a des d\u00e9fauts \u00e9vidents et des dommages dus au transport, et de nous signaler toute r\u00e9clamation, ainsi qu&#039;au transitaire, dans les plus brefs d\u00e9lais. Si vous ne respectez pas ces consignes, cela n&#039;aura aucun effet sur vos droits \u00e0 la garantie l\u00e9gale.<\/span><\/p>\n<p><strong><span style=\"font-size: 14px;\">(3)\u00a0<\/span><\/strong><span style=\"font-size: 14px;\">Si une caract\u00e9ristique de la marchandise s&#039;\u00e9carte des exigences objectives, l&#039;\u00e9cart n&#039;est consid\u00e9r\u00e9 comme convenu que si nous vous en avons inform\u00e9 avant la d\u00e9claration contractuelle et si l&#039;\u00e9cart a \u00e9t\u00e9 express\u00e9ment et s\u00e9par\u00e9ment convenu entre les parties contractantes.<\/span><\/p>\n<p><strong><span style=\"font-size: 16px;\">\u00a7 5 Choix de la loi<\/span><\/strong><\/p>\n<p><span style=\"font-size: 14px;\"><strong>(1)<\/strong>\u00a0La loi allemande s&#039;applique. Pour les consommateurs, ce choix de loi ne s&#039;applique que dans la mesure o\u00f9 la protection accord\u00e9e par les dispositions imp\u00e9ratives de la loi du pays de r\u00e9sidence habituelle du consommateur n&#039;est pas retir\u00e9e (principe de faveur).<\/span><\/p>\n<p><span style=\"font-size: 14px;\"><strong>(2)<\/strong>\u00a0Les dispositions de la Convention des Nations Unies sur les contrats de vente internationale de marchandises ne s&#039;appliquent express\u00e9ment pas.<\/span><\/p>\n<p><strong><span style=\"font-size: 16px;\">\u00a7 6 Protection des mineurs<\/span><\/strong><\/p>\n<p><span style=\"font-size: 14px;\"><strong>(1)<\/strong>\u00a0 Lors de la vente de biens soumis aux dispositions de la loi sur la protection de la jeunesse, nous concluons des relations contractuelles uniquement avec des clients ayant atteint l&#039;\u00e2ge minimum requis par la loi.<br \/>\nLes restrictions d&#039;\u00e2ge existantes sont indiqu\u00e9es dans la description de l&#039;article concern\u00e9.<\/span><\/p>\n<p><span style=\"font-size: 14px;\"><strong>(2)<\/strong>\u00a0En soumettant votre commande, vous confirmez que vous avez atteint l&#039;\u00e2ge minimum l\u00e9galement requis et que vos coordonn\u00e9es concernant votre nom et votre adresse sont correctes. Vous \u00eates tenu de veiller \u00e0 ce que seules vous ou les personnes autoris\u00e9es par vous \u00e0 accepter la livraison et qui ont atteint l&#039;\u00e2ge minimum l\u00e9galement requis re\u00e7oivent la marchandise.<\/span><\/p>\n<p><span style=\"font-size: 14px;\"><strong>(3)<\/strong>\u00a0Dans la mesure o\u00f9 nous sommes oblig\u00e9s de proc\u00e9der \u00e0 un contr\u00f4le d&#039;\u00e2ge en raison de dispositions l\u00e9gales, nous demandons au prestataire logistique charg\u00e9 de la livraison de ne remettre la livraison qu&#039;\u00e0 des personnes ayant atteint l&#039;\u00e2ge minimum l\u00e9galement requis et, en cas de doute , de fournir la carte d&#039;identit\u00e9 de la personne qui re\u00e7oit les marchandises \u00e0 pr\u00e9senter \u00e0 la personne qui la prend pour un contr\u00f4le d&#039;\u00e2ge.<\/span><\/p>\n<p><span style=\"font-size: 14px;\"><strong>(4)<\/strong> Si nous indiquons dans la description de l&#039;article concern\u00e9 que vous devez avoir plus de 18 ans pour acheter les marchandises, au-del\u00e0 de l&#039;\u00e2ge minimum l\u00e9galement prescrit, les paragraphes 1 \u00e0 3 ci-dessus s&#039;appliquent \u00e0 condition qu&#039;au lieu de l&#039;\u00e2ge minimum l\u00e9galement prescrit, vous devez \u00eatre majeur. .<\/span><\/p>\n<hr \/>\n<p><span style=\"font-size: 14px;\"><span style=\"font-size: 14px;\"><br \/>\n<strong><span style=\"font-size: 16px;\">II.Informations client <\/span><\/strong><\/span><\/span><\/p>\n<p><span style=\"font-size: 16px;\"><strong>1. Identit\u00e9 du vendeur<\/strong><\/span><\/p>\n<p><span style=\"font-size: 14px;\"><span style=\"font-size: 14px;\"><span style=\"font-size: 14px;\"><span style=\"font-size: 14px;\">Monsieur Loup<\/span><\/span><\/span><br \/>\nEichgrabenstrasse 56<br \/>\n63628 Bad Soden-Salm\u00fcnster<br \/>\nAllemagne<br \/>\nE-mail\u00a0: info@homedefense-ammo.de<\/span><\/p>\n<p><span style=\"font-size: 14px;\">Nous ne sommes ni dispos\u00e9s ni oblig\u00e9s de participer \u00e0 des proc\u00e9dures de r\u00e8glement des litiges devant les conseils d&#039;arbitrage des consommateurs.<\/span><\/p>\n<p><strong><span style=\"font-size: 16px;\">2. Informations sur la conclusion du contrat<\/span><\/strong><\/p>\n<p><span style=\"font-size: 14px;\">Les \u00e9tapes techniques menant \u00e0 la conclusion du contrat, la conclusion du contrat elle-m\u00eame et les possibilit\u00e9s de correction sont r\u00e9gies par les dispositions de la \u201e Formation du contrat \u201c de nos Conditions g\u00e9n\u00e9rales (Partie I).<\/span><\/p>\n<p><span style=\"font-size: 16px;\"><strong>3. Langue du contrat, stockage du texte du contrat<\/strong><\/span><\/p>\n<p><span style=\"font-size: 14px;\">3.1. La langue du contrat est l&#039;allemand\u00a0<\/span><span style=\"font-size: 14px;\">.<\/span><\/p>\n<p><span style=\"font-size: 14px;\">3.2. Nous ne sauvegardons pas le texte complet du contrat. Avant d&#039;envoyer la commande <\/span><span style=\"font-size: 14px;\"> via le syst\u00e8me de panier d&#039;achat en ligne<\/span><span style=\"font-size: 14px;\">\u00a0Les donn\u00e9es contractuelles peuvent \u00eatre imprim\u00e9es ou enregistr\u00e9es \u00e9lectroniquement \u00e0 l&#039;aide de la fonction d&#039;impression du navigateur. Apr\u00e8s r\u00e9ception de la commande, les donn\u00e9es de commande, les informations l\u00e9galement requises pour les contrats de vente \u00e0 distance et les conditions g\u00e9n\u00e9rales vous seront \u00e0 nouveau envoy\u00e9es par e-mail.<\/span><\/p>\n<p><span style=\"font-size: 14px;\">3.3. Si vous demandez une offre en dehors du syst\u00e8me de panier d&#039;achat en ligne, vous recevrez toutes les donn\u00e9es contractuelles dans le cadre d&#039;une offre ferme sous forme de texte, par exemple par e-mail, que vous pourrez imprimer ou enregistrer \u00e9lectroniquement.<\/span><\/p>\n<p><span style=\"font-size: 16px;\"><strong>4. Codes de conduite<\/strong><\/span><\/p>\n<p><span style=\"font-size: 14px;\">4.1. Nous nous sommes soumis aux crit\u00e8res de qualit\u00e9 du label d&#039;acheteur de la Merchant Association Management AG, consultables \u00e0 l&#039;adresse suivante\u00a0:\u00a0<a href=\"https:\/\/www.haendlerbund.de\/de\/downloads\/kaeufersiegel\/kaeufersiegel-zertifizierungskriterien.pdf\" target=\"_blank\" rel=\"noopener\" data-saferedirecturl=\"https:\/\/www.google.com\/url?q=https:\/\/www.haendlerbund.de\/de\/downloads\/kaeufersiegel\/kaeufersiegel-zertifizierungskriterien.pdf&amp;source=gmail&amp;ust=1595571225131000&amp;usg=AFQjCNFe5mk3H_qoqXPKQq9eTI32jhhuHg\">https:\/\/www.haendlerbund.de\/<wbr \/>de\/t\u00e9l\u00e9chargements\/sceau de l&#039;acheteur\/<wbr \/>sceau de l&#039;acheteur-<wbr \/>crit\u00e8res de certification.pdf<\/a>.<\/span><\/p>\n<p><strong><span style=\"font-size: 16px;\">5. Caract\u00e9ristiques essentielles des biens ou services<\/span><\/strong><\/p>\n<p><span style=\"font-size: 14px;\">Les caract\u00e9ristiques essentielles des biens et\/ou services se trouvent dans l\u2019offre respective.<\/span><\/p>\n<p><strong><span style=\"font-size: 16px;\">6. Prix et modes de paiement<\/span><\/strong><\/p>\n<p><span style=\"font-size: 14px;\">6.1. Les prix indiqu\u00e9s dans les offres respectives ainsi que les frais d&#039;exp\u00e9dition repr\u00e9sentent des prix totaux. Ils incluent tous les \u00e9l\u00e9ments de prix incluant toutes les taxes applicables.<\/span><\/p>\n<p><span style=\"font-size: 14px;\">6.2. Les frais d&#039;exp\u00e9dition occasionn\u00e9s ne sont pas inclus dans le prix d&#039;achat. Ils sont accessibles via un bouton correspondant sur notre site Internet ou dans l&#039;offre correspondante, sont affich\u00e9s s\u00e9par\u00e9ment pendant le processus de commande et sont \u00e0 votre charge en plus, dans la mesure o\u00f9 la livraison gratuite n&#039;est pas garantie.<\/span><\/p>\n<p><span style=\"font-size: 14px;\">6.3. Si la livraison est effectu\u00e9e dans des pays hors Union Europ\u00e9enne, des frais suppl\u00e9mentaires peuvent survenir dont nous ne sommes pas responsables, tels que des droits de douane, des taxes ou des frais de transfert d&#039;argent (frais de transfert ou de change des \u00e9tablissements de cr\u00e9dit), qui doivent \u00eatre support\u00e9s par vous.\u00a0<\/span><\/p>\n<p><span style=\"font-size: 14px;\">6.4.\u00a0<\/span><span style=\"font-size: 14px;\">Frais engag\u00e9s pour le transfert d&#039;argent\u00a0<\/span><span style=\"font-size: 14px;\">(Frais de virement ou de change factur\u00e9s par les \u00e9tablissements de cr\u00e9dit)\u00a0<\/span><span style=\"font-size: 14px;\">sont \u00e0 votre charge dans le cas o\u00f9 la livraison est effectu\u00e9e dans un \u00c9tat membre de l&#039;UE mais le paiement a \u00e9t\u00e9 effectu\u00e9 en dehors de l&#039;Union europ\u00e9enne.<\/span><\/p>\n<p><span style=\"font-size: 14px;\">6.5. Les moyens de paiement \u00e0 votre disposition <\/span><span style=\"font-size: 14px;\">sont affich\u00e9s sous un bouton intitul\u00e9 correspondant sur notre site Web ou dans l&#039;offre correspondante.<\/span><\/p>\n<p><span style=\"font-size: 14px;\">6.6. Sauf indication contraire pour les diff\u00e9rents modes de paiement, les cr\u00e9ances au paiement d\u00e9coulant du contrat conclu doivent \u00eatre pay\u00e9es imm\u00e9diatement.<\/span><\/p>\n<p><strong><span style=\"font-size: 16px;\">7. Conditions de livraison<\/span><\/strong><\/p>\n<p><span style=\"font-size: 14px;\">7.1. Les conditions de livraison, la date de livraison et les \u00e9ventuelles restrictions de livraison existantes peuvent \u00eatre trouv\u00e9es sous un bouton correspondant sur notre site Internet ou dans l&#039;offre correspondante.<\/span><\/p>\n<p><span style=\"font-size: 14px;\">7.2. Si vous \u00eates un consommateur, il est r\u00e9glement\u00e9 par la loi que le risque de perte accidentelle et de d\u00e9t\u00e9rioration accidentelle de l&#039;article vendu lors de l&#039;exp\u00e9dition ne vous est transf\u00e9r\u00e9 qu&#039;au moment de la remise de la marchandise, que l&#039;envoi soit assur\u00e9 ou non. Ceci ne s&#039;applique pas si vous avez mandat\u00e9 de mani\u00e8re ind\u00e9pendante une entreprise de transport non d\u00e9sign\u00e9e par l&#039;entrepreneur ou une autre personne d\u00e9sign\u00e9e pour effectuer l&#039;exp\u00e9dition. <\/span><\/p>\n<p><strong><span style=\"font-size: 16px;\">8. Droit de la responsabilit\u00e9 l\u00e9gale pour les d\u00e9fauts <\/span><\/strong><\/p>\n<p><span style=\"font-size: 14px;\">La responsabilit\u00e9 en cas de d\u00e9fauts est r\u00e9gie par la clause \u201e Garantie \u201c de nos Conditions G\u00e9n\u00e9rales (Partie I). <\/span><\/p>\n<p><span style=\"font-size: 14px;\">Les pr\u00e9sentes conditions g\u00e9n\u00e9rales et les informations clients ont \u00e9t\u00e9 \u00e9labor\u00e9es par les avocats sp\u00e9cialis\u00e9s en droit informatique de l&#039;association des concessionnaires et leur conformit\u00e9 l\u00e9gale est constamment v\u00e9rifi\u00e9e. Merchant Association Management AG garantit la s\u00e9curit\u00e9 juridique des textes et est responsable en cas d&#039;avertissements. De plus amples informations peuvent \u00eatre trouv\u00e9es \u00e0 l&#039;adresse suivante\u00a0:\u00a0<a href=\"https:\/\/www.haendlerbund.de\/de\/leistungen\/rechtssicherheit\/agb-service\" target=\"_blank\" rel=\"noopener\" data-saferedirecturl=\"https:\/\/www.google.com\/url?q=https:\/\/www.haendlerbund.de\/de\/leistungen\/rechtssicherheit\/agb-service&amp;source=gmail&amp;ust=1595571225131000&amp;usg=AFQjCNFRXstfsBqXtZxEv0RC9XDgevh1EQ\">https:\/\/www.haendlerbund.de\/<wbr \/>de\/services\/<wbr \/>s\u00e9curit\u00e9 juridique\/conditions g\u00e9n\u00e9rales de service<\/a>.<\/span><\/p>\n<p><span style=\"font-size: 14px;\">derni\u00e8re mise \u00e0 jour : <span style=\"font-size: 14px;\">22.10.2024<\/span><\/span><\/p>","protected":false},"excerpt":{"rendered":"<p>Conditions g\u00e9n\u00e9rales et informations clients I. Conditions g\u00e9n\u00e9rales \u00a7 1 Dispositions fondamentales (1) Les conditions g\u00e9n\u00e9rales suivantes s&#039;appliquent aux contrats que vous concluez<\/p>","protected":false},"author":6,"featured_media":0,"parent":0,"menu_order":0,"comment_status":"closed","ping_status":"closed","template":"","meta":{"footnotes":""},"categories":[],"tags":[],"class_list":["post-15782","page","type-page","status-publish","hentry"],"yoast_head":"<!-- This site is optimized with the Yoast SEO plugin v26.2 - https:\/\/yoast.com\/wordpress\/plugins\/seo\/ -->\n<title>AGB - Wolf Home Defense<\/title>\n<meta name=\"robots\" content=\"noindex, nofollow\" \/>\n<meta property=\"og:locale\" content=\"fr_FR\" \/>\n<meta property=\"og:type\" content=\"article\" \/>\n<meta property=\"og:title\" content=\"AGB - Wolf Home Defense\" \/>\n<meta property=\"og:description\" content=\"Allgemeine Gesch\u00e4ftsbedingungen und Kundeninformationen I. Allgemeine Gesch\u00e4ftsbedingungen \u00a7 1 Grundlegende Bestimmungen (1) Die nachstehenden Gesch\u00e4ftsbedingungen gelten f\u00fcr Vertr\u00e4ge, die Sie\" \/>\n<meta property=\"og:url\" content=\"https:\/\/homedefense-ammo.de\/fr\/conditions\/\" \/>\n<meta property=\"og:site_name\" content=\"Wolf Home Defense\" \/>\n<meta property=\"article:modified_time\" content=\"2026-04-01T15:41:35+00:00\" \/>\n<meta name=\"twitter:card\" content=\"summary_large_image\" \/>\n<meta name=\"twitter:label1\" content=\"Dur\u00e9e de lecture estim\u00e9e\" \/>\n\t<meta name=\"twitter:data1\" content=\"8 minutes\" \/>\n<script type=\"application\/ld+json\" class=\"yoast-schema-graph\">{\"@context\":\"https:\/\/schema.org\",\"@graph\":[{\"@type\":\"WebPage\",\"@id\":\"https:\/\/homedefense-ammo.de\/agb\/\",\"url\":\"https:\/\/homedefense-ammo.de\/agb\/\",\"name\":\"AGB - Wolf Home Defense\",\"isPartOf\":{\"@id\":\"https:\/\/homedefense-ammo.de\/#website\"},\"datePublished\":\"2023-12-04T14:03:26+00:00\",\"dateModified\":\"2026-04-01T15:41:35+00:00\",\"breadcrumb\":{\"@id\":\"https:\/\/homedefense-ammo.de\/agb\/#breadcrumb\"},\"inLanguage\":\"fr-FR\",\"potentialAction\":[{\"@type\":\"ReadAction\",\"target\":[\"https:\/\/homedefense-ammo.de\/agb\/\"]}]},{\"@type\":\"BreadcrumbList\",\"@id\":\"https:\/\/homedefense-ammo.de\/agb\/#breadcrumb\",\"itemListElement\":[{\"@type\":\"ListItem\",\"position\":1,\"name\":\"Startseite\",\"item\":\"https:\/\/homedefense-ammo.de\/\"},{\"@type\":\"ListItem\",\"position\":2,\"name\":\"AGB\"}]},{\"@type\":\"WebSite\",\"@id\":\"https:\/\/homedefense-ammo.de\/#website\",\"url\":\"https:\/\/homedefense-ammo.de\/\",\"name\":\"Wolf Home Defense\",\"description\":\"Die Nr. 1 aus Deutschland\",\"publisher\":{\"@id\":\"https:\/\/homedefense-ammo.de\/#organization\"},\"potentialAction\":[{\"@type\":\"SearchAction\",\"target\":{\"@type\":\"EntryPoint\",\"urlTemplate\":\"https:\/\/homedefense-ammo.de\/?s={search_term_string}\"},\"query-input\":{\"@type\":\"PropertyValueSpecification\",\"valueRequired\":true,\"valueName\":\"search_term_string\"}}],\"inLanguage\":\"fr-FR\"},{\"@type\":\"Organization\",\"@id\":\"https:\/\/homedefense-ammo.de\/#organization\",\"name\":\"Wolf Home Defense\",\"url\":\"https:\/\/homedefense-ammo.de\/\",\"logo\":{\"@type\":\"ImageObject\",\"inLanguage\":\"fr-FR\",\"@id\":\"https:\/\/homedefense-ammo.de\/#\/schema\/logo\/image\/\",\"url\":\"https:\/\/homedefense-ammo.de\/wp-content\/uploads\/2023\/12\/Wolf_Logo-White.png\",\"contentUrl\":\"https:\/\/homedefense-ammo.de\/wp-content\/uploads\/2023\/12\/Wolf_Logo-White.png\",\"width\":1078,\"height\":624,\"caption\":\"Wolf Home Defense\"},\"image\":{\"@id\":\"https:\/\/homedefense-ammo.de\/#\/schema\/logo\/image\/\"}}]}<\/script>\n<!-- \/ Yoast SEO plugin. -->","yoast_head_json":{"title":"Conditions g\u00e9n\u00e9rales - Wolf Home Defense","robots":{"index":"noindex","follow":"nofollow"},"og_locale":"fr_FR","og_type":"article","og_title":"AGB - Wolf Home Defense","og_description":"Allgemeine Gesch\u00e4ftsbedingungen und Kundeninformationen I. Allgemeine Gesch\u00e4ftsbedingungen \u00a7 1 Grundlegende Bestimmungen (1) Die nachstehenden Gesch\u00e4ftsbedingungen gelten f\u00fcr Vertr\u00e4ge, die Sie","og_url":"https:\/\/homedefense-ammo.de\/fr\/conditions\/","og_site_name":"Wolf Home Defense","article_modified_time":"2026-04-01T15:41:35+00:00","twitter_card":"summary_large_image","twitter_misc":{"Dur\u00e9e de lecture estim\u00e9e":"8 minutes"},"schema":{"@context":"https:\/\/schema.org","@graph":[{"@type":"WebPage","@id":"https:\/\/homedefense-ammo.de\/agb\/","url":"https:\/\/homedefense-ammo.de\/agb\/","name":"Conditions g\u00e9n\u00e9rales - Wolf Home Defense","isPartOf":{"@id":"https:\/\/homedefense-ammo.de\/#website"},"datePublished":"2023-12-04T14:03:26+00:00","dateModified":"2026-04-01T15:41:35+00:00","breadcrumb":{"@id":"https:\/\/homedefense-ammo.de\/agb\/#breadcrumb"},"inLanguage":"fr-FR","potentialAction":[{"@type":"ReadAction","target":["https:\/\/homedefense-ammo.de\/agb\/"]}]},{"@type":"BreadcrumbList","@id":"https:\/\/homedefense-ammo.de\/agb\/#breadcrumb","itemListElement":[{"@type":"ListItem","position":1,"name":"Startseite","item":"https:\/\/homedefense-ammo.de\/"},{"@type":"ListItem","position":2,"name":"AGB"}]},{"@type":"WebSite","@id":"https:\/\/homedefense-ammo.de\/#website","url":"https:\/\/homedefense-ammo.de\/","name":"D\u00e9fense \u00e0 domicile des loups","description":"Le num\u00e9ro 1 d&#039;Allemagne","publisher":{"@id":"https:\/\/homedefense-ammo.de\/#organization"},"potentialAction":[{"@type":"SearchAction","target":{"@type":"EntryPoint","urlTemplate":"https:\/\/homedefense-ammo.de\/?s={search_term_string}"},"query-input":{"@type":"PropertyValueSpecification","valueRequired":true,"valueName":"search_term_string"}}],"inLanguage":"fr-FR"},{"@type":"Organization","@id":"https:\/\/homedefense-ammo.de\/#organization","name":"D\u00e9fense \u00e0 domicile des loups","url":"https:\/\/homedefense-ammo.de\/","logo":{"@type":"ImageObject","inLanguage":"fr-FR","@id":"https:\/\/homedefense-ammo.de\/#\/schema\/logo\/image\/","url":"https:\/\/homedefense-ammo.de\/wp-content\/uploads\/2023\/12\/Wolf_Logo-White.png","contentUrl":"https:\/\/homedefense-ammo.de\/wp-content\/uploads\/2023\/12\/Wolf_Logo-White.png","width":1078,"height":624,"caption":"Wolf Home Defense"},"image":{"@id":"https:\/\/homedefense-ammo.de\/#\/schema\/logo\/image\/"}}]}},"_links":{"self":[{"href":"https:\/\/homedefense-ammo.de\/fr\/wp-json\/wp\/v2\/pages\/15782","targetHints":{"allow":["GET"]}}],"collection":[{"href":"https:\/\/homedefense-ammo.de\/fr\/wp-json\/wp\/v2\/pages"}],"about":[{"href":"https:\/\/homedefense-ammo.de\/fr\/wp-json\/wp\/v2\/types\/page"}],"author":[{"embeddable":true,"href":"https:\/\/homedefense-ammo.de\/fr\/wp-json\/wp\/v2\/users\/6"}],"replies":[{"embeddable":true,"href":"https:\/\/homedefense-ammo.de\/fr\/wp-json\/wp\/v2\/comments?post=15782"}],"version-history":[{"count":6,"href":"https:\/\/homedefense-ammo.de\/fr\/wp-json\/wp\/v2\/pages\/15782\/revisions"}],"predecessor-version":[{"id":18733,"href":"https:\/\/homedefense-ammo.de\/fr\/wp-json\/wp\/v2\/pages\/15782\/revisions\/18733"}],"wp:attachment":[{"href":"https:\/\/homedefense-ammo.de\/fr\/wp-json\/wp\/v2\/media?parent=15782"}],"wp:term":[{"taxonomy":"category","embeddable":true,"href":"https:\/\/homedefense-ammo.de\/fr\/wp-json\/wp\/v2\/categories?post=15782"},{"taxonomy":"post_tag","embeddable":true,"href":"https:\/\/homedefense-ammo.de\/fr\/wp-json\/wp\/v2\/tags?post=15782"}],"curies":[{"name":"wp","href":"https:\/\/api.w.org\/{rel}","templated":true}]}}