{"id":9119,"date":"2023-12-01T12:06:00","date_gmt":"2023-12-01T10:06:00","guid":{"rendered":"https:\/\/wolf-homedefense-1973a03509d942429e87560d7637d535.tenants.eu1.wpcs.io\/?post_type=product&#038;p=9119"},"modified":"2025-09-22T15:21:46","modified_gmt":"2025-09-22T13:21:46","slug":"highspeed-glassbreaker-ammunition-50-pieces-caliber-50-umarex-hdr-50-2","status":"publish","type":"product","link":"https:\/\/homedefense-ammo.de\/en\/products\/highspeed-glassbreaker-ammunition-50-pieces-caliber-50-umarex-hdr-50-2\/","title":{"rendered":"50x high-speed glass breaker HDR 50 BB ammunition | TR 50 BB ammunition | Caliber 50"},"content":{"rendered":"<div class=\"flex-1 overflow-hidden\">\n<div class=\"react-scroll-to-bottom--css-sikpi-79elbk h-full\">\n<div class=\"react-scroll-to-bottom--css-sikpi-1n7m0yu\">\n<div class=\"flex flex-col pb-9 text-sm\">\n<div class=\"w-full text-token-text-primary\" data-testid=\"conversation-turn-53\">\n<div class=\"px-4 py-2 justify-center text-base md:gap-6 m-auto\">\n<div class=\"flex flex-1 text-base mx-auto gap-3 md:px-5 lg:px-1 xl:px-5 md:max-w-3xl lg:max-w-[40rem] xl:max-w-[48rem] } group final-completion\">\n<div class=\"relative flex w-full flex-col lg:w-[calc(100%-115px)] agent-turn\">\n<div class=\"flex-col gap-1 md:gap-3\">\n<div class=\"flex flex-grow flex-col max-w-full\">\n<div class=\"min-h-[20px] text-message flex flex-col items-start gap-3 whitespace-pre-wrap break-words [.text-message+&amp;]:mt-5 overflow-x-auto\" data-message-id=\"38cea5e1-38d3-4a93-8a75-d7fa86e6c449\" data-message-author-role=\"assistant\">\n<div class=\"markdown prose w-full break-words dark:prose-invert dark\">\n<p><strong>High speed glass breaker ammunition - 50 pieces caliber 50 HDR 50<\/strong><\/p>\n<p>Discover the new generation of high-speed glass breaker ammunition \u2013 now in a set of 50 high-performance bullets for your HDR50 paintball marker.<\/p>\n<p><strong>Product highlights:<\/strong><\/p>\n<ul>\n<li><strong>New and improved:<\/strong> Our high-speed glassbreaker ammunition now offers even more precision and power for an impressive shooting experience.<\/li>\n<li><strong>Ultra Speed Bullets (Cal.50):<\/strong> Developed using a special manufacturing process, our bullets deliver high-speed results that exceed every expectation.<\/li>\n<li><strong>Stealth Core bullets:<\/strong> Perfect combination of precision and power for your HDR50.<\/li>\n<\/ul>\n<p><strong>Why our ammunition?<\/strong><\/p>\n<ul>\n<li><strong>The best ammunition for HDR50:<\/strong> Stop worrying about inferior ammunition. Our HSGB bullets fill the gap for the HDR50 by perfectly combining lightness and penetrating power.<\/li>\n<\/ul>\n<p><strong>Technical data:<\/strong><\/p>\n<ul>\n<li><strong>Caliber:<\/strong> Cal. 50<\/li>\n<li><strong>Length:<\/strong> 11.5mm<\/li>\n<li><strong>Weight:<\/strong> approx. 1.2 grams<\/li>\n<li><strong>Material:<\/strong> PLA\/steel<\/li>\n<\/ul>\n<p><strong>Scope of delivery:<\/strong><\/p>\n<ul>\n<li>50 pieces of high-performance bullets in a noble copper color (drum not included)<\/li>\n<\/ul>\n<p>We are happy to answer any questions or inquiries you may have. Simply contact us by email (see imprint).<\/p>\n<\/div>\n<p><strong>These projectiles are expressly intended for fun shooting at suitable targets. Never shoot at people or animals!<\/p>\n<p><\/strong>This article is legal in Germany and does not require any special authorization. The sale is only to persons aged 18 and over, with age verification at checkout and upon delivery. The buyer is obliged to observe the legal regulations regarding possession, transport and use. Any use of this ammunition against people or animals is strictly prohibited and can result in criminal consequences. The seller is not liable for improper or unlawful use of the product.<strong><br \/>\n<\/strong><\/p>\n<\/div>\n<\/div>\n<\/div>\n<\/div>\n<\/div>\n<\/div>\n<\/div>\n<\/div>\n<\/div>\n<\/div>\n<\/div>","protected":false},"excerpt":{"rendered":"<p>Increase the performance of your HDR50 revolver with the new generation of high-speed glass breaker ammunition. This set of 50 bullets takes precision and power to a new level, thanks to Ultra Speed Technology and Stealth Core bullets for outstanding results.<\/p>","protected":false},"featured_media":16340,"template":"","meta":[],"product_brand":[],"product_cat":[96,103],"product_tag":[28,34,18,20,21,22,23,24,25,26,27],"class_list":{"0":"post-9119","1":"product","2":"type-product","3":"status-publish","4":"has-post-thumbnail","6":"product_cat-kal50","7":"product_cat-hdr50","8":"product_tag-munition","9":"product_tag-home-defense","10":"product_tag-ab-18-jahren","11":"product_tag-ammunation","12":"product_tag-cal-50","13":"product_tag-co2","14":"product_tag-freie-waffen","15":"product_tag-hdr","16":"product_tag-hdr-50","17":"product_tag-heimverteidigung","18":"product_tag-kaliber-50","19":"pa_passend-fuer-hdr-50","21":"first","22":"instock","23":"sale","24":"taxable","25":"shipping-taxable","26":"purchasable","27":"product-type-simple"},"yoast_head":"<!-- This site is optimized with the Yoast SEO plugin v26.2 - https:\/\/yoast.com\/wordpress\/plugins\/seo\/ -->\n<title>50x Highspeed Glasbreaker HDR 50 BB Munition | TR 50 BB Munition | Kaliber 50 - Wolf Home Defense<\/title>\n<meta name=\"robots\" content=\"index, follow, max-snippet:-1, max-image-preview:large, max-video-preview:-1\" \/>\n<link rel=\"canonical\" href=\"https:\/\/homedefense-ammo.de\/en\/products\/highspeed-glassbreaker-ammunition-50-pieces-caliber-50-umarex-hdr-50-2\/\" \/>\n<meta property=\"og:locale\" content=\"en_US\" \/>\n<meta property=\"og:type\" content=\"article\" \/>\n<meta property=\"og:title\" content=\"50x Highspeed Glasbreaker HDR 50 BB Munition | TR 50 BB Munition | Kaliber 50 - Wolf Home Defense\" \/>\n<meta property=\"og:description\" content=\"Steigern Sie die Leistung Ihres HDR50 Revolvers mit der neuen Generation der Highspeed Glasbreaker Munition. Dieses Set mit 50 Geschossen bringt Pr\u00e4zision und Power auf ein neues Level, dank Ultra Speed Technologie und Stealth Core Geschossen f\u00fcr \u00fcberragende Ergebnisse.\" \/>\n<meta property=\"og:url\" content=\"https:\/\/homedefense-ammo.de\/en\/products\/highspeed-glassbreaker-ammunition-50-pieces-caliber-50-umarex-hdr-50-2\/\" \/>\n<meta property=\"og:site_name\" content=\"Wolf Home Defense\" \/>\n<meta property=\"article:modified_time\" content=\"2025-09-22T13:21:46+00:00\" \/>\n<meta property=\"og:image\" content=\"https:\/\/homedefense-ammo.de\/wp-content\/uploads\/2023\/12\/Wolf.jpg\" \/>\n\t<meta property=\"og:image:width\" content=\"1500\" \/>\n\t<meta property=\"og:image:height\" content=\"1500\" \/>\n\t<meta property=\"og:image:type\" content=\"image\/jpeg\" \/>\n<meta name=\"twitter:card\" content=\"summary_large_image\" \/>\n<meta name=\"twitter:label1\" content=\"Est. reading time\" \/>\n\t<meta name=\"twitter:data1\" content=\"1 minute\" \/>\n<script type=\"application\/ld+json\" class=\"yoast-schema-graph\">{\"@context\":\"https:\/\/schema.org\",\"@graph\":[{\"@type\":\"WebPage\",\"@id\":\"https:\/\/homedefense-ammo.de\/fr\/des-produits\/munitions-brise-verre-haute-vitesse-50-pieces-calibre-50-umarex-hdr-50-2\/\",\"url\":\"https:\/\/homedefense-ammo.de\/fr\/des-produits\/munitions-brise-verre-haute-vitesse-50-pieces-calibre-50-umarex-hdr-50-2\/\",\"name\":\"50x Highspeed Glasbreaker HDR 50 BB Munition | TR 50 BB Munition | Kaliber 50 - Wolf Home Defense\",\"isPartOf\":{\"@id\":\"https:\/\/homedefense-ammo.de\/#website\"},\"primaryImageOfPage\":{\"@id\":\"https:\/\/homedefense-ammo.de\/fr\/des-produits\/munitions-brise-verre-haute-vitesse-50-pieces-calibre-50-umarex-hdr-50-2\/#primaryimage\"},\"image\":{\"@id\":\"https:\/\/homedefense-ammo.de\/fr\/des-produits\/munitions-brise-verre-haute-vitesse-50-pieces-calibre-50-umarex-hdr-50-2\/#primaryimage\"},\"thumbnailUrl\":\"https:\/\/homedefense-ammo.de\/wp-content\/uploads\/2023\/12\/Wolf.jpg\",\"datePublished\":\"2023-12-01T10:06:00+00:00\",\"dateModified\":\"2025-09-22T13:21:46+00:00\",\"breadcrumb\":{\"@id\":\"https:\/\/homedefense-ammo.de\/fr\/des-produits\/munitions-brise-verre-haute-vitesse-50-pieces-calibre-50-umarex-hdr-50-2\/#breadcrumb\"},\"inLanguage\":\"en-US\",\"potentialAction\":[{\"@type\":\"ReadAction\",\"target\":[\"https:\/\/homedefense-ammo.de\/fr\/des-produits\/munitions-brise-verre-haute-vitesse-50-pieces-calibre-50-umarex-hdr-50-2\/\"]}]},{\"@type\":\"ImageObject\",\"inLanguage\":\"en-US\",\"@id\":\"https:\/\/homedefense-ammo.de\/fr\/des-produits\/munitions-brise-verre-haute-vitesse-50-pieces-calibre-50-umarex-hdr-50-2\/#primaryimage\",\"url\":\"https:\/\/homedefense-ammo.de\/wp-content\/uploads\/2023\/12\/Wolf.jpg\",\"contentUrl\":\"https:\/\/homedefense-ammo.de\/wp-content\/uploads\/2023\/12\/Wolf.jpg\",\"width\":1500,\"height\":1500},{\"@type\":\"BreadcrumbList\",\"@id\":\"https:\/\/homedefense-ammo.de\/fr\/des-produits\/munitions-brise-verre-haute-vitesse-50-pieces-calibre-50-umarex-hdr-50-2\/#breadcrumb\",\"itemListElement\":[{\"@type\":\"ListItem\",\"position\":1,\"name\":\"Startseite\",\"item\":\"https:\/\/homedefense-ammo.de\/\"},{\"@type\":\"ListItem\",\"position\":2,\"name\":\"Shop\",\"item\":\"https:\/\/homedefense-ammo.de\/shop\/\"},{\"@type\":\"ListItem\",\"position\":3,\"name\":\"50x Highspeed Glasbreaker HDR 50 BB Munition | TR 50 BB Munition | Kaliber 50\"}]},{\"@type\":\"WebSite\",\"@id\":\"https:\/\/homedefense-ammo.de\/#website\",\"url\":\"https:\/\/homedefense-ammo.de\/\",\"name\":\"Wolf Home Defense\",\"description\":\"Die Nr. 1 aus Deutschland\",\"publisher\":{\"@id\":\"https:\/\/homedefense-ammo.de\/#organization\"},\"potentialAction\":[{\"@type\":\"SearchAction\",\"target\":{\"@type\":\"EntryPoint\",\"urlTemplate\":\"https:\/\/homedefense-ammo.de\/?s={search_term_string}\"},\"query-input\":{\"@type\":\"PropertyValueSpecification\",\"valueRequired\":true,\"valueName\":\"search_term_string\"}}],\"inLanguage\":\"en-US\"},{\"@type\":\"Organization\",\"@id\":\"https:\/\/homedefense-ammo.de\/#organization\",\"name\":\"Wolf Home Defense\",\"url\":\"https:\/\/homedefense-ammo.de\/\",\"logo\":{\"@type\":\"ImageObject\",\"inLanguage\":\"en-US\",\"@id\":\"https:\/\/homedefense-ammo.de\/#\/schema\/logo\/image\/\",\"url\":\"https:\/\/homedefense-ammo.de\/wp-content\/uploads\/2023\/12\/Wolf_Logo-White.png\",\"contentUrl\":\"https:\/\/homedefense-ammo.de\/wp-content\/uploads\/2023\/12\/Wolf_Logo-White.png\",\"width\":1078,\"height\":624,\"caption\":\"Wolf Home Defense\"},\"image\":{\"@id\":\"https:\/\/homedefense-ammo.de\/#\/schema\/logo\/image\/\"}}]}<\/script>\n<!-- \/ Yoast SEO plugin. -->","yoast_head_json":{"title":"50x high-speed glass breaker HDR 50 BB ammunition | TR 50 BB ammunition | Caliber 50 - Wolf Home Defense","robots":{"index":"index","follow":"follow","max-snippet":"max-snippet:-1","max-image-preview":"max-image-preview:large","max-video-preview":"max-video-preview:-1"},"canonical":"https:\/\/homedefense-ammo.de\/en\/products\/highspeed-glassbreaker-ammunition-50-pieces-caliber-50-umarex-hdr-50-2\/","og_locale":"en_US","og_type":"article","og_title":"50x Highspeed Glasbreaker HDR 50 BB Munition | TR 50 BB Munition | Kaliber 50 - Wolf Home Defense","og_description":"Steigern Sie die Leistung Ihres HDR50 Revolvers mit der neuen Generation der Highspeed Glasbreaker Munition. Dieses Set mit 50 Geschossen bringt Pr\u00e4zision und Power auf ein neues Level, dank Ultra Speed Technologie und Stealth Core Geschossen f\u00fcr \u00fcberragende Ergebnisse.","og_url":"https:\/\/homedefense-ammo.de\/en\/products\/highspeed-glassbreaker-ammunition-50-pieces-caliber-50-umarex-hdr-50-2\/","og_site_name":"Wolf Home Defense","article_modified_time":"2025-09-22T13:21:46+00:00","og_image":[{"width":1500,"height":1500,"url":"https:\/\/homedefense-ammo.de\/wp-content\/uploads\/2023\/12\/Wolf.jpg","type":"image\/jpeg"}],"twitter_card":"summary_large_image","twitter_misc":{"Est. reading time":"1 minute"},"schema":{"@context":"https:\/\/schema.org","@graph":[{"@type":"WebPage","@id":"https:\/\/homedefense-ammo.de\/fr\/des-produits\/munitions-brise-verre-haute-vitesse-50-pieces-calibre-50-umarex-hdr-50-2\/","url":"https:\/\/homedefense-ammo.de\/fr\/des-produits\/munitions-brise-verre-haute-vitesse-50-pieces-calibre-50-umarex-hdr-50-2\/","name":"50x high-speed glass breaker HDR 50 BB ammunition | TR 50 BB ammunition | Caliber 50 - Wolf Home Defense","isPartOf":{"@id":"https:\/\/homedefense-ammo.de\/#website"},"primaryImageOfPage":{"@id":"https:\/\/homedefense-ammo.de\/fr\/des-produits\/munitions-brise-verre-haute-vitesse-50-pieces-calibre-50-umarex-hdr-50-2\/#primaryimage"},"image":{"@id":"https:\/\/homedefense-ammo.de\/fr\/des-produits\/munitions-brise-verre-haute-vitesse-50-pieces-calibre-50-umarex-hdr-50-2\/#primaryimage"},"thumbnailUrl":"https:\/\/homedefense-ammo.de\/wp-content\/uploads\/2023\/12\/Wolf.jpg","datePublished":"2023-12-01T10:06:00+00:00","dateModified":"2025-09-22T13:21:46+00:00","breadcrumb":{"@id":"https:\/\/homedefense-ammo.de\/fr\/des-produits\/munitions-brise-verre-haute-vitesse-50-pieces-calibre-50-umarex-hdr-50-2\/#breadcrumb"},"inLanguage":"en-US","potentialAction":[{"@type":"ReadAction","target":["https:\/\/homedefense-ammo.de\/fr\/des-produits\/munitions-brise-verre-haute-vitesse-50-pieces-calibre-50-umarex-hdr-50-2\/"]}]},{"@type":"ImageObject","inLanguage":"en-US","@id":"https:\/\/homedefense-ammo.de\/fr\/des-produits\/munitions-brise-verre-haute-vitesse-50-pieces-calibre-50-umarex-hdr-50-2\/#primaryimage","url":"https:\/\/homedefense-ammo.de\/wp-content\/uploads\/2023\/12\/Wolf.jpg","contentUrl":"https:\/\/homedefense-ammo.de\/wp-content\/uploads\/2023\/12\/Wolf.jpg","width":1500,"height":1500},{"@type":"BreadcrumbList","@id":"https:\/\/homedefense-ammo.de\/fr\/des-produits\/munitions-brise-verre-haute-vitesse-50-pieces-calibre-50-umarex-hdr-50-2\/#breadcrumb","itemListElement":[{"@type":"ListItem","position":1,"name":"Startseite","item":"https:\/\/homedefense-ammo.de\/"},{"@type":"ListItem","position":2,"name":"Shop","item":"https:\/\/homedefense-ammo.de\/shop\/"},{"@type":"ListItem","position":3,"name":"50x Highspeed Glasbreaker HDR 50 BB Munition | TR 50 BB Munition | Kaliber 50"}]},{"@type":"WebSite","@id":"https:\/\/homedefense-ammo.de\/#website","url":"https:\/\/homedefense-ammo.de\/","name":"Wolf Home Defense","description":"The No. 1 from Germany","publisher":{"@id":"https:\/\/homedefense-ammo.de\/#organization"},"potentialAction":[{"@type":"SearchAction","target":{"@type":"EntryPoint","urlTemplate":"https:\/\/homedefense-ammo.de\/?s={search_term_string}"},"query-input":{"@type":"PropertyValueSpecification","valueRequired":true,"valueName":"search_term_string"}}],"inLanguage":"en-US"},{"@type":"Organization","@id":"https:\/\/homedefense-ammo.de\/#organization","name":"Wolf Home Defense","url":"https:\/\/homedefense-ammo.de\/","logo":{"@type":"ImageObject","inLanguage":"en-US","@id":"https:\/\/homedefense-ammo.de\/#\/schema\/logo\/image\/","url":"https:\/\/homedefense-ammo.de\/wp-content\/uploads\/2023\/12\/Wolf_Logo-White.png","contentUrl":"https:\/\/homedefense-ammo.de\/wp-content\/uploads\/2023\/12\/Wolf_Logo-White.png","width":1078,"height":624,"caption":"Wolf Home Defense"},"image":{"@id":"https:\/\/homedefense-ammo.de\/#\/schema\/logo\/image\/"}}]}},"_links":{"self":[{"href":"https:\/\/homedefense-ammo.de\/en\/wp-json\/wp\/v2\/product\/9119","targetHints":{"allow":["GET"]}}],"collection":[{"href":"https:\/\/homedefense-ammo.de\/en\/wp-json\/wp\/v2\/product"}],"about":[{"href":"https:\/\/homedefense-ammo.de\/en\/wp-json\/wp\/v2\/types\/product"}],"wp:featuredmedia":[{"embeddable":true,"href":"https:\/\/homedefense-ammo.de\/en\/wp-json\/wp\/v2\/media\/16340"}],"wp:attachment":[{"href":"https:\/\/homedefense-ammo.de\/en\/wp-json\/wp\/v2\/media?parent=9119"}],"wp:term":[{"taxonomy":"product_brand","embeddable":true,"href":"https:\/\/homedefense-ammo.de\/en\/wp-json\/wp\/v2\/product_brand?post=9119"},{"taxonomy":"product_cat","embeddable":true,"href":"https:\/\/homedefense-ammo.de\/en\/wp-json\/wp\/v2\/product_cat?post=9119"},{"taxonomy":"product_tag","embeddable":true,"href":"https:\/\/homedefense-ammo.de\/en\/wp-json\/wp\/v2\/product_tag?post=9119"}],"curies":[{"name":"wp","href":"https:\/\/api.w.org\/{rel}","templated":true}]}}