{"id":9115,"date":"2023-12-01T12:06:00","date_gmt":"2023-12-01T10:06:00","guid":{"rendered":"https:\/\/wolf-homedefense-1973a03509d942429e87560d7637d535.tenants.eu1.wpcs.io\/?post_type=product&#038;p=9115"},"modified":"2026-03-06T00:13:58","modified_gmt":"2026-03-05T22:13:58","slug":"15x-killer-sting-umarex-hds","status":"publish","type":"product","link":"https:\/\/homedefense-ammo.de\/en\/products\/15x-killer-sting-umarex-hds\/","title":{"rendered":"15x | STINGS | HDS 68 Ammunition | TS 68 | incl. magazine | BB Marker Ammunition | Ammunition | Caliber 68 | Dart Shots"},"content":{"rendered":"<p><strong>15 x Home Defense | Sting | HDS 68 Cal. 68 High-Performance Ammunition&nbsp;<\/strong><\/p>\n<p>The &quot;Sting&quot; .68 caliber darts were specifically designed and manufactured for the HDS 68 paintball marker to offer some of the most powerful dart shots available. Precision-crafted from a combination of high-quality polymer and steel, these darts perfectly complement the HDS 68&#039;s intended use.<\/p>\n<p><strong>Product highlights:<\/strong><\/p>\n<ul>\n<li><strong>High performance ammunition:<\/strong> The Sting bullets offer impressive performance to meet the demands of home defense.<\/li>\n<li><strong>15 pieces on offer:<\/strong> You will receive 15 high-quality Sting bullets in this exclusive offer.<\/li>\n<li><strong>Optimized construction:<\/strong> The projectiles have an optimized basic shape and a weight adjusted to 7.5 joules in order to achieve a very high speed.<\/li>\n<\/ul>\n<p><strong>Technical data:<\/strong><\/p>\n<ul>\n<li><strong>Caliber:<\/strong> Cal. 68<\/li>\n<li><strong>Length:<\/strong> 30mm<\/li>\n<li><strong>Weight:<\/strong> 6.44 grams<\/li>\n<li><strong>Material:<\/strong> Plastic\/steel<\/li>\n<\/ul>\n<p><strong>Safety instructions:<\/strong><\/p>\n<p><strong>These projectiles are expressly intended for fun shooting at suitable targets. Never shoot at people or animals!<\/strong><\/p>\n<p><strong>Scope of delivery:<\/strong><\/p>\n<ul>\n<li>15 Sting bullets in elegant copper color<\/li>\n<\/ul>\n<p>We are happy to answer any questions or inquiries you may have. Simply contact us by email (see imprint).<\/p>\n<p>This article is legal in Germany and does not require any special authorization. The sale is only to persons aged 18 and over, with age verification at checkout and upon delivery. The buyer is obliged to observe the legal regulations regarding possession, transport and use. Any use of this ammunition against people or animals is strictly prohibited and can result in criminal consequences. The seller is not liable for improper or unlawful use of the product.<\/p>","protected":false},"excerpt":{"rendered":"<p>Strengthen your home defense with the &quot;Killer Sting&quot; bullets in caliber 68, specially developed for the HDS 68 markers. These 15 high-performance bullets, precisely manufactured from plastic and steel, offer unmatched penetration power and precise trajectory of these dart shots.<\/p>","protected":false},"featured_media":16330,"template":"","meta":[],"product_brand":[],"product_cat":[45,106],"product_tag":[38,39,18,40,20,23,26,28,31,34,35,37],"class_list":{"0":"post-9115","1":"product","2":"type-product","3":"status-publish","4":"has-post-thumbnail","6":"product_cat-kal68","7":"product_cat-hds68","8":"product_tag-38","9":"product_tag-cal-68","10":"product_tag-ab-18-jahren","11":"product_tag-hds-68-munition","12":"product_tag-ammunation","13":"product_tag-freie-waffen","14":"product_tag-heimverteidigung","15":"product_tag-munition","16":"product_tag-selbstverteidigung","17":"product_tag-home-defense","18":"product_tag-t4e","19":"product_tag-hds","20":"pa_passend-fuer-hds-68","22":"first","23":"instock","24":"sale","25":"taxable","26":"shipping-taxable","27":"purchasable","28":"product-type-simple"},"yoast_head":"<!-- This site is optimized with the Yoast SEO plugin v26.2 - https:\/\/yoast.com\/wordpress\/plugins\/seo\/ -->\n<title>15x | STINGS | HDS 68 Munition | TS 68 | inkl.Magazin | BB Markierer Munition | Ammunation | Kaliber 68 | Dart Shots - Wolf Home Defense<\/title>\n<meta name=\"robots\" content=\"index, follow, max-snippet:-1, max-image-preview:large, max-video-preview:-1\" \/>\n<link rel=\"canonical\" href=\"https:\/\/homedefense-ammo.de\/en\/products\/15x-killer-sting-umarex-hds\/\" \/>\n<meta property=\"og:locale\" content=\"en_US\" \/>\n<meta property=\"og:type\" content=\"article\" \/>\n<meta property=\"og:title\" content=\"15x | STINGS | HDS 68 Munition | TS 68 | inkl.Magazin | BB Markierer Munition | Ammunation | Kaliber 68 | Dart Shots - Wolf Home Defense\" \/>\n<meta property=\"og:description\" content=\"St\u00e4rken Sie Ihre Home Defense mit den &quot;Killer Sting&quot; Geschossen im Kaliber 68, speziell entwickelt f\u00fcr die HDS 68 Markierer. Diese 15 Hochleistungs-Geschosse, pr\u00e4zise gefertigt aus Kunststoff und Stahl, bieten eine un\u00fcbertroffene Durchschlagskraft und pr\u00e4zise Flugbahn dieser Dart Shots.\" \/>\n<meta property=\"og:url\" content=\"https:\/\/homedefense-ammo.de\/en\/products\/15x-killer-sting-umarex-hds\/\" \/>\n<meta property=\"og:site_name\" content=\"Wolf Home Defense\" \/>\n<meta property=\"article:modified_time\" content=\"2026-03-05T22:13:58+00:00\" \/>\n<meta property=\"og:image\" content=\"https:\/\/homedefense-ammo.de\/wp-content\/uploads\/2023\/12\/Wolf-8.jpg\" \/>\n\t<meta property=\"og:image:width\" content=\"1500\" \/>\n\t<meta property=\"og:image:height\" content=\"1500\" \/>\n\t<meta property=\"og:image:type\" content=\"image\/jpeg\" \/>\n<meta name=\"twitter:card\" content=\"summary_large_image\" \/>\n<meta name=\"twitter:label1\" content=\"Est. reading time\" \/>\n\t<meta name=\"twitter:data1\" content=\"2 minutes\" \/>\n<script type=\"application\/ld+json\" class=\"yoast-schema-graph\">{\"@context\":\"https:\/\/schema.org\",\"@graph\":[{\"@type\":\"WebPage\",\"@id\":\"https:\/\/homedefense-ammo.de\/products\/15x-killer-sting-umarex-hds\/\",\"url\":\"https:\/\/homedefense-ammo.de\/products\/15x-killer-sting-umarex-hds\/\",\"name\":\"15x | STINGS | HDS 68 Munition | TS 68 | inkl.Magazin | BB Markierer Munition | Ammunation | Kaliber 68 | Dart Shots - Wolf Home Defense\",\"isPartOf\":{\"@id\":\"https:\/\/homedefense-ammo.de\/#website\"},\"primaryImageOfPage\":{\"@id\":\"https:\/\/homedefense-ammo.de\/products\/15x-killer-sting-umarex-hds\/#primaryimage\"},\"image\":{\"@id\":\"https:\/\/homedefense-ammo.de\/products\/15x-killer-sting-umarex-hds\/#primaryimage\"},\"thumbnailUrl\":\"https:\/\/homedefense-ammo.de\/wp-content\/uploads\/2023\/12\/Wolf-8.jpg\",\"datePublished\":\"2023-12-01T10:06:00+00:00\",\"dateModified\":\"2026-03-05T22:13:58+00:00\",\"breadcrumb\":{\"@id\":\"https:\/\/homedefense-ammo.de\/products\/15x-killer-sting-umarex-hds\/#breadcrumb\"},\"inLanguage\":\"en-US\",\"potentialAction\":[{\"@type\":\"ReadAction\",\"target\":[\"https:\/\/homedefense-ammo.de\/products\/15x-killer-sting-umarex-hds\/\"]}]},{\"@type\":\"ImageObject\",\"inLanguage\":\"en-US\",\"@id\":\"https:\/\/homedefense-ammo.de\/products\/15x-killer-sting-umarex-hds\/#primaryimage\",\"url\":\"https:\/\/homedefense-ammo.de\/wp-content\/uploads\/2023\/12\/Wolf-8.jpg\",\"contentUrl\":\"https:\/\/homedefense-ammo.de\/wp-content\/uploads\/2023\/12\/Wolf-8.jpg\",\"width\":1500,\"height\":1500},{\"@type\":\"BreadcrumbList\",\"@id\":\"https:\/\/homedefense-ammo.de\/products\/15x-killer-sting-umarex-hds\/#breadcrumb\",\"itemListElement\":[{\"@type\":\"ListItem\",\"position\":1,\"name\":\"Startseite\",\"item\":\"https:\/\/homedefense-ammo.de\/\"},{\"@type\":\"ListItem\",\"position\":2,\"name\":\"Shop\",\"item\":\"https:\/\/homedefense-ammo.de\/shop\/\"},{\"@type\":\"ListItem\",\"position\":3,\"name\":\"15x | STINGS | HDS 68 Munition | TS 68 | inkl.Magazin | BB Markierer Munition | Ammunation | Kaliber 68 | Dart Shots\"}]},{\"@type\":\"WebSite\",\"@id\":\"https:\/\/homedefense-ammo.de\/#website\",\"url\":\"https:\/\/homedefense-ammo.de\/\",\"name\":\"Wolf Home Defense\",\"description\":\"Die Nr. 1 aus Deutschland\",\"publisher\":{\"@id\":\"https:\/\/homedefense-ammo.de\/#organization\"},\"potentialAction\":[{\"@type\":\"SearchAction\",\"target\":{\"@type\":\"EntryPoint\",\"urlTemplate\":\"https:\/\/homedefense-ammo.de\/?s={search_term_string}\"},\"query-input\":{\"@type\":\"PropertyValueSpecification\",\"valueRequired\":true,\"valueName\":\"search_term_string\"}}],\"inLanguage\":\"en-US\"},{\"@type\":\"Organization\",\"@id\":\"https:\/\/homedefense-ammo.de\/#organization\",\"name\":\"Wolf Home Defense\",\"url\":\"https:\/\/homedefense-ammo.de\/\",\"logo\":{\"@type\":\"ImageObject\",\"inLanguage\":\"en-US\",\"@id\":\"https:\/\/homedefense-ammo.de\/#\/schema\/logo\/image\/\",\"url\":\"https:\/\/homedefense-ammo.de\/wp-content\/uploads\/2023\/12\/Wolf_Logo-White.png\",\"contentUrl\":\"https:\/\/homedefense-ammo.de\/wp-content\/uploads\/2023\/12\/Wolf_Logo-White.png\",\"width\":1078,\"height\":624,\"caption\":\"Wolf Home Defense\"},\"image\":{\"@id\":\"https:\/\/homedefense-ammo.de\/#\/schema\/logo\/image\/\"}}]}<\/script>\n<!-- \/ Yoast SEO plugin. -->","yoast_head_json":{"title":"15x | STINGS | HDS 68 Ammunition | TS 68 | incl. magazine | BB Marker Ammunition | Ammunition | Caliber 68 | Dart Shots - Wolf Home Defense","robots":{"index":"index","follow":"follow","max-snippet":"max-snippet:-1","max-image-preview":"max-image-preview:large","max-video-preview":"max-video-preview:-1"},"canonical":"https:\/\/homedefense-ammo.de\/en\/products\/15x-killer-sting-umarex-hds\/","og_locale":"en_US","og_type":"article","og_title":"15x | STINGS | HDS 68 Munition | TS 68 | inkl.Magazin | BB Markierer Munition | Ammunation | Kaliber 68 | Dart Shots - Wolf Home Defense","og_description":"St\u00e4rken Sie Ihre Home Defense mit den \"Killer Sting\" Geschossen im Kaliber 68, speziell entwickelt f\u00fcr die HDS 68 Markierer. Diese 15 Hochleistungs-Geschosse, pr\u00e4zise gefertigt aus Kunststoff und Stahl, bieten eine un\u00fcbertroffene Durchschlagskraft und pr\u00e4zise Flugbahn dieser Dart Shots.","og_url":"https:\/\/homedefense-ammo.de\/en\/products\/15x-killer-sting-umarex-hds\/","og_site_name":"Wolf Home Defense","article_modified_time":"2026-03-05T22:13:58+00:00","og_image":[{"width":1500,"height":1500,"url":"https:\/\/homedefense-ammo.de\/wp-content\/uploads\/2023\/12\/Wolf-8.jpg","type":"image\/jpeg"}],"twitter_card":"summary_large_image","twitter_misc":{"Est. reading time":"2 minutes"},"schema":{"@context":"https:\/\/schema.org","@graph":[{"@type":"WebPage","@id":"https:\/\/homedefense-ammo.de\/products\/15x-killer-sting-umarex-hds\/","url":"https:\/\/homedefense-ammo.de\/products\/15x-killer-sting-umarex-hds\/","name":"15x | STINGS | HDS 68 Ammunition | TS 68 | incl. magazine | BB Marker Ammunition | Ammunition | Caliber 68 | Dart Shots - Wolf Home Defense","isPartOf":{"@id":"https:\/\/homedefense-ammo.de\/#website"},"primaryImageOfPage":{"@id":"https:\/\/homedefense-ammo.de\/products\/15x-killer-sting-umarex-hds\/#primaryimage"},"image":{"@id":"https:\/\/homedefense-ammo.de\/products\/15x-killer-sting-umarex-hds\/#primaryimage"},"thumbnailUrl":"https:\/\/homedefense-ammo.de\/wp-content\/uploads\/2023\/12\/Wolf-8.jpg","datePublished":"2023-12-01T10:06:00+00:00","dateModified":"2026-03-05T22:13:58+00:00","breadcrumb":{"@id":"https:\/\/homedefense-ammo.de\/products\/15x-killer-sting-umarex-hds\/#breadcrumb"},"inLanguage":"en-US","potentialAction":[{"@type":"ReadAction","target":["https:\/\/homedefense-ammo.de\/products\/15x-killer-sting-umarex-hds\/"]}]},{"@type":"ImageObject","inLanguage":"en-US","@id":"https:\/\/homedefense-ammo.de\/products\/15x-killer-sting-umarex-hds\/#primaryimage","url":"https:\/\/homedefense-ammo.de\/wp-content\/uploads\/2023\/12\/Wolf-8.jpg","contentUrl":"https:\/\/homedefense-ammo.de\/wp-content\/uploads\/2023\/12\/Wolf-8.jpg","width":1500,"height":1500},{"@type":"BreadcrumbList","@id":"https:\/\/homedefense-ammo.de\/products\/15x-killer-sting-umarex-hds\/#breadcrumb","itemListElement":[{"@type":"ListItem","position":1,"name":"Startseite","item":"https:\/\/homedefense-ammo.de\/"},{"@type":"ListItem","position":2,"name":"Shop","item":"https:\/\/homedefense-ammo.de\/shop\/"},{"@type":"ListItem","position":3,"name":"15x | STINGS | HDS 68 Munition | TS 68 | inkl.Magazin | BB Markierer Munition | Ammunation | Kaliber 68 | Dart Shots"}]},{"@type":"WebSite","@id":"https:\/\/homedefense-ammo.de\/#website","url":"https:\/\/homedefense-ammo.de\/","name":"Wolf Home Defense","description":"The No. 1 from Germany","publisher":{"@id":"https:\/\/homedefense-ammo.de\/#organization"},"potentialAction":[{"@type":"SearchAction","target":{"@type":"EntryPoint","urlTemplate":"https:\/\/homedefense-ammo.de\/?s={search_term_string}"},"query-input":{"@type":"PropertyValueSpecification","valueRequired":true,"valueName":"search_term_string"}}],"inLanguage":"en-US"},{"@type":"Organization","@id":"https:\/\/homedefense-ammo.de\/#organization","name":"Wolf Home Defense","url":"https:\/\/homedefense-ammo.de\/","logo":{"@type":"ImageObject","inLanguage":"en-US","@id":"https:\/\/homedefense-ammo.de\/#\/schema\/logo\/image\/","url":"https:\/\/homedefense-ammo.de\/wp-content\/uploads\/2023\/12\/Wolf_Logo-White.png","contentUrl":"https:\/\/homedefense-ammo.de\/wp-content\/uploads\/2023\/12\/Wolf_Logo-White.png","width":1078,"height":624,"caption":"Wolf Home Defense"},"image":{"@id":"https:\/\/homedefense-ammo.de\/#\/schema\/logo\/image\/"}}]}},"_links":{"self":[{"href":"https:\/\/homedefense-ammo.de\/en\/wp-json\/wp\/v2\/product\/9115","targetHints":{"allow":["GET"]}}],"collection":[{"href":"https:\/\/homedefense-ammo.de\/en\/wp-json\/wp\/v2\/product"}],"about":[{"href":"https:\/\/homedefense-ammo.de\/en\/wp-json\/wp\/v2\/types\/product"}],"wp:featuredmedia":[{"embeddable":true,"href":"https:\/\/homedefense-ammo.de\/en\/wp-json\/wp\/v2\/media\/16330"}],"wp:attachment":[{"href":"https:\/\/homedefense-ammo.de\/en\/wp-json\/wp\/v2\/media?parent=9115"}],"wp:term":[{"taxonomy":"product_brand","embeddable":true,"href":"https:\/\/homedefense-ammo.de\/en\/wp-json\/wp\/v2\/product_brand?post=9115"},{"taxonomy":"product_cat","embeddable":true,"href":"https:\/\/homedefense-ammo.de\/en\/wp-json\/wp\/v2\/product_cat?post=9115"},{"taxonomy":"product_tag","embeddable":true,"href":"https:\/\/homedefense-ammo.de\/en\/wp-json\/wp\/v2\/product_tag?post=9115"}],"curies":[{"name":"wp","href":"https:\/\/api.w.org\/{rel}","templated":true}]}}