{"id":9109,"date":"2023-12-01T12:06:00","date_gmt":"2023-12-01T10:06:00","guid":{"rendered":"https:\/\/wolf-homedefense-1973a03509d942429e87560d7637d535.tenants.eu1.wpcs.io\/?post_type=product&#038;p=9109"},"modified":"2025-09-22T15:24:53","modified_gmt":"2025-09-22T13:24:53","slug":"hdr-50-muzzle-brake-hdr50","status":"publish","type":"product","link":"https:\/\/homedefense-ammo.de\/en\/products\/hdr-50-muzzle-brake-hdr50\/","title":{"rendered":"HDR 50 fire brake | HDR50 | Caliber 50 | Plug &amp; Play paintball marker"},"content":{"rendered":"<p><strong>Muzzle flash brake HDR50 Cal. 0.50 Caliber 50 Plug &amp; Play<\/strong><\/p>\n<p>Experience enhanced control and precision with our HDR50 50 caliber flash brake. The plug and play design allows for easy installation without the need for additional tools or adjustments. The muzzle brake slides effortlessly over the existing rail, providing a tight fit for reliable performance.<\/p>\n<p><strong>Product details:<\/strong><\/p>\n<ul>\n<li><strong>Caliber 50 Plug &amp; Play:<\/strong> The muzzle flash brake is specially developed for the 50 HDR50 caliber and offers a plug &amp; play solution for uncomplicated use.<\/li>\n<li><strong>Easy assembly without tools:<\/strong> No complicated installations or additional tools required. The muzzle brake is easily pushed over the existing rail.<\/li>\n<li><strong>Firm fit guaranteed:<\/strong> The muzzle brake fits securely and tightly to ensure reliable performance and improved control during use.<\/li>\n<\/ul>\n<p>Optimize your HDR50 with our muzzle brake and experience improved shooting performance. The plug and play design makes installation a breeze and you can start reaping the benefits straight away.<\/p>\n<p>This article is legal in Germany and does not require any special authorization. The sale is only to persons aged 18 and over, with age verification at checkout and upon delivery. The buyer is obliged to observe the legal regulations regarding possession, transport and use. Any use of this ammunition against people or animals is strictly prohibited and can result in criminal consequences. The seller is not liable for improper or unlawful use of the product.<\/p>","protected":false},"excerpt":{"rendered":"<p>Increase the control and precision of your HDR50 revolver with our specially developed muzzle brake for 50 caliber. Thanks to the user-friendly plug &amp; play design, easy and tool-free installation is possible.<\/p>","protected":false},"featured_media":16349,"template":"","meta":[],"product_brand":[],"product_cat":[103,145,96],"product_tag":[24,25,26,27,28,29,30,20,31,21,34,22,37,23],"class_list":{"0":"post-9109","1":"product","2":"type-product","3":"status-publish","4":"has-post-thumbnail","6":"product_cat-hdr50","7":"product_cat-zubehoer","8":"product_cat-kal50","9":"product_tag-hdr","10":"product_tag-hdr-50","11":"product_tag-heimverteidigung","12":"product_tag-kaliber-50","13":"product_tag-munition","14":"product_tag-ohne-waffenschein","15":"product_tag-prepper","16":"product_tag-ammunation","17":"product_tag-selbstverteidigung","18":"product_tag-cal-50","19":"product_tag-home-defense","20":"product_tag-co2","21":"product_tag-hds","22":"product_tag-freie-waffen","23":"pa_passend-fuer-hdr-50","25":"first","26":"instock","27":"taxable","28":"shipping-taxable","29":"purchasable","30":"product-type-simple"},"yoast_head":"<!-- This site is optimized with the Yoast SEO plugin v26.2 - https:\/\/yoast.com\/wordpress\/plugins\/seo\/ -->\n<title>HDR 50 Feuerbremse | HDR50 | Kaliber 50 | Plug &amp; Play Paintball Markierer - Wolf Home Defense<\/title>\n<meta name=\"robots\" content=\"index, follow, max-snippet:-1, max-image-preview:large, max-video-preview:-1\" \/>\n<link rel=\"canonical\" href=\"https:\/\/homedefense-ammo.de\/en\/products\/hdr-50-muzzle-brake-hdr50\/\" \/>\n<meta property=\"og:locale\" content=\"en_US\" \/>\n<meta property=\"og:type\" content=\"article\" \/>\n<meta property=\"og:title\" content=\"HDR 50 Feuerbremse | HDR50 | Kaliber 50 | Plug &amp; Play Paintball Markierer - Wolf Home Defense\" \/>\n<meta property=\"og:description\" content=\"Steigern Sie die Kontrolle und Pr\u00e4zision Ihres HDR50 Revolvers mit unserer speziell entwickelten M\u00fcndungsfeuerbremse f\u00fcr Kaliber 50. Dank des benutzerfreundlichen Plug &amp; Play-Designs ist eine einfache und werkzeuglose Montage m\u00f6glich.\" \/>\n<meta property=\"og:url\" content=\"https:\/\/homedefense-ammo.de\/en\/products\/hdr-50-muzzle-brake-hdr50\/\" \/>\n<meta property=\"og:site_name\" content=\"Wolf Home Defense\" \/>\n<meta property=\"article:modified_time\" content=\"2025-09-22T13:24:53+00:00\" \/>\n<meta property=\"og:image\" content=\"https:\/\/homedefense-ammo.de\/wp-content\/uploads\/2023\/12\/Wolf-39.jpg\" \/>\n\t<meta property=\"og:image:width\" content=\"1500\" \/>\n\t<meta property=\"og:image:height\" content=\"1500\" \/>\n\t<meta property=\"og:image:type\" content=\"image\/jpeg\" \/>\n<meta name=\"twitter:card\" content=\"summary_large_image\" \/>\n<meta name=\"twitter:label1\" content=\"Est. reading time\" \/>\n\t<meta name=\"twitter:data1\" content=\"1 minute\" \/>\n<script type=\"application\/ld+json\" class=\"yoast-schema-graph\">{\"@context\":\"https:\/\/schema.org\",\"@graph\":[{\"@type\":\"WebPage\",\"@id\":\"https:\/\/homedefense-ammo.de\/products\/hdr-50-mundungsfeuerbremse-hdr50\/\",\"url\":\"https:\/\/homedefense-ammo.de\/products\/hdr-50-mundungsfeuerbremse-hdr50\/\",\"name\":\"HDR 50 Feuerbremse | HDR50 | Kaliber 50 | Plug &amp; Play Paintball Markierer - Wolf Home Defense\",\"isPartOf\":{\"@id\":\"https:\/\/homedefense-ammo.de\/#website\"},\"primaryImageOfPage\":{\"@id\":\"https:\/\/homedefense-ammo.de\/products\/hdr-50-mundungsfeuerbremse-hdr50\/#primaryimage\"},\"image\":{\"@id\":\"https:\/\/homedefense-ammo.de\/products\/hdr-50-mundungsfeuerbremse-hdr50\/#primaryimage\"},\"thumbnailUrl\":\"https:\/\/homedefense-ammo.de\/wp-content\/uploads\/2023\/12\/Wolf-39.jpg\",\"datePublished\":\"2023-12-01T10:06:00+00:00\",\"dateModified\":\"2025-09-22T13:24:53+00:00\",\"breadcrumb\":{\"@id\":\"https:\/\/homedefense-ammo.de\/products\/hdr-50-mundungsfeuerbremse-hdr50\/#breadcrumb\"},\"inLanguage\":\"en-US\",\"potentialAction\":[{\"@type\":\"ReadAction\",\"target\":[\"https:\/\/homedefense-ammo.de\/products\/hdr-50-mundungsfeuerbremse-hdr50\/\"]}]},{\"@type\":\"ImageObject\",\"inLanguage\":\"en-US\",\"@id\":\"https:\/\/homedefense-ammo.de\/products\/hdr-50-mundungsfeuerbremse-hdr50\/#primaryimage\",\"url\":\"https:\/\/homedefense-ammo.de\/wp-content\/uploads\/2023\/12\/Wolf-39.jpg\",\"contentUrl\":\"https:\/\/homedefense-ammo.de\/wp-content\/uploads\/2023\/12\/Wolf-39.jpg\",\"width\":1500,\"height\":1500},{\"@type\":\"BreadcrumbList\",\"@id\":\"https:\/\/homedefense-ammo.de\/products\/hdr-50-mundungsfeuerbremse-hdr50\/#breadcrumb\",\"itemListElement\":[{\"@type\":\"ListItem\",\"position\":1,\"name\":\"Startseite\",\"item\":\"https:\/\/homedefense-ammo.de\/\"},{\"@type\":\"ListItem\",\"position\":2,\"name\":\"Shop\",\"item\":\"https:\/\/homedefense-ammo.de\/shop\/\"},{\"@type\":\"ListItem\",\"position\":3,\"name\":\"HDR 50 Feuerbremse | HDR50 | Kaliber 50 | Plug &amp; Play Paintball Markierer\"}]},{\"@type\":\"WebSite\",\"@id\":\"https:\/\/homedefense-ammo.de\/#website\",\"url\":\"https:\/\/homedefense-ammo.de\/\",\"name\":\"Wolf Home Defense\",\"description\":\"Die Nr. 1 aus Deutschland\",\"publisher\":{\"@id\":\"https:\/\/homedefense-ammo.de\/#organization\"},\"potentialAction\":[{\"@type\":\"SearchAction\",\"target\":{\"@type\":\"EntryPoint\",\"urlTemplate\":\"https:\/\/homedefense-ammo.de\/?s={search_term_string}\"},\"query-input\":{\"@type\":\"PropertyValueSpecification\",\"valueRequired\":true,\"valueName\":\"search_term_string\"}}],\"inLanguage\":\"en-US\"},{\"@type\":\"Organization\",\"@id\":\"https:\/\/homedefense-ammo.de\/#organization\",\"name\":\"Wolf Home Defense\",\"url\":\"https:\/\/homedefense-ammo.de\/\",\"logo\":{\"@type\":\"ImageObject\",\"inLanguage\":\"en-US\",\"@id\":\"https:\/\/homedefense-ammo.de\/#\/schema\/logo\/image\/\",\"url\":\"https:\/\/homedefense-ammo.de\/wp-content\/uploads\/2023\/12\/Wolf_Logo-White.png\",\"contentUrl\":\"https:\/\/homedefense-ammo.de\/wp-content\/uploads\/2023\/12\/Wolf_Logo-White.png\",\"width\":1078,\"height\":624,\"caption\":\"Wolf Home Defense\"},\"image\":{\"@id\":\"https:\/\/homedefense-ammo.de\/#\/schema\/logo\/image\/\"}}]}<\/script>\n<!-- \/ Yoast SEO plugin. -->","yoast_head_json":{"title":"HDR 50 Fire Brake | HDR50 | 50 Caliber | Plug &amp; Play Paintball Marker - Wolf Home Defense","robots":{"index":"index","follow":"follow","max-snippet":"max-snippet:-1","max-image-preview":"max-image-preview:large","max-video-preview":"max-video-preview:-1"},"canonical":"https:\/\/homedefense-ammo.de\/en\/products\/hdr-50-muzzle-brake-hdr50\/","og_locale":"en_US","og_type":"article","og_title":"HDR 50 Feuerbremse | HDR50 | Kaliber 50 | Plug &amp; Play Paintball Markierer - Wolf Home Defense","og_description":"Steigern Sie die Kontrolle und Pr\u00e4zision Ihres HDR50 Revolvers mit unserer speziell entwickelten M\u00fcndungsfeuerbremse f\u00fcr Kaliber 50. Dank des benutzerfreundlichen Plug &amp; Play-Designs ist eine einfache und werkzeuglose Montage m\u00f6glich.","og_url":"https:\/\/homedefense-ammo.de\/en\/products\/hdr-50-muzzle-brake-hdr50\/","og_site_name":"Wolf Home Defense","article_modified_time":"2025-09-22T13:24:53+00:00","og_image":[{"width":1500,"height":1500,"url":"https:\/\/homedefense-ammo.de\/wp-content\/uploads\/2023\/12\/Wolf-39.jpg","type":"image\/jpeg"}],"twitter_card":"summary_large_image","twitter_misc":{"Est. reading time":"1 minute"},"schema":{"@context":"https:\/\/schema.org","@graph":[{"@type":"WebPage","@id":"https:\/\/homedefense-ammo.de\/products\/hdr-50-mundungsfeuerbremse-hdr50\/","url":"https:\/\/homedefense-ammo.de\/products\/hdr-50-mundungsfeuerbremse-hdr50\/","name":"HDR 50 Fire Brake | HDR50 | 50 Caliber | Plug &amp; Play Paintball Marker - Wolf Home Defense","isPartOf":{"@id":"https:\/\/homedefense-ammo.de\/#website"},"primaryImageOfPage":{"@id":"https:\/\/homedefense-ammo.de\/products\/hdr-50-mundungsfeuerbremse-hdr50\/#primaryimage"},"image":{"@id":"https:\/\/homedefense-ammo.de\/products\/hdr-50-mundungsfeuerbremse-hdr50\/#primaryimage"},"thumbnailUrl":"https:\/\/homedefense-ammo.de\/wp-content\/uploads\/2023\/12\/Wolf-39.jpg","datePublished":"2023-12-01T10:06:00+00:00","dateModified":"2025-09-22T13:24:53+00:00","breadcrumb":{"@id":"https:\/\/homedefense-ammo.de\/products\/hdr-50-mundungsfeuerbremse-hdr50\/#breadcrumb"},"inLanguage":"en-US","potentialAction":[{"@type":"ReadAction","target":["https:\/\/homedefense-ammo.de\/products\/hdr-50-mundungsfeuerbremse-hdr50\/"]}]},{"@type":"ImageObject","inLanguage":"en-US","@id":"https:\/\/homedefense-ammo.de\/products\/hdr-50-mundungsfeuerbremse-hdr50\/#primaryimage","url":"https:\/\/homedefense-ammo.de\/wp-content\/uploads\/2023\/12\/Wolf-39.jpg","contentUrl":"https:\/\/homedefense-ammo.de\/wp-content\/uploads\/2023\/12\/Wolf-39.jpg","width":1500,"height":1500},{"@type":"BreadcrumbList","@id":"https:\/\/homedefense-ammo.de\/products\/hdr-50-mundungsfeuerbremse-hdr50\/#breadcrumb","itemListElement":[{"@type":"ListItem","position":1,"name":"Startseite","item":"https:\/\/homedefense-ammo.de\/"},{"@type":"ListItem","position":2,"name":"Shop","item":"https:\/\/homedefense-ammo.de\/shop\/"},{"@type":"ListItem","position":3,"name":"HDR 50 Feuerbremse | HDR50 | Kaliber 50 | Plug &amp; Play Paintball Markierer"}]},{"@type":"WebSite","@id":"https:\/\/homedefense-ammo.de\/#website","url":"https:\/\/homedefense-ammo.de\/","name":"Wolf Home Defense","description":"The No. 1 from Germany","publisher":{"@id":"https:\/\/homedefense-ammo.de\/#organization"},"potentialAction":[{"@type":"SearchAction","target":{"@type":"EntryPoint","urlTemplate":"https:\/\/homedefense-ammo.de\/?s={search_term_string}"},"query-input":{"@type":"PropertyValueSpecification","valueRequired":true,"valueName":"search_term_string"}}],"inLanguage":"en-US"},{"@type":"Organization","@id":"https:\/\/homedefense-ammo.de\/#organization","name":"Wolf Home Defense","url":"https:\/\/homedefense-ammo.de\/","logo":{"@type":"ImageObject","inLanguage":"en-US","@id":"https:\/\/homedefense-ammo.de\/#\/schema\/logo\/image\/","url":"https:\/\/homedefense-ammo.de\/wp-content\/uploads\/2023\/12\/Wolf_Logo-White.png","contentUrl":"https:\/\/homedefense-ammo.de\/wp-content\/uploads\/2023\/12\/Wolf_Logo-White.png","width":1078,"height":624,"caption":"Wolf Home Defense"},"image":{"@id":"https:\/\/homedefense-ammo.de\/#\/schema\/logo\/image\/"}}]}},"_links":{"self":[{"href":"https:\/\/homedefense-ammo.de\/en\/wp-json\/wp\/v2\/product\/9109","targetHints":{"allow":["GET"]}}],"collection":[{"href":"https:\/\/homedefense-ammo.de\/en\/wp-json\/wp\/v2\/product"}],"about":[{"href":"https:\/\/homedefense-ammo.de\/en\/wp-json\/wp\/v2\/types\/product"}],"wp:featuredmedia":[{"embeddable":true,"href":"https:\/\/homedefense-ammo.de\/en\/wp-json\/wp\/v2\/media\/16349"}],"wp:attachment":[{"href":"https:\/\/homedefense-ammo.de\/en\/wp-json\/wp\/v2\/media?parent=9109"}],"wp:term":[{"taxonomy":"product_brand","embeddable":true,"href":"https:\/\/homedefense-ammo.de\/en\/wp-json\/wp\/v2\/product_brand?post=9109"},{"taxonomy":"product_cat","embeddable":true,"href":"https:\/\/homedefense-ammo.de\/en\/wp-json\/wp\/v2\/product_cat?post=9109"},{"taxonomy":"product_tag","embeddable":true,"href":"https:\/\/homedefense-ammo.de\/en\/wp-json\/wp\/v2\/product_tag?post=9109"}],"curies":[{"name":"wp","href":"https:\/\/api.w.org\/{rel}","templated":true}]}}