{"id":16976,"date":"2024-11-20T00:39:00","date_gmt":"2024-11-19T22:39:00","guid":{"rendered":"https:\/\/homedefense-ammo.de\/products\/killer-wolf-9mm-kaliber-35\/"},"modified":"2026-03-06T00:15:56","modified_gmt":"2026-03-05T22:15:56","slug":"killer-wolf-9mm-caliber-35","status":"publish","type":"product","link":"https:\/\/homedefense-ammo.de\/en\/products\/killer-wolf-9mm-caliber-35\/","title":{"rendered":"25x | Wolf 9mm Caliber 35 BB Marker"},"content":{"rendered":"<p>Suitable for the HP Max and other air rifles with caliber 9mm.<\/p>\n<p>Experience precision at the highest level with our exclusive air rifle projectiles. Made from high-strength aluminum and produced on the latest CNC lathes, our projectiles guarantee the highest dimensional accuracy and quality. With a maximum deviation of just 5 \u00b5m, they are the epitome of accuracy and ensure a perfect fit in your air rifle.<\/p>\n<p>The diabolo-like shape of our bullets is specially designed to ensure an ideal trajectory, resulting in impressive accuracy. Our tests with the AEA HP Max, both in the 7.5 J version and in the open version, have shown outstanding results and confirmed the reliability of this ammunition.<\/p>\n<p>This high-quality ammunition is not intended for recreational activities. Due to the precise and costly manufacturing, these projectiles should be used for special occasions where the highest precision is required. Trust in our premium projectiles.<\/p>\n<p>(The CNC lathe was purchased specifically for the production of our premium products<\/p>\n<p>&nbsp;<\/p>\n<p><strong>These projectiles are expressly intended for fun shooting at suitable targets. Never shoot at people or animals!<\/strong><\/p>\n<p>&nbsp;<\/p>\n<p>&nbsp;<\/p>\n<p>This article is legal in Germany and does not require any special authorization. The sale is only to persons aged 18 and over, with age verification at checkout and upon delivery. The buyer is obliged to observe the legal regulations regarding possession, transport and use. Any use of this ammunition against people or animals is strictly prohibited and can result in criminal consequences. The seller is not liable for improper or unlawful use of the product.<\/p>","protected":false},"excerpt":{"rendered":"<p>Suitable for the HP Max and other air rifles with 9mm caliber. Experience precision at the highest level with our<\/p>","protected":false},"featured_media":16978,"template":"","meta":[],"product_brand":[],"product_cat":[98,171],"product_tag":[],"class_list":{"0":"post-16976","1":"product","2":"type-product","3":"status-publish","4":"has-post-thumbnail","6":"product_cat-kal9mm","7":"product_cat-aea-hp-max","9":"first","10":"outofstock","11":"sale","12":"taxable","13":"shipping-taxable","14":"purchasable","15":"product-type-simple"},"yoast_head":"<!-- This site is optimized with the Yoast SEO plugin v26.2 - https:\/\/yoast.com\/wordpress\/plugins\/seo\/ -->\n<title>25x | Wolf 9mm Kaliber 35 BB Markierer - Wolf Home Defense<\/title>\n<meta name=\"robots\" content=\"index, follow, max-snippet:-1, max-image-preview:large, max-video-preview:-1\" \/>\n<link rel=\"canonical\" href=\"https:\/\/homedefense-ammo.de\/en\/products\/killer-wolf-9mm-caliber-35\/\" \/>\n<meta property=\"og:locale\" content=\"en_US\" \/>\n<meta property=\"og:type\" content=\"article\" \/>\n<meta property=\"og:title\" content=\"25x | Wolf 9mm Kaliber 35 BB Markierer - Wolf Home Defense\" \/>\n<meta property=\"og:description\" content=\"Passend f\u00fcr die HP Max und andere Luftgewehre mit dem Kaliber 9mm. Erleben Sie Pr\u00e4zision auf h\u00f6chstem Niveau mit unseren\" \/>\n<meta property=\"og:url\" content=\"https:\/\/homedefense-ammo.de\/en\/products\/killer-wolf-9mm-caliber-35\/\" \/>\n<meta property=\"og:site_name\" content=\"Wolf Home Defense\" \/>\n<meta property=\"article:modified_time\" content=\"2026-03-05T22:15:56+00:00\" \/>\n<meta property=\"og:image\" content=\"https:\/\/homedefense-ammo.de\/wp-content\/uploads\/2024\/11\/design-ohne-titel.png.png\" \/>\n\t<meta property=\"og:image:width\" content=\"2250\" \/>\n\t<meta property=\"og:image:height\" content=\"3000\" \/>\n\t<meta property=\"og:image:type\" content=\"image\/png\" \/>\n<meta name=\"twitter:card\" content=\"summary_large_image\" \/>\n<meta name=\"twitter:label1\" content=\"Est. reading time\" \/>\n\t<meta name=\"twitter:data1\" content=\"1 minute\" \/>\n<script type=\"application\/ld+json\" class=\"yoast-schema-graph\">{\"@context\":\"https:\/\/schema.org\",\"@graph\":[{\"@type\":\"WebPage\",\"@id\":\"https:\/\/homedefense-ammo.de\/products\/killer-wolf-9mm-kaliber-35\/\",\"url\":\"https:\/\/homedefense-ammo.de\/products\/killer-wolf-9mm-kaliber-35\/\",\"name\":\"25x | Wolf 9mm Kaliber 35 BB Markierer - Wolf Home Defense\",\"isPartOf\":{\"@id\":\"https:\/\/homedefense-ammo.de\/#website\"},\"primaryImageOfPage\":{\"@id\":\"https:\/\/homedefense-ammo.de\/products\/killer-wolf-9mm-kaliber-35\/#primaryimage\"},\"image\":{\"@id\":\"https:\/\/homedefense-ammo.de\/products\/killer-wolf-9mm-kaliber-35\/#primaryimage\"},\"thumbnailUrl\":\"https:\/\/homedefense-ammo.de\/wp-content\/uploads\/2024\/11\/design-ohne-titel.png.png\",\"datePublished\":\"2024-11-19T22:39:00+00:00\",\"dateModified\":\"2026-03-05T22:15:56+00:00\",\"breadcrumb\":{\"@id\":\"https:\/\/homedefense-ammo.de\/products\/killer-wolf-9mm-kaliber-35\/#breadcrumb\"},\"inLanguage\":\"en-US\",\"potentialAction\":[{\"@type\":\"ReadAction\",\"target\":[\"https:\/\/homedefense-ammo.de\/products\/killer-wolf-9mm-kaliber-35\/\"]}]},{\"@type\":\"ImageObject\",\"inLanguage\":\"en-US\",\"@id\":\"https:\/\/homedefense-ammo.de\/products\/killer-wolf-9mm-kaliber-35\/#primaryimage\",\"url\":\"https:\/\/homedefense-ammo.de\/wp-content\/uploads\/2024\/11\/design-ohne-titel.png.png\",\"contentUrl\":\"https:\/\/homedefense-ammo.de\/wp-content\/uploads\/2024\/11\/design-ohne-titel.png.png\",\"width\":2250,\"height\":3000},{\"@type\":\"BreadcrumbList\",\"@id\":\"https:\/\/homedefense-ammo.de\/products\/killer-wolf-9mm-kaliber-35\/#breadcrumb\",\"itemListElement\":[{\"@type\":\"ListItem\",\"position\":1,\"name\":\"Startseite\",\"item\":\"https:\/\/homedefense-ammo.de\/\"},{\"@type\":\"ListItem\",\"position\":2,\"name\":\"Shop\",\"item\":\"https:\/\/homedefense-ammo.de\/shop\/\"},{\"@type\":\"ListItem\",\"position\":3,\"name\":\"25x | Wolf 9mm Kaliber 35 BB Markierer\"}]},{\"@type\":\"WebSite\",\"@id\":\"https:\/\/homedefense-ammo.de\/#website\",\"url\":\"https:\/\/homedefense-ammo.de\/\",\"name\":\"Wolf Home Defense\",\"description\":\"Die Nr. 1 aus Deutschland\",\"publisher\":{\"@id\":\"https:\/\/homedefense-ammo.de\/#organization\"},\"potentialAction\":[{\"@type\":\"SearchAction\",\"target\":{\"@type\":\"EntryPoint\",\"urlTemplate\":\"https:\/\/homedefense-ammo.de\/?s={search_term_string}\"},\"query-input\":{\"@type\":\"PropertyValueSpecification\",\"valueRequired\":true,\"valueName\":\"search_term_string\"}}],\"inLanguage\":\"en-US\"},{\"@type\":\"Organization\",\"@id\":\"https:\/\/homedefense-ammo.de\/#organization\",\"name\":\"Wolf Home Defense\",\"url\":\"https:\/\/homedefense-ammo.de\/\",\"logo\":{\"@type\":\"ImageObject\",\"inLanguage\":\"en-US\",\"@id\":\"https:\/\/homedefense-ammo.de\/#\/schema\/logo\/image\/\",\"url\":\"https:\/\/homedefense-ammo.de\/wp-content\/uploads\/2023\/12\/Wolf_Logo-White.png\",\"contentUrl\":\"https:\/\/homedefense-ammo.de\/wp-content\/uploads\/2023\/12\/Wolf_Logo-White.png\",\"width\":1078,\"height\":624,\"caption\":\"Wolf Home Defense\"},\"image\":{\"@id\":\"https:\/\/homedefense-ammo.de\/#\/schema\/logo\/image\/\"}}]}<\/script>\n<!-- \/ Yoast SEO plugin. -->","yoast_head_json":{"title":"25x | Wolf 9mm Caliber 35 BB Marker - Wolf Home Defense","robots":{"index":"index","follow":"follow","max-snippet":"max-snippet:-1","max-image-preview":"max-image-preview:large","max-video-preview":"max-video-preview:-1"},"canonical":"https:\/\/homedefense-ammo.de\/en\/products\/killer-wolf-9mm-caliber-35\/","og_locale":"en_US","og_type":"article","og_title":"25x | Wolf 9mm Kaliber 35 BB Markierer - Wolf Home Defense","og_description":"Passend f\u00fcr die HP Max und andere Luftgewehre mit dem Kaliber 9mm. Erleben Sie Pr\u00e4zision auf h\u00f6chstem Niveau mit unseren","og_url":"https:\/\/homedefense-ammo.de\/en\/products\/killer-wolf-9mm-caliber-35\/","og_site_name":"Wolf Home Defense","article_modified_time":"2026-03-05T22:15:56+00:00","og_image":[{"width":2250,"height":3000,"url":"https:\/\/homedefense-ammo.de\/wp-content\/uploads\/2024\/11\/design-ohne-titel.png.png","type":"image\/png"}],"twitter_card":"summary_large_image","twitter_misc":{"Est. reading time":"1 minute"},"schema":{"@context":"https:\/\/schema.org","@graph":[{"@type":"WebPage","@id":"https:\/\/homedefense-ammo.de\/products\/killer-wolf-9mm-kaliber-35\/","url":"https:\/\/homedefense-ammo.de\/products\/killer-wolf-9mm-kaliber-35\/","name":"25x | Wolf 9mm Caliber 35 BB Marker - Wolf Home Defense","isPartOf":{"@id":"https:\/\/homedefense-ammo.de\/#website"},"primaryImageOfPage":{"@id":"https:\/\/homedefense-ammo.de\/products\/killer-wolf-9mm-kaliber-35\/#primaryimage"},"image":{"@id":"https:\/\/homedefense-ammo.de\/products\/killer-wolf-9mm-kaliber-35\/#primaryimage"},"thumbnailUrl":"https:\/\/homedefense-ammo.de\/wp-content\/uploads\/2024\/11\/design-ohne-titel.png.png","datePublished":"2024-11-19T22:39:00+00:00","dateModified":"2026-03-05T22:15:56+00:00","breadcrumb":{"@id":"https:\/\/homedefense-ammo.de\/products\/killer-wolf-9mm-kaliber-35\/#breadcrumb"},"inLanguage":"en-US","potentialAction":[{"@type":"ReadAction","target":["https:\/\/homedefense-ammo.de\/products\/killer-wolf-9mm-kaliber-35\/"]}]},{"@type":"ImageObject","inLanguage":"en-US","@id":"https:\/\/homedefense-ammo.de\/products\/killer-wolf-9mm-kaliber-35\/#primaryimage","url":"https:\/\/homedefense-ammo.de\/wp-content\/uploads\/2024\/11\/design-ohne-titel.png.png","contentUrl":"https:\/\/homedefense-ammo.de\/wp-content\/uploads\/2024\/11\/design-ohne-titel.png.png","width":2250,"height":3000},{"@type":"BreadcrumbList","@id":"https:\/\/homedefense-ammo.de\/products\/killer-wolf-9mm-kaliber-35\/#breadcrumb","itemListElement":[{"@type":"ListItem","position":1,"name":"Startseite","item":"https:\/\/homedefense-ammo.de\/"},{"@type":"ListItem","position":2,"name":"Shop","item":"https:\/\/homedefense-ammo.de\/shop\/"},{"@type":"ListItem","position":3,"name":"25x | Wolf 9mm Kaliber 35 BB Markierer"}]},{"@type":"WebSite","@id":"https:\/\/homedefense-ammo.de\/#website","url":"https:\/\/homedefense-ammo.de\/","name":"Wolf Home Defense","description":"The No. 1 from Germany","publisher":{"@id":"https:\/\/homedefense-ammo.de\/#organization"},"potentialAction":[{"@type":"SearchAction","target":{"@type":"EntryPoint","urlTemplate":"https:\/\/homedefense-ammo.de\/?s={search_term_string}"},"query-input":{"@type":"PropertyValueSpecification","valueRequired":true,"valueName":"search_term_string"}}],"inLanguage":"en-US"},{"@type":"Organization","@id":"https:\/\/homedefense-ammo.de\/#organization","name":"Wolf Home Defense","url":"https:\/\/homedefense-ammo.de\/","logo":{"@type":"ImageObject","inLanguage":"en-US","@id":"https:\/\/homedefense-ammo.de\/#\/schema\/logo\/image\/","url":"https:\/\/homedefense-ammo.de\/wp-content\/uploads\/2023\/12\/Wolf_Logo-White.png","contentUrl":"https:\/\/homedefense-ammo.de\/wp-content\/uploads\/2023\/12\/Wolf_Logo-White.png","width":1078,"height":624,"caption":"Wolf Home Defense"},"image":{"@id":"https:\/\/homedefense-ammo.de\/#\/schema\/logo\/image\/"}}]}},"_links":{"self":[{"href":"https:\/\/homedefense-ammo.de\/en\/wp-json\/wp\/v2\/product\/16976","targetHints":{"allow":["GET"]}}],"collection":[{"href":"https:\/\/homedefense-ammo.de\/en\/wp-json\/wp\/v2\/product"}],"about":[{"href":"https:\/\/homedefense-ammo.de\/en\/wp-json\/wp\/v2\/types\/product"}],"wp:featuredmedia":[{"embeddable":true,"href":"https:\/\/homedefense-ammo.de\/en\/wp-json\/wp\/v2\/media\/16978"}],"wp:attachment":[{"href":"https:\/\/homedefense-ammo.de\/en\/wp-json\/wp\/v2\/media?parent=16976"}],"wp:term":[{"taxonomy":"product_brand","embeddable":true,"href":"https:\/\/homedefense-ammo.de\/en\/wp-json\/wp\/v2\/product_brand?post=16976"},{"taxonomy":"product_cat","embeddable":true,"href":"https:\/\/homedefense-ammo.de\/en\/wp-json\/wp\/v2\/product_cat?post=16976"},{"taxonomy":"product_tag","embeddable":true,"href":"https:\/\/homedefense-ammo.de\/en\/wp-json\/wp\/v2\/product_tag?post=16976"}],"curies":[{"name":"wp","href":"https:\/\/api.w.org\/{rel}","templated":true}]}}