{"id":16533,"date":"2024-02-21T17:46:00","date_gmt":"2024-02-21T15:46:00","guid":{"rendered":"https:\/\/wolf-homedefense-1973a03509d942429e87560d7637d535.tenants.eu1.wpcs.io\/?post_type=product&#038;p=16533"},"modified":"2025-09-22T15:24:53","modified_gmt":"2025-09-22T13:24:53","slug":"50-x-grey-wolf-9mm-ammo-for-aea-hp-max","status":"publish","type":"product","link":"https:\/\/homedefense-ammo.de\/en\/products\/50-x-grey-wolf-9mm-ammo-for-aea-hp-max\/","title":{"rendered":"50 x | AEA HP MAX ammunition | Caliber 9mm | Cal. 35 | 1.33 grams | Ultra Speed bullets BB marker"},"content":{"rendered":"<p>Discover the revolutionary &quot;AEA HP MAX&quot; ammunition in caliber 35 (9mm) for superior performance in your air gun. With the &quot;Grey Wolf&quot; bullets, which were specially developed for the AEA HP MAX, you can reach a new dimension of speed and precision.<\/p>\n<p>Product highlights:<\/p>\n<ul>\n<li>Innovative design: The diabolo-like shape and the specially adapted weight of the \u201cGrey Wolf\u201d bullets ensure unsurpassed speed, even with the 7.5 Joule version, and offer impressive penetrating power.<\/li>\n<li>High-Speed Performance: Thanks to a unique manufacturing process, these bullets deliver a high-speed result that far exceeds conventional hard rubber and steel\/lead bullets.<\/li>\n<li>Precision and penetration: Grey Wolf bullets guarantee precision and penetration at the highest level.<\/li>\n<\/ul>\n<p>Why our ammunition?<\/p>\n<ul>\n<li>Trust in Quality: Manufactured by Wolf Home Defense Ammunition, this type of ammunition represents the highest quality and performance.<\/li>\n<\/ul>\n<p>Technical data:<\/p>\n<ul>\n<li>Caliber: Cal. 35\/9mm<\/li>\n<li>Length: 11.5mm<\/li>\n<li>Weight: 1.33 grams<\/li>\n<li>Material: PLA\/steel<\/li>\n<\/ul>\n<p>Scope of delivery:<\/p>\n<ul>\n<li>50 pieces of \u201cGrey Wolf\u201d bullets in elegant gray silver<\/li>\n<\/ul>\n<p><strong>These projectiles are expressly intended for fun shooting at suitable targets. Never shoot at people or animals!<\/strong><\/p>\n<p>&nbsp;<\/p>\n<p>The use of the AEA HP Max requires adulthood (18 years)<\/p>\n<p>This article is legal in Germany and does not require any special authorization. The sale is only to persons aged 18 and over, with age verification at checkout and upon delivery. The buyer is obliged to observe the legal regulations regarding possession, transport and use. Any use of this ammunition against people or animals is strictly prohibited and can result in criminal consequences. The seller is not liable for improper or unlawful use of the product.<\/p>","protected":false},"excerpt":{"rendered":"<p>Increase your paintball performance with the \u201cAEA HP MAX\u201d bullets in 35 caliber (9mm). These bullets offer exceptional speed and precision thanks to their diabolo-like shape and special weight, ideal for high-speed paintball action.<\/p>","protected":false},"featured_media":16536,"template":"","meta":[],"product_brand":[],"product_cat":[171,98],"product_tag":[],"class_list":{"0":"post-16533","1":"product","2":"type-product","3":"status-publish","4":"has-post-thumbnail","6":"product_cat-aea-hp-max","7":"product_cat-kal9mm","8":"pa_passend-fuer-aea-hp-max","10":"first","11":"instock","12":"sale","13":"taxable","14":"shipping-taxable","15":"purchasable","16":"product-type-simple"},"yoast_head":"<!-- This site is optimized with the Yoast SEO plugin v26.2 - https:\/\/yoast.com\/wordpress\/plugins\/seo\/ -->\n<title>50 x | AEA HP MAX Munition | Kaliber 9mm | Cal. 35 | 1.33 Gramm | Ultra Speed Geschosse BB Markierer - Wolf Home Defense<\/title>\n<meta name=\"robots\" content=\"index, follow, max-snippet:-1, max-image-preview:large, max-video-preview:-1\" \/>\n<link rel=\"canonical\" href=\"https:\/\/homedefense-ammo.de\/en\/products\/50-x-grey-wolf-9mm-ammo-for-aea-hp-max\/\" \/>\n<meta property=\"og:locale\" content=\"en_US\" \/>\n<meta property=\"og:type\" content=\"article\" \/>\n<meta property=\"og:title\" content=\"50 x | AEA HP MAX Munition | Kaliber 9mm | Cal. 35 | 1.33 Gramm | Ultra Speed Geschosse BB Markierer - Wolf Home Defense\" \/>\n<meta property=\"og:description\" content=\"Steigern Sie Ihre Paintball-Performance mit den &quot;AEA HP MAX&quot; Geschossen im Kaliber 35 (9mm). Diese Geschosse bieten dank ihrer Diabolo-\u00e4hnlichen Form und dem speziellen Gewicht eine au\u00dfergew\u00f6hnliche Geschwindigkeit und Pr\u00e4zision, ideal f\u00fcr High-Speed Paintball-Action.\" \/>\n<meta property=\"og:url\" content=\"https:\/\/homedefense-ammo.de\/en\/products\/50-x-grey-wolf-9mm-ammo-for-aea-hp-max\/\" \/>\n<meta property=\"og:site_name\" content=\"Wolf Home Defense\" \/>\n<meta property=\"article:modified_time\" content=\"2025-09-22T13:24:53+00:00\" \/>\n<meta property=\"og:image\" content=\"https:\/\/homedefense-ammo.de\/wp-content\/uploads\/2024\/02\/Wolf-2.jpg\" \/>\n\t<meta property=\"og:image:width\" content=\"1500\" \/>\n\t<meta property=\"og:image:height\" content=\"1500\" \/>\n\t<meta property=\"og:image:type\" content=\"image\/jpeg\" \/>\n<meta name=\"twitter:card\" content=\"summary_large_image\" \/>\n<meta name=\"twitter:label1\" content=\"Est. reading time\" \/>\n\t<meta name=\"twitter:data1\" content=\"1 minute\" \/>\n<script type=\"application\/ld+json\" class=\"yoast-schema-graph\">{\"@context\":\"https:\/\/schema.org\",\"@graph\":[{\"@type\":\"WebPage\",\"@id\":\"https:\/\/homedefense-ammo.de\/products\/50-x-grey-wolf-9mm-munition-fur-aea-hp-max\/\",\"url\":\"https:\/\/homedefense-ammo.de\/products\/50-x-grey-wolf-9mm-munition-fur-aea-hp-max\/\",\"name\":\"50 x | AEA HP MAX Munition | Kaliber 9mm | Cal. 35 | 1.33 Gramm | Ultra Speed Geschosse BB Markierer - Wolf Home Defense\",\"isPartOf\":{\"@id\":\"https:\/\/homedefense-ammo.de\/#website\"},\"primaryImageOfPage\":{\"@id\":\"https:\/\/homedefense-ammo.de\/products\/50-x-grey-wolf-9mm-munition-fur-aea-hp-max\/#primaryimage\"},\"image\":{\"@id\":\"https:\/\/homedefense-ammo.de\/products\/50-x-grey-wolf-9mm-munition-fur-aea-hp-max\/#primaryimage\"},\"thumbnailUrl\":\"https:\/\/homedefense-ammo.de\/wp-content\/uploads\/2024\/02\/Wolf-2.jpg\",\"datePublished\":\"2024-02-21T15:46:00+00:00\",\"dateModified\":\"2025-09-22T13:24:53+00:00\",\"breadcrumb\":{\"@id\":\"https:\/\/homedefense-ammo.de\/products\/50-x-grey-wolf-9mm-munition-fur-aea-hp-max\/#breadcrumb\"},\"inLanguage\":\"en-US\",\"potentialAction\":[{\"@type\":\"ReadAction\",\"target\":[\"https:\/\/homedefense-ammo.de\/products\/50-x-grey-wolf-9mm-munition-fur-aea-hp-max\/\"]}]},{\"@type\":\"ImageObject\",\"inLanguage\":\"en-US\",\"@id\":\"https:\/\/homedefense-ammo.de\/products\/50-x-grey-wolf-9mm-munition-fur-aea-hp-max\/#primaryimage\",\"url\":\"https:\/\/homedefense-ammo.de\/wp-content\/uploads\/2024\/02\/Wolf-2.jpg\",\"contentUrl\":\"https:\/\/homedefense-ammo.de\/wp-content\/uploads\/2024\/02\/Wolf-2.jpg\",\"width\":1500,\"height\":1500},{\"@type\":\"BreadcrumbList\",\"@id\":\"https:\/\/homedefense-ammo.de\/products\/50-x-grey-wolf-9mm-munition-fur-aea-hp-max\/#breadcrumb\",\"itemListElement\":[{\"@type\":\"ListItem\",\"position\":1,\"name\":\"Startseite\",\"item\":\"https:\/\/homedefense-ammo.de\/\"},{\"@type\":\"ListItem\",\"position\":2,\"name\":\"Shop\",\"item\":\"https:\/\/homedefense-ammo.de\/shop\/\"},{\"@type\":\"ListItem\",\"position\":3,\"name\":\"50 x | AEA HP MAX Munition | Kaliber 9mm | Cal. 35 | 1.33 Gramm | Ultra Speed Geschosse BB Markierer\"}]},{\"@type\":\"WebSite\",\"@id\":\"https:\/\/homedefense-ammo.de\/#website\",\"url\":\"https:\/\/homedefense-ammo.de\/\",\"name\":\"Wolf Home Defense\",\"description\":\"Die Nr. 1 aus Deutschland\",\"publisher\":{\"@id\":\"https:\/\/homedefense-ammo.de\/#organization\"},\"potentialAction\":[{\"@type\":\"SearchAction\",\"target\":{\"@type\":\"EntryPoint\",\"urlTemplate\":\"https:\/\/homedefense-ammo.de\/?s={search_term_string}\"},\"query-input\":{\"@type\":\"PropertyValueSpecification\",\"valueRequired\":true,\"valueName\":\"search_term_string\"}}],\"inLanguage\":\"en-US\"},{\"@type\":\"Organization\",\"@id\":\"https:\/\/homedefense-ammo.de\/#organization\",\"name\":\"Wolf Home Defense\",\"url\":\"https:\/\/homedefense-ammo.de\/\",\"logo\":{\"@type\":\"ImageObject\",\"inLanguage\":\"en-US\",\"@id\":\"https:\/\/homedefense-ammo.de\/#\/schema\/logo\/image\/\",\"url\":\"https:\/\/homedefense-ammo.de\/wp-content\/uploads\/2023\/12\/Wolf_Logo-White.png\",\"contentUrl\":\"https:\/\/homedefense-ammo.de\/wp-content\/uploads\/2023\/12\/Wolf_Logo-White.png\",\"width\":1078,\"height\":624,\"caption\":\"Wolf Home Defense\"},\"image\":{\"@id\":\"https:\/\/homedefense-ammo.de\/#\/schema\/logo\/image\/\"}}]}<\/script>\n<!-- \/ Yoast SEO plugin. -->","yoast_head_json":{"title":"50 x | AEA HP MAX Ammunition | Caliber 9mm | Cal. 35 | 1.33 grams | Ultra Speed Bullets BB Markers - Wolf Home Defense","robots":{"index":"index","follow":"follow","max-snippet":"max-snippet:-1","max-image-preview":"max-image-preview:large","max-video-preview":"max-video-preview:-1"},"canonical":"https:\/\/homedefense-ammo.de\/en\/products\/50-x-grey-wolf-9mm-ammo-for-aea-hp-max\/","og_locale":"en_US","og_type":"article","og_title":"50 x | AEA HP MAX Munition | Kaliber 9mm | Cal. 35 | 1.33 Gramm | Ultra Speed Geschosse BB Markierer - Wolf Home Defense","og_description":"Steigern Sie Ihre Paintball-Performance mit den \"AEA HP MAX\" Geschossen im Kaliber 35 (9mm). Diese Geschosse bieten dank ihrer Diabolo-\u00e4hnlichen Form und dem speziellen Gewicht eine au\u00dfergew\u00f6hnliche Geschwindigkeit und Pr\u00e4zision, ideal f\u00fcr High-Speed Paintball-Action.","og_url":"https:\/\/homedefense-ammo.de\/en\/products\/50-x-grey-wolf-9mm-ammo-for-aea-hp-max\/","og_site_name":"Wolf Home Defense","article_modified_time":"2025-09-22T13:24:53+00:00","og_image":[{"width":1500,"height":1500,"url":"https:\/\/homedefense-ammo.de\/wp-content\/uploads\/2024\/02\/Wolf-2.jpg","type":"image\/jpeg"}],"twitter_card":"summary_large_image","twitter_misc":{"Est. reading time":"1 minute"},"schema":{"@context":"https:\/\/schema.org","@graph":[{"@type":"WebPage","@id":"https:\/\/homedefense-ammo.de\/products\/50-x-grey-wolf-9mm-munition-fur-aea-hp-max\/","url":"https:\/\/homedefense-ammo.de\/products\/50-x-grey-wolf-9mm-munition-fur-aea-hp-max\/","name":"50 x | AEA HP MAX Ammunition | Caliber 9mm | Cal. 35 | 1.33 grams | Ultra Speed Bullets BB Markers - Wolf Home Defense","isPartOf":{"@id":"https:\/\/homedefense-ammo.de\/#website"},"primaryImageOfPage":{"@id":"https:\/\/homedefense-ammo.de\/products\/50-x-grey-wolf-9mm-munition-fur-aea-hp-max\/#primaryimage"},"image":{"@id":"https:\/\/homedefense-ammo.de\/products\/50-x-grey-wolf-9mm-munition-fur-aea-hp-max\/#primaryimage"},"thumbnailUrl":"https:\/\/homedefense-ammo.de\/wp-content\/uploads\/2024\/02\/Wolf-2.jpg","datePublished":"2024-02-21T15:46:00+00:00","dateModified":"2025-09-22T13:24:53+00:00","breadcrumb":{"@id":"https:\/\/homedefense-ammo.de\/products\/50-x-grey-wolf-9mm-munition-fur-aea-hp-max\/#breadcrumb"},"inLanguage":"en-US","potentialAction":[{"@type":"ReadAction","target":["https:\/\/homedefense-ammo.de\/products\/50-x-grey-wolf-9mm-munition-fur-aea-hp-max\/"]}]},{"@type":"ImageObject","inLanguage":"en-US","@id":"https:\/\/homedefense-ammo.de\/products\/50-x-grey-wolf-9mm-munition-fur-aea-hp-max\/#primaryimage","url":"https:\/\/homedefense-ammo.de\/wp-content\/uploads\/2024\/02\/Wolf-2.jpg","contentUrl":"https:\/\/homedefense-ammo.de\/wp-content\/uploads\/2024\/02\/Wolf-2.jpg","width":1500,"height":1500},{"@type":"BreadcrumbList","@id":"https:\/\/homedefense-ammo.de\/products\/50-x-grey-wolf-9mm-munition-fur-aea-hp-max\/#breadcrumb","itemListElement":[{"@type":"ListItem","position":1,"name":"Startseite","item":"https:\/\/homedefense-ammo.de\/"},{"@type":"ListItem","position":2,"name":"Shop","item":"https:\/\/homedefense-ammo.de\/shop\/"},{"@type":"ListItem","position":3,"name":"50 x | AEA HP MAX Munition | Kaliber 9mm | Cal. 35 | 1.33 Gramm | Ultra Speed Geschosse BB Markierer"}]},{"@type":"WebSite","@id":"https:\/\/homedefense-ammo.de\/#website","url":"https:\/\/homedefense-ammo.de\/","name":"Wolf Home Defense","description":"The No. 1 from Germany","publisher":{"@id":"https:\/\/homedefense-ammo.de\/#organization"},"potentialAction":[{"@type":"SearchAction","target":{"@type":"EntryPoint","urlTemplate":"https:\/\/homedefense-ammo.de\/?s={search_term_string}"},"query-input":{"@type":"PropertyValueSpecification","valueRequired":true,"valueName":"search_term_string"}}],"inLanguage":"en-US"},{"@type":"Organization","@id":"https:\/\/homedefense-ammo.de\/#organization","name":"Wolf Home Defense","url":"https:\/\/homedefense-ammo.de\/","logo":{"@type":"ImageObject","inLanguage":"en-US","@id":"https:\/\/homedefense-ammo.de\/#\/schema\/logo\/image\/","url":"https:\/\/homedefense-ammo.de\/wp-content\/uploads\/2023\/12\/Wolf_Logo-White.png","contentUrl":"https:\/\/homedefense-ammo.de\/wp-content\/uploads\/2023\/12\/Wolf_Logo-White.png","width":1078,"height":624,"caption":"Wolf Home Defense"},"image":{"@id":"https:\/\/homedefense-ammo.de\/#\/schema\/logo\/image\/"}}]}},"_links":{"self":[{"href":"https:\/\/homedefense-ammo.de\/en\/wp-json\/wp\/v2\/product\/16533","targetHints":{"allow":["GET"]}}],"collection":[{"href":"https:\/\/homedefense-ammo.de\/en\/wp-json\/wp\/v2\/product"}],"about":[{"href":"https:\/\/homedefense-ammo.de\/en\/wp-json\/wp\/v2\/types\/product"}],"wp:featuredmedia":[{"embeddable":true,"href":"https:\/\/homedefense-ammo.de\/en\/wp-json\/wp\/v2\/media\/16536"}],"wp:attachment":[{"href":"https:\/\/homedefense-ammo.de\/en\/wp-json\/wp\/v2\/media?parent=16533"}],"wp:term":[{"taxonomy":"product_brand","embeddable":true,"href":"https:\/\/homedefense-ammo.de\/en\/wp-json\/wp\/v2\/product_brand?post=16533"},{"taxonomy":"product_cat","embeddable":true,"href":"https:\/\/homedefense-ammo.de\/en\/wp-json\/wp\/v2\/product_cat?post=16533"},{"taxonomy":"product_tag","embeddable":true,"href":"https:\/\/homedefense-ammo.de\/en\/wp-json\/wp\/v2\/product_tag?post=16533"}],"curies":[{"name":"wp","href":"https:\/\/api.w.org\/{rel}","templated":true}]}}