{"id":15870,"date":"2023-12-04T17:25:00","date_gmt":"2023-12-04T15:25:00","guid":{"rendered":"https:\/\/wolf-homedefense-1973a03509d942429e87560d7637d535.tenants.eu1.wpcs.io\/?post_type=product&#038;p=15870"},"modified":"2026-02-19T00:33:15","modified_gmt":"2026-02-18T22:33:15","slug":"highspeed-glassbreaker-ammunition-50-pieces-caliber-50-umarex-hdr-50","status":"publish","type":"product","link":"https:\/\/homedefense-ammo.de\/en\/products\/highspeed-glassbreaker-ammunition-50-pieces-caliber-50-umarex-hdr-50\/","title":{"rendered":"50x Massiv Glasbreaker 50 pieces HDR 50 BB ammunition | Caliber 50"},"content":{"rendered":"<h3>NEW: Solid glass breaker ammunition for HDR50 \u2013 50 pieces<\/h3>\n<p>Experience ultimate precision and high-speed performance with our brand new Massiv Glasbreaker ammunition. The set contains 50 high-performance bullets specifically for your HDR50 revolver.<\/p>\n<h4>Characteristics:<\/h4>\n<ol>\n<li><strong>Ultra Speed Bullets (Cal.50):<\/strong> Our ammunition sets standards for high-speed results thanks to an innovative manufacturing process. Enjoy impressive performance that will exceed your expectations.<\/li>\n<li><strong>Stealth Core 8mm bullets:<\/strong> These 8mm Stealth Core bullets offer you a unique combination of precision and penetrating power. Perfect for use with your HDR50 paintball marker<\/li>\n<li><strong>Diabolo-like shape and adjusted weight:<\/strong> The bullets achieve outstanding speed thanks to their diabolo-like shape and optimized weight. No conventional ball can keep up.<\/li>\n<\/ol>\n<h4>Why our ammunition?<\/h4>\n<ul>\n<li><strong>Don&#039;t fret any longer:<\/strong> No more hassle about inferior ammunition! Our HSSC bullets fill the gap for the HDR50 by perfectly combining lightness and penetrating power.<\/li>\n<li><\/li>\n<li><strong>Safety first:<\/strong> Developed exclusively for the HDR50 revolver, we guarantee that our ammunition is only suitable for this type of revolver.<\/li>\n<\/ul>\n<h3>Technical data:<\/h3>\n<ul>\n<li><strong>Caliber:<\/strong> Cal. 50<\/li>\n<li><strong>Length:<\/strong> 10mm<\/li>\n<li><strong>Weight:<\/strong> approx. 2.8 grams<\/li>\n<li><strong>Material:<\/strong> Plastic\/steel<\/li>\n<\/ul>\n<h3>Scope of delivery:<\/h3>\n<ul>\n<li>50 pieces of high-performance bullets in a noble copper color (drum not included)<strong>These projectiles are expressly intended for fun shooting at suitable targets. Never shoot at people or animals!<\/strong><\/li>\n<\/ul>\n<p>To use the HDR 50 paintball revolver you must be of legal age.<\/p>\n<p>We are happy to answer any questions or inquiries you may have. Simply contact us by email (see imprint).<\/p>\n<p>This article is legal in Germany and does not require any special authorization. The sale is only to persons aged 18 and over, with age verification at checkout and upon delivery. The buyer is obliged to observe the legal regulations regarding possession, transport and use. Any use of this ammunition against people or animals is strictly prohibited and can result in criminal consequences. The seller is not liable for improper or unlawful use of the product.<\/p>","protected":false},"excerpt":{"rendered":"<p>Increase your HDR50 performance with our latest solid glass breaker ammunition: 50 pieces of Ultra Speed bullets in Cal.50 format, developed for exceptional precision and high-speed performance.<\/p>","protected":false},"featured_media":16342,"template":"","meta":[],"product_brand":[],"product_cat":[104,103,96],"product_tag":[21,22,24,25,26,34,27,28],"class_list":{"0":"post-15870","1":"product","2":"type-product","3":"status-publish","4":"has-post-thumbnail","6":"product_cat-aea_challenger_bullpup","7":"product_cat-hdr50","8":"product_cat-kal50","9":"product_tag-cal-50","10":"product_tag-co2","11":"product_tag-hdr","12":"product_tag-hdr-50","13":"product_tag-heimverteidigung","14":"product_tag-home-defense","15":"product_tag-kaliber-50","16":"product_tag-munition","17":"pa_passend-fuer-hdr-50","19":"first","20":"instock","21":"sale","22":"taxable","23":"shipping-taxable","24":"purchasable","25":"product-type-simple"},"yoast_head":"<!-- This site is optimized with the Yoast SEO plugin v26.2 - https:\/\/yoast.com\/wordpress\/plugins\/seo\/ -->\n<title>50x Massiv Glasbreaker 50 St\u00fcck HDR 50 BB Munition | Kaliber 50 - Wolf Home Defense<\/title>\n<meta name=\"robots\" content=\"index, follow, max-snippet:-1, max-image-preview:large, max-video-preview:-1\" \/>\n<link rel=\"canonical\" href=\"https:\/\/homedefense-ammo.de\/en\/products\/highspeed-glassbreaker-ammunition-50-pieces-caliber-50-umarex-hdr-50\/\" \/>\n<meta property=\"og:locale\" content=\"en_US\" \/>\n<meta property=\"og:type\" content=\"article\" \/>\n<meta property=\"og:title\" content=\"50x Massiv Glasbreaker 50 St\u00fcck HDR 50 BB Munition | Kaliber 50 - Wolf Home Defense\" \/>\n<meta property=\"og:description\" content=\"Steigern Sie Ihre HDR50-Leistung mit unserer neuesten Massiv Glasbreaker Munition: 50 St\u00fcck Ultra Speed Geschosse im Cal.50 Format, entwickelt f\u00fcr au\u00dfergew\u00f6hnliche Pr\u00e4zision und Highspeed-Performance.\" \/>\n<meta property=\"og:url\" content=\"https:\/\/homedefense-ammo.de\/en\/products\/highspeed-glassbreaker-ammunition-50-pieces-caliber-50-umarex-hdr-50\/\" \/>\n<meta property=\"og:site_name\" content=\"Wolf Home Defense\" \/>\n<meta property=\"article:modified_time\" content=\"2026-02-18T22:33:15+00:00\" \/>\n<meta property=\"og:image\" content=\"https:\/\/homedefense-ammo.de\/wp-content\/uploads\/2023\/12\/Wolf-3-1.jpg\" \/>\n\t<meta property=\"og:image:width\" content=\"1500\" \/>\n\t<meta property=\"og:image:height\" content=\"1500\" \/>\n\t<meta property=\"og:image:type\" content=\"image\/jpeg\" \/>\n<meta name=\"twitter:card\" content=\"summary_large_image\" \/>\n<meta name=\"twitter:label1\" content=\"Est. reading time\" \/>\n\t<meta name=\"twitter:data1\" content=\"2 minutes\" \/>\n<script type=\"application\/ld+json\" class=\"yoast-schema-graph\">{\"@context\":\"https:\/\/schema.org\",\"@graph\":[{\"@type\":\"WebPage\",\"@id\":\"https:\/\/homedefense-ammo.de\/products\/highspeed-glasbreaker-munition-50-stuck-kaliber-50-umarex-hdr-50\/\",\"url\":\"https:\/\/homedefense-ammo.de\/products\/highspeed-glasbreaker-munition-50-stuck-kaliber-50-umarex-hdr-50\/\",\"name\":\"50x Massiv Glasbreaker 50 St\u00fcck HDR 50 BB Munition | Kaliber 50 - Wolf Home Defense\",\"isPartOf\":{\"@id\":\"https:\/\/homedefense-ammo.de\/#website\"},\"primaryImageOfPage\":{\"@id\":\"https:\/\/homedefense-ammo.de\/products\/highspeed-glasbreaker-munition-50-stuck-kaliber-50-umarex-hdr-50\/#primaryimage\"},\"image\":{\"@id\":\"https:\/\/homedefense-ammo.de\/products\/highspeed-glasbreaker-munition-50-stuck-kaliber-50-umarex-hdr-50\/#primaryimage\"},\"thumbnailUrl\":\"https:\/\/homedefense-ammo.de\/wp-content\/uploads\/2023\/12\/Wolf-3-1.jpg\",\"datePublished\":\"2023-12-04T15:25:00+00:00\",\"dateModified\":\"2026-02-18T22:33:15+00:00\",\"breadcrumb\":{\"@id\":\"https:\/\/homedefense-ammo.de\/products\/highspeed-glasbreaker-munition-50-stuck-kaliber-50-umarex-hdr-50\/#breadcrumb\"},\"inLanguage\":\"en-US\",\"potentialAction\":[{\"@type\":\"ReadAction\",\"target\":[\"https:\/\/homedefense-ammo.de\/products\/highspeed-glasbreaker-munition-50-stuck-kaliber-50-umarex-hdr-50\/\"]}]},{\"@type\":\"ImageObject\",\"inLanguage\":\"en-US\",\"@id\":\"https:\/\/homedefense-ammo.de\/products\/highspeed-glasbreaker-munition-50-stuck-kaliber-50-umarex-hdr-50\/#primaryimage\",\"url\":\"https:\/\/homedefense-ammo.de\/wp-content\/uploads\/2023\/12\/Wolf-3-1.jpg\",\"contentUrl\":\"https:\/\/homedefense-ammo.de\/wp-content\/uploads\/2023\/12\/Wolf-3-1.jpg\",\"width\":1500,\"height\":1500},{\"@type\":\"BreadcrumbList\",\"@id\":\"https:\/\/homedefense-ammo.de\/products\/highspeed-glasbreaker-munition-50-stuck-kaliber-50-umarex-hdr-50\/#breadcrumb\",\"itemListElement\":[{\"@type\":\"ListItem\",\"position\":1,\"name\":\"Startseite\",\"item\":\"https:\/\/homedefense-ammo.de\/\"},{\"@type\":\"ListItem\",\"position\":2,\"name\":\"Shop\",\"item\":\"https:\/\/homedefense-ammo.de\/shop\/\"},{\"@type\":\"ListItem\",\"position\":3,\"name\":\"50x Massiv Glasbreaker 50 St\u00fcck HDR 50 BB Munition | Kaliber 50\"}]},{\"@type\":\"WebSite\",\"@id\":\"https:\/\/homedefense-ammo.de\/#website\",\"url\":\"https:\/\/homedefense-ammo.de\/\",\"name\":\"Wolf Home Defense\",\"description\":\"Die Nr. 1 aus Deutschland\",\"publisher\":{\"@id\":\"https:\/\/homedefense-ammo.de\/#organization\"},\"potentialAction\":[{\"@type\":\"SearchAction\",\"target\":{\"@type\":\"EntryPoint\",\"urlTemplate\":\"https:\/\/homedefense-ammo.de\/?s={search_term_string}\"},\"query-input\":{\"@type\":\"PropertyValueSpecification\",\"valueRequired\":true,\"valueName\":\"search_term_string\"}}],\"inLanguage\":\"en-US\"},{\"@type\":\"Organization\",\"@id\":\"https:\/\/homedefense-ammo.de\/#organization\",\"name\":\"Wolf Home Defense\",\"url\":\"https:\/\/homedefense-ammo.de\/\",\"logo\":{\"@type\":\"ImageObject\",\"inLanguage\":\"en-US\",\"@id\":\"https:\/\/homedefense-ammo.de\/#\/schema\/logo\/image\/\",\"url\":\"https:\/\/homedefense-ammo.de\/wp-content\/uploads\/2023\/12\/Wolf_Logo-White.png\",\"contentUrl\":\"https:\/\/homedefense-ammo.de\/wp-content\/uploads\/2023\/12\/Wolf_Logo-White.png\",\"width\":1078,\"height\":624,\"caption\":\"Wolf Home Defense\"},\"image\":{\"@id\":\"https:\/\/homedefense-ammo.de\/#\/schema\/logo\/image\/\"}}]}<\/script>\n<!-- \/ Yoast SEO plugin. -->","yoast_head_json":{"title":"50x Massiv Glasbreaker 50 pieces HDR 50 BB ammunition | Caliber 50 - Wolf Home Defense","robots":{"index":"index","follow":"follow","max-snippet":"max-snippet:-1","max-image-preview":"max-image-preview:large","max-video-preview":"max-video-preview:-1"},"canonical":"https:\/\/homedefense-ammo.de\/en\/products\/highspeed-glassbreaker-ammunition-50-pieces-caliber-50-umarex-hdr-50\/","og_locale":"en_US","og_type":"article","og_title":"50x Massiv Glasbreaker 50 St\u00fcck HDR 50 BB Munition | Kaliber 50 - Wolf Home Defense","og_description":"Steigern Sie Ihre HDR50-Leistung mit unserer neuesten Massiv Glasbreaker Munition: 50 St\u00fcck Ultra Speed Geschosse im Cal.50 Format, entwickelt f\u00fcr au\u00dfergew\u00f6hnliche Pr\u00e4zision und Highspeed-Performance.","og_url":"https:\/\/homedefense-ammo.de\/en\/products\/highspeed-glassbreaker-ammunition-50-pieces-caliber-50-umarex-hdr-50\/","og_site_name":"Wolf Home Defense","article_modified_time":"2026-02-18T22:33:15+00:00","og_image":[{"width":1500,"height":1500,"url":"https:\/\/homedefense-ammo.de\/wp-content\/uploads\/2023\/12\/Wolf-3-1.jpg","type":"image\/jpeg"}],"twitter_card":"summary_large_image","twitter_misc":{"Est. reading time":"2 minutes"},"schema":{"@context":"https:\/\/schema.org","@graph":[{"@type":"WebPage","@id":"https:\/\/homedefense-ammo.de\/products\/highspeed-glasbreaker-munition-50-stuck-kaliber-50-umarex-hdr-50\/","url":"https:\/\/homedefense-ammo.de\/products\/highspeed-glasbreaker-munition-50-stuck-kaliber-50-umarex-hdr-50\/","name":"50x Massiv Glasbreaker 50 pieces HDR 50 BB ammunition | Caliber 50 - Wolf Home Defense","isPartOf":{"@id":"https:\/\/homedefense-ammo.de\/#website"},"primaryImageOfPage":{"@id":"https:\/\/homedefense-ammo.de\/products\/highspeed-glasbreaker-munition-50-stuck-kaliber-50-umarex-hdr-50\/#primaryimage"},"image":{"@id":"https:\/\/homedefense-ammo.de\/products\/highspeed-glasbreaker-munition-50-stuck-kaliber-50-umarex-hdr-50\/#primaryimage"},"thumbnailUrl":"https:\/\/homedefense-ammo.de\/wp-content\/uploads\/2023\/12\/Wolf-3-1.jpg","datePublished":"2023-12-04T15:25:00+00:00","dateModified":"2026-02-18T22:33:15+00:00","breadcrumb":{"@id":"https:\/\/homedefense-ammo.de\/products\/highspeed-glasbreaker-munition-50-stuck-kaliber-50-umarex-hdr-50\/#breadcrumb"},"inLanguage":"en-US","potentialAction":[{"@type":"ReadAction","target":["https:\/\/homedefense-ammo.de\/products\/highspeed-glasbreaker-munition-50-stuck-kaliber-50-umarex-hdr-50\/"]}]},{"@type":"ImageObject","inLanguage":"en-US","@id":"https:\/\/homedefense-ammo.de\/products\/highspeed-glasbreaker-munition-50-stuck-kaliber-50-umarex-hdr-50\/#primaryimage","url":"https:\/\/homedefense-ammo.de\/wp-content\/uploads\/2023\/12\/Wolf-3-1.jpg","contentUrl":"https:\/\/homedefense-ammo.de\/wp-content\/uploads\/2023\/12\/Wolf-3-1.jpg","width":1500,"height":1500},{"@type":"BreadcrumbList","@id":"https:\/\/homedefense-ammo.de\/products\/highspeed-glasbreaker-munition-50-stuck-kaliber-50-umarex-hdr-50\/#breadcrumb","itemListElement":[{"@type":"ListItem","position":1,"name":"Startseite","item":"https:\/\/homedefense-ammo.de\/"},{"@type":"ListItem","position":2,"name":"Shop","item":"https:\/\/homedefense-ammo.de\/shop\/"},{"@type":"ListItem","position":3,"name":"50x Massiv Glasbreaker 50 St\u00fcck HDR 50 BB Munition | Kaliber 50"}]},{"@type":"WebSite","@id":"https:\/\/homedefense-ammo.de\/#website","url":"https:\/\/homedefense-ammo.de\/","name":"Wolf Home Defense","description":"The No. 1 from Germany","publisher":{"@id":"https:\/\/homedefense-ammo.de\/#organization"},"potentialAction":[{"@type":"SearchAction","target":{"@type":"EntryPoint","urlTemplate":"https:\/\/homedefense-ammo.de\/?s={search_term_string}"},"query-input":{"@type":"PropertyValueSpecification","valueRequired":true,"valueName":"search_term_string"}}],"inLanguage":"en-US"},{"@type":"Organization","@id":"https:\/\/homedefense-ammo.de\/#organization","name":"Wolf Home Defense","url":"https:\/\/homedefense-ammo.de\/","logo":{"@type":"ImageObject","inLanguage":"en-US","@id":"https:\/\/homedefense-ammo.de\/#\/schema\/logo\/image\/","url":"https:\/\/homedefense-ammo.de\/wp-content\/uploads\/2023\/12\/Wolf_Logo-White.png","contentUrl":"https:\/\/homedefense-ammo.de\/wp-content\/uploads\/2023\/12\/Wolf_Logo-White.png","width":1078,"height":624,"caption":"Wolf Home Defense"},"image":{"@id":"https:\/\/homedefense-ammo.de\/#\/schema\/logo\/image\/"}}]}},"_links":{"self":[{"href":"https:\/\/homedefense-ammo.de\/en\/wp-json\/wp\/v2\/product\/15870","targetHints":{"allow":["GET"]}}],"collection":[{"href":"https:\/\/homedefense-ammo.de\/en\/wp-json\/wp\/v2\/product"}],"about":[{"href":"https:\/\/homedefense-ammo.de\/en\/wp-json\/wp\/v2\/types\/product"}],"wp:featuredmedia":[{"embeddable":true,"href":"https:\/\/homedefense-ammo.de\/en\/wp-json\/wp\/v2\/media\/16342"}],"wp:attachment":[{"href":"https:\/\/homedefense-ammo.de\/en\/wp-json\/wp\/v2\/media?parent=15870"}],"wp:term":[{"taxonomy":"product_brand","embeddable":true,"href":"https:\/\/homedefense-ammo.de\/en\/wp-json\/wp\/v2\/product_brand?post=15870"},{"taxonomy":"product_cat","embeddable":true,"href":"https:\/\/homedefense-ammo.de\/en\/wp-json\/wp\/v2\/product_cat?post=15870"},{"taxonomy":"product_tag","embeddable":true,"href":"https:\/\/homedefense-ammo.de\/en\/wp-json\/wp\/v2\/product_tag?post=15870"}],"curies":[{"name":"wp","href":"https:\/\/api.w.org\/{rel}","templated":true}]}}