{"id":15868,"date":"2023-12-04T17:25:00","date_gmt":"2023-12-04T15:25:00","guid":{"rendered":"https:\/\/wolf-homedefense-1973a03509d942429e87560d7637d535.tenants.eu1.wpcs.io\/?post_type=product&#038;p=15868"},"modified":"2026-03-06T00:16:41","modified_gmt":"2026-03-05T22:16:41","slug":"5x-hdr-68-best-ammunition","status":"publish","type":"product","link":"https:\/\/homedefense-ammo.de\/en\/products\/5x-hdr-68-best-ammunition\/","title":{"rendered":"5x HDR 68 CONE | TR 68 TS 68 | Caliber 68 BB Marker Ammunition"},"content":{"rendered":"<p><strong>High-performance ammunition for HDR68 paintball revolver \u2013 5 pieces caliber 68<\/strong><\/p>\n<p>Discover the Cone bullets in .68 caliber, high-performance ammunition developed exclusively for the HDR68 revolver. This ammunition was manufactured using a high-quality CNC lathe to maximize precision and penetration.<\/p>\n<p><strong>Characteristics:<\/strong><\/p>\n<ul>\n<li><strong>Can be used over and over again:<\/strong> The Cone bullets are designed to be used repeatedly without any loss of performance.<\/li>\n<li><strong>Optimized basic shape and adjusted weight:<\/strong> With an optimized basic shape and a weight adjusted to 7.5 joules, these projectiles achieve impressive speed and precision.<\/li>\n<li><strong>High quality CNC lathe:<\/strong> The ammunition was manufactured using a special CNC lathe to ensure maximum precision.<\/li>\n<\/ul>\n<p><strong>Why Killer Cone?<\/strong><\/p>\n<p>The original from Wolf Home Defense delivers the ultimate in precision and results. Compared to regular hard rubber bullets, which are too light, and steel bullets, which fly too slowly at the permitted 7.5 joules, the high-performance Killer Cone bullets fill this gap and deliver impressive results.<\/p>\n<p><strong>Technical data:<\/strong><\/p>\n<ul>\n<li><strong>Caliber:<\/strong> Cal. 68<\/li>\n<li><strong>Length:<\/strong> 17mm<\/li>\n<li><strong>Weight:<\/strong> 3.88 grams<\/li>\n<li><strong>Material:<\/strong> High-strength aluminum<\/li>\n<\/ul>\n<p><strong>Safety instructions:<\/strong><\/p>\n<p>&nbsp;<\/p>\n<p><strong>These projectiles are expressly intended for fun shooting at suitable targets. Never shoot at people or animals!<\/strong><\/p>\n<p><strong>Scope of delivery:<\/strong><\/p>\n<ul>\n<li>5 pieces of bullets in a noble silver color<\/li>\n<\/ul>\n<p>This article is legal in Germany and does not require any special authorization. The sale is only to persons aged 18 and over, with age verification at checkout and upon delivery. The buyer is obliged to observe the legal regulations regarding possession, transport and use. Any use of this ammunition against people or animals is strictly prohibited and can result in criminal consequences. The seller is not liable for improper or unlawful use of the product.<\/p>","protected":false},"excerpt":{"rendered":"<p>Discover the exclusive Killer Cone high-performance ammunition for the HDR68 revolver: 5 reusable bullets in 68 caliber, manufactured for maximum precision and penetrating power. With optimized shape and weight for impressive speed and damage.<\/p>","protected":false},"featured_media":16346,"template":"","meta":[],"product_brand":[],"product_cat":[105,45],"product_tag":[],"class_list":{"0":"post-15868","1":"product","2":"type-product","3":"status-publish","4":"has-post-thumbnail","6":"product_cat-hdr68","7":"product_cat-kal68","8":"pa_passend-fuer-hdr-68","10":"first","11":"outofstock","12":"sale","13":"taxable","14":"shipping-taxable","15":"purchasable","16":"product-type-simple"},"yoast_head":"<!-- This site is optimized with the Yoast SEO plugin v26.2 - https:\/\/yoast.com\/wordpress\/plugins\/seo\/ -->\n<title>5x HDR 68 CONE | TR 68 TS 68 | Kaliber 68 BB Markierer Munition - Wolf Home Defense<\/title>\n<meta name=\"robots\" content=\"index, follow, max-snippet:-1, max-image-preview:large, max-video-preview:-1\" \/>\n<link rel=\"canonical\" href=\"https:\/\/homedefense-ammo.de\/en\/products\/5x-hdr-68-best-ammunition\/\" \/>\n<meta property=\"og:locale\" content=\"en_US\" \/>\n<meta property=\"og:type\" content=\"article\" \/>\n<meta property=\"og:title\" content=\"5x HDR 68 CONE | TR 68 TS 68 | Kaliber 68 BB Markierer Munition - Wolf Home Defense\" \/>\n<meta property=\"og:description\" content=\"Entdecken Sie die exklusive Killer Cone Hochleistungsmunition f\u00fcr den HDR68 Revolver: 5 wieder verwendbare Geschosse im Kaliber 68, hergestellt f\u00fcr maximale Pr\u00e4zision und Durchschlagskraft. Mit optimierter Form und angepasstem Gewicht f\u00fcr beeindruckende Geschwindigkeit und Schaden.\" \/>\n<meta property=\"og:url\" content=\"https:\/\/homedefense-ammo.de\/en\/products\/5x-hdr-68-best-ammunition\/\" \/>\n<meta property=\"og:site_name\" content=\"Wolf Home Defense\" \/>\n<meta property=\"article:modified_time\" content=\"2026-03-05T22:16:41+00:00\" \/>\n<meta property=\"og:image\" content=\"https:\/\/homedefense-ammo.de\/wp-content\/uploads\/2023\/12\/Wolf-30.jpg\" \/>\n\t<meta property=\"og:image:width\" content=\"1500\" \/>\n\t<meta property=\"og:image:height\" content=\"1500\" \/>\n\t<meta property=\"og:image:type\" content=\"image\/jpeg\" \/>\n<meta name=\"twitter:card\" content=\"summary_large_image\" \/>\n<meta name=\"twitter:label1\" content=\"Est. reading time\" \/>\n\t<meta name=\"twitter:data1\" content=\"1 minute\" \/>\n<script type=\"application\/ld+json\" class=\"yoast-schema-graph\">{\"@context\":\"https:\/\/schema.org\",\"@graph\":[{\"@type\":\"WebPage\",\"@id\":\"https:\/\/homedefense-ammo.de\/products\/5x-hdr-68-beste-munition\/\",\"url\":\"https:\/\/homedefense-ammo.de\/products\/5x-hdr-68-beste-munition\/\",\"name\":\"5x HDR 68 CONE | TR 68 TS 68 | Kaliber 68 BB Markierer Munition - Wolf Home Defense\",\"isPartOf\":{\"@id\":\"https:\/\/homedefense-ammo.de\/#website\"},\"primaryImageOfPage\":{\"@id\":\"https:\/\/homedefense-ammo.de\/products\/5x-hdr-68-beste-munition\/#primaryimage\"},\"image\":{\"@id\":\"https:\/\/homedefense-ammo.de\/products\/5x-hdr-68-beste-munition\/#primaryimage\"},\"thumbnailUrl\":\"https:\/\/homedefense-ammo.de\/wp-content\/uploads\/2023\/12\/Wolf-30.jpg\",\"datePublished\":\"2023-12-04T15:25:00+00:00\",\"dateModified\":\"2026-03-05T22:16:41+00:00\",\"breadcrumb\":{\"@id\":\"https:\/\/homedefense-ammo.de\/products\/5x-hdr-68-beste-munition\/#breadcrumb\"},\"inLanguage\":\"en-US\",\"potentialAction\":[{\"@type\":\"ReadAction\",\"target\":[\"https:\/\/homedefense-ammo.de\/products\/5x-hdr-68-beste-munition\/\"]}]},{\"@type\":\"ImageObject\",\"inLanguage\":\"en-US\",\"@id\":\"https:\/\/homedefense-ammo.de\/products\/5x-hdr-68-beste-munition\/#primaryimage\",\"url\":\"https:\/\/homedefense-ammo.de\/wp-content\/uploads\/2023\/12\/Wolf-30.jpg\",\"contentUrl\":\"https:\/\/homedefense-ammo.de\/wp-content\/uploads\/2023\/12\/Wolf-30.jpg\",\"width\":1500,\"height\":1500},{\"@type\":\"BreadcrumbList\",\"@id\":\"https:\/\/homedefense-ammo.de\/products\/5x-hdr-68-beste-munition\/#breadcrumb\",\"itemListElement\":[{\"@type\":\"ListItem\",\"position\":1,\"name\":\"Startseite\",\"item\":\"https:\/\/homedefense-ammo.de\/\"},{\"@type\":\"ListItem\",\"position\":2,\"name\":\"Shop\",\"item\":\"https:\/\/homedefense-ammo.de\/shop\/\"},{\"@type\":\"ListItem\",\"position\":3,\"name\":\"5x HDR 68 CONE | TR 68 TS 68 | Kaliber 68 BB Markierer Munition\"}]},{\"@type\":\"WebSite\",\"@id\":\"https:\/\/homedefense-ammo.de\/#website\",\"url\":\"https:\/\/homedefense-ammo.de\/\",\"name\":\"Wolf Home Defense\",\"description\":\"Die Nr. 1 aus Deutschland\",\"publisher\":{\"@id\":\"https:\/\/homedefense-ammo.de\/#organization\"},\"potentialAction\":[{\"@type\":\"SearchAction\",\"target\":{\"@type\":\"EntryPoint\",\"urlTemplate\":\"https:\/\/homedefense-ammo.de\/?s={search_term_string}\"},\"query-input\":{\"@type\":\"PropertyValueSpecification\",\"valueRequired\":true,\"valueName\":\"search_term_string\"}}],\"inLanguage\":\"en-US\"},{\"@type\":\"Organization\",\"@id\":\"https:\/\/homedefense-ammo.de\/#organization\",\"name\":\"Wolf Home Defense\",\"url\":\"https:\/\/homedefense-ammo.de\/\",\"logo\":{\"@type\":\"ImageObject\",\"inLanguage\":\"en-US\",\"@id\":\"https:\/\/homedefense-ammo.de\/#\/schema\/logo\/image\/\",\"url\":\"https:\/\/homedefense-ammo.de\/wp-content\/uploads\/2023\/12\/Wolf_Logo-White.png\",\"contentUrl\":\"https:\/\/homedefense-ammo.de\/wp-content\/uploads\/2023\/12\/Wolf_Logo-White.png\",\"width\":1078,\"height\":624,\"caption\":\"Wolf Home Defense\"},\"image\":{\"@id\":\"https:\/\/homedefense-ammo.de\/#\/schema\/logo\/image\/\"}}]}<\/script>\n<!-- \/ Yoast SEO plugin. -->","yoast_head_json":{"title":"5x HDR 68 CONE | TR 68 TS 68 | Caliber 68 BB Marker Ammunition - Wolf Home Defense","robots":{"index":"index","follow":"follow","max-snippet":"max-snippet:-1","max-image-preview":"max-image-preview:large","max-video-preview":"max-video-preview:-1"},"canonical":"https:\/\/homedefense-ammo.de\/en\/products\/5x-hdr-68-best-ammunition\/","og_locale":"en_US","og_type":"article","og_title":"5x HDR 68 CONE | TR 68 TS 68 | Kaliber 68 BB Markierer Munition - Wolf Home Defense","og_description":"Entdecken Sie die exklusive Killer Cone Hochleistungsmunition f\u00fcr den HDR68 Revolver: 5 wieder verwendbare Geschosse im Kaliber 68, hergestellt f\u00fcr maximale Pr\u00e4zision und Durchschlagskraft. Mit optimierter Form und angepasstem Gewicht f\u00fcr beeindruckende Geschwindigkeit und Schaden.","og_url":"https:\/\/homedefense-ammo.de\/en\/products\/5x-hdr-68-best-ammunition\/","og_site_name":"Wolf Home Defense","article_modified_time":"2026-03-05T22:16:41+00:00","og_image":[{"width":1500,"height":1500,"url":"https:\/\/homedefense-ammo.de\/wp-content\/uploads\/2023\/12\/Wolf-30.jpg","type":"image\/jpeg"}],"twitter_card":"summary_large_image","twitter_misc":{"Est. reading time":"1 minute"},"schema":{"@context":"https:\/\/schema.org","@graph":[{"@type":"WebPage","@id":"https:\/\/homedefense-ammo.de\/products\/5x-hdr-68-beste-munition\/","url":"https:\/\/homedefense-ammo.de\/products\/5x-hdr-68-beste-munition\/","name":"5x HDR 68 CONE | TR 68 TS 68 | Caliber 68 BB Marker Ammunition - Wolf Home Defense","isPartOf":{"@id":"https:\/\/homedefense-ammo.de\/#website"},"primaryImageOfPage":{"@id":"https:\/\/homedefense-ammo.de\/products\/5x-hdr-68-beste-munition\/#primaryimage"},"image":{"@id":"https:\/\/homedefense-ammo.de\/products\/5x-hdr-68-beste-munition\/#primaryimage"},"thumbnailUrl":"https:\/\/homedefense-ammo.de\/wp-content\/uploads\/2023\/12\/Wolf-30.jpg","datePublished":"2023-12-04T15:25:00+00:00","dateModified":"2026-03-05T22:16:41+00:00","breadcrumb":{"@id":"https:\/\/homedefense-ammo.de\/products\/5x-hdr-68-beste-munition\/#breadcrumb"},"inLanguage":"en-US","potentialAction":[{"@type":"ReadAction","target":["https:\/\/homedefense-ammo.de\/products\/5x-hdr-68-beste-munition\/"]}]},{"@type":"ImageObject","inLanguage":"en-US","@id":"https:\/\/homedefense-ammo.de\/products\/5x-hdr-68-beste-munition\/#primaryimage","url":"https:\/\/homedefense-ammo.de\/wp-content\/uploads\/2023\/12\/Wolf-30.jpg","contentUrl":"https:\/\/homedefense-ammo.de\/wp-content\/uploads\/2023\/12\/Wolf-30.jpg","width":1500,"height":1500},{"@type":"BreadcrumbList","@id":"https:\/\/homedefense-ammo.de\/products\/5x-hdr-68-beste-munition\/#breadcrumb","itemListElement":[{"@type":"ListItem","position":1,"name":"Startseite","item":"https:\/\/homedefense-ammo.de\/"},{"@type":"ListItem","position":2,"name":"Shop","item":"https:\/\/homedefense-ammo.de\/shop\/"},{"@type":"ListItem","position":3,"name":"5x HDR 68 CONE | TR 68 TS 68 | Kaliber 68 BB Markierer Munition"}]},{"@type":"WebSite","@id":"https:\/\/homedefense-ammo.de\/#website","url":"https:\/\/homedefense-ammo.de\/","name":"Wolf Home Defense","description":"The No. 1 from Germany","publisher":{"@id":"https:\/\/homedefense-ammo.de\/#organization"},"potentialAction":[{"@type":"SearchAction","target":{"@type":"EntryPoint","urlTemplate":"https:\/\/homedefense-ammo.de\/?s={search_term_string}"},"query-input":{"@type":"PropertyValueSpecification","valueRequired":true,"valueName":"search_term_string"}}],"inLanguage":"en-US"},{"@type":"Organization","@id":"https:\/\/homedefense-ammo.de\/#organization","name":"Wolf Home Defense","url":"https:\/\/homedefense-ammo.de\/","logo":{"@type":"ImageObject","inLanguage":"en-US","@id":"https:\/\/homedefense-ammo.de\/#\/schema\/logo\/image\/","url":"https:\/\/homedefense-ammo.de\/wp-content\/uploads\/2023\/12\/Wolf_Logo-White.png","contentUrl":"https:\/\/homedefense-ammo.de\/wp-content\/uploads\/2023\/12\/Wolf_Logo-White.png","width":1078,"height":624,"caption":"Wolf Home Defense"},"image":{"@id":"https:\/\/homedefense-ammo.de\/#\/schema\/logo\/image\/"}}]}},"_links":{"self":[{"href":"https:\/\/homedefense-ammo.de\/en\/wp-json\/wp\/v2\/product\/15868","targetHints":{"allow":["GET"]}}],"collection":[{"href":"https:\/\/homedefense-ammo.de\/en\/wp-json\/wp\/v2\/product"}],"about":[{"href":"https:\/\/homedefense-ammo.de\/en\/wp-json\/wp\/v2\/types\/product"}],"wp:featuredmedia":[{"embeddable":true,"href":"https:\/\/homedefense-ammo.de\/en\/wp-json\/wp\/v2\/media\/16346"}],"wp:attachment":[{"href":"https:\/\/homedefense-ammo.de\/en\/wp-json\/wp\/v2\/media?parent=15868"}],"wp:term":[{"taxonomy":"product_brand","embeddable":true,"href":"https:\/\/homedefense-ammo.de\/en\/wp-json\/wp\/v2\/product_brand?post=15868"},{"taxonomy":"product_cat","embeddable":true,"href":"https:\/\/homedefense-ammo.de\/en\/wp-json\/wp\/v2\/product_cat?post=15868"},{"taxonomy":"product_tag","embeddable":true,"href":"https:\/\/homedefense-ammo.de\/en\/wp-json\/wp\/v2\/product_tag?post=15868"}],"curies":[{"name":"wp","href":"https:\/\/api.w.org\/{rel}","templated":true}]}}