{"id":15794,"date":"2023-12-04T16:06:37","date_gmt":"2023-12-04T14:06:37","guid":{"rendered":"https:\/\/wolf-homedefense-1973a03509d942429e87560d7637d535.tenants.eu1.wpcs.io\/?page_id=15794"},"modified":"2026-04-01T17:50:32","modified_gmt":"2026-04-01T15:50:32","slug":"right-of-withdrawal","status":"publish","type":"page","link":"https:\/\/homedefense-ammo.de\/en\/right-of-withdrawal\/","title":{"rendered":"Right of withdrawal"},"content":{"rendered":"<p><span style=\"font-size: 18px;\"><strong>Right of withdrawal for the sale of goods<\/strong><\/span><\/p>\n<p><span style=\"font-size: 14px;\"><strong><span style=\"font-size: 18px;\">Right of Withdrawal for Consumers\u00a0<\/span><\/strong><\/span><br \/>\n<span style=\"font-size: 14px;\">(Consumer is any natural person who concludes a legal transaction for purposes that can predominantly neither be attributed to their commercial nor their independent professional activity.)<\/span><\/p>\n<p><span style=\"font-size: 16px;\"><strong>Right of withdrawal<\/strong><\/span><\/p>\n<p><span style=\"font-size: 14px;\"><strong>Right of withdrawal<\/strong><br \/>\nYou have the right to withdraw from this contract within 14 days without giving any reason.<br \/>\nThe cancellation period shall be 14 days from the day <\/span><\/p>\n<p><span style=\"font-size: 14px;\">\u2013 on which you or a third party designated by you, who is not the carrier, have taken possession of the goods, provided that you have ordered one or more goods as part of a single order and these are delivered together.<\/span>;<\/p>\n<p><span style=\"font-size: 14px;\">\u2013 on which you or a third party designated by you, who is not the carrier, took possession of the last item of goods, provided that you ordered several items of goods as part of a single order and these are delivered separately.<\/span>;<\/p>\n<p><span style=\"font-size: 14px;\">\u2013 on which you or a third party designated by you, who is not the carrier, took possession of the last partial shipment or the last item, provided that you have ordered goods that are delivered in several partial shipments or items.<\/span>;<\/p>\n<p><span style=\"font-size: 14px;\">To exercise your right of withdrawal, you must contact us <strong>(Mr. Wolf, Eichgrabenstra\u00dfe 56, 63628 Bad Soden-Salm\u00fcnster, Email address: info@homedefense-ammo.de)<\/strong> by means of a clear statement (e.g. a letter sent by post or an e-mail) of your decision to withdraw from this contract. You can use the attached model withdrawal form for this purpose, but this is not mandatory.<\/span><\/p>\n<p><span style=\"font-size: 14px;\">You can also electronically fill out and submit the model withdrawal form or another clear statement on our website (homedefense-ammo.de\/). If you make use of this option, we will immediately send you confirmation of receipt of your withdrawal (e.g., by email).<\/span><\/p>\n<p><span style=\"font-size: 14px;\">In order to meet the cancellation period, it is sufficient that you send the notification of your exercise of the right of cancellation before the cancellation period expires.<\/span><\/p>\n<p><span style=\"font-size: 14px;\"><strong>consequences of revocation<\/strong><\/span><\/p>\n<p>If you withdraw from this contract, we will reimburse you all payments that we have received from you, including delivery costs (with the exception of additional costs resulting from your choice of a type of delivery other than the cheapest standard delivery offered by us), promptly and at the latest within 14<span style=\"font-size: 14px;\">\u00a0days<\/span> from the day on which we received notification of your cancellation of this contract. For this refund, we will use the same means of payment that you used for the original transaction, unless something else was expressly agreed with you; under no circumstances will you be charged any fees for this refund.<\/p>\n<p><span style=\"font-size: 14px;\">We may refuse repayment until we have received the goods back or until you have provided evidence that you have returned the goods, whichever is the earlier.<\/span><\/p>\n<p><span style=\"font-size: 14px;\">You must return the goods promptly and in any event no later than 14<span style=\"font-size: 14px;\"><span style=\"font-size: 14px;\"><span style=\"font-size: 14px;\">\u00a0days<\/span><\/span> <\/span>from the day on which you notify us of the cancellation of this contract,\u00a0<\/span><span style=\"font-size: 14px;\">The deadline is met if you return the goods before the deadline has expired. <span style=\"font-size: 14px;\">14 days<\/span> send.<\/span><\/p>\n<p><span style=\"font-size: 14px;\">You will bear the direct cost of returning the goods.<\/span><\/p>\n<p><span style=\"font-size: 14px;\">You only have to pay for any loss of value of the goods if this loss of value is due to handling of the goods which is not necessary to check their quality, properties and functioning.<\/span><\/p>\n<p><span style=\"font-size: 14px;\"><strong>grounds for exclusion or expiration<\/strong><\/span><\/p>\n<p>The right of withdrawal does not apply to contracts<\/p>\n<p><span style=\"font-size: 14px;\">\u2013 for the supply of goods that are not prefabricated and for whose production an individual selection or specification by the consumer is decisive or which are clearly tailored to the personal needs of the consumer;<\/span><br \/>\n<span style=\"font-size: 14px;\">\u2013 for the supply of goods that can spoil quickly or whose expiration date would be quickly exceeded;<\/span><br \/>\n<span style=\"font-size: 14px;\">\u2013 for the supply of alcoholic beverages, the price of which was agreed upon at the time of conclusion of the contract, but which can be delivered no earlier than 30 days after conclusion of the contract and whose current value depends on fluctuations in the market over which the entrepreneur has no influence;<\/span><br \/>\n<span style=\"font-size: 14px;\">\u2013 for the delivery of newspapers, magazines or illustrated magazines, with the exception of subscription contracts.<\/span><\/p>\n<p><span style=\"font-size: 14px;\">The right of withdrawal expires prematurely for contracts<\/span><\/p>\n<p><span style=\"font-size: 14px;\"><span style=\"font-size: 14px;\">\u2013 for the supply of sealed goods which are not suitable for return due to health protection or hygiene reasons if their seal has been removed after delivery;<\/span><\/span><br \/>\n<span style=\"font-size: 14px;\"><span style=\"font-size: 14px;\">\u2013 for the supply of goods if, after delivery, they have become inseparably mixed with other goods due to their nature;<\/span><\/span><br \/>\n<span style=\"font-size: 14px;\"><span style=\"font-size: 14px;\">\u2013 for the supply of sound or video recordings or computer software in a sealed package, if the seal has been removed after delivery.<\/span><\/span><\/p>\n<hr \/>\n<p><span style=\"font-size: 14px;\"><span style=\"font-size: 14px;\"><strong>Sample cancellation form<\/strong><\/span><\/span><\/p>\n<p>(If you want to cancel the contract, please fill out this form and send it back.)<\/p>\n<p>\u2013 To Mr. <span style=\"font-size: 14px;\"><span style=\"font-size: 14px;\">Wolf, Eichgrabenstra\u00dfe 56, 63628 Bad Soden-Salm\u00fcnster<span style=\"font-size: 14px;\"><span style=\"font-size: 14px;\">,<\/span><\/span><span style=\"font-size: 14px;\"><span style=\"font-size: 14px;\"><span style=\"font-size: 14px;\"><span style=\"font-size: 14px;\"> <span style=\"font-size: 14px;\">E-mail address:\u00a0<\/span><\/span><\/span><span style=\"font-size: 14px;\"><span style=\"font-size: 14px;\"><span style=\"font-size: 14px;\"><span style=\"font-size: 14px;\">info@homedefense-ammo.de<\/span><\/span><\/span><\/span> :<\/span><\/span><\/span><\/span><\/p>\n<p>\u2013 I\/We (*) hereby revoke the contract concluded by me\/us (*) for the purchase of the following goods (*)\/<br \/>\nthe provision of the following service (*)<\/p>\n<p>\u2013 Ordered on (*)\/ received on (*)<\/p>\n<p>\u2013 Name of the consumer(s)<br \/>\n\u2013 Address of the consumer(s)<br \/>\n\u2013 Signature of the consumer(s) (only if notification is on paper)<br \/>\n- Date<\/p>\n<p>(*) Delete as appropriate.<\/p>","protected":false},"excerpt":{"rendered":"<p>Right of withdrawal for the sale of goods. Right of withdrawal for consumers (a consumer is any natural person who enters into a legal transaction for purposes that are predominantly neither commercial nor related to their self-employed professional activity).,<\/p>","protected":false},"author":6,"featured_media":0,"parent":0,"menu_order":0,"comment_status":"closed","ping_status":"closed","template":"","meta":{"footnotes":""},"categories":[],"tags":[],"class_list":["post-15794","page","type-page","status-publish","hentry"],"yoast_head":"<!-- This site is optimized with the Yoast SEO plugin v26.2 - https:\/\/yoast.com\/wordpress\/plugins\/seo\/ -->\n<title>Widerrufsrecht - Wolf Home Defense<\/title>\n<meta name=\"robots\" content=\"noindex, nofollow\" \/>\n<meta property=\"og:locale\" content=\"en_US\" \/>\n<meta property=\"og:type\" content=\"article\" \/>\n<meta property=\"og:title\" content=\"Widerrufsrecht - Wolf Home Defense\" \/>\n<meta property=\"og:description\" content=\"Widerrufsrecht f\u00fcr den Verkauf von Waren Widerrufsrecht f\u00fcr Verbraucher\u00a0 (Verbraucher ist jede nat\u00fcrliche Person, die ein Rechtsgesch\u00e4ft zu Zwecken abschlie\u00dft,\" \/>\n<meta property=\"og:url\" content=\"https:\/\/homedefense-ammo.de\/en\/right-of-withdrawal\/\" \/>\n<meta property=\"og:site_name\" content=\"Wolf Home Defense\" \/>\n<meta property=\"article:modified_time\" content=\"2026-04-01T15:50:32+00:00\" \/>\n<meta name=\"twitter:card\" content=\"summary_large_image\" \/>\n<meta name=\"twitter:label1\" content=\"Est. reading time\" \/>\n\t<meta name=\"twitter:data1\" content=\"5 minutes\" \/>\n<script type=\"application\/ld+json\" class=\"yoast-schema-graph\">{\"@context\":\"https:\/\/schema.org\",\"@graph\":[{\"@type\":\"WebPage\",\"@id\":\"https:\/\/homedefense-ammo.de\/widerrufsrecht\/\",\"url\":\"https:\/\/homedefense-ammo.de\/widerrufsrecht\/\",\"name\":\"Widerrufsrecht - Wolf Home Defense\",\"isPartOf\":{\"@id\":\"https:\/\/homedefense-ammo.de\/#website\"},\"datePublished\":\"2023-12-04T14:06:37+00:00\",\"dateModified\":\"2026-04-01T15:50:32+00:00\",\"breadcrumb\":{\"@id\":\"https:\/\/homedefense-ammo.de\/widerrufsrecht\/#breadcrumb\"},\"inLanguage\":\"en-US\",\"potentialAction\":[{\"@type\":\"ReadAction\",\"target\":[\"https:\/\/homedefense-ammo.de\/widerrufsrecht\/\"]}]},{\"@type\":\"BreadcrumbList\",\"@id\":\"https:\/\/homedefense-ammo.de\/widerrufsrecht\/#breadcrumb\",\"itemListElement\":[{\"@type\":\"ListItem\",\"position\":1,\"name\":\"Startseite\",\"item\":\"https:\/\/homedefense-ammo.de\/\"},{\"@type\":\"ListItem\",\"position\":2,\"name\":\"Widerrufsrecht\"}]},{\"@type\":\"WebSite\",\"@id\":\"https:\/\/homedefense-ammo.de\/#website\",\"url\":\"https:\/\/homedefense-ammo.de\/\",\"name\":\"Wolf Home Defense\",\"description\":\"Die Nr. 1 aus Deutschland\",\"publisher\":{\"@id\":\"https:\/\/homedefense-ammo.de\/#organization\"},\"potentialAction\":[{\"@type\":\"SearchAction\",\"target\":{\"@type\":\"EntryPoint\",\"urlTemplate\":\"https:\/\/homedefense-ammo.de\/?s={search_term_string}\"},\"query-input\":{\"@type\":\"PropertyValueSpecification\",\"valueRequired\":true,\"valueName\":\"search_term_string\"}}],\"inLanguage\":\"en-US\"},{\"@type\":\"Organization\",\"@id\":\"https:\/\/homedefense-ammo.de\/#organization\",\"name\":\"Wolf Home Defense\",\"url\":\"https:\/\/homedefense-ammo.de\/\",\"logo\":{\"@type\":\"ImageObject\",\"inLanguage\":\"en-US\",\"@id\":\"https:\/\/homedefense-ammo.de\/#\/schema\/logo\/image\/\",\"url\":\"https:\/\/homedefense-ammo.de\/wp-content\/uploads\/2023\/12\/Wolf_Logo-White.png\",\"contentUrl\":\"https:\/\/homedefense-ammo.de\/wp-content\/uploads\/2023\/12\/Wolf_Logo-White.png\",\"width\":1078,\"height\":624,\"caption\":\"Wolf Home Defense\"},\"image\":{\"@id\":\"https:\/\/homedefense-ammo.de\/#\/schema\/logo\/image\/\"}}]}<\/script>\n<!-- \/ Yoast SEO plugin. -->","yoast_head_json":{"title":"Right of withdrawal - Wolf Home Defense","robots":{"index":"noindex","follow":"nofollow"},"og_locale":"en_US","og_type":"article","og_title":"Widerrufsrecht - Wolf Home Defense","og_description":"Widerrufsrecht f\u00fcr den Verkauf von Waren Widerrufsrecht f\u00fcr Verbraucher\u00a0 (Verbraucher ist jede nat\u00fcrliche Person, die ein Rechtsgesch\u00e4ft zu Zwecken abschlie\u00dft,","og_url":"https:\/\/homedefense-ammo.de\/en\/right-of-withdrawal\/","og_site_name":"Wolf Home Defense","article_modified_time":"2026-04-01T15:50:32+00:00","twitter_card":"summary_large_image","twitter_misc":{"Est. reading time":"5 minutes"},"schema":{"@context":"https:\/\/schema.org","@graph":[{"@type":"WebPage","@id":"https:\/\/homedefense-ammo.de\/widerrufsrecht\/","url":"https:\/\/homedefense-ammo.de\/widerrufsrecht\/","name":"Right of withdrawal - Wolf Home Defense","isPartOf":{"@id":"https:\/\/homedefense-ammo.de\/#website"},"datePublished":"2023-12-04T14:06:37+00:00","dateModified":"2026-04-01T15:50:32+00:00","breadcrumb":{"@id":"https:\/\/homedefense-ammo.de\/widerrufsrecht\/#breadcrumb"},"inLanguage":"en-US","potentialAction":[{"@type":"ReadAction","target":["https:\/\/homedefense-ammo.de\/widerrufsrecht\/"]}]},{"@type":"BreadcrumbList","@id":"https:\/\/homedefense-ammo.de\/widerrufsrecht\/#breadcrumb","itemListElement":[{"@type":"ListItem","position":1,"name":"Startseite","item":"https:\/\/homedefense-ammo.de\/"},{"@type":"ListItem","position":2,"name":"Widerrufsrecht"}]},{"@type":"WebSite","@id":"https:\/\/homedefense-ammo.de\/#website","url":"https:\/\/homedefense-ammo.de\/","name":"Wolf Home Defense","description":"The No. 1 from Germany","publisher":{"@id":"https:\/\/homedefense-ammo.de\/#organization"},"potentialAction":[{"@type":"SearchAction","target":{"@type":"EntryPoint","urlTemplate":"https:\/\/homedefense-ammo.de\/?s={search_term_string}"},"query-input":{"@type":"PropertyValueSpecification","valueRequired":true,"valueName":"search_term_string"}}],"inLanguage":"en-US"},{"@type":"Organization","@id":"https:\/\/homedefense-ammo.de\/#organization","name":"Wolf Home Defense","url":"https:\/\/homedefense-ammo.de\/","logo":{"@type":"ImageObject","inLanguage":"en-US","@id":"https:\/\/homedefense-ammo.de\/#\/schema\/logo\/image\/","url":"https:\/\/homedefense-ammo.de\/wp-content\/uploads\/2023\/12\/Wolf_Logo-White.png","contentUrl":"https:\/\/homedefense-ammo.de\/wp-content\/uploads\/2023\/12\/Wolf_Logo-White.png","width":1078,"height":624,"caption":"Wolf Home Defense"},"image":{"@id":"https:\/\/homedefense-ammo.de\/#\/schema\/logo\/image\/"}}]}},"_links":{"self":[{"href":"https:\/\/homedefense-ammo.de\/en\/wp-json\/wp\/v2\/pages\/15794","targetHints":{"allow":["GET"]}}],"collection":[{"href":"https:\/\/homedefense-ammo.de\/en\/wp-json\/wp\/v2\/pages"}],"about":[{"href":"https:\/\/homedefense-ammo.de\/en\/wp-json\/wp\/v2\/types\/page"}],"author":[{"embeddable":true,"href":"https:\/\/homedefense-ammo.de\/en\/wp-json\/wp\/v2\/users\/6"}],"replies":[{"embeddable":true,"href":"https:\/\/homedefense-ammo.de\/en\/wp-json\/wp\/v2\/comments?post=15794"}],"version-history":[{"count":5,"href":"https:\/\/homedefense-ammo.de\/en\/wp-json\/wp\/v2\/pages\/15794\/revisions"}],"predecessor-version":[{"id":18736,"href":"https:\/\/homedefense-ammo.de\/en\/wp-json\/wp\/v2\/pages\/15794\/revisions\/18736"}],"wp:attachment":[{"href":"https:\/\/homedefense-ammo.de\/en\/wp-json\/wp\/v2\/media?parent=15794"}],"wp:term":[{"taxonomy":"category","embeddable":true,"href":"https:\/\/homedefense-ammo.de\/en\/wp-json\/wp\/v2\/categories?post=15794"},{"taxonomy":"post_tag","embeddable":true,"href":"https:\/\/homedefense-ammo.de\/en\/wp-json\/wp\/v2\/tags?post=15794"}],"curies":[{"name":"wp","href":"https:\/\/api.w.org\/{rel}","templated":true}]}}